{"id":249762,"date":"2023-09-07T12:02:33","date_gmt":"2023-09-07T11:02:33","guid":{"rendered":"https:\/\/matting.se\/produkt\/trapets-bordplade\/"},"modified":"2024-02-15T16:41:12","modified_gmt":"2024-02-15T15:41:12","slug":"trapets-bordplade","status":"publish","type":"product","link":"https:\/\/matting.se\/da\/produkt\/trapets-bordplade\/","title":{"rendered":"TRAPETS bordplade"},"content":{"rendered":"<p class=\"p1\">En trapezformet bordpalde til fleksibel konstruktion, optimal til touch-down-arbejdspladser, gruppekonstellationer, co-working spaces og konferenceomr\u00e5der.<\/p>\n<p class=\"p1\"><strong>StandUp TRAPETS<\/strong> er designet til aktivitets- eller flexbaserede arbejdspladser. Det er et fleksibelt h\u00e6ve-s\u00e6nke-bord i et tidl\u00f8st skandinavisk design, som er nemt at placere. Bordpladens trapezformede design er specielt designet til fleksibel konstruktion for at skabe s\u00e5 meget bordoverflade som muligt p\u00e5 en lille gulvplads og dermed spare plads. Bordet er velegnet til b\u00e5de arbejdspladsen og hjemmekontoret. Bordpladens design er ogs\u00e5 velegnet til placering i hj\u00f8rner.<\/p>\n<p class=\"p1\">Sammen med StandUp DESK stelet 900 f\u00e5r du et manuelt h\u00f8jdejusterbart bord uden behov for en elektrisk forbindelse, hvilket g\u00f8r det meget nemt at placere og nemt at indrette. Du beh\u00f8ver ikke at bekymre dig om elektriske forbindelser, og der er ingen ledninger p\u00e5 gulvet. Som ekstraudstyr f\u00e5s bordet ogs\u00e5 med en foldbar plade og hjul foran. Du h\u00e6ver og s\u00e6nker bordet med en gasfjeder, der styres af et h\u00e5ndtag p\u00e5 siden. Minimumsh\u00f8jden er 75 cm, maksimumsh\u00f8jden er 119 cm.<\/p>\n<p class=\"p1\"><strong>StandUp TRAPETS<\/strong> m\u00f8des <a href=\"https:\/\/matting.se\/wp-content\/uploads\/2023\/11\/Intyg_Mobelfakta_StandUp-DESK_2023.pdf\" target=\"_blank\" rel=\"noopener\"><br \/>\n  <strong>M\u00f6belfaktas<\/strong><br \/>\n<\/a> krav til funktionalitet og sikkerhed samt en konsekvent gr\u00f8n tilgang, og hvordan man opfylder etiske krav i produktionen.<\/p>\n<p class=\"p1\">Bordet passer til StandUp ACTIVE STORAGE og er en del af StandUp-konceptet.<\/p>\n<p class=\"p1\"><em>Fremstillet i Sm\u00e5land af b\u00e6redygtige materialer, designet af Dan Ihreborn.<\/em><\/p>\n<p class=\"p1\">V\u00e6lg DESK 900-stellet til TRAPETS-bordplade.<\/p>\n","protected":false},"excerpt":{"rendered":"<p>En trapezformet bordpalde til fleksibel konstruktion, optimal til touch-down-arbejdspladser, gruppekonstellationer, co-working spaces og konferenceomr\u00e5der. StandUp TRAPETS er designet til aktivitets- eller flexbaserede arbejdspladser. Det er et fleksibelt h\u00e6ve-s\u00e6nke-bord i et tidl\u00f8st skandinavisk design, som er nemt at placere. Bordpladens trapezformede design er specielt designet til fleksibel konstruktion for at skabe s\u00e5 meget bordoverflade som muligt [&hellip;]<\/p>\n","protected":false},"featured_media":244054,"template":"","meta":{"_et_pb_use_builder":"","_et_pb_old_content":"","_et_gb_content_width":""},"product_brand":[],"product_cat":[186,187,303],"product_tag":[],"class_list":{"0":"post-249762","1":"product","2":"type-product","3":"status-publish","4":"has-post-thumbnail","6":"product_cat-matting-interior-da","7":"product_cat-borde-og-tilbehor-mi","8":"product_cat-bordplader-mi","10":"first","11":"instock","12":"taxable","13":"shipping-taxable","14":"purchasable","15":"product-type-variable","16":"has-default-attributes"},"yoast_head":"<!-- This site is optimized with the Yoast SEO plugin v25.6 - https:\/\/yoast.com\/wordpress\/plugins\/seo\/ -->\n<title>TRAPETS bordplade - Matting<\/title>\n<meta name=\"description\" content=\"TRAPETS bordplade - Se Mattings h\u00e5llbara koncept och produkter f\u00f6r publika milj\u00f6er, arbetsplatser och skolor.\" \/>\n<meta name=\"robots\" content=\"index, follow, max-snippet:-1, max-image-preview:large, max-video-preview:-1\" \/>\n<link rel=\"canonical\" href=\"https:\/\/matting.se\/da\/produkt\/trapets-bordplade\/\" \/>\n<meta property=\"og:locale\" content=\"da_DK\" \/>\n<meta property=\"og:type\" content=\"article\" \/>\n<meta property=\"og:title\" content=\"TRAPETS bordplade - Matting\" \/>\n<meta property=\"og:description\" content=\"TRAPETS bordplade - Se Mattings h\u00e5llbara koncept och produkter f\u00f6r publika milj\u00f6er, arbetsplatser och skolor.\" \/>\n<meta property=\"og:url\" content=\"https:\/\/matting.se\/da\/produkt\/trapets-bordplade\/\" \/>\n<meta property=\"og:site_name\" content=\"Matting\" \/>\n<meta property=\"article:modified_time\" content=\"2024-02-15T15:41:12+00:00\" \/>\n<meta property=\"og:image\" content=\"https:\/\/matting.se\/wp-content\/uploads\/2023\/09\/389562_TRAPETS_white-ash_top_handle.jpg\" \/>\n\t<meta property=\"og:image:width\" content=\"800\" \/>\n\t<meta property=\"og:image:height\" content=\"800\" \/>\n\t<meta property=\"og:image:type\" content=\"image\/jpeg\" \/>\n<meta name=\"twitter:card\" content=\"summary_large_image\" \/>\n<meta name=\"twitter:label1\" content=\"Estimeret l\u00e6setid\" \/>\n\t<meta name=\"twitter:data1\" content=\"1 minut\" \/>\n<script type=\"application\/ld+json\" class=\"yoast-schema-graph\">{\"@context\":\"https:\/\/schema.org\",\"@graph\":[{\"@type\":[\"WebPage\",\"ItemPage\"],\"@id\":\"https:\/\/matting.se\/da\/produkt\/trapets-bordplade\/\",\"url\":\"https:\/\/matting.se\/da\/produkt\/trapets-bordplade\/\",\"name\":\"TRAPETS bordplade - Matting\",\"isPartOf\":{\"@id\":\"https:\/\/matting.se\/da\/#website\"},\"primaryImageOfPage\":{\"@id\":\"https:\/\/matting.se\/da\/produkt\/trapets-bordplade\/#primaryimage\"},\"image\":{\"@id\":\"https:\/\/matting.se\/da\/produkt\/trapets-bordplade\/#primaryimage\"},\"thumbnailUrl\":\"https:\/\/matting.se\/wp-content\/uploads\/2023\/09\/389562_TRAPETS_white-ash_top_handle.jpg\",\"datePublished\":\"2023-09-07T11:02:33+00:00\",\"dateModified\":\"2024-02-15T15:41:12+00:00\",\"description\":\"TRAPETS bordplade - Se Mattings h\u00e5llbara koncept och produkter f\u00f6r publika milj\u00f6er, arbetsplatser och skolor.\",\"breadcrumb\":{\"@id\":\"https:\/\/matting.se\/da\/produkt\/trapets-bordplade\/#breadcrumb\"},\"inLanguage\":\"da-DK\",\"potentialAction\":[{\"@type\":\"ReadAction\",\"target\":[\"https:\/\/matting.se\/da\/produkt\/trapets-bordplade\/\"]}]},{\"@type\":\"ImageObject\",\"inLanguage\":\"da-DK\",\"@id\":\"https:\/\/matting.se\/da\/produkt\/trapets-bordplade\/#primaryimage\",\"url\":\"https:\/\/matting.se\/wp-content\/uploads\/2023\/09\/389562_TRAPETS_white-ash_top_handle.jpg\",\"contentUrl\":\"https:\/\/matting.se\/wp-content\/uploads\/2023\/09\/389562_TRAPETS_white-ash_top_handle.jpg\",\"width\":800,\"height\":800,\"caption\":\"StandUp TRAPETS et bord med en trapezformet plade til fleksibel m\u00f8blering.\"},{\"@type\":\"BreadcrumbList\",\"@id\":\"https:\/\/matting.se\/da\/produkt\/trapets-bordplade\/#breadcrumb\",\"itemListElement\":[{\"@type\":\"ListItem\",\"position\":1,\"name\":\"Hem\",\"item\":\"https:\/\/matting.se\/da\/\"},{\"@type\":\"ListItem\",\"position\":2,\"name\":\"Shop\",\"item\":\"https:\/\/matting.se\/shop\/\"},{\"@type\":\"ListItem\",\"position\":3,\"name\":\"Matting Interior\",\"item\":\"https:\/\/matting.se\/da\/produkt-kategori\/matting-interior-da\/\"},{\"@type\":\"ListItem\",\"position\":4,\"name\":\"TRAPETS bordplade\"}]},{\"@type\":\"WebSite\",\"@id\":\"https:\/\/matting.se\/da\/#website\",\"url\":\"https:\/\/matting.se\/da\/\",\"name\":\"Matting\",\"description\":\"\",\"potentialAction\":[{\"@type\":\"SearchAction\",\"target\":{\"@type\":\"EntryPoint\",\"urlTemplate\":\"https:\/\/matting.se\/da\/?s={search_term_string}\"},\"query-input\":{\"@type\":\"PropertyValueSpecification\",\"valueRequired\":true,\"valueName\":\"search_term_string\"}}],\"inLanguage\":\"da-DK\"}]}<\/script>\n<!-- \/ Yoast SEO plugin. -->","yoast_head_json":{"title":"TRAPETS bordplade - Matting","description":"TRAPETS bordplade - Se Mattings h\u00e5llbara koncept och produkter f\u00f6r publika milj\u00f6er, arbetsplatser och skolor.","robots":{"index":"index","follow":"follow","max-snippet":"max-snippet:-1","max-image-preview":"max-image-preview:large","max-video-preview":"max-video-preview:-1"},"canonical":"https:\/\/matting.se\/da\/produkt\/trapets-bordplade\/","og_locale":"da_DK","og_type":"article","og_title":"TRAPETS bordplade - Matting","og_description":"TRAPETS bordplade - Se Mattings h\u00e5llbara koncept och produkter f\u00f6r publika milj\u00f6er, arbetsplatser och skolor.","og_url":"https:\/\/matting.se\/da\/produkt\/trapets-bordplade\/","og_site_name":"Matting","article_modified_time":"2024-02-15T15:41:12+00:00","og_image":[{"width":800,"height":800,"url":"https:\/\/matting.se\/wp-content\/uploads\/2023\/09\/389562_TRAPETS_white-ash_top_handle.jpg","type":"image\/jpeg"}],"twitter_card":"summary_large_image","twitter_misc":{"Estimeret l\u00e6setid":"1 minut"},"schema":{"@context":"https:\/\/schema.org","@graph":[{"@type":["WebPage","ItemPage"],"@id":"https:\/\/matting.se\/da\/produkt\/trapets-bordplade\/","url":"https:\/\/matting.se\/da\/produkt\/trapets-bordplade\/","name":"TRAPETS bordplade - Matting","isPartOf":{"@id":"https:\/\/matting.se\/da\/#website"},"primaryImageOfPage":{"@id":"https:\/\/matting.se\/da\/produkt\/trapets-bordplade\/#primaryimage"},"image":{"@id":"https:\/\/matting.se\/da\/produkt\/trapets-bordplade\/#primaryimage"},"thumbnailUrl":"https:\/\/matting.se\/wp-content\/uploads\/2023\/09\/389562_TRAPETS_white-ash_top_handle.jpg","datePublished":"2023-09-07T11:02:33+00:00","dateModified":"2024-02-15T15:41:12+00:00","description":"TRAPETS bordplade - Se Mattings h\u00e5llbara koncept och produkter f\u00f6r publika milj\u00f6er, arbetsplatser och skolor.","breadcrumb":{"@id":"https:\/\/matting.se\/da\/produkt\/trapets-bordplade\/#breadcrumb"},"inLanguage":"da-DK","potentialAction":[{"@type":"ReadAction","target":["https:\/\/matting.se\/da\/produkt\/trapets-bordplade\/"]}]},{"@type":"ImageObject","inLanguage":"da-DK","@id":"https:\/\/matting.se\/da\/produkt\/trapets-bordplade\/#primaryimage","url":"https:\/\/matting.se\/wp-content\/uploads\/2023\/09\/389562_TRAPETS_white-ash_top_handle.jpg","contentUrl":"https:\/\/matting.se\/wp-content\/uploads\/2023\/09\/389562_TRAPETS_white-ash_top_handle.jpg","width":800,"height":800,"caption":"StandUp TRAPETS et bord med en trapezformet plade til fleksibel m\u00f8blering."},{"@type":"BreadcrumbList","@id":"https:\/\/matting.se\/da\/produkt\/trapets-bordplade\/#breadcrumb","itemListElement":[{"@type":"ListItem","position":1,"name":"Hem","item":"https:\/\/matting.se\/da\/"},{"@type":"ListItem","position":2,"name":"Shop","item":"https:\/\/matting.se\/shop\/"},{"@type":"ListItem","position":3,"name":"Matting Interior","item":"https:\/\/matting.se\/da\/produkt-kategori\/matting-interior-da\/"},{"@type":"ListItem","position":4,"name":"TRAPETS bordplade"}]},{"@type":"WebSite","@id":"https:\/\/matting.se\/da\/#website","url":"https:\/\/matting.se\/da\/","name":"Matting","description":"","potentialAction":[{"@type":"SearchAction","target":{"@type":"EntryPoint","urlTemplate":"https:\/\/matting.se\/da\/?s={search_term_string}"},"query-input":{"@type":"PropertyValueSpecification","valueRequired":true,"valueName":"search_term_string"}}],"inLanguage":"da-DK"}]}},"_links":{"self":[{"href":"https:\/\/matting.se\/da\/wp-json\/wp\/v2\/product\/249762","targetHints":{"allow":["GET"]}}],"collection":[{"href":"https:\/\/matting.se\/da\/wp-json\/wp\/v2\/product"}],"about":[{"href":"https:\/\/matting.se\/da\/wp-json\/wp\/v2\/types\/product"}],"wp:featuredmedia":[{"embeddable":true,"href":"https:\/\/matting.se\/da\/wp-json\/wp\/v2\/media\/244054"}],"wp:attachment":[{"href":"https:\/\/matting.se\/da\/wp-json\/wp\/v2\/media?parent=249762"}],"wp:term":[{"taxonomy":"product_brand","embeddable":true,"href":"https:\/\/matting.se\/da\/wp-json\/wp\/v2\/product_brand?post=249762"},{"taxonomy":"product_cat","embeddable":true,"href":"https:\/\/matting.se\/da\/wp-json\/wp\/v2\/product_cat?post=249762"},{"taxonomy":"product_tag","embeddable":true,"href":"https:\/\/matting.se\/da\/wp-json\/wp\/v2\/product_tag?post=249762"}],"curies":[{"name":"wp","href":"https:\/\/api.w.org\/{rel}","templated":true}]}}