{"id":249722,"date":"2023-09-08T12:30:05","date_gmt":"2023-09-08T11:30:05","guid":{"rendered":"https:\/\/matting.se\/produkt\/zinkstativ-til-skrivebord\/"},"modified":"2024-02-15T10:22:49","modified_gmt":"2024-02-15T09:22:49","slug":"zinkstativ-til-skrivebord","status":"publish","type":"product","link":"https:\/\/matting.se\/da\/produkt\/zinkstativ-til-skrivebord\/","title":{"rendered":"DESK ZINC stel"},"content":{"rendered":"<p class=\"p1\">DESK ZINC stel f\u00e5s i to modeller: 700 og 900 og har en fast sidekrog.<\/p>\n<ul>\n<li class=\"p1\">DESK ZINC stel 700 passer til vores mindre DESKTOP- og BLOSSOM-plader.<\/li>\n<li class=\"p1\">DESK ZINC stel 900 til vores bredere DESKTOP- og TRAPETS-plader (L:940-960 mm).<\/li>\n<\/ul>\n<p>V\u00e6lg stel og derefter materiale og farve p\u00e5 bordpladen.<\/p>\n<p>Hjul p\u00e5 forbenene og foldeskive f\u00e5s som ekstraudstyr til vores 700- og 900-stellene.<\/p>\n<p class=\"p1\">Designet af Dan Ihreborn.<\/p>\n<p class=\"p3\"><i>*M\u00f8belfaktam\u00e6rket g\u00e6lder kun, n\u00e5r stellene er installeret med den specificerede MATTING-plade.<\/i><\/p>\n","protected":false},"excerpt":{"rendered":"<p>DESK ZINC stel f\u00e5s i to modeller: 700 og 900 og har en fast sidekrog. DESK ZINC stel 700 passer til vores mindre DESKTOP- og BLOSSOM-plader. DESK ZINC stel 900 til vores bredere DESKTOP- og TRAPETS-plader (L:940-960 mm). V\u00e6lg stel og derefter materiale og farve p\u00e5 bordpladen. Hjul p\u00e5 forbenene og foldeskive f\u00e5s som ekstraudstyr [&hellip;]<\/p>\n","protected":false},"featured_media":244486,"template":"","meta":{"_et_pb_use_builder":"","_et_pb_old_content":"","_et_gb_content_width":""},"product_brand":[],"product_cat":[186,187,300],"product_tag":[],"class_list":{"0":"post-249722","1":"product","2":"type-product","3":"status-publish","4":"has-post-thumbnail","6":"product_cat-matting-interior-da","7":"product_cat-borde-og-tilbehor-mi","8":"product_cat-hojdejusterbare-stativer-mi","10":"first","11":"instock","12":"taxable","13":"shipping-taxable","14":"purchasable","15":"product-type-variable","16":"has-default-attributes"},"yoast_head":"<!-- This site is optimized with the Yoast SEO plugin v25.6 - https:\/\/yoast.com\/wordpress\/plugins\/seo\/ -->\n<title>DESK ZINC stel - Matting<\/title>\n<meta name=\"description\" content=\"DESK ZINC stel - Se Mattings h\u00e5llbara koncept och produkter f\u00f6r publika milj\u00f6er, arbetsplatser och skolor.\" \/>\n<meta name=\"robots\" content=\"index, follow, max-snippet:-1, max-image-preview:large, max-video-preview:-1\" \/>\n<link rel=\"canonical\" href=\"https:\/\/matting.se\/da\/produkt\/zinkstativ-til-skrivebord\/\" \/>\n<meta property=\"og:locale\" content=\"da_DK\" \/>\n<meta property=\"og:type\" content=\"article\" \/>\n<meta property=\"og:title\" content=\"DESK ZINC stel - Matting\" \/>\n<meta property=\"og:description\" content=\"DESK ZINC stel - Se Mattings h\u00e5llbara koncept och produkter f\u00f6r publika milj\u00f6er, arbetsplatser och skolor.\" \/>\n<meta property=\"og:url\" content=\"https:\/\/matting.se\/da\/produkt\/zinkstativ-til-skrivebord\/\" \/>\n<meta property=\"og:site_name\" content=\"Matting\" \/>\n<meta property=\"article:modified_time\" content=\"2024-02-15T09:22:49+00:00\" \/>\n<meta property=\"og:image\" content=\"https:\/\/matting.se\/wp-content\/uploads\/2023\/09\/386015_DESK-ZINC_stativ-700_silver_side.jpg\" \/>\n\t<meta property=\"og:image:width\" content=\"800\" \/>\n\t<meta property=\"og:image:height\" content=\"800\" \/>\n\t<meta property=\"og:image:type\" content=\"image\/jpeg\" \/>\n<meta name=\"twitter:card\" content=\"summary_large_image\" \/>\n<script type=\"application\/ld+json\" class=\"yoast-schema-graph\">{\"@context\":\"https:\/\/schema.org\",\"@graph\":[{\"@type\":[\"WebPage\",\"ItemPage\"],\"@id\":\"https:\/\/matting.se\/da\/produkt\/zinkstativ-til-skrivebord\/\",\"url\":\"https:\/\/matting.se\/da\/produkt\/zinkstativ-til-skrivebord\/\",\"name\":\"DESK ZINC stel - Matting\",\"isPartOf\":{\"@id\":\"https:\/\/matting.se\/da\/#website\"},\"primaryImageOfPage\":{\"@id\":\"https:\/\/matting.se\/da\/produkt\/zinkstativ-til-skrivebord\/#primaryimage\"},\"image\":{\"@id\":\"https:\/\/matting.se\/da\/produkt\/zinkstativ-til-skrivebord\/#primaryimage\"},\"thumbnailUrl\":\"https:\/\/matting.se\/wp-content\/uploads\/2023\/09\/386015_DESK-ZINC_stativ-700_silver_side.jpg\",\"datePublished\":\"2023-09-08T11:30:05+00:00\",\"dateModified\":\"2024-02-15T09:22:49+00:00\",\"description\":\"DESK ZINC stel - Se Mattings h\u00e5llbara koncept och produkter f\u00f6r publika milj\u00f6er, arbetsplatser och skolor.\",\"breadcrumb\":{\"@id\":\"https:\/\/matting.se\/da\/produkt\/zinkstativ-til-skrivebord\/#breadcrumb\"},\"inLanguage\":\"da-DK\",\"potentialAction\":[{\"@type\":\"ReadAction\",\"target\":[\"https:\/\/matting.se\/da\/produkt\/zinkstativ-til-skrivebord\/\"]}]},{\"@type\":\"ImageObject\",\"inLanguage\":\"da-DK\",\"@id\":\"https:\/\/matting.se\/da\/produkt\/zinkstativ-til-skrivebord\/#primaryimage\",\"url\":\"https:\/\/matting.se\/wp-content\/uploads\/2023\/09\/386015_DESK-ZINC_stativ-700_silver_side.jpg\",\"contentUrl\":\"https:\/\/matting.se\/wp-content\/uploads\/2023\/09\/386015_DESK-ZINC_stativ-700_silver_side.jpg\",\"width\":800,\"height\":800},{\"@type\":\"BreadcrumbList\",\"@id\":\"https:\/\/matting.se\/da\/produkt\/zinkstativ-til-skrivebord\/#breadcrumb\",\"itemListElement\":[{\"@type\":\"ListItem\",\"position\":1,\"name\":\"Hem\",\"item\":\"https:\/\/matting.se\/da\/\"},{\"@type\":\"ListItem\",\"position\":2,\"name\":\"Shop\",\"item\":\"https:\/\/matting.se\/shop\/\"},{\"@type\":\"ListItem\",\"position\":3,\"name\":\"Matting Interior\",\"item\":\"https:\/\/matting.se\/da\/produkt-kategori\/matting-interior-da\/\"},{\"@type\":\"ListItem\",\"position\":4,\"name\":\"DESK ZINC stel\"}]},{\"@type\":\"WebSite\",\"@id\":\"https:\/\/matting.se\/da\/#website\",\"url\":\"https:\/\/matting.se\/da\/\",\"name\":\"Matting\",\"description\":\"\",\"potentialAction\":[{\"@type\":\"SearchAction\",\"target\":{\"@type\":\"EntryPoint\",\"urlTemplate\":\"https:\/\/matting.se\/da\/?s={search_term_string}\"},\"query-input\":{\"@type\":\"PropertyValueSpecification\",\"valueRequired\":true,\"valueName\":\"search_term_string\"}}],\"inLanguage\":\"da-DK\"}]}<\/script>\n<!-- \/ Yoast SEO plugin. -->","yoast_head_json":{"title":"DESK ZINC stel - Matting","description":"DESK ZINC stel - Se Mattings h\u00e5llbara koncept och produkter f\u00f6r publika milj\u00f6er, arbetsplatser och skolor.","robots":{"index":"index","follow":"follow","max-snippet":"max-snippet:-1","max-image-preview":"max-image-preview:large","max-video-preview":"max-video-preview:-1"},"canonical":"https:\/\/matting.se\/da\/produkt\/zinkstativ-til-skrivebord\/","og_locale":"da_DK","og_type":"article","og_title":"DESK ZINC stel - Matting","og_description":"DESK ZINC stel - Se Mattings h\u00e5llbara koncept och produkter f\u00f6r publika milj\u00f6er, arbetsplatser och skolor.","og_url":"https:\/\/matting.se\/da\/produkt\/zinkstativ-til-skrivebord\/","og_site_name":"Matting","article_modified_time":"2024-02-15T09:22:49+00:00","og_image":[{"width":800,"height":800,"url":"https:\/\/matting.se\/wp-content\/uploads\/2023\/09\/386015_DESK-ZINC_stativ-700_silver_side.jpg","type":"image\/jpeg"}],"twitter_card":"summary_large_image","schema":{"@context":"https:\/\/schema.org","@graph":[{"@type":["WebPage","ItemPage"],"@id":"https:\/\/matting.se\/da\/produkt\/zinkstativ-til-skrivebord\/","url":"https:\/\/matting.se\/da\/produkt\/zinkstativ-til-skrivebord\/","name":"DESK ZINC stel - Matting","isPartOf":{"@id":"https:\/\/matting.se\/da\/#website"},"primaryImageOfPage":{"@id":"https:\/\/matting.se\/da\/produkt\/zinkstativ-til-skrivebord\/#primaryimage"},"image":{"@id":"https:\/\/matting.se\/da\/produkt\/zinkstativ-til-skrivebord\/#primaryimage"},"thumbnailUrl":"https:\/\/matting.se\/wp-content\/uploads\/2023\/09\/386015_DESK-ZINC_stativ-700_silver_side.jpg","datePublished":"2023-09-08T11:30:05+00:00","dateModified":"2024-02-15T09:22:49+00:00","description":"DESK ZINC stel - Se Mattings h\u00e5llbara koncept och produkter f\u00f6r publika milj\u00f6er, arbetsplatser och skolor.","breadcrumb":{"@id":"https:\/\/matting.se\/da\/produkt\/zinkstativ-til-skrivebord\/#breadcrumb"},"inLanguage":"da-DK","potentialAction":[{"@type":"ReadAction","target":["https:\/\/matting.se\/da\/produkt\/zinkstativ-til-skrivebord\/"]}]},{"@type":"ImageObject","inLanguage":"da-DK","@id":"https:\/\/matting.se\/da\/produkt\/zinkstativ-til-skrivebord\/#primaryimage","url":"https:\/\/matting.se\/wp-content\/uploads\/2023\/09\/386015_DESK-ZINC_stativ-700_silver_side.jpg","contentUrl":"https:\/\/matting.se\/wp-content\/uploads\/2023\/09\/386015_DESK-ZINC_stativ-700_silver_side.jpg","width":800,"height":800},{"@type":"BreadcrumbList","@id":"https:\/\/matting.se\/da\/produkt\/zinkstativ-til-skrivebord\/#breadcrumb","itemListElement":[{"@type":"ListItem","position":1,"name":"Hem","item":"https:\/\/matting.se\/da\/"},{"@type":"ListItem","position":2,"name":"Shop","item":"https:\/\/matting.se\/shop\/"},{"@type":"ListItem","position":3,"name":"Matting Interior","item":"https:\/\/matting.se\/da\/produkt-kategori\/matting-interior-da\/"},{"@type":"ListItem","position":4,"name":"DESK ZINC stel"}]},{"@type":"WebSite","@id":"https:\/\/matting.se\/da\/#website","url":"https:\/\/matting.se\/da\/","name":"Matting","description":"","potentialAction":[{"@type":"SearchAction","target":{"@type":"EntryPoint","urlTemplate":"https:\/\/matting.se\/da\/?s={search_term_string}"},"query-input":{"@type":"PropertyValueSpecification","valueRequired":true,"valueName":"search_term_string"}}],"inLanguage":"da-DK"}]}},"_links":{"self":[{"href":"https:\/\/matting.se\/da\/wp-json\/wp\/v2\/product\/249722","targetHints":{"allow":["GET"]}}],"collection":[{"href":"https:\/\/matting.se\/da\/wp-json\/wp\/v2\/product"}],"about":[{"href":"https:\/\/matting.se\/da\/wp-json\/wp\/v2\/types\/product"}],"wp:featuredmedia":[{"embeddable":true,"href":"https:\/\/matting.se\/da\/wp-json\/wp\/v2\/media\/244486"}],"wp:attachment":[{"href":"https:\/\/matting.se\/da\/wp-json\/wp\/v2\/media?parent=249722"}],"wp:term":[{"taxonomy":"product_brand","embeddable":true,"href":"https:\/\/matting.se\/da\/wp-json\/wp\/v2\/product_brand?post=249722"},{"taxonomy":"product_cat","embeddable":true,"href":"https:\/\/matting.se\/da\/wp-json\/wp\/v2\/product_cat?post=249722"},{"taxonomy":"product_tag","embeddable":true,"href":"https:\/\/matting.se\/da\/wp-json\/wp\/v2\/product_tag?post=249722"}],"curies":[{"name":"wp","href":"https:\/\/api.w.org\/{rel}","templated":true}]}}