{"id":247740,"date":"2023-09-19T15:07:10","date_gmt":"2023-09-19T15:07:10","guid":{"rendered":"https:\/\/matting.se\/produkt\/gulvbeskyttelse\/"},"modified":"2024-01-09T12:32:57","modified_gmt":"2024-01-09T12:32:57","slug":"stoleunderlag-uden-pigge","status":"publish","type":"product","link":"https:\/\/matting.se\/da\/produkt\/stoleunderlag-uden-pigge\/","title":{"rendered":"Stoleunderlag uden pigge"},"content":{"rendered":"<p>Stoleunderlag uden pigge beskytter gulve og t\u00e6pper mod slitage og snavs. Vores gulvbeskyttere er helt PVC-fri. De beskytter gulvet mod kontorstolens hjul og f\u00e5r hjulene til at rulle mere j\u00e6vnt. Den pigfri stoleunderlag er velegnet til h\u00e5rde gulve og t\u00e6pper samt meget kortluvede t\u00e6pper.<\/p>\n<p>Gulve uds\u00e6ttes ofte ogs\u00e5 for slitage eller fugt mange andre steder. En stoleunderlag i den rigtige st\u00f8rrelse passer ogs\u00e5 under h\u00e5ndspr\u00f8jtestationen, i gangen, under blomsterkrukken, ved kaffe- eller vanddispenseren, printeren eller andre steder, hvor gulvet har brug for beskyttelse.<\/p>\n<p><strong>STANDARD <\/strong>og<strong> PREMIUM<\/strong> stoleunderlag er fremstillet af gennemsigtig, milj\u00f8venlig, giftfri og genanvendt PET. Hver stoleunderlag indeholder genanvendt PET svarende til op til 60 stk. 0,5 liters PET-flasker. Stoleunderlagen har en skridsikker bagside. Materiale: Genanvendt PET<\/p>\n","protected":false},"excerpt":{"rendered":"<p>Stoleunderlag uden pigge beskytter gulve og t\u00e6pper mod slitage og snavs. Vores gulvbeskyttere er helt PVC-fri. De beskytter gulvet mod kontorstolens hjul og f\u00e5r hjulene til at rulle mere j\u00e6vnt. Den pigfri stoleunderlag er velegnet til h\u00e5rde gulve og t\u00e6pper samt meget kortluvede t\u00e6pper. Gulve uds\u00e6ttes ofte ogs\u00e5 for slitage eller fugt mange andre steder. [&hellip;]<\/p>\n","protected":false},"featured_media":245203,"template":"","meta":{"_et_pb_use_builder":"","_et_pb_old_content":"","_et_gb_content_width":""},"product_brand":[],"product_cat":[186,307,308],"product_tag":[],"class_list":{"0":"post-247740","1":"product","2":"type-product","3":"status-publish","4":"has-post-thumbnail","6":"product_cat-matting-interior-da","7":"product_cat-beskyttelse-af-gulve-og-taepper-mi","8":"product_cat-gulvbeskyttelse-mi","10":"first","11":"instock","12":"taxable","13":"shipping-taxable","14":"purchasable","15":"product-type-variable","16":"has-default-attributes"},"yoast_head":"<!-- This site is optimized with the Yoast SEO plugin v25.6 - https:\/\/yoast.com\/wordpress\/plugins\/seo\/ -->\n<title>GULVBESKYTTELSE - PVC-fri og fremstillet af genanvendt PET<\/title>\n<meta name=\"description\" content=\"Gulvbeskyttere beskytter gulve og t\u00e6pper mod slitage og snavs. Vores gulvbeskyttere er helt PVC-fri. To varianter er fremstillet af genanvendt PET.\" \/>\n<meta name=\"robots\" content=\"index, follow, max-snippet:-1, max-image-preview:large, max-video-preview:-1\" \/>\n<link rel=\"canonical\" href=\"https:\/\/matting.se\/da\/produkt\/stoleunderlag-uden-pigge\/\" \/>\n<meta property=\"og:locale\" content=\"da_DK\" \/>\n<meta property=\"og:type\" content=\"article\" \/>\n<meta property=\"og:title\" content=\"GULVBESKYTTELSE - PVC-fri og fremstillet af genanvendt PET\" \/>\n<meta property=\"og:description\" content=\"Gulvbeskyttere beskytter gulve og t\u00e6pper mod slitage og snavs. Vores gulvbeskyttere er helt PVC-fri. To varianter er fremstillet af genanvendt PET.\" \/>\n<meta property=\"og:url\" content=\"https:\/\/matting.se\/da\/produkt\/stoleunderlag-uden-pigge\/\" \/>\n<meta property=\"og:site_name\" content=\"Matting\" \/>\n<meta property=\"article:modified_time\" content=\"2024-01-09T12:32:57+00:00\" \/>\n<meta property=\"og:image\" content=\"https:\/\/matting.se\/wp-content\/uploads\/2023\/09\/517090_PREMIUM_golvskydd.jpg\" \/>\n\t<meta property=\"og:image:width\" content=\"1000\" \/>\n\t<meta property=\"og:image:height\" content=\"1000\" \/>\n\t<meta property=\"og:image:type\" content=\"image\/jpeg\" \/>\n<meta name=\"twitter:card\" content=\"summary_large_image\" \/>\n<meta name=\"twitter:label1\" content=\"Estimeret l\u00e6setid\" \/>\n\t<meta name=\"twitter:data1\" content=\"1 minut\" \/>\n<script type=\"application\/ld+json\" class=\"yoast-schema-graph\">{\"@context\":\"https:\/\/schema.org\",\"@graph\":[{\"@type\":[\"WebPage\",\"ItemPage\"],\"@id\":\"https:\/\/matting.se\/da\/produkt\/stoleunderlag-uden-pigge\/\",\"url\":\"https:\/\/matting.se\/da\/produkt\/stoleunderlag-uden-pigge\/\",\"name\":\"GULVBESKYTTELSE - PVC-fri og fremstillet af genanvendt PET\",\"isPartOf\":{\"@id\":\"https:\/\/matting.se\/da\/#website\"},\"primaryImageOfPage\":{\"@id\":\"https:\/\/matting.se\/da\/produkt\/stoleunderlag-uden-pigge\/#primaryimage\"},\"image\":{\"@id\":\"https:\/\/matting.se\/da\/produkt\/stoleunderlag-uden-pigge\/#primaryimage\"},\"thumbnailUrl\":\"https:\/\/matting.se\/wp-content\/uploads\/2023\/09\/517090_PREMIUM_golvskydd.jpg\",\"datePublished\":\"2023-09-19T15:07:10+00:00\",\"dateModified\":\"2024-01-09T12:32:57+00:00\",\"description\":\"Gulvbeskyttere beskytter gulve og t\u00e6pper mod slitage og snavs. Vores gulvbeskyttere er helt PVC-fri. To varianter er fremstillet af genanvendt PET.\",\"breadcrumb\":{\"@id\":\"https:\/\/matting.se\/da\/produkt\/stoleunderlag-uden-pigge\/#breadcrumb\"},\"inLanguage\":\"da-DK\",\"potentialAction\":[{\"@type\":\"ReadAction\",\"target\":[\"https:\/\/matting.se\/da\/produkt\/stoleunderlag-uden-pigge\/\"]}]},{\"@type\":\"ImageObject\",\"inLanguage\":\"da-DK\",\"@id\":\"https:\/\/matting.se\/da\/produkt\/stoleunderlag-uden-pigge\/#primaryimage\",\"url\":\"https:\/\/matting.se\/wp-content\/uploads\/2023\/09\/517090_PREMIUM_golvskydd.jpg\",\"contentUrl\":\"https:\/\/matting.se\/wp-content\/uploads\/2023\/09\/517090_PREMIUM_golvskydd.jpg\",\"width\":1000,\"height\":1000,\"caption\":\"STANDARD transparent gulvbeskyttelse\"},{\"@type\":\"BreadcrumbList\",\"@id\":\"https:\/\/matting.se\/da\/produkt\/stoleunderlag-uden-pigge\/#breadcrumb\",\"itemListElement\":[{\"@type\":\"ListItem\",\"position\":1,\"name\":\"Hem\",\"item\":\"https:\/\/matting.se\/da\/\"},{\"@type\":\"ListItem\",\"position\":2,\"name\":\"Shop\",\"item\":\"https:\/\/matting.se\/shop\/\"},{\"@type\":\"ListItem\",\"position\":3,\"name\":\"Matting Interior\",\"item\":\"https:\/\/matting.se\/da\/produkt-kategori\/matting-interior-da\/\"},{\"@type\":\"ListItem\",\"position\":4,\"name\":\"Beskyttelse af gulve og t\u00e6pper\",\"item\":\"https:\/\/matting.se\/da\/produkt-kategori\/matting-interior-da\/beskyttelse-af-gulve-og-taepper-mi\/\"},{\"@type\":\"ListItem\",\"position\":5,\"name\":\"Stoleunderlag uden pigge\"}]},{\"@type\":\"WebSite\",\"@id\":\"https:\/\/matting.se\/da\/#website\",\"url\":\"https:\/\/matting.se\/da\/\",\"name\":\"Matting\",\"description\":\"\",\"potentialAction\":[{\"@type\":\"SearchAction\",\"target\":{\"@type\":\"EntryPoint\",\"urlTemplate\":\"https:\/\/matting.se\/da\/?s={search_term_string}\"},\"query-input\":{\"@type\":\"PropertyValueSpecification\",\"valueRequired\":true,\"valueName\":\"search_term_string\"}}],\"inLanguage\":\"da-DK\"}]}<\/script>\n<!-- \/ Yoast SEO plugin. -->","yoast_head_json":{"title":"GULVBESKYTTELSE - PVC-fri og fremstillet af genanvendt PET","description":"Gulvbeskyttere beskytter gulve og t\u00e6pper mod slitage og snavs. Vores gulvbeskyttere er helt PVC-fri. To varianter er fremstillet af genanvendt PET.","robots":{"index":"index","follow":"follow","max-snippet":"max-snippet:-1","max-image-preview":"max-image-preview:large","max-video-preview":"max-video-preview:-1"},"canonical":"https:\/\/matting.se\/da\/produkt\/stoleunderlag-uden-pigge\/","og_locale":"da_DK","og_type":"article","og_title":"GULVBESKYTTELSE - PVC-fri og fremstillet af genanvendt PET","og_description":"Gulvbeskyttere beskytter gulve og t\u00e6pper mod slitage og snavs. Vores gulvbeskyttere er helt PVC-fri. To varianter er fremstillet af genanvendt PET.","og_url":"https:\/\/matting.se\/da\/produkt\/stoleunderlag-uden-pigge\/","og_site_name":"Matting","article_modified_time":"2024-01-09T12:32:57+00:00","og_image":[{"width":1000,"height":1000,"url":"https:\/\/matting.se\/wp-content\/uploads\/2023\/09\/517090_PREMIUM_golvskydd.jpg","type":"image\/jpeg"}],"twitter_card":"summary_large_image","twitter_misc":{"Estimeret l\u00e6setid":"1 minut"},"schema":{"@context":"https:\/\/schema.org","@graph":[{"@type":["WebPage","ItemPage"],"@id":"https:\/\/matting.se\/da\/produkt\/stoleunderlag-uden-pigge\/","url":"https:\/\/matting.se\/da\/produkt\/stoleunderlag-uden-pigge\/","name":"GULVBESKYTTELSE - PVC-fri og fremstillet af genanvendt PET","isPartOf":{"@id":"https:\/\/matting.se\/da\/#website"},"primaryImageOfPage":{"@id":"https:\/\/matting.se\/da\/produkt\/stoleunderlag-uden-pigge\/#primaryimage"},"image":{"@id":"https:\/\/matting.se\/da\/produkt\/stoleunderlag-uden-pigge\/#primaryimage"},"thumbnailUrl":"https:\/\/matting.se\/wp-content\/uploads\/2023\/09\/517090_PREMIUM_golvskydd.jpg","datePublished":"2023-09-19T15:07:10+00:00","dateModified":"2024-01-09T12:32:57+00:00","description":"Gulvbeskyttere beskytter gulve og t\u00e6pper mod slitage og snavs. Vores gulvbeskyttere er helt PVC-fri. To varianter er fremstillet af genanvendt PET.","breadcrumb":{"@id":"https:\/\/matting.se\/da\/produkt\/stoleunderlag-uden-pigge\/#breadcrumb"},"inLanguage":"da-DK","potentialAction":[{"@type":"ReadAction","target":["https:\/\/matting.se\/da\/produkt\/stoleunderlag-uden-pigge\/"]}]},{"@type":"ImageObject","inLanguage":"da-DK","@id":"https:\/\/matting.se\/da\/produkt\/stoleunderlag-uden-pigge\/#primaryimage","url":"https:\/\/matting.se\/wp-content\/uploads\/2023\/09\/517090_PREMIUM_golvskydd.jpg","contentUrl":"https:\/\/matting.se\/wp-content\/uploads\/2023\/09\/517090_PREMIUM_golvskydd.jpg","width":1000,"height":1000,"caption":"STANDARD transparent gulvbeskyttelse"},{"@type":"BreadcrumbList","@id":"https:\/\/matting.se\/da\/produkt\/stoleunderlag-uden-pigge\/#breadcrumb","itemListElement":[{"@type":"ListItem","position":1,"name":"Hem","item":"https:\/\/matting.se\/da\/"},{"@type":"ListItem","position":2,"name":"Shop","item":"https:\/\/matting.se\/shop\/"},{"@type":"ListItem","position":3,"name":"Matting Interior","item":"https:\/\/matting.se\/da\/produkt-kategori\/matting-interior-da\/"},{"@type":"ListItem","position":4,"name":"Beskyttelse af gulve og t\u00e6pper","item":"https:\/\/matting.se\/da\/produkt-kategori\/matting-interior-da\/beskyttelse-af-gulve-og-taepper-mi\/"},{"@type":"ListItem","position":5,"name":"Stoleunderlag uden pigge"}]},{"@type":"WebSite","@id":"https:\/\/matting.se\/da\/#website","url":"https:\/\/matting.se\/da\/","name":"Matting","description":"","potentialAction":[{"@type":"SearchAction","target":{"@type":"EntryPoint","urlTemplate":"https:\/\/matting.se\/da\/?s={search_term_string}"},"query-input":{"@type":"PropertyValueSpecification","valueRequired":true,"valueName":"search_term_string"}}],"inLanguage":"da-DK"}]}},"_links":{"self":[{"href":"https:\/\/matting.se\/da\/wp-json\/wp\/v2\/product\/247740","targetHints":{"allow":["GET"]}}],"collection":[{"href":"https:\/\/matting.se\/da\/wp-json\/wp\/v2\/product"}],"about":[{"href":"https:\/\/matting.se\/da\/wp-json\/wp\/v2\/types\/product"}],"wp:featuredmedia":[{"embeddable":true,"href":"https:\/\/matting.se\/da\/wp-json\/wp\/v2\/media\/245203"}],"wp:attachment":[{"href":"https:\/\/matting.se\/da\/wp-json\/wp\/v2\/media?parent=247740"}],"wp:term":[{"taxonomy":"product_brand","embeddable":true,"href":"https:\/\/matting.se\/da\/wp-json\/wp\/v2\/product_brand?post=247740"},{"taxonomy":"product_cat","embeddable":true,"href":"https:\/\/matting.se\/da\/wp-json\/wp\/v2\/product_cat?post=247740"},{"taxonomy":"product_tag","embeddable":true,"href":"https:\/\/matting.se\/da\/wp-json\/wp\/v2\/product_tag?post=247740"}],"curies":[{"name":"wp","href":"https:\/\/api.w.org\/{rel}","templated":true}]}}