{"id":247715,"date":"2023-09-08T11:00:50","date_gmt":"2023-09-08T10:00:50","guid":{"rendered":"https:\/\/matting.se\/produkt\/blossom-disk\/"},"modified":"2024-02-27T16:57:08","modified_gmt":"2024-02-27T15:57:08","slug":"blossom-disk","status":"publish","type":"product","link":"https:\/\/matting.se\/da\/produkt\/blossom-disk\/","title":{"rendered":"BLOSSOM desktop"},"content":{"rendered":"<p class=\"p1\"><strong>BLOSSOM<\/strong> er en del af vores h\u00f8jdejusterbare StandUp-bordserie uden elektricitet. Bordet h\u00e6ves og s\u00e6nkes nemt, hurtigt og lydl\u00f8st med en gasfjeder via h\u00e5ndtaget p\u00e5 siden og er designet til at blomstre i forskellige formationer. Skiven kan drejes i to forskellige retninger, s\u00e5 man kan skabe gruppeborde, projektomr\u00e5der og forskellige formationer, der er tilpasset rummet og kan flyttes rundt efter behov. BLOSSOM er et fleksibelt bord, hvor det samme bord kan bruges b\u00e5de som et enkelt bord eller til at danne et gruppebord. Bordet er velegnet til arbejdspladsen, konferenceomr\u00e5der eller klassev\u00e6relset.<\/p>\n<p class=\"p1\">Bordet er designet med b\u00e6redygtighed for \u00f8je, uden ledninger eller milj\u00f8skadelige batterier.<\/p>\n<ul>\n<li class=\"p1\">BLOSSOM f\u00e5s med lige eller affaset kant og f\u00e5s i flere varianter og materialer. V\u00e6lg materiale, farve p\u00e5 bordplade og kant.<\/li>\n<li class=\"p1\">Hjul i forbenene og en foldeskive f\u00e5s som ekstraudstyr til stellet.<\/li>\n<li class=\"p1\">V\u00e6lg farven p\u00e5 <a href=\"https:\/\/matting.se\/produkt\/blossom-stativ\/\" target=\"_blank\" rel=\"noopener\"><strong>BLOSSOM stel<\/strong><\/a>.<\/li>\n<\/ul>\n<p class=\"p1\">Designet af Dan Ihreborn.<\/p>\n<p>V\u00e6lg mellem vores forskellige materialer, og om du vil have en lige (sp\u00e5nplade) eller affaset kant (mdf):<\/p>\n<ul>\n<li>DESKTOP LINOLEUM DT<\/li>\n<li>LAMINAT LM<\/li>\n<li>H\u00d8JTRYKSLAMINAT HPL<\/li>\n<li>MARMOLEUM DECIBEL MD (lydisolering)<\/li>\n<li>AKUSTISK LAMINAT SLS (lydisolering)<\/li>\n<\/ul>\n","protected":false},"excerpt":{"rendered":"<p>BLOSSOM er en del af vores h\u00f8jdejusterbare StandUp-bordserie uden elektricitet. Bordet h\u00e6ves og s\u00e6nkes nemt, hurtigt og lydl\u00f8st med en gasfjeder via h\u00e5ndtaget p\u00e5 siden og er designet til at blomstre i forskellige formationer. Skiven kan drejes i to forskellige retninger, s\u00e5 man kan skabe gruppeborde, projektomr\u00e5der og forskellige formationer, der er tilpasset rummet og [&hellip;]<\/p>\n","protected":false},"featured_media":244450,"template":"","meta":{"_et_pb_use_builder":"","_et_pb_old_content":"","_et_gb_content_width":""},"product_brand":[],"product_cat":[186,187,303],"product_tag":[],"class_list":{"0":"post-247715","1":"product","2":"type-product","3":"status-publish","4":"has-post-thumbnail","6":"product_cat-matting-interior-da","7":"product_cat-borde-og-tilbehor-mi","8":"product_cat-bordplader-mi","10":"first","11":"instock","12":"taxable","13":"shipping-taxable","14":"purchasable","15":"product-type-variable","16":"has-default-attributes"},"yoast_head":"<!-- This site is optimized with the Yoast SEO plugin v25.6 - https:\/\/yoast.com\/wordpress\/plugins\/seo\/ -->\n<title>BLOSSOM desktop - Matting<\/title>\n<meta name=\"description\" content=\"BLOSSOM desktop - Se Mattings h\u00e5llbara koncept och produkter f\u00f6r publika milj\u00f6er, arbetsplatser och skolor.\" \/>\n<meta name=\"robots\" content=\"index, follow, max-snippet:-1, max-image-preview:large, max-video-preview:-1\" \/>\n<link rel=\"canonical\" href=\"https:\/\/matting.se\/da\/produkt\/blossom-disk\/\" \/>\n<meta property=\"og:locale\" content=\"da_DK\" \/>\n<meta property=\"og:type\" content=\"article\" \/>\n<meta property=\"og:title\" content=\"BLOSSOM desktop - Matting\" \/>\n<meta property=\"og:description\" content=\"BLOSSOM desktop - Se Mattings h\u00e5llbara koncept och produkter f\u00f6r publika milj\u00f6er, arbetsplatser och skolor.\" \/>\n<meta property=\"og:url\" content=\"https:\/\/matting.se\/da\/produkt\/blossom-disk\/\" \/>\n<meta property=\"og:site_name\" content=\"Matting\" \/>\n<meta property=\"article:modified_time\" content=\"2024-02-27T15:57:08+00:00\" \/>\n<meta property=\"og:image\" content=\"https:\/\/matting.se\/wp-content\/uploads\/2023\/09\/385100_BLOSSOM_DESKTOP_linoleum_optional_side.jpg\" \/>\n\t<meta property=\"og:image:width\" content=\"800\" \/>\n\t<meta property=\"og:image:height\" content=\"800\" \/>\n\t<meta property=\"og:image:type\" content=\"image\/jpeg\" \/>\n<meta name=\"twitter:card\" content=\"summary_large_image\" \/>\n<meta name=\"twitter:label1\" content=\"Estimeret l\u00e6setid\" \/>\n\t<meta name=\"twitter:data1\" content=\"1 minut\" \/>\n<script type=\"application\/ld+json\" class=\"yoast-schema-graph\">{\"@context\":\"https:\/\/schema.org\",\"@graph\":[{\"@type\":[\"WebPage\",\"ItemPage\"],\"@id\":\"https:\/\/matting.se\/da\/produkt\/blossom-disk\/\",\"url\":\"https:\/\/matting.se\/da\/produkt\/blossom-disk\/\",\"name\":\"BLOSSOM desktop - Matting\",\"isPartOf\":{\"@id\":\"https:\/\/matting.se\/da\/#website\"},\"primaryImageOfPage\":{\"@id\":\"https:\/\/matting.se\/da\/produkt\/blossom-disk\/#primaryimage\"},\"image\":{\"@id\":\"https:\/\/matting.se\/da\/produkt\/blossom-disk\/#primaryimage\"},\"thumbnailUrl\":\"https:\/\/matting.se\/wp-content\/uploads\/2023\/09\/385100_BLOSSOM_DESKTOP_linoleum_optional_side.jpg\",\"datePublished\":\"2023-09-08T10:00:50+00:00\",\"dateModified\":\"2024-02-27T15:57:08+00:00\",\"description\":\"BLOSSOM desktop - Se Mattings h\u00e5llbara koncept och produkter f\u00f6r publika milj\u00f6er, arbetsplatser och skolor.\",\"breadcrumb\":{\"@id\":\"https:\/\/matting.se\/da\/produkt\/blossom-disk\/#breadcrumb\"},\"inLanguage\":\"da-DK\",\"potentialAction\":[{\"@type\":\"ReadAction\",\"target\":[\"https:\/\/matting.se\/da\/produkt\/blossom-disk\/\"]}]},{\"@type\":\"ImageObject\",\"inLanguage\":\"da-DK\",\"@id\":\"https:\/\/matting.se\/da\/produkt\/blossom-disk\/#primaryimage\",\"url\":\"https:\/\/matting.se\/wp-content\/uploads\/2023\/09\/385100_BLOSSOM_DESKTOP_linoleum_optional_side.jpg\",\"contentUrl\":\"https:\/\/matting.se\/wp-content\/uploads\/2023\/09\/385100_BLOSSOM_DESKTOP_linoleum_optional_side.jpg\",\"width\":800,\"height\":800,\"caption\":\"BLOSSOM-bordpladen er designet til at blomstre i forskellige formationer. En del af StandUp-bordserien.\"},{\"@type\":\"BreadcrumbList\",\"@id\":\"https:\/\/matting.se\/da\/produkt\/blossom-disk\/#breadcrumb\",\"itemListElement\":[{\"@type\":\"ListItem\",\"position\":1,\"name\":\"Hem\",\"item\":\"https:\/\/matting.se\/da\/\"},{\"@type\":\"ListItem\",\"position\":2,\"name\":\"Shop\",\"item\":\"https:\/\/matting.se\/shop\/\"},{\"@type\":\"ListItem\",\"position\":3,\"name\":\"Matting Interior\",\"item\":\"https:\/\/matting.se\/da\/produkt-kategori\/matting-interior-da\/\"},{\"@type\":\"ListItem\",\"position\":4,\"name\":\"BLOSSOM desktop\"}]},{\"@type\":\"WebSite\",\"@id\":\"https:\/\/matting.se\/da\/#website\",\"url\":\"https:\/\/matting.se\/da\/\",\"name\":\"Matting\",\"description\":\"\",\"potentialAction\":[{\"@type\":\"SearchAction\",\"target\":{\"@type\":\"EntryPoint\",\"urlTemplate\":\"https:\/\/matting.se\/da\/?s={search_term_string}\"},\"query-input\":{\"@type\":\"PropertyValueSpecification\",\"valueRequired\":true,\"valueName\":\"search_term_string\"}}],\"inLanguage\":\"da-DK\"}]}<\/script>\n<!-- \/ Yoast SEO plugin. -->","yoast_head_json":{"title":"BLOSSOM desktop - Matting","description":"BLOSSOM desktop - Se Mattings h\u00e5llbara koncept och produkter f\u00f6r publika milj\u00f6er, arbetsplatser och skolor.","robots":{"index":"index","follow":"follow","max-snippet":"max-snippet:-1","max-image-preview":"max-image-preview:large","max-video-preview":"max-video-preview:-1"},"canonical":"https:\/\/matting.se\/da\/produkt\/blossom-disk\/","og_locale":"da_DK","og_type":"article","og_title":"BLOSSOM desktop - Matting","og_description":"BLOSSOM desktop - Se Mattings h\u00e5llbara koncept och produkter f\u00f6r publika milj\u00f6er, arbetsplatser och skolor.","og_url":"https:\/\/matting.se\/da\/produkt\/blossom-disk\/","og_site_name":"Matting","article_modified_time":"2024-02-27T15:57:08+00:00","og_image":[{"width":800,"height":800,"url":"https:\/\/matting.se\/wp-content\/uploads\/2023\/09\/385100_BLOSSOM_DESKTOP_linoleum_optional_side.jpg","type":"image\/jpeg"}],"twitter_card":"summary_large_image","twitter_misc":{"Estimeret l\u00e6setid":"1 minut"},"schema":{"@context":"https:\/\/schema.org","@graph":[{"@type":["WebPage","ItemPage"],"@id":"https:\/\/matting.se\/da\/produkt\/blossom-disk\/","url":"https:\/\/matting.se\/da\/produkt\/blossom-disk\/","name":"BLOSSOM desktop - Matting","isPartOf":{"@id":"https:\/\/matting.se\/da\/#website"},"primaryImageOfPage":{"@id":"https:\/\/matting.se\/da\/produkt\/blossom-disk\/#primaryimage"},"image":{"@id":"https:\/\/matting.se\/da\/produkt\/blossom-disk\/#primaryimage"},"thumbnailUrl":"https:\/\/matting.se\/wp-content\/uploads\/2023\/09\/385100_BLOSSOM_DESKTOP_linoleum_optional_side.jpg","datePublished":"2023-09-08T10:00:50+00:00","dateModified":"2024-02-27T15:57:08+00:00","description":"BLOSSOM desktop - Se Mattings h\u00e5llbara koncept och produkter f\u00f6r publika milj\u00f6er, arbetsplatser och skolor.","breadcrumb":{"@id":"https:\/\/matting.se\/da\/produkt\/blossom-disk\/#breadcrumb"},"inLanguage":"da-DK","potentialAction":[{"@type":"ReadAction","target":["https:\/\/matting.se\/da\/produkt\/blossom-disk\/"]}]},{"@type":"ImageObject","inLanguage":"da-DK","@id":"https:\/\/matting.se\/da\/produkt\/blossom-disk\/#primaryimage","url":"https:\/\/matting.se\/wp-content\/uploads\/2023\/09\/385100_BLOSSOM_DESKTOP_linoleum_optional_side.jpg","contentUrl":"https:\/\/matting.se\/wp-content\/uploads\/2023\/09\/385100_BLOSSOM_DESKTOP_linoleum_optional_side.jpg","width":800,"height":800,"caption":"BLOSSOM-bordpladen er designet til at blomstre i forskellige formationer. En del af StandUp-bordserien."},{"@type":"BreadcrumbList","@id":"https:\/\/matting.se\/da\/produkt\/blossom-disk\/#breadcrumb","itemListElement":[{"@type":"ListItem","position":1,"name":"Hem","item":"https:\/\/matting.se\/da\/"},{"@type":"ListItem","position":2,"name":"Shop","item":"https:\/\/matting.se\/shop\/"},{"@type":"ListItem","position":3,"name":"Matting Interior","item":"https:\/\/matting.se\/da\/produkt-kategori\/matting-interior-da\/"},{"@type":"ListItem","position":4,"name":"BLOSSOM desktop"}]},{"@type":"WebSite","@id":"https:\/\/matting.se\/da\/#website","url":"https:\/\/matting.se\/da\/","name":"Matting","description":"","potentialAction":[{"@type":"SearchAction","target":{"@type":"EntryPoint","urlTemplate":"https:\/\/matting.se\/da\/?s={search_term_string}"},"query-input":{"@type":"PropertyValueSpecification","valueRequired":true,"valueName":"search_term_string"}}],"inLanguage":"da-DK"}]}},"_links":{"self":[{"href":"https:\/\/matting.se\/da\/wp-json\/wp\/v2\/product\/247715","targetHints":{"allow":["GET"]}}],"collection":[{"href":"https:\/\/matting.se\/da\/wp-json\/wp\/v2\/product"}],"about":[{"href":"https:\/\/matting.se\/da\/wp-json\/wp\/v2\/types\/product"}],"wp:featuredmedia":[{"embeddable":true,"href":"https:\/\/matting.se\/da\/wp-json\/wp\/v2\/media\/244450"}],"wp:attachment":[{"href":"https:\/\/matting.se\/da\/wp-json\/wp\/v2\/media?parent=247715"}],"wp:term":[{"taxonomy":"product_brand","embeddable":true,"href":"https:\/\/matting.se\/da\/wp-json\/wp\/v2\/product_brand?post=247715"},{"taxonomy":"product_cat","embeddable":true,"href":"https:\/\/matting.se\/da\/wp-json\/wp\/v2\/product_cat?post=247715"},{"taxonomy":"product_tag","embeddable":true,"href":"https:\/\/matting.se\/da\/wp-json\/wp\/v2\/product_tag?post=247715"}],"curies":[{"name":"wp","href":"https:\/\/api.w.org\/{rel}","templated":true}]}}