{"id":247714,"date":"2023-09-08T08:42:15","date_gmt":"2023-09-08T08:42:15","guid":{"rendered":"https:\/\/matting.se\/produkt\/akustisk-laminat-sls\/"},"modified":"2023-12-18T11:09:24","modified_gmt":"2023-12-18T11:09:24","slug":"akustisk-laminat-sls","status":"publish","type":"product","link":"https:\/\/matting.se\/da\/produkt\/akustisk-laminat-sls\/","title":{"rendered":"AKUSTISK LAMINAT SLS"},"content":{"rendered":"<p>AKUSTIKLAMINAT SLS er en <b>lydabsorberende bordplade<\/b> med et overfladelag af laminat med lydabsorption i kork.<\/p>\n<p>AKUSTIKLAMINAT SLS bordplade er tilpasset vores StandUp DESK stander 700. Overfladen p\u00e5 pladen er laminat med en kerne af sp\u00e5nplade, og pladen har lige kanter og afrundede hj\u00f8rner.<\/p>\n<ul>\n<li>St\u00f8rrelsen 700 x 600 mm passer til DESK stand 700.<\/li>\n<\/ul>\n<p>V\u00e6lg en disk og et matchende stativ til et komplet bord.<\/p>\n<p>AKUSTIKLAMINAT SLS er meget popul\u00e6r som studiebord. Bordet kan h\u00e6ves og s\u00e6nkes manuelt uden en elektrisk forbindelse, hvilket g\u00f8r det meget nemt at placere. H\u00e6vning og s\u00e6nkning er hurtig og nem med h\u00e5ndtagene p\u00e5 siden. Den laveste s\u00e6deh\u00f8jde er 75 cm, den h\u00f8jeste st\u00e5h\u00f8jde er 119 cm. Bordstativets indvendige m\u00e5l er 56 cm. Dette skolebord giver eleverne mulighed for at skifte mellem at st\u00e5 og sidde, hvilket skaber et mere aktivt studiemilj\u00f8.<\/p>\n<ul>\n<li>Stativet kan bestilles med en sidekrog til oph\u00e6ngning af st\u00e5m\u00e5tte, bordsk\u00e6rm, skoletaske eller lignende.<\/li>\n<li>De bageste fodst\u00f8tter er justerbare.<\/li>\n<li>Du kan tilf\u00f8je hjul til de forreste poter for at g\u00f8re det endnu lettere at flytte bordet.<\/li>\n<li>Tilf\u00f8j en bl\u00f8d st\u00e5m\u00e5tte eller et balancebr\u00e6t, en siddebold og en bordsk\u00e6rm.<\/li>\n<\/ul>\n<p>Alle komponenter i bordet kan udskiftes med tiden for at sikre lang levetid og mulighed for at tilpasse bordet med tiden.<\/p>\n<p>StandUp DESK er fremstillet i Sverige af h\u00f8j kvalitet med b\u00e6redygtige materialer og M\u00f6belfakta-m\u00e6rket ud fra vores \u00f8nske om at p\u00e5virke milj\u00f8et s\u00e5 lidt som muligt.<\/p>\n<p>Skandinavisk design af Dan Ihreborn.<\/p>\n","protected":false},"excerpt":{"rendered":"<p>AKUSTIKLAMINAT SLS er en lydabsorberende bordplade med et overfladelag af laminat med lydabsorption i kork. AKUSTIKLAMINAT SLS bordplade er tilpasset vores StandUp DESK stander 700. Overfladen p\u00e5 pladen er laminat med en kerne af sp\u00e5nplade, og pladen har lige kanter og afrundede hj\u00f8rner. St\u00f8rrelsen 700 x 600 mm passer til DESK stand 700. V\u00e6lg en [&hellip;]<\/p>\n","protected":false},"featured_media":244402,"template":"","meta":{"_et_pb_use_builder":"","_et_pb_old_content":"","_et_gb_content_width":""},"product_brand":[],"product_cat":[186,187,303],"product_tag":[],"class_list":{"0":"post-247714","1":"product","2":"type-product","3":"status-publish","4":"has-post-thumbnail","6":"product_cat-matting-interior-da","7":"product_cat-borde-og-tilbehor-mi","8":"product_cat-bordplader-mi","10":"first","11":"instock","12":"taxable","13":"shipping-taxable","14":"purchasable","15":"product-type-variable","16":"has-default-attributes"},"yoast_head":"<!-- This site is optimized with the Yoast SEO plugin v25.6 - https:\/\/yoast.com\/wordpress\/plugins\/seo\/ -->\n<title>AKUSTISK LAMINAT SLS - Matting<\/title>\n<meta name=\"description\" content=\"AKUSTISK LAMINAT SLS - Se Mattings h\u00e5llbara koncept och produkter f\u00f6r publika milj\u00f6er, arbetsplatser och skolor.\" \/>\n<meta name=\"robots\" content=\"index, follow, max-snippet:-1, max-image-preview:large, max-video-preview:-1\" \/>\n<link rel=\"canonical\" href=\"https:\/\/matting.se\/da\/produkt\/akustisk-laminat-sls\/\" \/>\n<meta property=\"og:locale\" content=\"da_DK\" \/>\n<meta property=\"og:type\" content=\"article\" \/>\n<meta property=\"og:title\" content=\"AKUSTISK LAMINAT SLS - Matting\" \/>\n<meta property=\"og:description\" content=\"AKUSTISK LAMINAT SLS - Se Mattings h\u00e5llbara koncept och produkter f\u00f6r publika milj\u00f6er, arbetsplatser och skolor.\" \/>\n<meta property=\"og:url\" content=\"https:\/\/matting.se\/da\/produkt\/akustisk-laminat-sls\/\" \/>\n<meta property=\"og:site_name\" content=\"Matting\" \/>\n<meta property=\"article:modified_time\" content=\"2023-12-18T11:09:24+00:00\" \/>\n<meta property=\"og:image\" content=\"https:\/\/matting.se\/wp-content\/uploads\/2023\/09\/385070_DESKTOP-Akustiklaminat-SLS_light-grey_70x60_side.jpg\" \/>\n\t<meta property=\"og:image:width\" content=\"800\" \/>\n\t<meta property=\"og:image:height\" content=\"800\" \/>\n\t<meta property=\"og:image:type\" content=\"image\/jpeg\" \/>\n<meta name=\"twitter:card\" content=\"summary_large_image\" \/>\n<meta name=\"twitter:label1\" content=\"Estimeret l\u00e6setid\" \/>\n\t<meta name=\"twitter:data1\" content=\"1 minut\" \/>\n<script type=\"application\/ld+json\" class=\"yoast-schema-graph\">{\"@context\":\"https:\/\/schema.org\",\"@graph\":[{\"@type\":[\"WebPage\",\"ItemPage\"],\"@id\":\"https:\/\/matting.se\/da\/produkt\/akustisk-laminat-sls\/\",\"url\":\"https:\/\/matting.se\/da\/produkt\/akustisk-laminat-sls\/\",\"name\":\"AKUSTISK LAMINAT SLS - Matting\",\"isPartOf\":{\"@id\":\"https:\/\/matting.se\/da\/#website\"},\"primaryImageOfPage\":{\"@id\":\"https:\/\/matting.se\/da\/produkt\/akustisk-laminat-sls\/#primaryimage\"},\"image\":{\"@id\":\"https:\/\/matting.se\/da\/produkt\/akustisk-laminat-sls\/#primaryimage\"},\"thumbnailUrl\":\"https:\/\/matting.se\/wp-content\/uploads\/2023\/09\/385070_DESKTOP-Akustiklaminat-SLS_light-grey_70x60_side.jpg\",\"datePublished\":\"2023-09-08T08:42:15+00:00\",\"dateModified\":\"2023-12-18T11:09:24+00:00\",\"description\":\"AKUSTISK LAMINAT SLS - Se Mattings h\u00e5llbara koncept och produkter f\u00f6r publika milj\u00f6er, arbetsplatser och skolor.\",\"breadcrumb\":{\"@id\":\"https:\/\/matting.se\/da\/produkt\/akustisk-laminat-sls\/#breadcrumb\"},\"inLanguage\":\"da-DK\",\"potentialAction\":[{\"@type\":\"ReadAction\",\"target\":[\"https:\/\/matting.se\/da\/produkt\/akustisk-laminat-sls\/\"]}]},{\"@type\":\"ImageObject\",\"inLanguage\":\"da-DK\",\"@id\":\"https:\/\/matting.se\/da\/produkt\/akustisk-laminat-sls\/#primaryimage\",\"url\":\"https:\/\/matting.se\/wp-content\/uploads\/2023\/09\/385070_DESKTOP-Akustiklaminat-SLS_light-grey_70x60_side.jpg\",\"contentUrl\":\"https:\/\/matting.se\/wp-content\/uploads\/2023\/09\/385070_DESKTOP-Akustiklaminat-SLS_light-grey_70x60_side.jpg\",\"width\":800,\"height\":800,\"caption\":\"DESKTOP Acoustic Laminate SLS light grey 70x60 cm, en lydabsorberende bordplade med kork.\"},{\"@type\":\"BreadcrumbList\",\"@id\":\"https:\/\/matting.se\/da\/produkt\/akustisk-laminat-sls\/#breadcrumb\",\"itemListElement\":[{\"@type\":\"ListItem\",\"position\":1,\"name\":\"Hem\",\"item\":\"https:\/\/matting.se\/da\/\"},{\"@type\":\"ListItem\",\"position\":2,\"name\":\"Shop\",\"item\":\"https:\/\/matting.se\/shop\/\"},{\"@type\":\"ListItem\",\"position\":3,\"name\":\"Matting Interior\",\"item\":\"https:\/\/matting.se\/da\/produkt-kategori\/matting-interior-da\/\"},{\"@type\":\"ListItem\",\"position\":4,\"name\":\"AKUSTISK LAMINAT SLS\"}]},{\"@type\":\"WebSite\",\"@id\":\"https:\/\/matting.se\/da\/#website\",\"url\":\"https:\/\/matting.se\/da\/\",\"name\":\"Matting\",\"description\":\"\",\"potentialAction\":[{\"@type\":\"SearchAction\",\"target\":{\"@type\":\"EntryPoint\",\"urlTemplate\":\"https:\/\/matting.se\/da\/?s={search_term_string}\"},\"query-input\":{\"@type\":\"PropertyValueSpecification\",\"valueRequired\":true,\"valueName\":\"search_term_string\"}}],\"inLanguage\":\"da-DK\"}]}<\/script>\n<!-- \/ Yoast SEO plugin. -->","yoast_head_json":{"title":"AKUSTISK LAMINAT SLS - Matting","description":"AKUSTISK LAMINAT SLS - Se Mattings h\u00e5llbara koncept och produkter f\u00f6r publika milj\u00f6er, arbetsplatser och skolor.","robots":{"index":"index","follow":"follow","max-snippet":"max-snippet:-1","max-image-preview":"max-image-preview:large","max-video-preview":"max-video-preview:-1"},"canonical":"https:\/\/matting.se\/da\/produkt\/akustisk-laminat-sls\/","og_locale":"da_DK","og_type":"article","og_title":"AKUSTISK LAMINAT SLS - Matting","og_description":"AKUSTISK LAMINAT SLS - Se Mattings h\u00e5llbara koncept och produkter f\u00f6r publika milj\u00f6er, arbetsplatser och skolor.","og_url":"https:\/\/matting.se\/da\/produkt\/akustisk-laminat-sls\/","og_site_name":"Matting","article_modified_time":"2023-12-18T11:09:24+00:00","og_image":[{"width":800,"height":800,"url":"https:\/\/matting.se\/wp-content\/uploads\/2023\/09\/385070_DESKTOP-Akustiklaminat-SLS_light-grey_70x60_side.jpg","type":"image\/jpeg"}],"twitter_card":"summary_large_image","twitter_misc":{"Estimeret l\u00e6setid":"1 minut"},"schema":{"@context":"https:\/\/schema.org","@graph":[{"@type":["WebPage","ItemPage"],"@id":"https:\/\/matting.se\/da\/produkt\/akustisk-laminat-sls\/","url":"https:\/\/matting.se\/da\/produkt\/akustisk-laminat-sls\/","name":"AKUSTISK LAMINAT SLS - Matting","isPartOf":{"@id":"https:\/\/matting.se\/da\/#website"},"primaryImageOfPage":{"@id":"https:\/\/matting.se\/da\/produkt\/akustisk-laminat-sls\/#primaryimage"},"image":{"@id":"https:\/\/matting.se\/da\/produkt\/akustisk-laminat-sls\/#primaryimage"},"thumbnailUrl":"https:\/\/matting.se\/wp-content\/uploads\/2023\/09\/385070_DESKTOP-Akustiklaminat-SLS_light-grey_70x60_side.jpg","datePublished":"2023-09-08T08:42:15+00:00","dateModified":"2023-12-18T11:09:24+00:00","description":"AKUSTISK LAMINAT SLS - Se Mattings h\u00e5llbara koncept och produkter f\u00f6r publika milj\u00f6er, arbetsplatser och skolor.","breadcrumb":{"@id":"https:\/\/matting.se\/da\/produkt\/akustisk-laminat-sls\/#breadcrumb"},"inLanguage":"da-DK","potentialAction":[{"@type":"ReadAction","target":["https:\/\/matting.se\/da\/produkt\/akustisk-laminat-sls\/"]}]},{"@type":"ImageObject","inLanguage":"da-DK","@id":"https:\/\/matting.se\/da\/produkt\/akustisk-laminat-sls\/#primaryimage","url":"https:\/\/matting.se\/wp-content\/uploads\/2023\/09\/385070_DESKTOP-Akustiklaminat-SLS_light-grey_70x60_side.jpg","contentUrl":"https:\/\/matting.se\/wp-content\/uploads\/2023\/09\/385070_DESKTOP-Akustiklaminat-SLS_light-grey_70x60_side.jpg","width":800,"height":800,"caption":"DESKTOP Acoustic Laminate SLS light grey 70x60 cm, en lydabsorberende bordplade med kork."},{"@type":"BreadcrumbList","@id":"https:\/\/matting.se\/da\/produkt\/akustisk-laminat-sls\/#breadcrumb","itemListElement":[{"@type":"ListItem","position":1,"name":"Hem","item":"https:\/\/matting.se\/da\/"},{"@type":"ListItem","position":2,"name":"Shop","item":"https:\/\/matting.se\/shop\/"},{"@type":"ListItem","position":3,"name":"Matting Interior","item":"https:\/\/matting.se\/da\/produkt-kategori\/matting-interior-da\/"},{"@type":"ListItem","position":4,"name":"AKUSTISK LAMINAT SLS"}]},{"@type":"WebSite","@id":"https:\/\/matting.se\/da\/#website","url":"https:\/\/matting.se\/da\/","name":"Matting","description":"","potentialAction":[{"@type":"SearchAction","target":{"@type":"EntryPoint","urlTemplate":"https:\/\/matting.se\/da\/?s={search_term_string}"},"query-input":{"@type":"PropertyValueSpecification","valueRequired":true,"valueName":"search_term_string"}}],"inLanguage":"da-DK"}]}},"_links":{"self":[{"href":"https:\/\/matting.se\/da\/wp-json\/wp\/v2\/product\/247714","targetHints":{"allow":["GET"]}}],"collection":[{"href":"https:\/\/matting.se\/da\/wp-json\/wp\/v2\/product"}],"about":[{"href":"https:\/\/matting.se\/da\/wp-json\/wp\/v2\/types\/product"}],"wp:featuredmedia":[{"embeddable":true,"href":"https:\/\/matting.se\/da\/wp-json\/wp\/v2\/media\/244402"}],"wp:attachment":[{"href":"https:\/\/matting.se\/da\/wp-json\/wp\/v2\/media?parent=247714"}],"wp:term":[{"taxonomy":"product_brand","embeddable":true,"href":"https:\/\/matting.se\/da\/wp-json\/wp\/v2\/product_brand?post=247714"},{"taxonomy":"product_cat","embeddable":true,"href":"https:\/\/matting.se\/da\/wp-json\/wp\/v2\/product_cat?post=247714"},{"taxonomy":"product_tag","embeddable":true,"href":"https:\/\/matting.se\/da\/wp-json\/wp\/v2\/product_tag?post=247714"}],"curies":[{"name":"wp","href":"https:\/\/api.w.org\/{rel}","templated":true}]}}