{"id":247688,"date":"2023-09-08T06:56:53","date_gmt":"2023-09-08T06:56:53","guid":{"rendered":"https:\/\/matting.se\/produkt\/marmoleum-decibel-md\/"},"modified":"2023-12-18T11:09:24","modified_gmt":"2023-12-18T11:09:24","slug":"marmoleum-decibel-md","status":"publish","type":"product","link":"https:\/\/matting.se\/da\/produkt\/marmoleum-decibel-md\/","title":{"rendered":"MARMOLEUM DECIBEL MD"},"content":{"rendered":"<p>MARMOLEUM DECIBEL er en <b>lydabsorberende linoleumsbordplade<\/b>, hvis akustiske egenskaber opn\u00e5r lavere dB-v\u00e6rdier takket v\u00e6re det s\u00e6rlige isoleringslag, der er fastgjort p\u00e5 bagsiden af linoleumsoverfladen. Det resulterer i en st\u00f8jreduktion p\u00e5 op til 18 dB.<\/p>\n<p>MARMOLEUM DECIBEL-bordpladen f\u00e5s i to forskellige st\u00f8rrelser, der passer til vores StandUp DESK-stativer 700 og 900. Skivens overfladelag er CO2-neutralt linoleum med en sp\u00e5nkerne, og skiven har lige kanter og afrundede hj\u00f8rner. Bordpladen kan (ud over farverne i vores standardsortiment) tilpasses og f\u00e5s i mange forskellige farver og designs efter dine \u00f8nsker, som en bestillingsvare med en leveringstid p\u00e5 ca. 5 uger.<\/p>\n<ul>\n<li>St\u00f8rrelsen 700 x 600 mm passer til DESK stand 700.<\/li>\n<li>St\u00f8rrelsen 940 x 600 mm passer til DESK-stativet 900<\/li>\n<\/ul>\n<p>V\u00e6lg en disk og et matchende stativ til et komplet bord.<\/p>\n<p>Marmoleum Decibel er meget popul\u00e6rt som skrivebord til studerende. Bordet kan h\u00e6ves og s\u00e6nkes manuelt uden en elektrisk forbindelse, hvilket g\u00f8r det meget nemt at placere. H\u00e6vning og s\u00e6nkning er hurtig og nem med h\u00e5ndtagene p\u00e5 siden. Den laveste s\u00e6deh\u00f8jde er 75 cm, den h\u00f8jeste st\u00e5h\u00f8jde er 119 cm. De indvendige m\u00e5l p\u00e5 bordstativet er 56 cm for det lille bord og 80 cm for det store. Dette skolebord giver eleverne mulighed for at skifte mellem at st\u00e5 og sidde, hvilket skaber et mere aktivt studiemilj\u00f8.<\/p>\n<ul>\n<li>Stativet kan bestilles med en sidekrog til oph\u00e6ngning af st\u00e5m\u00e5tte, bordsk\u00e6rm, skoletaske eller lignende.<\/li>\n<li>De bageste fodst\u00f8tter er justerbare.<\/li>\n<li>Du kan tilf\u00f8je hjul til de forreste poter for at g\u00f8re det endnu lettere at flytte bordet.<\/li>\n<li>Tilf\u00f8j en bl\u00f8d st\u00e5m\u00e5tte eller et balancebr\u00e6t, en siddebold og en bordsk\u00e6rm.<\/li>\n<\/ul>\n<p>Alle komponenter i bordet kan udskiftes med tiden for at sikre lang levetid og mulighed for at tilpasse bordet med tiden.<\/p>\n<p>StandUp DESK er fremstillet i Sverige af h\u00f8j kvalitet med b\u00e6redygtige materialer og M\u00f6belfakta-m\u00e6rket ud fra vores \u00f8nske om at p\u00e5virke milj\u00f8et s\u00e5 lidt som muligt.<\/p>\n<p>Skandinavisk design af Dan Ihreborn.<\/p>\n","protected":false},"excerpt":{"rendered":"<p>MARMOLEUM DECIBEL er en lydabsorberende linoleumsbordplade, hvis akustiske egenskaber opn\u00e5r lavere dB-v\u00e6rdier takket v\u00e6re det s\u00e6rlige isoleringslag, der er fastgjort p\u00e5 bagsiden af linoleumsoverfladen. Det resulterer i en st\u00f8jreduktion p\u00e5 op til 18 dB. MARMOLEUM DECIBEL-bordpladen f\u00e5s i to forskellige st\u00f8rrelser, der passer til vores StandUp DESK-stativer 700 og 900. Skivens overfladelag er CO2-neutralt linoleum [&hellip;]<\/p>\n","protected":false},"featured_media":244240,"template":"","meta":{"_et_pb_use_builder":"","_et_pb_old_content":"","_et_gb_content_width":""},"product_brand":[],"product_cat":[186,187,303],"product_tag":[],"class_list":{"0":"post-247688","1":"product","2":"type-product","3":"status-publish","4":"has-post-thumbnail","6":"product_cat-matting-interior-da","7":"product_cat-borde-og-tilbehor-mi","8":"product_cat-bordplader-mi","10":"first","11":"instock","12":"taxable","13":"shipping-taxable","14":"purchasable","15":"product-type-variable","16":"has-default-attributes"},"yoast_head":"<!-- This site is optimized with the Yoast SEO plugin v25.6 - https:\/\/yoast.com\/wordpress\/plugins\/seo\/ -->\n<title>MARMOLEUM DECIBEL MD - Matting<\/title>\n<meta name=\"description\" content=\"MARMOLEUM DECIBEL MD - Se Mattings h\u00e5llbara koncept och produkter f\u00f6r publika milj\u00f6er, arbetsplatser och skolor.\" \/>\n<meta name=\"robots\" content=\"index, follow, max-snippet:-1, max-image-preview:large, max-video-preview:-1\" \/>\n<link rel=\"canonical\" href=\"https:\/\/matting.se\/da\/produkt\/marmoleum-decibel-md\/\" \/>\n<meta property=\"og:locale\" content=\"da_DK\" \/>\n<meta property=\"og:type\" content=\"article\" \/>\n<meta property=\"og:title\" content=\"MARMOLEUM DECIBEL MD - Matting\" \/>\n<meta property=\"og:description\" content=\"MARMOLEUM DECIBEL MD - Se Mattings h\u00e5llbara koncept och produkter f\u00f6r publika milj\u00f6er, arbetsplatser och skolor.\" \/>\n<meta property=\"og:url\" content=\"https:\/\/matting.se\/da\/produkt\/marmoleum-decibel-md\/\" \/>\n<meta property=\"og:site_name\" content=\"Matting\" \/>\n<meta property=\"article:modified_time\" content=\"2023-12-18T11:09:24+00:00\" \/>\n<meta property=\"og:image\" content=\"https:\/\/matting.se\/wp-content\/uploads\/2023\/09\/389552_DESKTOP_Marmoleum-decibel_Dove-grey_94x60_side.jpg\" \/>\n\t<meta property=\"og:image:width\" content=\"800\" \/>\n\t<meta property=\"og:image:height\" content=\"800\" \/>\n\t<meta property=\"og:image:type\" content=\"image\/jpeg\" \/>\n<meta name=\"twitter:card\" content=\"summary_large_image\" \/>\n<meta name=\"twitter:label1\" content=\"Estimeret l\u00e6setid\" \/>\n\t<meta name=\"twitter:data1\" content=\"2 minutter\" \/>\n<script type=\"application\/ld+json\" class=\"yoast-schema-graph\">{\"@context\":\"https:\/\/schema.org\",\"@graph\":[{\"@type\":[\"WebPage\",\"ItemPage\"],\"@id\":\"https:\/\/matting.se\/da\/produkt\/marmoleum-decibel-md\/\",\"url\":\"https:\/\/matting.se\/da\/produkt\/marmoleum-decibel-md\/\",\"name\":\"MARMOLEUM DECIBEL MD - Matting\",\"isPartOf\":{\"@id\":\"https:\/\/matting.se\/da\/#website\"},\"primaryImageOfPage\":{\"@id\":\"https:\/\/matting.se\/da\/produkt\/marmoleum-decibel-md\/#primaryimage\"},\"image\":{\"@id\":\"https:\/\/matting.se\/da\/produkt\/marmoleum-decibel-md\/#primaryimage\"},\"thumbnailUrl\":\"https:\/\/matting.se\/wp-content\/uploads\/2023\/09\/389552_DESKTOP_Marmoleum-decibel_Dove-grey_94x60_side.jpg\",\"datePublished\":\"2023-09-08T06:56:53+00:00\",\"dateModified\":\"2023-12-18T11:09:24+00:00\",\"description\":\"MARMOLEUM DECIBEL MD - Se Mattings h\u00e5llbara koncept och produkter f\u00f6r publika milj\u00f6er, arbetsplatser och skolor.\",\"breadcrumb\":{\"@id\":\"https:\/\/matting.se\/da\/produkt\/marmoleum-decibel-md\/#breadcrumb\"},\"inLanguage\":\"da-DK\",\"potentialAction\":[{\"@type\":\"ReadAction\",\"target\":[\"https:\/\/matting.se\/da\/produkt\/marmoleum-decibel-md\/\"]}]},{\"@type\":\"ImageObject\",\"inLanguage\":\"da-DK\",\"@id\":\"https:\/\/matting.se\/da\/produkt\/marmoleum-decibel-md\/#primaryimage\",\"url\":\"https:\/\/matting.se\/wp-content\/uploads\/2023\/09\/389552_DESKTOP_Marmoleum-decibel_Dove-grey_94x60_side.jpg\",\"contentUrl\":\"https:\/\/matting.se\/wp-content\/uploads\/2023\/09\/389552_DESKTOP_Marmoleum-decibel_Dove-grey_94x60_side.jpg\",\"width\":800,\"height\":800,\"caption\":\"StandUp DESK med lydd\u00e6mpende panel af CO2-neutral Marmoleum Decibel 3.5 linoleum 94x60 cm.\"},{\"@type\":\"BreadcrumbList\",\"@id\":\"https:\/\/matting.se\/da\/produkt\/marmoleum-decibel-md\/#breadcrumb\",\"itemListElement\":[{\"@type\":\"ListItem\",\"position\":1,\"name\":\"Hem\",\"item\":\"https:\/\/matting.se\/da\/\"},{\"@type\":\"ListItem\",\"position\":2,\"name\":\"Shop\",\"item\":\"https:\/\/matting.se\/shop\/\"},{\"@type\":\"ListItem\",\"position\":3,\"name\":\"Matting Interior\",\"item\":\"https:\/\/matting.se\/da\/produkt-kategori\/matting-interior-da\/\"},{\"@type\":\"ListItem\",\"position\":4,\"name\":\"MARMOLEUM DECIBEL MD\"}]},{\"@type\":\"WebSite\",\"@id\":\"https:\/\/matting.se\/da\/#website\",\"url\":\"https:\/\/matting.se\/da\/\",\"name\":\"Matting\",\"description\":\"\",\"potentialAction\":[{\"@type\":\"SearchAction\",\"target\":{\"@type\":\"EntryPoint\",\"urlTemplate\":\"https:\/\/matting.se\/da\/?s={search_term_string}\"},\"query-input\":{\"@type\":\"PropertyValueSpecification\",\"valueRequired\":true,\"valueName\":\"search_term_string\"}}],\"inLanguage\":\"da-DK\"}]}<\/script>\n<!-- \/ Yoast SEO plugin. -->","yoast_head_json":{"title":"MARMOLEUM DECIBEL MD - Matting","description":"MARMOLEUM DECIBEL MD - Se Mattings h\u00e5llbara koncept och produkter f\u00f6r publika milj\u00f6er, arbetsplatser och skolor.","robots":{"index":"index","follow":"follow","max-snippet":"max-snippet:-1","max-image-preview":"max-image-preview:large","max-video-preview":"max-video-preview:-1"},"canonical":"https:\/\/matting.se\/da\/produkt\/marmoleum-decibel-md\/","og_locale":"da_DK","og_type":"article","og_title":"MARMOLEUM DECIBEL MD - Matting","og_description":"MARMOLEUM DECIBEL MD - Se Mattings h\u00e5llbara koncept och produkter f\u00f6r publika milj\u00f6er, arbetsplatser och skolor.","og_url":"https:\/\/matting.se\/da\/produkt\/marmoleum-decibel-md\/","og_site_name":"Matting","article_modified_time":"2023-12-18T11:09:24+00:00","og_image":[{"width":800,"height":800,"url":"https:\/\/matting.se\/wp-content\/uploads\/2023\/09\/389552_DESKTOP_Marmoleum-decibel_Dove-grey_94x60_side.jpg","type":"image\/jpeg"}],"twitter_card":"summary_large_image","twitter_misc":{"Estimeret l\u00e6setid":"2 minutter"},"schema":{"@context":"https:\/\/schema.org","@graph":[{"@type":["WebPage","ItemPage"],"@id":"https:\/\/matting.se\/da\/produkt\/marmoleum-decibel-md\/","url":"https:\/\/matting.se\/da\/produkt\/marmoleum-decibel-md\/","name":"MARMOLEUM DECIBEL MD - Matting","isPartOf":{"@id":"https:\/\/matting.se\/da\/#website"},"primaryImageOfPage":{"@id":"https:\/\/matting.se\/da\/produkt\/marmoleum-decibel-md\/#primaryimage"},"image":{"@id":"https:\/\/matting.se\/da\/produkt\/marmoleum-decibel-md\/#primaryimage"},"thumbnailUrl":"https:\/\/matting.se\/wp-content\/uploads\/2023\/09\/389552_DESKTOP_Marmoleum-decibel_Dove-grey_94x60_side.jpg","datePublished":"2023-09-08T06:56:53+00:00","dateModified":"2023-12-18T11:09:24+00:00","description":"MARMOLEUM DECIBEL MD - Se Mattings h\u00e5llbara koncept och produkter f\u00f6r publika milj\u00f6er, arbetsplatser och skolor.","breadcrumb":{"@id":"https:\/\/matting.se\/da\/produkt\/marmoleum-decibel-md\/#breadcrumb"},"inLanguage":"da-DK","potentialAction":[{"@type":"ReadAction","target":["https:\/\/matting.se\/da\/produkt\/marmoleum-decibel-md\/"]}]},{"@type":"ImageObject","inLanguage":"da-DK","@id":"https:\/\/matting.se\/da\/produkt\/marmoleum-decibel-md\/#primaryimage","url":"https:\/\/matting.se\/wp-content\/uploads\/2023\/09\/389552_DESKTOP_Marmoleum-decibel_Dove-grey_94x60_side.jpg","contentUrl":"https:\/\/matting.se\/wp-content\/uploads\/2023\/09\/389552_DESKTOP_Marmoleum-decibel_Dove-grey_94x60_side.jpg","width":800,"height":800,"caption":"StandUp DESK med lydd\u00e6mpende panel af CO2-neutral Marmoleum Decibel 3.5 linoleum 94x60 cm."},{"@type":"BreadcrumbList","@id":"https:\/\/matting.se\/da\/produkt\/marmoleum-decibel-md\/#breadcrumb","itemListElement":[{"@type":"ListItem","position":1,"name":"Hem","item":"https:\/\/matting.se\/da\/"},{"@type":"ListItem","position":2,"name":"Shop","item":"https:\/\/matting.se\/shop\/"},{"@type":"ListItem","position":3,"name":"Matting Interior","item":"https:\/\/matting.se\/da\/produkt-kategori\/matting-interior-da\/"},{"@type":"ListItem","position":4,"name":"MARMOLEUM DECIBEL MD"}]},{"@type":"WebSite","@id":"https:\/\/matting.se\/da\/#website","url":"https:\/\/matting.se\/da\/","name":"Matting","description":"","potentialAction":[{"@type":"SearchAction","target":{"@type":"EntryPoint","urlTemplate":"https:\/\/matting.se\/da\/?s={search_term_string}"},"query-input":{"@type":"PropertyValueSpecification","valueRequired":true,"valueName":"search_term_string"}}],"inLanguage":"da-DK"}]}},"_links":{"self":[{"href":"https:\/\/matting.se\/da\/wp-json\/wp\/v2\/product\/247688","targetHints":{"allow":["GET"]}}],"collection":[{"href":"https:\/\/matting.se\/da\/wp-json\/wp\/v2\/product"}],"about":[{"href":"https:\/\/matting.se\/da\/wp-json\/wp\/v2\/types\/product"}],"wp:featuredmedia":[{"embeddable":true,"href":"https:\/\/matting.se\/da\/wp-json\/wp\/v2\/media\/244240"}],"wp:attachment":[{"href":"https:\/\/matting.se\/da\/wp-json\/wp\/v2\/media?parent=247688"}],"wp:term":[{"taxonomy":"product_brand","embeddable":true,"href":"https:\/\/matting.se\/da\/wp-json\/wp\/v2\/product_brand?post=247688"},{"taxonomy":"product_cat","embeddable":true,"href":"https:\/\/matting.se\/da\/wp-json\/wp\/v2\/product_cat?post=247688"},{"taxonomy":"product_tag","embeddable":true,"href":"https:\/\/matting.se\/da\/wp-json\/wp\/v2\/product_tag?post=247688"}],"curies":[{"name":"wp","href":"https:\/\/api.w.org\/{rel}","templated":true}]}}