{"id":247609,"date":"2023-08-17T13:34:28","date_gmt":"2023-08-17T12:34:28","guid":{"rendered":"https:\/\/matting.se\/produkt\/hanger-vaegkrog\/"},"modified":"2023-12-18T11:09:27","modified_gmt":"2023-12-18T11:09:27","slug":"hanger-vaegkrog","status":"publish","type":"product","link":"https:\/\/matting.se\/da\/produkt\/hanger-vaegkrog\/","title":{"rendered":"HANGER v\u00e6gkrog"},"content":{"rendered":"<p>S<span class=\"s1\">tandUp HANGER v\u00e6gkrog til stilfuld opbevaring. En krog af h\u00f8j kvalitet til opbevaring p\u00e5 v\u00e6ggen. Med plads til 5-6 st\u00e5m\u00e5tter eller 3-4 bordsk\u00e6rme.<span class=\"Apple-converted-space\"> <\/span><\/span><\/p>\n","protected":false},"excerpt":{"rendered":"<p>StandUp HANGER v\u00e6gkrog til stilfuld opbevaring. En krog af h\u00f8j kvalitet til opbevaring p\u00e5 v\u00e6ggen. Med plads til 5-6 st\u00e5m\u00e5tter eller 3-4 bordsk\u00e6rme.<\/p>\n","protected":false},"featured_media":242233,"template":"","meta":{"_et_pb_use_builder":"","_et_pb_old_content":"","_et_gb_content_width":""},"product_brand":[],"product_cat":[186,228,306],"product_tag":[],"class_list":{"0":"post-247609","1":"product","2":"type-product","3":"status-publish","4":"has-post-thumbnail","6":"product_cat-matting-interior-da","7":"product_cat-opbevaringsmobler-mi","8":"product_cat-hooks-mi-da","10":"first","11":"instock","12":"taxable","13":"shipping-taxable","14":"purchasable","15":"product-type-variable","16":"has-default-attributes"},"yoast_head":"<!-- This site is optimized with the Yoast SEO plugin v25.6 - https:\/\/yoast.com\/wordpress\/plugins\/seo\/ -->\n<title>HANGER v\u00e6gkrog - Matting<\/title>\n<meta name=\"description\" content=\"HANGER v\u00e6gkrog - Se Mattings h\u00e5llbara koncept och produkter f\u00f6r publika milj\u00f6er, arbetsplatser och skolor.\" \/>\n<meta name=\"robots\" content=\"index, follow, max-snippet:-1, max-image-preview:large, max-video-preview:-1\" \/>\n<link rel=\"canonical\" href=\"https:\/\/matting.se\/da\/produkt\/hanger-vaegkrog\/\" \/>\n<meta property=\"og:locale\" content=\"da_DK\" \/>\n<meta property=\"og:type\" content=\"article\" \/>\n<meta property=\"og:title\" content=\"HANGER v\u00e6gkrog - Matting\" \/>\n<meta property=\"og:description\" content=\"HANGER v\u00e6gkrog - Se Mattings h\u00e5llbara koncept och produkter f\u00f6r publika milj\u00f6er, arbetsplatser och skolor.\" \/>\n<meta property=\"og:url\" content=\"https:\/\/matting.se\/da\/produkt\/hanger-vaegkrog\/\" \/>\n<meta property=\"og:site_name\" content=\"Matting\" \/>\n<meta property=\"article:modified_time\" content=\"2023-12-18T11:09:27+00:00\" \/>\n<meta property=\"og:image\" content=\"https:\/\/matting.se\/wp-content\/uploads\/2023\/08\/562007_HANGER_WALLHOOK_black_single_side.jpg\" \/>\n\t<meta property=\"og:image:width\" content=\"800\" \/>\n\t<meta property=\"og:image:height\" content=\"800\" \/>\n\t<meta property=\"og:image:type\" content=\"image\/jpeg\" \/>\n<meta name=\"twitter:card\" content=\"summary_large_image\" \/>\n<script type=\"application\/ld+json\" class=\"yoast-schema-graph\">{\"@context\":\"https:\/\/schema.org\",\"@graph\":[{\"@type\":[\"WebPage\",\"ItemPage\"],\"@id\":\"https:\/\/matting.se\/da\/produkt\/hanger-vaegkrog\/\",\"url\":\"https:\/\/matting.se\/da\/produkt\/hanger-vaegkrog\/\",\"name\":\"HANGER v\u00e6gkrog - Matting\",\"isPartOf\":{\"@id\":\"https:\/\/matting.se\/da\/#website\"},\"primaryImageOfPage\":{\"@id\":\"https:\/\/matting.se\/da\/produkt\/hanger-vaegkrog\/#primaryimage\"},\"image\":{\"@id\":\"https:\/\/matting.se\/da\/produkt\/hanger-vaegkrog\/#primaryimage\"},\"thumbnailUrl\":\"https:\/\/matting.se\/wp-content\/uploads\/2023\/08\/562007_HANGER_WALLHOOK_black_single_side.jpg\",\"datePublished\":\"2023-08-17T12:34:28+00:00\",\"dateModified\":\"2023-12-18T11:09:27+00:00\",\"description\":\"HANGER v\u00e6gkrog - Se Mattings h\u00e5llbara koncept och produkter f\u00f6r publika milj\u00f6er, arbetsplatser och skolor.\",\"breadcrumb\":{\"@id\":\"https:\/\/matting.se\/da\/produkt\/hanger-vaegkrog\/#breadcrumb\"},\"inLanguage\":\"da-DK\",\"potentialAction\":[{\"@type\":\"ReadAction\",\"target\":[\"https:\/\/matting.se\/da\/produkt\/hanger-vaegkrog\/\"]}]},{\"@type\":\"ImageObject\",\"inLanguage\":\"da-DK\",\"@id\":\"https:\/\/matting.se\/da\/produkt\/hanger-vaegkrog\/#primaryimage\",\"url\":\"https:\/\/matting.se\/wp-content\/uploads\/2023\/08\/562007_HANGER_WALLHOOK_black_single_side.jpg\",\"contentUrl\":\"https:\/\/matting.se\/wp-content\/uploads\/2023\/08\/562007_HANGER_WALLHOOK_black_single_side.jpg\",\"width\":800,\"height\":800,\"caption\":\"StandUp HANGER-v\u00e6gkrog til stilfuld opbevaring.\"},{\"@type\":\"BreadcrumbList\",\"@id\":\"https:\/\/matting.se\/da\/produkt\/hanger-vaegkrog\/#breadcrumb\",\"itemListElement\":[{\"@type\":\"ListItem\",\"position\":1,\"name\":\"Hem\",\"item\":\"https:\/\/matting.se\/da\/\"},{\"@type\":\"ListItem\",\"position\":2,\"name\":\"Shop\",\"item\":\"https:\/\/matting.se\/shop\/\"},{\"@type\":\"ListItem\",\"position\":3,\"name\":\"Matting Interior\",\"item\":\"https:\/\/matting.se\/da\/produkt-kategori\/matting-interior-da\/\"},{\"@type\":\"ListItem\",\"position\":4,\"name\":\"HANGER v\u00e6gkrog\"}]},{\"@type\":\"WebSite\",\"@id\":\"https:\/\/matting.se\/da\/#website\",\"url\":\"https:\/\/matting.se\/da\/\",\"name\":\"Matting\",\"description\":\"\",\"potentialAction\":[{\"@type\":\"SearchAction\",\"target\":{\"@type\":\"EntryPoint\",\"urlTemplate\":\"https:\/\/matting.se\/da\/?s={search_term_string}\"},\"query-input\":{\"@type\":\"PropertyValueSpecification\",\"valueRequired\":true,\"valueName\":\"search_term_string\"}}],\"inLanguage\":\"da-DK\"}]}<\/script>\n<!-- \/ Yoast SEO plugin. -->","yoast_head_json":{"title":"HANGER v\u00e6gkrog - Matting","description":"HANGER v\u00e6gkrog - Se Mattings h\u00e5llbara koncept och produkter f\u00f6r publika milj\u00f6er, arbetsplatser och skolor.","robots":{"index":"index","follow":"follow","max-snippet":"max-snippet:-1","max-image-preview":"max-image-preview:large","max-video-preview":"max-video-preview:-1"},"canonical":"https:\/\/matting.se\/da\/produkt\/hanger-vaegkrog\/","og_locale":"da_DK","og_type":"article","og_title":"HANGER v\u00e6gkrog - Matting","og_description":"HANGER v\u00e6gkrog - Se Mattings h\u00e5llbara koncept och produkter f\u00f6r publika milj\u00f6er, arbetsplatser och skolor.","og_url":"https:\/\/matting.se\/da\/produkt\/hanger-vaegkrog\/","og_site_name":"Matting","article_modified_time":"2023-12-18T11:09:27+00:00","og_image":[{"width":800,"height":800,"url":"https:\/\/matting.se\/wp-content\/uploads\/2023\/08\/562007_HANGER_WALLHOOK_black_single_side.jpg","type":"image\/jpeg"}],"twitter_card":"summary_large_image","schema":{"@context":"https:\/\/schema.org","@graph":[{"@type":["WebPage","ItemPage"],"@id":"https:\/\/matting.se\/da\/produkt\/hanger-vaegkrog\/","url":"https:\/\/matting.se\/da\/produkt\/hanger-vaegkrog\/","name":"HANGER v\u00e6gkrog - Matting","isPartOf":{"@id":"https:\/\/matting.se\/da\/#website"},"primaryImageOfPage":{"@id":"https:\/\/matting.se\/da\/produkt\/hanger-vaegkrog\/#primaryimage"},"image":{"@id":"https:\/\/matting.se\/da\/produkt\/hanger-vaegkrog\/#primaryimage"},"thumbnailUrl":"https:\/\/matting.se\/wp-content\/uploads\/2023\/08\/562007_HANGER_WALLHOOK_black_single_side.jpg","datePublished":"2023-08-17T12:34:28+00:00","dateModified":"2023-12-18T11:09:27+00:00","description":"HANGER v\u00e6gkrog - Se Mattings h\u00e5llbara koncept och produkter f\u00f6r publika milj\u00f6er, arbetsplatser och skolor.","breadcrumb":{"@id":"https:\/\/matting.se\/da\/produkt\/hanger-vaegkrog\/#breadcrumb"},"inLanguage":"da-DK","potentialAction":[{"@type":"ReadAction","target":["https:\/\/matting.se\/da\/produkt\/hanger-vaegkrog\/"]}]},{"@type":"ImageObject","inLanguage":"da-DK","@id":"https:\/\/matting.se\/da\/produkt\/hanger-vaegkrog\/#primaryimage","url":"https:\/\/matting.se\/wp-content\/uploads\/2023\/08\/562007_HANGER_WALLHOOK_black_single_side.jpg","contentUrl":"https:\/\/matting.se\/wp-content\/uploads\/2023\/08\/562007_HANGER_WALLHOOK_black_single_side.jpg","width":800,"height":800,"caption":"StandUp HANGER-v\u00e6gkrog til stilfuld opbevaring."},{"@type":"BreadcrumbList","@id":"https:\/\/matting.se\/da\/produkt\/hanger-vaegkrog\/#breadcrumb","itemListElement":[{"@type":"ListItem","position":1,"name":"Hem","item":"https:\/\/matting.se\/da\/"},{"@type":"ListItem","position":2,"name":"Shop","item":"https:\/\/matting.se\/shop\/"},{"@type":"ListItem","position":3,"name":"Matting Interior","item":"https:\/\/matting.se\/da\/produkt-kategori\/matting-interior-da\/"},{"@type":"ListItem","position":4,"name":"HANGER v\u00e6gkrog"}]},{"@type":"WebSite","@id":"https:\/\/matting.se\/da\/#website","url":"https:\/\/matting.se\/da\/","name":"Matting","description":"","potentialAction":[{"@type":"SearchAction","target":{"@type":"EntryPoint","urlTemplate":"https:\/\/matting.se\/da\/?s={search_term_string}"},"query-input":{"@type":"PropertyValueSpecification","valueRequired":true,"valueName":"search_term_string"}}],"inLanguage":"da-DK"}]}},"_links":{"self":[{"href":"https:\/\/matting.se\/da\/wp-json\/wp\/v2\/product\/247609","targetHints":{"allow":["GET"]}}],"collection":[{"href":"https:\/\/matting.se\/da\/wp-json\/wp\/v2\/product"}],"about":[{"href":"https:\/\/matting.se\/da\/wp-json\/wp\/v2\/types\/product"}],"wp:featuredmedia":[{"embeddable":true,"href":"https:\/\/matting.se\/da\/wp-json\/wp\/v2\/media\/242233"}],"wp:attachment":[{"href":"https:\/\/matting.se\/da\/wp-json\/wp\/v2\/media?parent=247609"}],"wp:term":[{"taxonomy":"product_brand","embeddable":true,"href":"https:\/\/matting.se\/da\/wp-json\/wp\/v2\/product_brand?post=247609"},{"taxonomy":"product_cat","embeddable":true,"href":"https:\/\/matting.se\/da\/wp-json\/wp\/v2\/product_cat?post=247609"},{"taxonomy":"product_tag","embeddable":true,"href":"https:\/\/matting.se\/da\/wp-json\/wp\/v2\/product_tag?post=247609"}],"curies":[{"name":"wp","href":"https:\/\/api.w.org\/{rel}","templated":true}]}}