{"id":247521,"date":"2023-09-07T04:54:00","date_gmt":"2023-09-07T04:54:00","guid":{"rendered":"https:\/\/matting.se\/produkt\/desktop-laminatplade-lm\/"},"modified":"2023-12-18T11:09:25","modified_gmt":"2023-12-18T11:09:25","slug":"desktop-laminatplade-lm","status":"publish","type":"product","link":"https:\/\/matting.se\/da\/produkt\/desktop-laminatplade-lm\/","title":{"rendered":"DESKTOP-laminatplade (LM)"},"content":{"rendered":"<p>DESKTOP-laminatbordpladen f\u00e5s i tre forskellige st\u00f8rrelser, der er skr\u00e6ddersyet til vores StandUp DESK-stativer 700, 900 og 1200. Pladens overflade er lavet af laminat med en kerne af 100% genanvendt sp\u00e5nplade, og pladen har lige kanter.<\/p>\n<ul>\n<li>St\u00f8rrelsen 700 x 600 mm passer til DESK stand 700.<\/li>\n<li>St\u00f8rrelsen 940 x 600 mm passer til DESK-stativet 900<\/li>\n<li>St\u00f8rrelsen 1200 x 800 mm passer til DESK stativ 1200.<\/li>\n<\/ul>\n<p>V\u00e6lg en disk og et matchende stativ til et komplet bord.<\/p>\n<p>DESKTOP-diske f\u00e5s i flere varianter i forskellige st\u00f8rrelser. Pladerne har en kerne af 100% genanvendt sp\u00e5nplade eller mdf og forskellige overfladelag, de f\u00e5s med eller uden lydisolering.<\/p>\n<p>Vores skiver f\u00e5s med afrundede eller lige hj\u00f8rner.<\/p>\n","protected":false},"excerpt":{"rendered":"<p>DESKTOP-laminatbordpladen f\u00e5s i tre forskellige st\u00f8rrelser, der er skr\u00e6ddersyet til vores StandUp DESK-stativer 700, 900 og 1200. Pladens overflade er lavet af laminat med en kerne af 100% genanvendt sp\u00e5nplade, og pladen har lige kanter. St\u00f8rrelsen 700 x 600 mm passer til DESK stand 700. St\u00f8rrelsen 940 x 600 mm passer til DESK-stativet 900 St\u00f8rrelsen [&hellip;]<\/p>\n","protected":false},"featured_media":243865,"template":"","meta":{"_et_pb_use_builder":"","_et_pb_old_content":"","_et_gb_content_width":""},"product_brand":[],"product_cat":[186,187,303],"product_tag":[],"class_list":{"0":"post-247521","1":"product","2":"type-product","3":"status-publish","4":"has-post-thumbnail","6":"product_cat-matting-interior-da","7":"product_cat-borde-og-tilbehor-mi","8":"product_cat-bordplader-mi","10":"first","11":"instock","12":"taxable","13":"shipping-taxable","14":"purchasable","15":"product-type-variable","16":"has-default-attributes"},"yoast_head":"<!-- This site is optimized with the Yoast SEO plugin v25.6 - https:\/\/yoast.com\/wordpress\/plugins\/seo\/ -->\n<title>DESKTOP-laminatplade (LM) - Matting<\/title>\n<meta name=\"description\" content=\"DESKTOP-laminatplade (LM) - Se Mattings h\u00e5llbara koncept och produkter f\u00f6r publika milj\u00f6er, arbetsplatser och skolor.\" \/>\n<meta name=\"robots\" content=\"index, follow, max-snippet:-1, max-image-preview:large, max-video-preview:-1\" \/>\n<link rel=\"canonical\" href=\"https:\/\/matting.se\/da\/produkt\/desktop-laminatplade-lm\/\" \/>\n<meta property=\"og:locale\" content=\"da_DK\" \/>\n<meta property=\"og:type\" content=\"article\" \/>\n<meta property=\"og:title\" content=\"DESKTOP-laminatplade (LM) - Matting\" \/>\n<meta property=\"og:description\" content=\"DESKTOP-laminatplade (LM) - Se Mattings h\u00e5llbara koncept och produkter f\u00f6r publika milj\u00f6er, arbetsplatser och skolor.\" \/>\n<meta property=\"og:url\" content=\"https:\/\/matting.se\/da\/produkt\/desktop-laminatplade-lm\/\" \/>\n<meta property=\"og:site_name\" content=\"Matting\" \/>\n<meta property=\"article:modified_time\" content=\"2023-12-18T11:09:25+00:00\" \/>\n<meta property=\"og:image\" content=\"https:\/\/matting.se\/wp-content\/uploads\/2023\/08\/385040_DESKTOP_laminate_light-grey_70x60_side.jpg\" \/>\n\t<meta property=\"og:image:width\" content=\"800\" \/>\n\t<meta property=\"og:image:height\" content=\"800\" \/>\n\t<meta property=\"og:image:type\" content=\"image\/jpeg\" \/>\n<meta name=\"twitter:card\" content=\"summary_large_image\" \/>\n<meta name=\"twitter:label1\" content=\"Estimeret l\u00e6setid\" \/>\n\t<meta name=\"twitter:data1\" content=\"1 minut\" \/>\n<script type=\"application\/ld+json\" class=\"yoast-schema-graph\">{\"@context\":\"https:\/\/schema.org\",\"@graph\":[{\"@type\":[\"WebPage\",\"ItemPage\"],\"@id\":\"https:\/\/matting.se\/da\/produkt\/desktop-laminatplade-lm\/\",\"url\":\"https:\/\/matting.se\/da\/produkt\/desktop-laminatplade-lm\/\",\"name\":\"DESKTOP-laminatplade (LM) - Matting\",\"isPartOf\":{\"@id\":\"https:\/\/matting.se\/da\/#website\"},\"primaryImageOfPage\":{\"@id\":\"https:\/\/matting.se\/da\/produkt\/desktop-laminatplade-lm\/#primaryimage\"},\"image\":{\"@id\":\"https:\/\/matting.se\/da\/produkt\/desktop-laminatplade-lm\/#primaryimage\"},\"thumbnailUrl\":\"https:\/\/matting.se\/wp-content\/uploads\/2023\/08\/385040_DESKTOP_laminate_light-grey_70x60_side.jpg\",\"datePublished\":\"2023-09-07T04:54:00+00:00\",\"dateModified\":\"2023-12-18T11:09:25+00:00\",\"description\":\"DESKTOP-laminatplade (LM) - Se Mattings h\u00e5llbara koncept och produkter f\u00f6r publika milj\u00f6er, arbetsplatser och skolor.\",\"breadcrumb\":{\"@id\":\"https:\/\/matting.se\/da\/produkt\/desktop-laminatplade-lm\/#breadcrumb\"},\"inLanguage\":\"da-DK\",\"potentialAction\":[{\"@type\":\"ReadAction\",\"target\":[\"https:\/\/matting.se\/da\/produkt\/desktop-laminatplade-lm\/\"]}]},{\"@type\":\"ImageObject\",\"inLanguage\":\"da-DK\",\"@id\":\"https:\/\/matting.se\/da\/produkt\/desktop-laminatplade-lm\/#primaryimage\",\"url\":\"https:\/\/matting.se\/wp-content\/uploads\/2023\/08\/385040_DESKTOP_laminate_light-grey_70x60_side.jpg\",\"contentUrl\":\"https:\/\/matting.se\/wp-content\/uploads\/2023\/08\/385040_DESKTOP_laminate_light-grey_70x60_side.jpg\",\"width\":800,\"height\":800,\"caption\":\"StandUp DESK med DESKTOP laminat lysegr\u00e5 70x60 cm.\"},{\"@type\":\"BreadcrumbList\",\"@id\":\"https:\/\/matting.se\/da\/produkt\/desktop-laminatplade-lm\/#breadcrumb\",\"itemListElement\":[{\"@type\":\"ListItem\",\"position\":1,\"name\":\"Hem\",\"item\":\"https:\/\/matting.se\/da\/\"},{\"@type\":\"ListItem\",\"position\":2,\"name\":\"Shop\",\"item\":\"https:\/\/matting.se\/shop\/\"},{\"@type\":\"ListItem\",\"position\":3,\"name\":\"Matting Interior\",\"item\":\"https:\/\/matting.se\/da\/produkt-kategori\/matting-interior-da\/\"},{\"@type\":\"ListItem\",\"position\":4,\"name\":\"DESKTOP-laminatplade (LM)\"}]},{\"@type\":\"WebSite\",\"@id\":\"https:\/\/matting.se\/da\/#website\",\"url\":\"https:\/\/matting.se\/da\/\",\"name\":\"Matting\",\"description\":\"\",\"potentialAction\":[{\"@type\":\"SearchAction\",\"target\":{\"@type\":\"EntryPoint\",\"urlTemplate\":\"https:\/\/matting.se\/da\/?s={search_term_string}\"},\"query-input\":{\"@type\":\"PropertyValueSpecification\",\"valueRequired\":true,\"valueName\":\"search_term_string\"}}],\"inLanguage\":\"da-DK\"}]}<\/script>\n<!-- \/ Yoast SEO plugin. -->","yoast_head_json":{"title":"DESKTOP-laminatplade (LM) - Matting","description":"DESKTOP-laminatplade (LM) - Se Mattings h\u00e5llbara koncept och produkter f\u00f6r publika milj\u00f6er, arbetsplatser och skolor.","robots":{"index":"index","follow":"follow","max-snippet":"max-snippet:-1","max-image-preview":"max-image-preview:large","max-video-preview":"max-video-preview:-1"},"canonical":"https:\/\/matting.se\/da\/produkt\/desktop-laminatplade-lm\/","og_locale":"da_DK","og_type":"article","og_title":"DESKTOP-laminatplade (LM) - Matting","og_description":"DESKTOP-laminatplade (LM) - Se Mattings h\u00e5llbara koncept och produkter f\u00f6r publika milj\u00f6er, arbetsplatser och skolor.","og_url":"https:\/\/matting.se\/da\/produkt\/desktop-laminatplade-lm\/","og_site_name":"Matting","article_modified_time":"2023-12-18T11:09:25+00:00","og_image":[{"width":800,"height":800,"url":"https:\/\/matting.se\/wp-content\/uploads\/2023\/08\/385040_DESKTOP_laminate_light-grey_70x60_side.jpg","type":"image\/jpeg"}],"twitter_card":"summary_large_image","twitter_misc":{"Estimeret l\u00e6setid":"1 minut"},"schema":{"@context":"https:\/\/schema.org","@graph":[{"@type":["WebPage","ItemPage"],"@id":"https:\/\/matting.se\/da\/produkt\/desktop-laminatplade-lm\/","url":"https:\/\/matting.se\/da\/produkt\/desktop-laminatplade-lm\/","name":"DESKTOP-laminatplade (LM) - Matting","isPartOf":{"@id":"https:\/\/matting.se\/da\/#website"},"primaryImageOfPage":{"@id":"https:\/\/matting.se\/da\/produkt\/desktop-laminatplade-lm\/#primaryimage"},"image":{"@id":"https:\/\/matting.se\/da\/produkt\/desktop-laminatplade-lm\/#primaryimage"},"thumbnailUrl":"https:\/\/matting.se\/wp-content\/uploads\/2023\/08\/385040_DESKTOP_laminate_light-grey_70x60_side.jpg","datePublished":"2023-09-07T04:54:00+00:00","dateModified":"2023-12-18T11:09:25+00:00","description":"DESKTOP-laminatplade (LM) - Se Mattings h\u00e5llbara koncept och produkter f\u00f6r publika milj\u00f6er, arbetsplatser och skolor.","breadcrumb":{"@id":"https:\/\/matting.se\/da\/produkt\/desktop-laminatplade-lm\/#breadcrumb"},"inLanguage":"da-DK","potentialAction":[{"@type":"ReadAction","target":["https:\/\/matting.se\/da\/produkt\/desktop-laminatplade-lm\/"]}]},{"@type":"ImageObject","inLanguage":"da-DK","@id":"https:\/\/matting.se\/da\/produkt\/desktop-laminatplade-lm\/#primaryimage","url":"https:\/\/matting.se\/wp-content\/uploads\/2023\/08\/385040_DESKTOP_laminate_light-grey_70x60_side.jpg","contentUrl":"https:\/\/matting.se\/wp-content\/uploads\/2023\/08\/385040_DESKTOP_laminate_light-grey_70x60_side.jpg","width":800,"height":800,"caption":"StandUp DESK med DESKTOP laminat lysegr\u00e5 70x60 cm."},{"@type":"BreadcrumbList","@id":"https:\/\/matting.se\/da\/produkt\/desktop-laminatplade-lm\/#breadcrumb","itemListElement":[{"@type":"ListItem","position":1,"name":"Hem","item":"https:\/\/matting.se\/da\/"},{"@type":"ListItem","position":2,"name":"Shop","item":"https:\/\/matting.se\/shop\/"},{"@type":"ListItem","position":3,"name":"Matting Interior","item":"https:\/\/matting.se\/da\/produkt-kategori\/matting-interior-da\/"},{"@type":"ListItem","position":4,"name":"DESKTOP-laminatplade (LM)"}]},{"@type":"WebSite","@id":"https:\/\/matting.se\/da\/#website","url":"https:\/\/matting.se\/da\/","name":"Matting","description":"","potentialAction":[{"@type":"SearchAction","target":{"@type":"EntryPoint","urlTemplate":"https:\/\/matting.se\/da\/?s={search_term_string}"},"query-input":{"@type":"PropertyValueSpecification","valueRequired":true,"valueName":"search_term_string"}}],"inLanguage":"da-DK"}]}},"_links":{"self":[{"href":"https:\/\/matting.se\/da\/wp-json\/wp\/v2\/product\/247521","targetHints":{"allow":["GET"]}}],"collection":[{"href":"https:\/\/matting.se\/da\/wp-json\/wp\/v2\/product"}],"about":[{"href":"https:\/\/matting.se\/da\/wp-json\/wp\/v2\/types\/product"}],"wp:featuredmedia":[{"embeddable":true,"href":"https:\/\/matting.se\/da\/wp-json\/wp\/v2\/media\/243865"}],"wp:attachment":[{"href":"https:\/\/matting.se\/da\/wp-json\/wp\/v2\/media?parent=247521"}],"wp:term":[{"taxonomy":"product_brand","embeddable":true,"href":"https:\/\/matting.se\/da\/wp-json\/wp\/v2\/product_brand?post=247521"},{"taxonomy":"product_cat","embeddable":true,"href":"https:\/\/matting.se\/da\/wp-json\/wp\/v2\/product_cat?post=247521"},{"taxonomy":"product_tag","embeddable":true,"href":"https:\/\/matting.se\/da\/wp-json\/wp\/v2\/product_tag?post=247521"}],"curies":[{"name":"wp","href":"https:\/\/api.w.org\/{rel}","templated":true}]}}