{"id":247400,"date":"2023-08-17T13:34:24","date_gmt":"2023-08-17T13:34:24","guid":{"rendered":"https:\/\/matting.se\/produkt\/yoga-fashion-nitril-arbejdspladsmaatte\/"},"modified":"2023-12-18T11:09:29","modified_gmt":"2023-12-18T11:09:29","slug":"yoga-fashion-nitril-arbejdspladsmaatte","status":"publish","type":"product","link":"https:\/\/matting.se\/da\/produkt\/yoga-fashion-nitril-arbejdspladsmaatte\/","title":{"rendered":"YOGA FASHION NITRIL arbejdspladsm\u00e5tte"},"content":{"rendered":"<p class=\"p1\"><span class=\"s1\">YOGA FASHION NITRIL er en aflastende st\u00e5m\u00e5tte med et slidst\u00e6rkt overfladelag af nitrilgummi. T\u00e6ppet er let og nemt at l\u00e6gge v\u00e6k. Overfladelaget kan modst\u00e5 skarpe h\u00e6le. Yoga Fashion Nitril er elektrisk ledende.<\/span><\/p>\n","protected":false},"excerpt":{"rendered":"<p>YOGA FASHION NITRIL er en aflastende st\u00e5m\u00e5tte med et slidst\u00e6rkt overfladelag af nitrilgummi. T\u00e6ppet er let og nemt at l\u00e6gge v\u00e6k. Overfladelaget kan modst\u00e5 skarpe h\u00e6le. Yoga Fashion Nitril er elektrisk ledende.<\/p>\n","protected":false},"featured_media":242821,"template":"","meta":{"_et_pb_use_builder":"","_et_pb_old_content":"","_et_gb_content_width":""},"product_brand":[],"product_cat":[296,186,201,203],"product_tag":[],"class_list":{"0":"post-247400","1":"product","2":"type-product","3":"status-publish","4":"has-post-thumbnail","6":"product_cat-matter-til-arbejdspladsen","7":"product_cat-matting-interior-da","8":"product_cat-stamatter-og-balancebraetter-mi","9":"product_cat-stamatter-mi","11":"first","12":"instock","13":"taxable","14":"shipping-taxable","15":"purchasable","16":"product-type-variable","17":"has-default-attributes"},"yoast_head":"<!-- This site is optimized with the Yoast SEO plugin v25.6 - https:\/\/yoast.com\/wordpress\/plugins\/seo\/ -->\n<title>YOGA FASHION NITRIL arbejdspladsm\u00e5tte - Matting<\/title>\n<meta name=\"description\" content=\"YOGA FASHION NITRIL arbejdspladsm\u00e5tte - Se Mattings h\u00e5llbara koncept och produkter f\u00f6r publika milj\u00f6er, arbetsplatser och skolor.\" \/>\n<meta name=\"robots\" content=\"index, follow, max-snippet:-1, max-image-preview:large, max-video-preview:-1\" \/>\n<link rel=\"canonical\" href=\"https:\/\/matting.se\/da\/produkt\/yoga-fashion-nitril-arbejdspladsmaatte\/\" \/>\n<meta property=\"og:locale\" content=\"da_DK\" \/>\n<meta property=\"og:type\" content=\"article\" \/>\n<meta property=\"og:title\" content=\"YOGA FASHION NITRIL arbejdspladsm\u00e5tte - Matting\" \/>\n<meta property=\"og:description\" content=\"YOGA FASHION NITRIL arbejdspladsm\u00e5tte - Se Mattings h\u00e5llbara koncept och produkter f\u00f6r publika milj\u00f6er, arbetsplatser och skolor.\" \/>\n<meta property=\"og:url\" content=\"https:\/\/matting.se\/da\/produkt\/yoga-fashion-nitril-arbejdspladsmaatte\/\" \/>\n<meta property=\"og:site_name\" content=\"Matting\" \/>\n<meta property=\"article:modified_time\" content=\"2023-12-18T11:09:29+00:00\" \/>\n<meta property=\"og:image\" content=\"https:\/\/matting.se\/wp-content\/uploads\/2023\/08\/381970_YOGA-FASHION-NITRIL_mat_81x58cm_top.jpg\" \/>\n\t<meta property=\"og:image:width\" content=\"800\" \/>\n\t<meta property=\"og:image:height\" content=\"800\" \/>\n\t<meta property=\"og:image:type\" content=\"image\/jpeg\" \/>\n<meta name=\"twitter:card\" content=\"summary_large_image\" \/>\n<script type=\"application\/ld+json\" class=\"yoast-schema-graph\">{\"@context\":\"https:\/\/schema.org\",\"@graph\":[{\"@type\":[\"WebPage\",\"ItemPage\"],\"@id\":\"https:\/\/matting.se\/da\/produkt\/yoga-fashion-nitril-arbejdspladsmaatte\/\",\"url\":\"https:\/\/matting.se\/da\/produkt\/yoga-fashion-nitril-arbejdspladsmaatte\/\",\"name\":\"YOGA FASHION NITRIL arbejdspladsm\u00e5tte - Matting\",\"isPartOf\":{\"@id\":\"https:\/\/matting.se\/da\/#website\"},\"primaryImageOfPage\":{\"@id\":\"https:\/\/matting.se\/da\/produkt\/yoga-fashion-nitril-arbejdspladsmaatte\/#primaryimage\"},\"image\":{\"@id\":\"https:\/\/matting.se\/da\/produkt\/yoga-fashion-nitril-arbejdspladsmaatte\/#primaryimage\"},\"thumbnailUrl\":\"https:\/\/matting.se\/wp-content\/uploads\/2023\/08\/381970_YOGA-FASHION-NITRIL_mat_81x58cm_top.jpg\",\"datePublished\":\"2023-08-17T13:34:24+00:00\",\"dateModified\":\"2023-12-18T11:09:29+00:00\",\"description\":\"YOGA FASHION NITRIL arbejdspladsm\u00e5tte - Se Mattings h\u00e5llbara koncept och produkter f\u00f6r publika milj\u00f6er, arbetsplatser och skolor.\",\"breadcrumb\":{\"@id\":\"https:\/\/matting.se\/da\/produkt\/yoga-fashion-nitril-arbejdspladsmaatte\/#breadcrumb\"},\"inLanguage\":\"da-DK\",\"potentialAction\":[{\"@type\":\"ReadAction\",\"target\":[\"https:\/\/matting.se\/da\/produkt\/yoga-fashion-nitril-arbejdspladsmaatte\/\"]}]},{\"@type\":\"ImageObject\",\"inLanguage\":\"da-DK\",\"@id\":\"https:\/\/matting.se\/da\/produkt\/yoga-fashion-nitril-arbejdspladsmaatte\/#primaryimage\",\"url\":\"https:\/\/matting.se\/wp-content\/uploads\/2023\/08\/381970_YOGA-FASHION-NITRIL_mat_81x58cm_top.jpg\",\"contentUrl\":\"https:\/\/matting.se\/wp-content\/uploads\/2023\/08\/381970_YOGA-FASHION-NITRIL_mat_81x58cm_top.jpg\",\"width\":800,\"height\":800,\"caption\":\"YOGA FASHION NITRIL er en aflastende st\u00e5m\u00e5tte med et slidst\u00e6rkt overfladelag af nitrilgummi.\"},{\"@type\":\"BreadcrumbList\",\"@id\":\"https:\/\/matting.se\/da\/produkt\/yoga-fashion-nitril-arbejdspladsmaatte\/#breadcrumb\",\"itemListElement\":[{\"@type\":\"ListItem\",\"position\":1,\"name\":\"Hem\",\"item\":\"https:\/\/matting.se\/da\/\"},{\"@type\":\"ListItem\",\"position\":2,\"name\":\"Shop\",\"item\":\"https:\/\/matting.se\/shop\/\"},{\"@type\":\"ListItem\",\"position\":3,\"name\":\"Arbetsplatsmattor\",\"item\":\"https:\/\/matting.se\/produkt-kategori\/arbetsplatsmattor\/\"},{\"@type\":\"ListItem\",\"position\":4,\"name\":\"M\u00e5tter til arbejdspladsen\",\"item\":\"https:\/\/matting.se\/da\/produkt-kategori\/matter-til-arbejdspladsen\/\"},{\"@type\":\"ListItem\",\"position\":5,\"name\":\"YOGA FASHION NITRIL arbejdspladsm\u00e5tte\"}]},{\"@type\":\"WebSite\",\"@id\":\"https:\/\/matting.se\/da\/#website\",\"url\":\"https:\/\/matting.se\/da\/\",\"name\":\"Matting\",\"description\":\"\",\"potentialAction\":[{\"@type\":\"SearchAction\",\"target\":{\"@type\":\"EntryPoint\",\"urlTemplate\":\"https:\/\/matting.se\/da\/?s={search_term_string}\"},\"query-input\":{\"@type\":\"PropertyValueSpecification\",\"valueRequired\":true,\"valueName\":\"search_term_string\"}}],\"inLanguage\":\"da-DK\"}]}<\/script>\n<!-- \/ Yoast SEO plugin. -->","yoast_head_json":{"title":"YOGA FASHION NITRIL arbejdspladsm\u00e5tte - Matting","description":"YOGA FASHION NITRIL arbejdspladsm\u00e5tte - Se Mattings h\u00e5llbara koncept och produkter f\u00f6r publika milj\u00f6er, arbetsplatser och skolor.","robots":{"index":"index","follow":"follow","max-snippet":"max-snippet:-1","max-image-preview":"max-image-preview:large","max-video-preview":"max-video-preview:-1"},"canonical":"https:\/\/matting.se\/da\/produkt\/yoga-fashion-nitril-arbejdspladsmaatte\/","og_locale":"da_DK","og_type":"article","og_title":"YOGA FASHION NITRIL arbejdspladsm\u00e5tte - Matting","og_description":"YOGA FASHION NITRIL arbejdspladsm\u00e5tte - Se Mattings h\u00e5llbara koncept och produkter f\u00f6r publika milj\u00f6er, arbetsplatser och skolor.","og_url":"https:\/\/matting.se\/da\/produkt\/yoga-fashion-nitril-arbejdspladsmaatte\/","og_site_name":"Matting","article_modified_time":"2023-12-18T11:09:29+00:00","og_image":[{"width":800,"height":800,"url":"https:\/\/matting.se\/wp-content\/uploads\/2023\/08\/381970_YOGA-FASHION-NITRIL_mat_81x58cm_top.jpg","type":"image\/jpeg"}],"twitter_card":"summary_large_image","schema":{"@context":"https:\/\/schema.org","@graph":[{"@type":["WebPage","ItemPage"],"@id":"https:\/\/matting.se\/da\/produkt\/yoga-fashion-nitril-arbejdspladsmaatte\/","url":"https:\/\/matting.se\/da\/produkt\/yoga-fashion-nitril-arbejdspladsmaatte\/","name":"YOGA FASHION NITRIL arbejdspladsm\u00e5tte - Matting","isPartOf":{"@id":"https:\/\/matting.se\/da\/#website"},"primaryImageOfPage":{"@id":"https:\/\/matting.se\/da\/produkt\/yoga-fashion-nitril-arbejdspladsmaatte\/#primaryimage"},"image":{"@id":"https:\/\/matting.se\/da\/produkt\/yoga-fashion-nitril-arbejdspladsmaatte\/#primaryimage"},"thumbnailUrl":"https:\/\/matting.se\/wp-content\/uploads\/2023\/08\/381970_YOGA-FASHION-NITRIL_mat_81x58cm_top.jpg","datePublished":"2023-08-17T13:34:24+00:00","dateModified":"2023-12-18T11:09:29+00:00","description":"YOGA FASHION NITRIL arbejdspladsm\u00e5tte - Se Mattings h\u00e5llbara koncept och produkter f\u00f6r publika milj\u00f6er, arbetsplatser och skolor.","breadcrumb":{"@id":"https:\/\/matting.se\/da\/produkt\/yoga-fashion-nitril-arbejdspladsmaatte\/#breadcrumb"},"inLanguage":"da-DK","potentialAction":[{"@type":"ReadAction","target":["https:\/\/matting.se\/da\/produkt\/yoga-fashion-nitril-arbejdspladsmaatte\/"]}]},{"@type":"ImageObject","inLanguage":"da-DK","@id":"https:\/\/matting.se\/da\/produkt\/yoga-fashion-nitril-arbejdspladsmaatte\/#primaryimage","url":"https:\/\/matting.se\/wp-content\/uploads\/2023\/08\/381970_YOGA-FASHION-NITRIL_mat_81x58cm_top.jpg","contentUrl":"https:\/\/matting.se\/wp-content\/uploads\/2023\/08\/381970_YOGA-FASHION-NITRIL_mat_81x58cm_top.jpg","width":800,"height":800,"caption":"YOGA FASHION NITRIL er en aflastende st\u00e5m\u00e5tte med et slidst\u00e6rkt overfladelag af nitrilgummi."},{"@type":"BreadcrumbList","@id":"https:\/\/matting.se\/da\/produkt\/yoga-fashion-nitril-arbejdspladsmaatte\/#breadcrumb","itemListElement":[{"@type":"ListItem","position":1,"name":"Hem","item":"https:\/\/matting.se\/da\/"},{"@type":"ListItem","position":2,"name":"Shop","item":"https:\/\/matting.se\/shop\/"},{"@type":"ListItem","position":3,"name":"Arbetsplatsmattor","item":"https:\/\/matting.se\/produkt-kategori\/arbetsplatsmattor\/"},{"@type":"ListItem","position":4,"name":"M\u00e5tter til arbejdspladsen","item":"https:\/\/matting.se\/da\/produkt-kategori\/matter-til-arbejdspladsen\/"},{"@type":"ListItem","position":5,"name":"YOGA FASHION NITRIL arbejdspladsm\u00e5tte"}]},{"@type":"WebSite","@id":"https:\/\/matting.se\/da\/#website","url":"https:\/\/matting.se\/da\/","name":"Matting","description":"","potentialAction":[{"@type":"SearchAction","target":{"@type":"EntryPoint","urlTemplate":"https:\/\/matting.se\/da\/?s={search_term_string}"},"query-input":{"@type":"PropertyValueSpecification","valueRequired":true,"valueName":"search_term_string"}}],"inLanguage":"da-DK"}]}},"_links":{"self":[{"href":"https:\/\/matting.se\/da\/wp-json\/wp\/v2\/product\/247400","targetHints":{"allow":["GET"]}}],"collection":[{"href":"https:\/\/matting.se\/da\/wp-json\/wp\/v2\/product"}],"about":[{"href":"https:\/\/matting.se\/da\/wp-json\/wp\/v2\/types\/product"}],"wp:featuredmedia":[{"embeddable":true,"href":"https:\/\/matting.se\/da\/wp-json\/wp\/v2\/media\/242821"}],"wp:attachment":[{"href":"https:\/\/matting.se\/da\/wp-json\/wp\/v2\/media?parent=247400"}],"wp:term":[{"taxonomy":"product_brand","embeddable":true,"href":"https:\/\/matting.se\/da\/wp-json\/wp\/v2\/product_brand?post=247400"},{"taxonomy":"product_cat","embeddable":true,"href":"https:\/\/matting.se\/da\/wp-json\/wp\/v2\/product_cat?post=247400"},{"taxonomy":"product_tag","embeddable":true,"href":"https:\/\/matting.se\/da\/wp-json\/wp\/v2\/product_tag?post=247400"}],"curies":[{"name":"wp","href":"https:\/\/api.w.org\/{rel}","templated":true}]}}