{"id":247398,"date":"2023-08-17T13:34:27","date_gmt":"2023-08-17T12:34:27","guid":{"rendered":"https:\/\/matting.se\/produkt\/air-staamaatte\/"},"modified":"2024-02-02T10:49:11","modified_gmt":"2024-02-02T09:49:11","slug":"air-staamaatte","status":"publish","type":"product","link":"https:\/\/matting.se\/da\/produkt\/air-staamaatte\/","title":{"rendered":"AIR st\u00e5m\u00e5tte"},"content":{"rendered":"<p>StandUp AIR er en ergonomisk st\u00e5m\u00e5tte af h\u00f8j kvalitet med en ekstra tyk og bl\u00f8d kerne med antistatiske egenskaber. Ekstra holdbar bel\u00e6gning af nitrilgummi.<\/p>\n<p>AIR har en ekstra tyk og bl\u00f8d kerne, der giver god belastningsergonomi ved st\u00e5ende arbejde. T\u00e6ppet er b\u00e5de st\u00f8dd\u00e6mpende og meget aflastende. Det stilfuldt m\u00f8nstrede yderlag er lavet af nitrilgummi, hvilket g\u00f8r det ekstra holdbart og slidst\u00e6rkt. AIR er velegnet til st\u00e5ende skriveborde p\u00e5 kontorer, i receptioner og butikker. LUFT er ogs\u00e5 elektrisk ledende.<\/p>\n<p>Den mindre st\u00f8rrelse af AIR har et \u00f8je til oph\u00e6ngning.<\/p>\n","protected":false},"excerpt":{"rendered":"<p>StandUp AIR er en ergonomisk st\u00e5m\u00e5tte af h\u00f8j kvalitet med en ekstra tyk og bl\u00f8d kerne med antistatiske egenskaber. Ekstra holdbar bel\u00e6gning af nitrilgummi. AIR har en ekstra tyk og bl\u00f8d kerne, der giver god belastningsergonomi ved st\u00e5ende arbejde. T\u00e6ppet er b\u00e5de st\u00f8dd\u00e6mpende og meget aflastende. Det stilfuldt m\u00f8nstrede yderlag er lavet af nitrilgummi, hvilket [&hellip;]<\/p>\n","protected":false},"featured_media":242617,"template":"","meta":{"_et_pb_use_builder":"","_et_pb_old_content":"","_et_gb_content_width":""},"product_brand":[],"product_cat":[200,186,201,203],"product_tag":[],"class_list":{"0":"post-247398","1":"product","2":"type-product","3":"status-publish","4":"has-post-thumbnail","6":"product_cat-staende-matter","7":"product_cat-matting-interior-da","8":"product_cat-stamatter-og-balancebraetter-mi","9":"product_cat-stamatter-mi","11":"first","12":"instock","13":"taxable","14":"shipping-taxable","15":"purchasable","16":"product-type-variable","17":"has-default-attributes"},"yoast_head":"<!-- This site is optimized with the Yoast SEO plugin v25.6 - https:\/\/yoast.com\/wordpress\/plugins\/seo\/ -->\n<title>AIR st\u00e5m\u00e5tte - Matting<\/title>\n<meta name=\"description\" content=\"AIR st\u00e5m\u00e5tte - Se Mattings h\u00e5llbara koncept och produkter f\u00f6r publika milj\u00f6er, arbetsplatser och skolor.\" \/>\n<meta name=\"robots\" content=\"index, follow, max-snippet:-1, max-image-preview:large, max-video-preview:-1\" \/>\n<link rel=\"canonical\" href=\"https:\/\/matting.se\/da\/produkt\/air-staamaatte\/\" \/>\n<meta property=\"og:locale\" content=\"da_DK\" \/>\n<meta property=\"og:type\" content=\"article\" \/>\n<meta property=\"og:title\" content=\"AIR st\u00e5m\u00e5tte - Matting\" \/>\n<meta property=\"og:description\" content=\"AIR st\u00e5m\u00e5tte - Se Mattings h\u00e5llbara koncept och produkter f\u00f6r publika milj\u00f6er, arbetsplatser och skolor.\" \/>\n<meta property=\"og:url\" content=\"https:\/\/matting.se\/da\/produkt\/air-staamaatte\/\" \/>\n<meta property=\"og:site_name\" content=\"Matting\" \/>\n<meta property=\"article:modified_time\" content=\"2024-02-02T09:49:11+00:00\" \/>\n<meta property=\"og:image\" content=\"https:\/\/matting.se\/wp-content\/uploads\/2023\/08\/381995-AIR_mat_top.jpg\" \/>\n\t<meta property=\"og:image:width\" content=\"800\" \/>\n\t<meta property=\"og:image:height\" content=\"800\" \/>\n\t<meta property=\"og:image:type\" content=\"image\/jpeg\" \/>\n<meta name=\"twitter:card\" content=\"summary_large_image\" \/>\n<meta name=\"twitter:label1\" content=\"Estimeret l\u00e6setid\" \/>\n\t<meta name=\"twitter:data1\" content=\"1 minut\" \/>\n<script type=\"application\/ld+json\" class=\"yoast-schema-graph\">{\"@context\":\"https:\/\/schema.org\",\"@graph\":[{\"@type\":[\"WebPage\",\"ItemPage\"],\"@id\":\"https:\/\/matting.se\/da\/produkt\/air-staamaatte\/\",\"url\":\"https:\/\/matting.se\/da\/produkt\/air-staamaatte\/\",\"name\":\"AIR st\u00e5m\u00e5tte - Matting\",\"isPartOf\":{\"@id\":\"https:\/\/matting.se\/da\/#website\"},\"primaryImageOfPage\":{\"@id\":\"https:\/\/matting.se\/da\/produkt\/air-staamaatte\/#primaryimage\"},\"image\":{\"@id\":\"https:\/\/matting.se\/da\/produkt\/air-staamaatte\/#primaryimage\"},\"thumbnailUrl\":\"https:\/\/matting.se\/wp-content\/uploads\/2023\/08\/381995-AIR_mat_top.jpg\",\"datePublished\":\"2023-08-17T12:34:27+00:00\",\"dateModified\":\"2024-02-02T09:49:11+00:00\",\"description\":\"AIR st\u00e5m\u00e5tte - Se Mattings h\u00e5llbara koncept och produkter f\u00f6r publika milj\u00f6er, arbetsplatser och skolor.\",\"breadcrumb\":{\"@id\":\"https:\/\/matting.se\/da\/produkt\/air-staamaatte\/#breadcrumb\"},\"inLanguage\":\"da-DK\",\"potentialAction\":[{\"@type\":\"ReadAction\",\"target\":[\"https:\/\/matting.se\/da\/produkt\/air-staamaatte\/\"]}]},{\"@type\":\"ImageObject\",\"inLanguage\":\"da-DK\",\"@id\":\"https:\/\/matting.se\/da\/produkt\/air-staamaatte\/#primaryimage\",\"url\":\"https:\/\/matting.se\/wp-content\/uploads\/2023\/08\/381995-AIR_mat_top.jpg\",\"contentUrl\":\"https:\/\/matting.se\/wp-content\/uploads\/2023\/08\/381995-AIR_mat_top.jpg\",\"width\":800,\"height\":800,\"caption\":\"StandUp AIR er en ergonomisk st\u00e5m\u00e5tte af h\u00f8j kvalitet med en ekstra tyk og bl\u00f8d kerne med antistatiske egenskaber. Ekstra holdbar bel\u00e6gning af nitrilgummi.\"},{\"@type\":\"BreadcrumbList\",\"@id\":\"https:\/\/matting.se\/da\/produkt\/air-staamaatte\/#breadcrumb\",\"itemListElement\":[{\"@type\":\"ListItem\",\"position\":1,\"name\":\"Hem\",\"item\":\"https:\/\/matting.se\/da\/\"},{\"@type\":\"ListItem\",\"position\":2,\"name\":\"Shop\",\"item\":\"https:\/\/matting.se\/shop\/\"},{\"@type\":\"ListItem\",\"position\":3,\"name\":\"St\u00e5ende m\u00e5tter\",\"item\":\"https:\/\/matting.se\/da\/produkt-kategori\/staende-matter\/\"},{\"@type\":\"ListItem\",\"position\":4,\"name\":\"AIR st\u00e5m\u00e5tte\"}]},{\"@type\":\"WebSite\",\"@id\":\"https:\/\/matting.se\/da\/#website\",\"url\":\"https:\/\/matting.se\/da\/\",\"name\":\"Matting\",\"description\":\"\",\"potentialAction\":[{\"@type\":\"SearchAction\",\"target\":{\"@type\":\"EntryPoint\",\"urlTemplate\":\"https:\/\/matting.se\/da\/?s={search_term_string}\"},\"query-input\":{\"@type\":\"PropertyValueSpecification\",\"valueRequired\":true,\"valueName\":\"search_term_string\"}}],\"inLanguage\":\"da-DK\"}]}<\/script>\n<!-- \/ Yoast SEO plugin. -->","yoast_head_json":{"title":"AIR st\u00e5m\u00e5tte - Matting","description":"AIR st\u00e5m\u00e5tte - Se Mattings h\u00e5llbara koncept och produkter f\u00f6r publika milj\u00f6er, arbetsplatser och skolor.","robots":{"index":"index","follow":"follow","max-snippet":"max-snippet:-1","max-image-preview":"max-image-preview:large","max-video-preview":"max-video-preview:-1"},"canonical":"https:\/\/matting.se\/da\/produkt\/air-staamaatte\/","og_locale":"da_DK","og_type":"article","og_title":"AIR st\u00e5m\u00e5tte - Matting","og_description":"AIR st\u00e5m\u00e5tte - Se Mattings h\u00e5llbara koncept och produkter f\u00f6r publika milj\u00f6er, arbetsplatser och skolor.","og_url":"https:\/\/matting.se\/da\/produkt\/air-staamaatte\/","og_site_name":"Matting","article_modified_time":"2024-02-02T09:49:11+00:00","og_image":[{"width":800,"height":800,"url":"https:\/\/matting.se\/wp-content\/uploads\/2023\/08\/381995-AIR_mat_top.jpg","type":"image\/jpeg"}],"twitter_card":"summary_large_image","twitter_misc":{"Estimeret l\u00e6setid":"1 minut"},"schema":{"@context":"https:\/\/schema.org","@graph":[{"@type":["WebPage","ItemPage"],"@id":"https:\/\/matting.se\/da\/produkt\/air-staamaatte\/","url":"https:\/\/matting.se\/da\/produkt\/air-staamaatte\/","name":"AIR st\u00e5m\u00e5tte - Matting","isPartOf":{"@id":"https:\/\/matting.se\/da\/#website"},"primaryImageOfPage":{"@id":"https:\/\/matting.se\/da\/produkt\/air-staamaatte\/#primaryimage"},"image":{"@id":"https:\/\/matting.se\/da\/produkt\/air-staamaatte\/#primaryimage"},"thumbnailUrl":"https:\/\/matting.se\/wp-content\/uploads\/2023\/08\/381995-AIR_mat_top.jpg","datePublished":"2023-08-17T12:34:27+00:00","dateModified":"2024-02-02T09:49:11+00:00","description":"AIR st\u00e5m\u00e5tte - Se Mattings h\u00e5llbara koncept och produkter f\u00f6r publika milj\u00f6er, arbetsplatser och skolor.","breadcrumb":{"@id":"https:\/\/matting.se\/da\/produkt\/air-staamaatte\/#breadcrumb"},"inLanguage":"da-DK","potentialAction":[{"@type":"ReadAction","target":["https:\/\/matting.se\/da\/produkt\/air-staamaatte\/"]}]},{"@type":"ImageObject","inLanguage":"da-DK","@id":"https:\/\/matting.se\/da\/produkt\/air-staamaatte\/#primaryimage","url":"https:\/\/matting.se\/wp-content\/uploads\/2023\/08\/381995-AIR_mat_top.jpg","contentUrl":"https:\/\/matting.se\/wp-content\/uploads\/2023\/08\/381995-AIR_mat_top.jpg","width":800,"height":800,"caption":"StandUp AIR er en ergonomisk st\u00e5m\u00e5tte af h\u00f8j kvalitet med en ekstra tyk og bl\u00f8d kerne med antistatiske egenskaber. Ekstra holdbar bel\u00e6gning af nitrilgummi."},{"@type":"BreadcrumbList","@id":"https:\/\/matting.se\/da\/produkt\/air-staamaatte\/#breadcrumb","itemListElement":[{"@type":"ListItem","position":1,"name":"Hem","item":"https:\/\/matting.se\/da\/"},{"@type":"ListItem","position":2,"name":"Shop","item":"https:\/\/matting.se\/shop\/"},{"@type":"ListItem","position":3,"name":"St\u00e5ende m\u00e5tter","item":"https:\/\/matting.se\/da\/produkt-kategori\/staende-matter\/"},{"@type":"ListItem","position":4,"name":"AIR st\u00e5m\u00e5tte"}]},{"@type":"WebSite","@id":"https:\/\/matting.se\/da\/#website","url":"https:\/\/matting.se\/da\/","name":"Matting","description":"","potentialAction":[{"@type":"SearchAction","target":{"@type":"EntryPoint","urlTemplate":"https:\/\/matting.se\/da\/?s={search_term_string}"},"query-input":{"@type":"PropertyValueSpecification","valueRequired":true,"valueName":"search_term_string"}}],"inLanguage":"da-DK"}]}},"_links":{"self":[{"href":"https:\/\/matting.se\/da\/wp-json\/wp\/v2\/product\/247398","targetHints":{"allow":["GET"]}}],"collection":[{"href":"https:\/\/matting.se\/da\/wp-json\/wp\/v2\/product"}],"about":[{"href":"https:\/\/matting.se\/da\/wp-json\/wp\/v2\/types\/product"}],"wp:featuredmedia":[{"embeddable":true,"href":"https:\/\/matting.se\/da\/wp-json\/wp\/v2\/media\/242617"}],"wp:attachment":[{"href":"https:\/\/matting.se\/da\/wp-json\/wp\/v2\/media?parent=247398"}],"wp:term":[{"taxonomy":"product_brand","embeddable":true,"href":"https:\/\/matting.se\/da\/wp-json\/wp\/v2\/product_brand?post=247398"},{"taxonomy":"product_cat","embeddable":true,"href":"https:\/\/matting.se\/da\/wp-json\/wp\/v2\/product_cat?post=247398"},{"taxonomy":"product_tag","embeddable":true,"href":"https:\/\/matting.se\/da\/wp-json\/wp\/v2\/product_tag?post=247398"}],"curies":[{"name":"wp","href":"https:\/\/api.w.org\/{rel}","templated":true}]}}