{"id":247343,"date":"2023-08-17T13:34:27","date_gmt":"2023-08-17T12:34:27","guid":{"rendered":"https:\/\/matting.se\/produkt\/brick-staaende-maatte\/"},"modified":"2024-02-02T10:42:25","modified_gmt":"2024-02-02T09:42:25","slug":"brick-staaende-maatte","status":"publish","type":"product","link":"https:\/\/matting.se\/da\/produkt\/brick-staaende-maatte\/","title":{"rendered":"BRICK st\u00e5m\u00e5tte"},"content":{"rendered":"<p>StandUp BRICK ergonomisk st\u00e5m\u00e5tte fremstillet af slidst\u00e6rke materialer hele vejen igennem. T\u00e6ppet er PVC-frit. \u00d8je til oph\u00e6ngning.<\/p>\n<p>En holdbar og praktisk st\u00e5m\u00e5tte i et lille format. Det aflaster din krop, s\u00e5 du kan st\u00e5 og arbejde komfortabelt, selv i l\u00e6ngere tid ad gangen. M\u00e5tten er fremstillet af b\u00e6redygtige materialer hele vejen igennem; tekstiloverside af 100% genanvendt PET, midterkerne af TPE og bund af nitrilgummi. T\u00e6ppet er 100 % PVC-frit. Et \u00f8je p\u00e5 den korte side g\u00f8r det nemt at h\u00e6nge t\u00e6ppet op.<\/p>\n<p><img loading=\"lazy\" decoding=\"async\" class=\"alignnone size-medium wp-image-231657\" src=\"https:\/\/matting.se\/wp-content\/uploads\/2023\/08\/PVC-free_green-300x300.png\" alt=\"PVC-frit produkt\" width=\"60\" height=\"60\" srcset=\"https:\/\/matting.se\/wp-content\/uploads\/2023\/08\/PVC-free_green-300x300.png 300w, https:\/\/matting.se\/wp-content\/uploads\/2023\/08\/PVC-free_green-100x100.png 100w, https:\/\/matting.se\/wp-content\/uploads\/2023\/08\/PVC-free_green-150x150.png 150w, https:\/\/matting.se\/wp-content\/uploads\/2023\/08\/PVC-free_green.png 438w\" sizes=\"auto, (max-width: 60px) 100vw, 60px\" \/><\/p>\n","protected":false},"excerpt":{"rendered":"<p>StandUp BRICK ergonomisk st\u00e5m\u00e5tte fremstillet af slidst\u00e6rke materialer hele vejen igennem. T\u00e6ppet er PVC-frit. \u00d8je til oph\u00e6ngning. En holdbar og praktisk st\u00e5m\u00e5tte i et lille format. Det aflaster din krop, s\u00e5 du kan st\u00e5 og arbejde komfortabelt, selv i l\u00e6ngere tid ad gangen. M\u00e5tten er fremstillet af b\u00e6redygtige materialer hele vejen igennem; tekstiloverside af 100% [&hellip;]<\/p>\n","protected":false},"featured_media":242557,"template":"","meta":{"_et_pb_use_builder":"","_et_pb_old_content":"","_et_gb_content_width":""},"product_brand":[],"product_cat":[200,186,201,203],"product_tag":[],"class_list":{"0":"post-247343","1":"product","2":"type-product","3":"status-publish","4":"has-post-thumbnail","6":"product_cat-staende-matter","7":"product_cat-matting-interior-da","8":"product_cat-stamatter-og-balancebraetter-mi","9":"product_cat-stamatter-mi","11":"first","12":"instock","13":"taxable","14":"shipping-taxable","15":"purchasable","16":"product-type-variable","17":"has-default-attributes"},"yoast_head":"<!-- This site is optimized with the Yoast SEO plugin v25.6 - https:\/\/yoast.com\/wordpress\/plugins\/seo\/ -->\n<title>BRICK st\u00e5m\u00e5tte - Matting<\/title>\n<meta name=\"description\" content=\"BRICK st\u00e5m\u00e5tte - Se Mattings h\u00e5llbara koncept och produkter f\u00f6r publika milj\u00f6er, arbetsplatser och skolor.\" \/>\n<meta name=\"robots\" content=\"index, follow, max-snippet:-1, max-image-preview:large, max-video-preview:-1\" \/>\n<link rel=\"canonical\" href=\"https:\/\/matting.se\/da\/produkt\/brick-staaende-maatte\/\" \/>\n<meta property=\"og:locale\" content=\"da_DK\" \/>\n<meta property=\"og:type\" content=\"article\" \/>\n<meta property=\"og:title\" content=\"BRICK st\u00e5m\u00e5tte - Matting\" \/>\n<meta property=\"og:description\" content=\"BRICK st\u00e5m\u00e5tte - Se Mattings h\u00e5llbara koncept och produkter f\u00f6r publika milj\u00f6er, arbetsplatser och skolor.\" \/>\n<meta property=\"og:url\" content=\"https:\/\/matting.se\/da\/produkt\/brick-staaende-maatte\/\" \/>\n<meta property=\"og:site_name\" content=\"Matting\" \/>\n<meta property=\"article:modified_time\" content=\"2024-02-02T09:42:25+00:00\" \/>\n<meta property=\"og:image\" content=\"https:\/\/matting.se\/wp-content\/uploads\/2023\/08\/381982_BRICK_mat_grey_top.jpg\" \/>\n\t<meta property=\"og:image:width\" content=\"800\" \/>\n\t<meta property=\"og:image:height\" content=\"800\" \/>\n\t<meta property=\"og:image:type\" content=\"image\/jpeg\" \/>\n<meta name=\"twitter:card\" content=\"summary_large_image\" \/>\n<meta name=\"twitter:label1\" content=\"Estimeret l\u00e6setid\" \/>\n\t<meta name=\"twitter:data1\" content=\"1 minut\" \/>\n<script type=\"application\/ld+json\" class=\"yoast-schema-graph\">{\"@context\":\"https:\/\/schema.org\",\"@graph\":[{\"@type\":[\"WebPage\",\"ItemPage\"],\"@id\":\"https:\/\/matting.se\/da\/produkt\/brick-staaende-maatte\/\",\"url\":\"https:\/\/matting.se\/da\/produkt\/brick-staaende-maatte\/\",\"name\":\"BRICK st\u00e5m\u00e5tte - Matting\",\"isPartOf\":{\"@id\":\"https:\/\/matting.se\/da\/#website\"},\"primaryImageOfPage\":{\"@id\":\"https:\/\/matting.se\/da\/produkt\/brick-staaende-maatte\/#primaryimage\"},\"image\":{\"@id\":\"https:\/\/matting.se\/da\/produkt\/brick-staaende-maatte\/#primaryimage\"},\"thumbnailUrl\":\"https:\/\/matting.se\/wp-content\/uploads\/2023\/08\/381982_BRICK_mat_grey_top.jpg\",\"datePublished\":\"2023-08-17T12:34:27+00:00\",\"dateModified\":\"2024-02-02T09:42:25+00:00\",\"description\":\"BRICK st\u00e5m\u00e5tte - Se Mattings h\u00e5llbara koncept och produkter f\u00f6r publika milj\u00f6er, arbetsplatser och skolor.\",\"breadcrumb\":{\"@id\":\"https:\/\/matting.se\/da\/produkt\/brick-staaende-maatte\/#breadcrumb\"},\"inLanguage\":\"da-DK\",\"potentialAction\":[{\"@type\":\"ReadAction\",\"target\":[\"https:\/\/matting.se\/da\/produkt\/brick-staaende-maatte\/\"]}]},{\"@type\":\"ImageObject\",\"inLanguage\":\"da-DK\",\"@id\":\"https:\/\/matting.se\/da\/produkt\/brick-staaende-maatte\/#primaryimage\",\"url\":\"https:\/\/matting.se\/wp-content\/uploads\/2023\/08\/381982_BRICK_mat_grey_top.jpg\",\"contentUrl\":\"https:\/\/matting.se\/wp-content\/uploads\/2023\/08\/381982_BRICK_mat_grey_top.jpg\",\"width\":800,\"height\":800,\"caption\":\"StandUp BRICK ergonomisk st\u00e5m\u00e5tte fremstillet af slidst\u00e6rke materialer hele vejen igennem. T\u00e6ppet er PVC-frit. \u00d8je til oph\u00e6ngning.\"},{\"@type\":\"BreadcrumbList\",\"@id\":\"https:\/\/matting.se\/da\/produkt\/brick-staaende-maatte\/#breadcrumb\",\"itemListElement\":[{\"@type\":\"ListItem\",\"position\":1,\"name\":\"Hem\",\"item\":\"https:\/\/matting.se\/da\/\"},{\"@type\":\"ListItem\",\"position\":2,\"name\":\"Shop\",\"item\":\"https:\/\/matting.se\/shop\/\"},{\"@type\":\"ListItem\",\"position\":3,\"name\":\"St\u00e5ende m\u00e5tter\",\"item\":\"https:\/\/matting.se\/da\/produkt-kategori\/staende-matter\/\"},{\"@type\":\"ListItem\",\"position\":4,\"name\":\"BRICK st\u00e5m\u00e5tte\"}]},{\"@type\":\"WebSite\",\"@id\":\"https:\/\/matting.se\/da\/#website\",\"url\":\"https:\/\/matting.se\/da\/\",\"name\":\"Matting\",\"description\":\"\",\"potentialAction\":[{\"@type\":\"SearchAction\",\"target\":{\"@type\":\"EntryPoint\",\"urlTemplate\":\"https:\/\/matting.se\/da\/?s={search_term_string}\"},\"query-input\":{\"@type\":\"PropertyValueSpecification\",\"valueRequired\":true,\"valueName\":\"search_term_string\"}}],\"inLanguage\":\"da-DK\"}]}<\/script>\n<!-- \/ Yoast SEO plugin. -->","yoast_head_json":{"title":"BRICK st\u00e5m\u00e5tte - Matting","description":"BRICK st\u00e5m\u00e5tte - Se Mattings h\u00e5llbara koncept och produkter f\u00f6r publika milj\u00f6er, arbetsplatser och skolor.","robots":{"index":"index","follow":"follow","max-snippet":"max-snippet:-1","max-image-preview":"max-image-preview:large","max-video-preview":"max-video-preview:-1"},"canonical":"https:\/\/matting.se\/da\/produkt\/brick-staaende-maatte\/","og_locale":"da_DK","og_type":"article","og_title":"BRICK st\u00e5m\u00e5tte - Matting","og_description":"BRICK st\u00e5m\u00e5tte - Se Mattings h\u00e5llbara koncept och produkter f\u00f6r publika milj\u00f6er, arbetsplatser och skolor.","og_url":"https:\/\/matting.se\/da\/produkt\/brick-staaende-maatte\/","og_site_name":"Matting","article_modified_time":"2024-02-02T09:42:25+00:00","og_image":[{"width":800,"height":800,"url":"https:\/\/matting.se\/wp-content\/uploads\/2023\/08\/381982_BRICK_mat_grey_top.jpg","type":"image\/jpeg"}],"twitter_card":"summary_large_image","twitter_misc":{"Estimeret l\u00e6setid":"1 minut"},"schema":{"@context":"https:\/\/schema.org","@graph":[{"@type":["WebPage","ItemPage"],"@id":"https:\/\/matting.se\/da\/produkt\/brick-staaende-maatte\/","url":"https:\/\/matting.se\/da\/produkt\/brick-staaende-maatte\/","name":"BRICK st\u00e5m\u00e5tte - Matting","isPartOf":{"@id":"https:\/\/matting.se\/da\/#website"},"primaryImageOfPage":{"@id":"https:\/\/matting.se\/da\/produkt\/brick-staaende-maatte\/#primaryimage"},"image":{"@id":"https:\/\/matting.se\/da\/produkt\/brick-staaende-maatte\/#primaryimage"},"thumbnailUrl":"https:\/\/matting.se\/wp-content\/uploads\/2023\/08\/381982_BRICK_mat_grey_top.jpg","datePublished":"2023-08-17T12:34:27+00:00","dateModified":"2024-02-02T09:42:25+00:00","description":"BRICK st\u00e5m\u00e5tte - Se Mattings h\u00e5llbara koncept och produkter f\u00f6r publika milj\u00f6er, arbetsplatser och skolor.","breadcrumb":{"@id":"https:\/\/matting.se\/da\/produkt\/brick-staaende-maatte\/#breadcrumb"},"inLanguage":"da-DK","potentialAction":[{"@type":"ReadAction","target":["https:\/\/matting.se\/da\/produkt\/brick-staaende-maatte\/"]}]},{"@type":"ImageObject","inLanguage":"da-DK","@id":"https:\/\/matting.se\/da\/produkt\/brick-staaende-maatte\/#primaryimage","url":"https:\/\/matting.se\/wp-content\/uploads\/2023\/08\/381982_BRICK_mat_grey_top.jpg","contentUrl":"https:\/\/matting.se\/wp-content\/uploads\/2023\/08\/381982_BRICK_mat_grey_top.jpg","width":800,"height":800,"caption":"StandUp BRICK ergonomisk st\u00e5m\u00e5tte fremstillet af slidst\u00e6rke materialer hele vejen igennem. T\u00e6ppet er PVC-frit. \u00d8je til oph\u00e6ngning."},{"@type":"BreadcrumbList","@id":"https:\/\/matting.se\/da\/produkt\/brick-staaende-maatte\/#breadcrumb","itemListElement":[{"@type":"ListItem","position":1,"name":"Hem","item":"https:\/\/matting.se\/da\/"},{"@type":"ListItem","position":2,"name":"Shop","item":"https:\/\/matting.se\/shop\/"},{"@type":"ListItem","position":3,"name":"St\u00e5ende m\u00e5tter","item":"https:\/\/matting.se\/da\/produkt-kategori\/staende-matter\/"},{"@type":"ListItem","position":4,"name":"BRICK st\u00e5m\u00e5tte"}]},{"@type":"WebSite","@id":"https:\/\/matting.se\/da\/#website","url":"https:\/\/matting.se\/da\/","name":"Matting","description":"","potentialAction":[{"@type":"SearchAction","target":{"@type":"EntryPoint","urlTemplate":"https:\/\/matting.se\/da\/?s={search_term_string}"},"query-input":{"@type":"PropertyValueSpecification","valueRequired":true,"valueName":"search_term_string"}}],"inLanguage":"da-DK"}]}},"_links":{"self":[{"href":"https:\/\/matting.se\/da\/wp-json\/wp\/v2\/product\/247343","targetHints":{"allow":["GET"]}}],"collection":[{"href":"https:\/\/matting.se\/da\/wp-json\/wp\/v2\/product"}],"about":[{"href":"https:\/\/matting.se\/da\/wp-json\/wp\/v2\/types\/product"}],"wp:featuredmedia":[{"embeddable":true,"href":"https:\/\/matting.se\/da\/wp-json\/wp\/v2\/media\/242557"}],"wp:attachment":[{"href":"https:\/\/matting.se\/da\/wp-json\/wp\/v2\/media?parent=247343"}],"wp:term":[{"taxonomy":"product_brand","embeddable":true,"href":"https:\/\/matting.se\/da\/wp-json\/wp\/v2\/product_brand?post=247343"},{"taxonomy":"product_cat","embeddable":true,"href":"https:\/\/matting.se\/da\/wp-json\/wp\/v2\/product_cat?post=247343"},{"taxonomy":"product_tag","embeddable":true,"href":"https:\/\/matting.se\/da\/wp-json\/wp\/v2\/product_tag?post=247343"}],"curies":[{"name":"wp","href":"https:\/\/api.w.org\/{rel}","templated":true}]}}