{"id":247307,"date":"2023-08-07T14:22:01","date_gmt":"2023-08-07T14:22:01","guid":{"rendered":"https:\/\/matting.se\/produkt\/desk-front-bordplade\/"},"modified":"2023-12-18T11:09:31","modified_gmt":"2023-12-18T11:09:31","slug":"desk-front-bordplade","status":"publish","type":"product","link":"https:\/\/matting.se\/da\/produkt\/desk-front-bordplade\/","title":{"rendered":"DESK FRONT bordplade"},"content":{"rendered":"<p>Et dobbeltlamineret frontpanel, der giver privatliv til StandUp DESK-bordet. Disken bev\u00e6ger sig med bordet, n\u00e5r det h\u00e6ves\/s\u00e6nkes.<\/p>\n<p>&nbsp;<\/p>\n","protected":false},"excerpt":{"rendered":"<p>Et dobbeltlamineret frontpanel, der giver privatliv til StandUp DESK-bordet. Disken bev\u00e6ger sig med bordet, n\u00e5r det h\u00e6ves\/s\u00e6nkes. &nbsp;<\/p>\n","protected":false},"featured_media":241672,"template":"","meta":{"_et_pb_use_builder":"","_et_pb_old_content":"","_et_gb_content_width":""},"product_brand":[],"product_cat":[185,186,187,189],"product_tag":[],"class_list":{"0":"post-247307","1":"product","2":"type-product","3":"status-publish","4":"has-post-thumbnail","6":"product_cat-tilbehor-til-skrivebordet","7":"product_cat-matting-interior-da","8":"product_cat-borde-og-tilbehor-mi","9":"product_cat-bordtilbehor-mi","11":"first","12":"instock","13":"taxable","14":"shipping-taxable","15":"purchasable","16":"product-type-variable","17":"has-default-attributes"},"yoast_head":"<!-- This site is optimized with the Yoast SEO plugin v25.6 - https:\/\/yoast.com\/wordpress\/plugins\/seo\/ -->\n<title>DESK FRONT bordplade - Matting<\/title>\n<meta name=\"description\" content=\"DESK FRONT bordplade - Se Mattings h\u00e5llbara koncept och produkter f\u00f6r publika milj\u00f6er, arbetsplatser och skolor.\" \/>\n<meta name=\"robots\" content=\"index, follow, max-snippet:-1, max-image-preview:large, max-video-preview:-1\" \/>\n<link rel=\"canonical\" href=\"https:\/\/matting.se\/da\/produkt\/desk-front-bordplade\/\" \/>\n<meta property=\"og:locale\" content=\"da_DK\" \/>\n<meta property=\"og:type\" content=\"article\" \/>\n<meta property=\"og:title\" content=\"DESK FRONT bordplade - Matting\" \/>\n<meta property=\"og:description\" content=\"DESK FRONT bordplade - Se Mattings h\u00e5llbara koncept och produkter f\u00f6r publika milj\u00f6er, arbetsplatser och skolor.\" \/>\n<meta property=\"og:url\" content=\"https:\/\/matting.se\/da\/produkt\/desk-front-bordplade\/\" \/>\n<meta property=\"og:site_name\" content=\"Matting\" \/>\n<meta property=\"article:modified_time\" content=\"2023-12-18T11:09:31+00:00\" \/>\n<meta property=\"og:image\" content=\"https:\/\/matting.se\/wp-content\/uploads\/2023\/07\/385081_DESK-FRONT_94cm_black_side-e1691417518786.jpg\" \/>\n\t<meta property=\"og:image:width\" content=\"600\" \/>\n\t<meta property=\"og:image:height\" content=\"600\" \/>\n\t<meta property=\"og:image:type\" content=\"image\/jpeg\" \/>\n<meta name=\"twitter:card\" content=\"summary_large_image\" \/>\n<script type=\"application\/ld+json\" class=\"yoast-schema-graph\">{\"@context\":\"https:\/\/schema.org\",\"@graph\":[{\"@type\":[\"WebPage\",\"ItemPage\"],\"@id\":\"https:\/\/matting.se\/da\/produkt\/desk-front-bordplade\/\",\"url\":\"https:\/\/matting.se\/da\/produkt\/desk-front-bordplade\/\",\"name\":\"DESK FRONT bordplade - Matting\",\"isPartOf\":{\"@id\":\"https:\/\/matting.se\/da\/#website\"},\"primaryImageOfPage\":{\"@id\":\"https:\/\/matting.se\/da\/produkt\/desk-front-bordplade\/#primaryimage\"},\"image\":{\"@id\":\"https:\/\/matting.se\/da\/produkt\/desk-front-bordplade\/#primaryimage\"},\"thumbnailUrl\":\"https:\/\/matting.se\/wp-content\/uploads\/2023\/07\/385081_DESK-FRONT_94cm_black_side-e1691417518786.jpg\",\"datePublished\":\"2023-08-07T14:22:01+00:00\",\"dateModified\":\"2023-12-18T11:09:31+00:00\",\"description\":\"DESK FRONT bordplade - Se Mattings h\u00e5llbara koncept och produkter f\u00f6r publika milj\u00f6er, arbetsplatser och skolor.\",\"breadcrumb\":{\"@id\":\"https:\/\/matting.se\/da\/produkt\/desk-front-bordplade\/#breadcrumb\"},\"inLanguage\":\"da-DK\",\"potentialAction\":[{\"@type\":\"ReadAction\",\"target\":[\"https:\/\/matting.se\/da\/produkt\/desk-front-bordplade\/\"]}]},{\"@type\":\"ImageObject\",\"inLanguage\":\"da-DK\",\"@id\":\"https:\/\/matting.se\/da\/produkt\/desk-front-bordplade\/#primaryimage\",\"url\":\"https:\/\/matting.se\/wp-content\/uploads\/2023\/07\/385081_DESK-FRONT_94cm_black_side-e1691417518786.jpg\",\"contentUrl\":\"https:\/\/matting.se\/wp-content\/uploads\/2023\/07\/385081_DESK-FRONT_94cm_black_side-e1691417518786.jpg\",\"width\":600,\"height\":600,\"caption\":\"StandUp DESK FRONT, en dobbeltlamineret plade, der giver privatliv. Valgfrit til StandUp DESK.\"},{\"@type\":\"BreadcrumbList\",\"@id\":\"https:\/\/matting.se\/da\/produkt\/desk-front-bordplade\/#breadcrumb\",\"itemListElement\":[{\"@type\":\"ListItem\",\"position\":1,\"name\":\"Hem\",\"item\":\"https:\/\/matting.se\/da\/\"},{\"@type\":\"ListItem\",\"position\":2,\"name\":\"Shop\",\"item\":\"https:\/\/matting.se\/shop\/\"},{\"@type\":\"ListItem\",\"position\":3,\"name\":\"H\u00f6j &amp; s\u00e4nkbara bord\",\"item\":\"https:\/\/matting.se\/produkt-kategori\/hoj-sankbara-bord\/\"},{\"@type\":\"ListItem\",\"position\":4,\"name\":\"Tilbeh\u00f8r til skrivebordet\",\"item\":\"https:\/\/matting.se\/da\/produkt-kategori\/tilbehor-til-skrivebordet\/\"},{\"@type\":\"ListItem\",\"position\":5,\"name\":\"DESK FRONT bordplade\"}]},{\"@type\":\"WebSite\",\"@id\":\"https:\/\/matting.se\/da\/#website\",\"url\":\"https:\/\/matting.se\/da\/\",\"name\":\"Matting\",\"description\":\"\",\"potentialAction\":[{\"@type\":\"SearchAction\",\"target\":{\"@type\":\"EntryPoint\",\"urlTemplate\":\"https:\/\/matting.se\/da\/?s={search_term_string}\"},\"query-input\":{\"@type\":\"PropertyValueSpecification\",\"valueRequired\":true,\"valueName\":\"search_term_string\"}}],\"inLanguage\":\"da-DK\"}]}<\/script>\n<!-- \/ Yoast SEO plugin. -->","yoast_head_json":{"title":"DESK FRONT bordplade - Matting","description":"DESK FRONT bordplade - Se Mattings h\u00e5llbara koncept och produkter f\u00f6r publika milj\u00f6er, arbetsplatser och skolor.","robots":{"index":"index","follow":"follow","max-snippet":"max-snippet:-1","max-image-preview":"max-image-preview:large","max-video-preview":"max-video-preview:-1"},"canonical":"https:\/\/matting.se\/da\/produkt\/desk-front-bordplade\/","og_locale":"da_DK","og_type":"article","og_title":"DESK FRONT bordplade - Matting","og_description":"DESK FRONT bordplade - Se Mattings h\u00e5llbara koncept och produkter f\u00f6r publika milj\u00f6er, arbetsplatser och skolor.","og_url":"https:\/\/matting.se\/da\/produkt\/desk-front-bordplade\/","og_site_name":"Matting","article_modified_time":"2023-12-18T11:09:31+00:00","og_image":[{"width":600,"height":600,"url":"https:\/\/matting.se\/wp-content\/uploads\/2023\/07\/385081_DESK-FRONT_94cm_black_side-e1691417518786.jpg","type":"image\/jpeg"}],"twitter_card":"summary_large_image","schema":{"@context":"https:\/\/schema.org","@graph":[{"@type":["WebPage","ItemPage"],"@id":"https:\/\/matting.se\/da\/produkt\/desk-front-bordplade\/","url":"https:\/\/matting.se\/da\/produkt\/desk-front-bordplade\/","name":"DESK FRONT bordplade - Matting","isPartOf":{"@id":"https:\/\/matting.se\/da\/#website"},"primaryImageOfPage":{"@id":"https:\/\/matting.se\/da\/produkt\/desk-front-bordplade\/#primaryimage"},"image":{"@id":"https:\/\/matting.se\/da\/produkt\/desk-front-bordplade\/#primaryimage"},"thumbnailUrl":"https:\/\/matting.se\/wp-content\/uploads\/2023\/07\/385081_DESK-FRONT_94cm_black_side-e1691417518786.jpg","datePublished":"2023-08-07T14:22:01+00:00","dateModified":"2023-12-18T11:09:31+00:00","description":"DESK FRONT bordplade - Se Mattings h\u00e5llbara koncept och produkter f\u00f6r publika milj\u00f6er, arbetsplatser och skolor.","breadcrumb":{"@id":"https:\/\/matting.se\/da\/produkt\/desk-front-bordplade\/#breadcrumb"},"inLanguage":"da-DK","potentialAction":[{"@type":"ReadAction","target":["https:\/\/matting.se\/da\/produkt\/desk-front-bordplade\/"]}]},{"@type":"ImageObject","inLanguage":"da-DK","@id":"https:\/\/matting.se\/da\/produkt\/desk-front-bordplade\/#primaryimage","url":"https:\/\/matting.se\/wp-content\/uploads\/2023\/07\/385081_DESK-FRONT_94cm_black_side-e1691417518786.jpg","contentUrl":"https:\/\/matting.se\/wp-content\/uploads\/2023\/07\/385081_DESK-FRONT_94cm_black_side-e1691417518786.jpg","width":600,"height":600,"caption":"StandUp DESK FRONT, en dobbeltlamineret plade, der giver privatliv. Valgfrit til StandUp DESK."},{"@type":"BreadcrumbList","@id":"https:\/\/matting.se\/da\/produkt\/desk-front-bordplade\/#breadcrumb","itemListElement":[{"@type":"ListItem","position":1,"name":"Hem","item":"https:\/\/matting.se\/da\/"},{"@type":"ListItem","position":2,"name":"Shop","item":"https:\/\/matting.se\/shop\/"},{"@type":"ListItem","position":3,"name":"H\u00f6j &amp; s\u00e4nkbara bord","item":"https:\/\/matting.se\/produkt-kategori\/hoj-sankbara-bord\/"},{"@type":"ListItem","position":4,"name":"Tilbeh\u00f8r til skrivebordet","item":"https:\/\/matting.se\/da\/produkt-kategori\/tilbehor-til-skrivebordet\/"},{"@type":"ListItem","position":5,"name":"DESK FRONT bordplade"}]},{"@type":"WebSite","@id":"https:\/\/matting.se\/da\/#website","url":"https:\/\/matting.se\/da\/","name":"Matting","description":"","potentialAction":[{"@type":"SearchAction","target":{"@type":"EntryPoint","urlTemplate":"https:\/\/matting.se\/da\/?s={search_term_string}"},"query-input":{"@type":"PropertyValueSpecification","valueRequired":true,"valueName":"search_term_string"}}],"inLanguage":"da-DK"}]}},"_links":{"self":[{"href":"https:\/\/matting.se\/da\/wp-json\/wp\/v2\/product\/247307","targetHints":{"allow":["GET"]}}],"collection":[{"href":"https:\/\/matting.se\/da\/wp-json\/wp\/v2\/product"}],"about":[{"href":"https:\/\/matting.se\/da\/wp-json\/wp\/v2\/types\/product"}],"wp:featuredmedia":[{"embeddable":true,"href":"https:\/\/matting.se\/da\/wp-json\/wp\/v2\/media\/241672"}],"wp:attachment":[{"href":"https:\/\/matting.se\/da\/wp-json\/wp\/v2\/media?parent=247307"}],"wp:term":[{"taxonomy":"product_brand","embeddable":true,"href":"https:\/\/matting.se\/da\/wp-json\/wp\/v2\/product_brand?post=247307"},{"taxonomy":"product_cat","embeddable":true,"href":"https:\/\/matting.se\/da\/wp-json\/wp\/v2\/product_cat?post=247307"},{"taxonomy":"product_tag","embeddable":true,"href":"https:\/\/matting.se\/da\/wp-json\/wp\/v2\/product_tag?post=247307"}],"curies":[{"name":"wp","href":"https:\/\/api.w.org\/{rel}","templated":true}]}}