{"id":247271,"date":"2022-02-11T09:51:53","date_gmt":"2022-02-11T08:51:53","guid":{"rendered":"https:\/\/matting.se\/produkt\/singapore-skrivebordslampe\/"},"modified":"2024-02-27T16:04:40","modified_gmt":"2024-02-27T15:04:40","slug":"singapore-skrivebordslampe","status":"publish","type":"product","link":"https:\/\/matting.se\/da\/produkt\/singapore-skrivebordslampe\/","title":{"rendered":"SINGAPORE skrivebordslampe"},"content":{"rendered":"<p>Skrivebordslampen SINGAPORE er en stilfuld, p\u00e6n og sammenklappelig bordlampe med mange smarte tekniske funktioner.<br \/>\nSingapores funktioner omfatter justerbar farvetemperatur, en indbygget Qi-oplader i foden og et USB-stik til opladning.<\/p>\n","protected":false},"excerpt":{"rendered":"<p>Skrivebordslampen SINGAPORE er en stilfuld, p\u00e6n og sammenklappelig bordlampe med mange smarte tekniske funktioner. Singapores funktioner omfatter justerbar farvetemperatur, en indbygget Qi-oplader i foden og et USB-stik til opladning.<\/p>\n","protected":false},"featured_media":237118,"template":"","meta":{"_et_pb_use_builder":"off","_et_pb_old_content":"TR\u00c6NING!!! UDDANNELSE!!! UDDANNELSE!!!UDDANNELSE!!!","_et_gb_content_width":""},"product_brand":[],"product_cat":[248,186,249,250],"product_tag":[],"class_list":{"0":"post-247271","1":"product","2":"type-product","3":"status-publish","4":"has-post-thumbnail","6":"product_cat-belysning-til-skrivebordet","7":"product_cat-matting-interior-da","8":"product_cat-belysning-mi-da","9":"product_cat-belysning-til-skrivebordet-mi","11":"first","12":"instock","13":"taxable","14":"shipping-taxable","15":"purchasable","16":"product-type-variable","17":"has-default-attributes"},"yoast_head":"<!-- This site is optimized with the Yoast SEO plugin v25.6 - https:\/\/yoast.com\/wordpress\/plugins\/seo\/ -->\n<title>SINGAPORE skrivebordslampe - Matting<\/title>\n<meta name=\"description\" content=\"SINGAPORE skrivebordslampe - Se Mattings h\u00e5llbara koncept och produkter f\u00f6r publika milj\u00f6er, arbetsplatser och skolor.\" \/>\n<meta name=\"robots\" content=\"index, follow, max-snippet:-1, max-image-preview:large, max-video-preview:-1\" \/>\n<link rel=\"canonical\" href=\"https:\/\/matting.se\/da\/produkt\/singapore-skrivebordslampe\/\" \/>\n<meta property=\"og:locale\" content=\"da_DK\" \/>\n<meta property=\"og:type\" content=\"article\" \/>\n<meta property=\"og:title\" content=\"SINGAPORE skrivebordslampe - Matting\" \/>\n<meta property=\"og:description\" content=\"SINGAPORE skrivebordslampe - Se Mattings h\u00e5llbara koncept och produkter f\u00f6r publika milj\u00f6er, arbetsplatser och skolor.\" \/>\n<meta property=\"og:url\" content=\"https:\/\/matting.se\/da\/produkt\/singapore-skrivebordslampe\/\" \/>\n<meta property=\"og:site_name\" content=\"Matting\" \/>\n<meta property=\"article:modified_time\" content=\"2024-02-27T15:04:40+00:00\" \/>\n<meta property=\"og:image\" content=\"https:\/\/matting.se\/wp-content\/uploads\/2021\/01\/775740_SINGAPORE_black_front.jpg\" \/>\n\t<meta property=\"og:image:width\" content=\"800\" \/>\n\t<meta property=\"og:image:height\" content=\"800\" \/>\n\t<meta property=\"og:image:type\" content=\"image\/jpeg\" \/>\n<meta name=\"twitter:card\" content=\"summary_large_image\" \/>\n<meta name=\"twitter:label1\" content=\"Estimeret l\u00e6setid\" \/>\n\t<meta name=\"twitter:data1\" content=\"1 minut\" \/>\n<script type=\"application\/ld+json\" class=\"yoast-schema-graph\">{\"@context\":\"https:\/\/schema.org\",\"@graph\":[{\"@type\":[\"WebPage\",\"ItemPage\"],\"@id\":\"https:\/\/matting.se\/da\/produkt\/singapore-skrivebordslampe\/\",\"url\":\"https:\/\/matting.se\/da\/produkt\/singapore-skrivebordslampe\/\",\"name\":\"SINGAPORE skrivebordslampe - Matting\",\"isPartOf\":{\"@id\":\"https:\/\/matting.se\/da\/#website\"},\"primaryImageOfPage\":{\"@id\":\"https:\/\/matting.se\/da\/produkt\/singapore-skrivebordslampe\/#primaryimage\"},\"image\":{\"@id\":\"https:\/\/matting.se\/da\/produkt\/singapore-skrivebordslampe\/#primaryimage\"},\"thumbnailUrl\":\"https:\/\/matting.se\/wp-content\/uploads\/2021\/01\/775740_SINGAPORE_black_front.jpg\",\"datePublished\":\"2022-02-11T08:51:53+00:00\",\"dateModified\":\"2024-02-27T15:04:40+00:00\",\"description\":\"SINGAPORE skrivebordslampe - Se Mattings h\u00e5llbara koncept och produkter f\u00f6r publika milj\u00f6er, arbetsplatser och skolor.\",\"breadcrumb\":{\"@id\":\"https:\/\/matting.se\/da\/produkt\/singapore-skrivebordslampe\/#breadcrumb\"},\"inLanguage\":\"da-DK\",\"potentialAction\":[{\"@type\":\"ReadAction\",\"target\":[\"https:\/\/matting.se\/da\/produkt\/singapore-skrivebordslampe\/\"]}]},{\"@type\":\"ImageObject\",\"inLanguage\":\"da-DK\",\"@id\":\"https:\/\/matting.se\/da\/produkt\/singapore-skrivebordslampe\/#primaryimage\",\"url\":\"https:\/\/matting.se\/wp-content\/uploads\/2021\/01\/775740_SINGAPORE_black_front.jpg\",\"contentUrl\":\"https:\/\/matting.se\/wp-content\/uploads\/2021\/01\/775740_SINGAPORE_black_front.jpg\",\"width\":800,\"height\":800},{\"@type\":\"BreadcrumbList\",\"@id\":\"https:\/\/matting.se\/da\/produkt\/singapore-skrivebordslampe\/#breadcrumb\",\"itemListElement\":[{\"@type\":\"ListItem\",\"position\":1,\"name\":\"Hem\",\"item\":\"https:\/\/matting.se\/da\/\"},{\"@type\":\"ListItem\",\"position\":2,\"name\":\"Shop\",\"item\":\"https:\/\/matting.se\/shop\/\"},{\"@type\":\"ListItem\",\"position\":3,\"name\":\"Matting Interior\",\"item\":\"https:\/\/matting.se\/da\/produkt-kategori\/matting-interior-da\/\"},{\"@type\":\"ListItem\",\"position\":4,\"name\":\"Belysning\",\"item\":\"https:\/\/matting.se\/da\/produkt-kategori\/matting-interior-da\/belysning-mi-da\/\"},{\"@type\":\"ListItem\",\"position\":5,\"name\":\"Belysning til skrivebordet MI\",\"item\":\"https:\/\/matting.se\/da\/produkt-kategori\/matting-interior-da\/belysning-mi-da\/belysning-til-skrivebordet-mi\/\"},{\"@type\":\"ListItem\",\"position\":6,\"name\":\"SINGAPORE skrivebordslampe\"}]},{\"@type\":\"WebSite\",\"@id\":\"https:\/\/matting.se\/da\/#website\",\"url\":\"https:\/\/matting.se\/da\/\",\"name\":\"Matting\",\"description\":\"\",\"potentialAction\":[{\"@type\":\"SearchAction\",\"target\":{\"@type\":\"EntryPoint\",\"urlTemplate\":\"https:\/\/matting.se\/da\/?s={search_term_string}\"},\"query-input\":{\"@type\":\"PropertyValueSpecification\",\"valueRequired\":true,\"valueName\":\"search_term_string\"}}],\"inLanguage\":\"da-DK\"}]}<\/script>\n<!-- \/ Yoast SEO plugin. -->","yoast_head_json":{"title":"SINGAPORE skrivebordslampe - Matting","description":"SINGAPORE skrivebordslampe - Se Mattings h\u00e5llbara koncept och produkter f\u00f6r publika milj\u00f6er, arbetsplatser och skolor.","robots":{"index":"index","follow":"follow","max-snippet":"max-snippet:-1","max-image-preview":"max-image-preview:large","max-video-preview":"max-video-preview:-1"},"canonical":"https:\/\/matting.se\/da\/produkt\/singapore-skrivebordslampe\/","og_locale":"da_DK","og_type":"article","og_title":"SINGAPORE skrivebordslampe - Matting","og_description":"SINGAPORE skrivebordslampe - Se Mattings h\u00e5llbara koncept och produkter f\u00f6r publika milj\u00f6er, arbetsplatser och skolor.","og_url":"https:\/\/matting.se\/da\/produkt\/singapore-skrivebordslampe\/","og_site_name":"Matting","article_modified_time":"2024-02-27T15:04:40+00:00","og_image":[{"width":800,"height":800,"url":"https:\/\/matting.se\/wp-content\/uploads\/2021\/01\/775740_SINGAPORE_black_front.jpg","type":"image\/jpeg"}],"twitter_card":"summary_large_image","twitter_misc":{"Estimeret l\u00e6setid":"1 minut"},"schema":{"@context":"https:\/\/schema.org","@graph":[{"@type":["WebPage","ItemPage"],"@id":"https:\/\/matting.se\/da\/produkt\/singapore-skrivebordslampe\/","url":"https:\/\/matting.se\/da\/produkt\/singapore-skrivebordslampe\/","name":"SINGAPORE skrivebordslampe - Matting","isPartOf":{"@id":"https:\/\/matting.se\/da\/#website"},"primaryImageOfPage":{"@id":"https:\/\/matting.se\/da\/produkt\/singapore-skrivebordslampe\/#primaryimage"},"image":{"@id":"https:\/\/matting.se\/da\/produkt\/singapore-skrivebordslampe\/#primaryimage"},"thumbnailUrl":"https:\/\/matting.se\/wp-content\/uploads\/2021\/01\/775740_SINGAPORE_black_front.jpg","datePublished":"2022-02-11T08:51:53+00:00","dateModified":"2024-02-27T15:04:40+00:00","description":"SINGAPORE skrivebordslampe - Se Mattings h\u00e5llbara koncept och produkter f\u00f6r publika milj\u00f6er, arbetsplatser och skolor.","breadcrumb":{"@id":"https:\/\/matting.se\/da\/produkt\/singapore-skrivebordslampe\/#breadcrumb"},"inLanguage":"da-DK","potentialAction":[{"@type":"ReadAction","target":["https:\/\/matting.se\/da\/produkt\/singapore-skrivebordslampe\/"]}]},{"@type":"ImageObject","inLanguage":"da-DK","@id":"https:\/\/matting.se\/da\/produkt\/singapore-skrivebordslampe\/#primaryimage","url":"https:\/\/matting.se\/wp-content\/uploads\/2021\/01\/775740_SINGAPORE_black_front.jpg","contentUrl":"https:\/\/matting.se\/wp-content\/uploads\/2021\/01\/775740_SINGAPORE_black_front.jpg","width":800,"height":800},{"@type":"BreadcrumbList","@id":"https:\/\/matting.se\/da\/produkt\/singapore-skrivebordslampe\/#breadcrumb","itemListElement":[{"@type":"ListItem","position":1,"name":"Hem","item":"https:\/\/matting.se\/da\/"},{"@type":"ListItem","position":2,"name":"Shop","item":"https:\/\/matting.se\/shop\/"},{"@type":"ListItem","position":3,"name":"Matting Interior","item":"https:\/\/matting.se\/da\/produkt-kategori\/matting-interior-da\/"},{"@type":"ListItem","position":4,"name":"Belysning","item":"https:\/\/matting.se\/da\/produkt-kategori\/matting-interior-da\/belysning-mi-da\/"},{"@type":"ListItem","position":5,"name":"Belysning til skrivebordet MI","item":"https:\/\/matting.se\/da\/produkt-kategori\/matting-interior-da\/belysning-mi-da\/belysning-til-skrivebordet-mi\/"},{"@type":"ListItem","position":6,"name":"SINGAPORE skrivebordslampe"}]},{"@type":"WebSite","@id":"https:\/\/matting.se\/da\/#website","url":"https:\/\/matting.se\/da\/","name":"Matting","description":"","potentialAction":[{"@type":"SearchAction","target":{"@type":"EntryPoint","urlTemplate":"https:\/\/matting.se\/da\/?s={search_term_string}"},"query-input":{"@type":"PropertyValueSpecification","valueRequired":true,"valueName":"search_term_string"}}],"inLanguage":"da-DK"}]}},"_links":{"self":[{"href":"https:\/\/matting.se\/da\/wp-json\/wp\/v2\/product\/247271","targetHints":{"allow":["GET"]}}],"collection":[{"href":"https:\/\/matting.se\/da\/wp-json\/wp\/v2\/product"}],"about":[{"href":"https:\/\/matting.se\/da\/wp-json\/wp\/v2\/types\/product"}],"wp:featuredmedia":[{"embeddable":true,"href":"https:\/\/matting.se\/da\/wp-json\/wp\/v2\/media\/237118"}],"wp:attachment":[{"href":"https:\/\/matting.se\/da\/wp-json\/wp\/v2\/media?parent=247271"}],"wp:term":[{"taxonomy":"product_brand","embeddable":true,"href":"https:\/\/matting.se\/da\/wp-json\/wp\/v2\/product_brand?post=247271"},{"taxonomy":"product_cat","embeddable":true,"href":"https:\/\/matting.se\/da\/wp-json\/wp\/v2\/product_cat?post=247271"},{"taxonomy":"product_tag","embeddable":true,"href":"https:\/\/matting.se\/da\/wp-json\/wp\/v2\/product_tag?post=247271"}],"curies":[{"name":"wp","href":"https:\/\/api.w.org\/{rel}","templated":true}]}}