{"id":247257,"date":"2022-02-03T07:39:42","date_gmt":"2022-02-03T07:39:42","guid":{"rendered":"https:\/\/matting.se\/produkt\/choice-stolehynde-i-uldstof-blazer\/"},"modified":"2024-02-02T12:55:48","modified_gmt":"2024-02-02T11:55:48","slug":"choice-stolehynde-i-uldstof-blazer","status":"publish","type":"product","link":"https:\/\/matting.se\/da\/produkt\/choice-stolehynde-i-uldstof-blazer\/","title":{"rendered":"CHOICE stolehynde i uldstof Blazer"},"content":{"rendered":"<p>StandUp CHOICE stolehynde er et aftageligt bl\u00f8dt s\u00e6de til CHOICE stolen for bedre komfort.<\/p>\n<p>Dette s\u00e6de har Blazer-stof fremstillet af 100% naturlig uld. Polstringen af vat og skum er fremstillet af genanvendt affaldsmateriale.<br \/>\nSkummet i s\u00e6det er udskifteligt for lang levetid og cirkul\u00e6rt flow.<\/p>\n<p>Hynden fastg\u00f8res nemt til s\u00e6det med velcro.<\/p>\n<p>CHOICE-stolehynden f\u00e5s som standard i en r\u00e6kke forskellige stoffer og farver. Vi har ogs\u00e5 et bestillingssortiment med flere farver og stoffer. Hvis du har s\u00e6rlige \u00f8nsker, som ikke er inkluderet i vores sortiment, kan stolehynderne ogs\u00e5 f\u00e5s som specialbestilling. Kontakt os for et tilbud, hvis du har s\u00e6rlige \u00f8nsker.<\/p>\n<p>&nbsp;<\/p>\n<p><strong>Mere information<\/strong><\/p>\n<p><a href=\"https:\/\/matting.se\/wp-content\/uploads\/2022\/03\/StandUp-CHOICE-broschyr_SE.pdf\" target=\"_blank\" rel=\"noopener\">StandUp CHOICE-brochure<\/a><br \/>\n<a href=\"\/\/matting.se\/wp-content\/uploads\/2024\/01\/MOUTING-INSTRUCTION_CHOICE.pdf\" target=\"_blank\" rel=\"noopener\">Monteringsvejledning<\/a><\/p>\n","protected":false},"excerpt":{"rendered":"<p>StandUp CHOICE stolehynde er et aftageligt bl\u00f8dt s\u00e6de til CHOICE stolen for bedre komfort. Dette s\u00e6de har Blazer-stof fremstillet af 100% naturlig uld. Polstringen af vat og skum er fremstillet af genanvendt affaldsmateriale. Skummet i s\u00e6det er udskifteligt for lang levetid og cirkul\u00e6rt flow. Hynden fastg\u00f8res nemt til s\u00e6det med velcro. CHOICE-stolehynden f\u00e5s som standard [&hellip;]<\/p>\n","protected":false},"featured_media":240748,"template":"","meta":{"_et_pb_use_builder":"","_et_pb_old_content":"","_et_gb_content_width":""},"product_brand":[],"product_cat":[220,186,221,289],"product_tag":[],"class_list":{"0":"post-247257","1":"product","2":"type-product","3":"status-publish","4":"has-post-thumbnail","6":"product_cat-mobler-da","7":"product_cat-matting-interior-da","8":"product_cat-siddemobler-mi","9":"product_cat-stolehynder-mi","11":"first","12":"outofstock","13":"taxable","14":"shipping-taxable","15":"purchasable","16":"product-type-variable","17":"has-default-attributes"},"yoast_head":"<!-- This site is optimized with the Yoast SEO plugin v25.6 - https:\/\/yoast.com\/wordpress\/plugins\/seo\/ -->\n<title>CHOICE stolehynde i uldstof Blazer - Matting<\/title>\n<meta name=\"description\" content=\"CHOICE stolehynde i uldstof Blazer - Se Mattings h\u00e5llbara koncept och produkter f\u00f6r publika milj\u00f6er, arbetsplatser och skolor.\" \/>\n<meta name=\"robots\" content=\"index, follow, max-snippet:-1, max-image-preview:large, max-video-preview:-1\" \/>\n<link rel=\"canonical\" href=\"https:\/\/matting.se\/da\/produkt\/choice-stolehynde-i-uldstof-blazer\/\" \/>\n<meta property=\"og:locale\" content=\"da_DK\" \/>\n<meta property=\"og:type\" content=\"article\" \/>\n<meta property=\"og:title\" content=\"CHOICE stolehynde i uldstof Blazer - Matting\" \/>\n<meta property=\"og:description\" content=\"CHOICE stolehynde i uldstof Blazer - Se Mattings h\u00e5llbara koncept och produkter f\u00f6r publika milj\u00f6er, arbetsplatser och skolor.\" \/>\n<meta property=\"og:url\" content=\"https:\/\/matting.se\/da\/produkt\/choice-stolehynde-i-uldstof-blazer\/\" \/>\n<meta property=\"og:site_name\" content=\"Matting\" \/>\n<meta property=\"article:modified_time\" content=\"2024-02-02T11:55:48+00:00\" \/>\n<meta property=\"og:image\" content=\"https:\/\/matting.se\/wp-content\/uploads\/2022\/02\/CHOICES_cushion_fabric_grey.gif\" \/>\n\t<meta property=\"og:image:width\" content=\"800\" \/>\n\t<meta property=\"og:image:height\" content=\"800\" \/>\n\t<meta property=\"og:image:type\" content=\"image\/gif\" \/>\n<meta name=\"twitter:card\" content=\"summary_large_image\" \/>\n<meta name=\"twitter:label1\" content=\"Estimeret l\u00e6setid\" \/>\n\t<meta name=\"twitter:data1\" content=\"1 minut\" \/>\n<script type=\"application\/ld+json\" class=\"yoast-schema-graph\">{\"@context\":\"https:\/\/schema.org\",\"@graph\":[{\"@type\":[\"WebPage\",\"ItemPage\"],\"@id\":\"https:\/\/matting.se\/da\/produkt\/choice-stolehynde-i-uldstof-blazer\/\",\"url\":\"https:\/\/matting.se\/da\/produkt\/choice-stolehynde-i-uldstof-blazer\/\",\"name\":\"CHOICE stolehynde i uldstof Blazer - Matting\",\"isPartOf\":{\"@id\":\"https:\/\/matting.se\/da\/#website\"},\"primaryImageOfPage\":{\"@id\":\"https:\/\/matting.se\/da\/produkt\/choice-stolehynde-i-uldstof-blazer\/#primaryimage\"},\"image\":{\"@id\":\"https:\/\/matting.se\/da\/produkt\/choice-stolehynde-i-uldstof-blazer\/#primaryimage\"},\"thumbnailUrl\":\"https:\/\/matting.se\/wp-content\/uploads\/2022\/02\/CHOICES_cushion_fabric_grey.gif\",\"datePublished\":\"2022-02-03T07:39:42+00:00\",\"dateModified\":\"2024-02-02T11:55:48+00:00\",\"description\":\"CHOICE stolehynde i uldstof Blazer - Se Mattings h\u00e5llbara koncept och produkter f\u00f6r publika milj\u00f6er, arbetsplatser och skolor.\",\"breadcrumb\":{\"@id\":\"https:\/\/matting.se\/da\/produkt\/choice-stolehynde-i-uldstof-blazer\/#breadcrumb\"},\"inLanguage\":\"da-DK\",\"potentialAction\":[{\"@type\":\"ReadAction\",\"target\":[\"https:\/\/matting.se\/da\/produkt\/choice-stolehynde-i-uldstof-blazer\/\"]}]},{\"@type\":\"ImageObject\",\"inLanguage\":\"da-DK\",\"@id\":\"https:\/\/matting.se\/da\/produkt\/choice-stolehynde-i-uldstof-blazer\/#primaryimage\",\"url\":\"https:\/\/matting.se\/wp-content\/uploads\/2022\/02\/CHOICES_cushion_fabric_grey.gif\",\"contentUrl\":\"https:\/\/matting.se\/wp-content\/uploads\/2022\/02\/CHOICES_cushion_fabric_grey.gif\",\"width\":800,\"height\":800},{\"@type\":\"BreadcrumbList\",\"@id\":\"https:\/\/matting.se\/da\/produkt\/choice-stolehynde-i-uldstof-blazer\/#breadcrumb\",\"itemListElement\":[{\"@type\":\"ListItem\",\"position\":1,\"name\":\"Hem\",\"item\":\"https:\/\/matting.se\/da\/\"},{\"@type\":\"ListItem\",\"position\":2,\"name\":\"Shop\",\"item\":\"https:\/\/matting.se\/shop\/\"},{\"@type\":\"ListItem\",\"position\":3,\"name\":\"Matting Interior\",\"item\":\"https:\/\/matting.se\/da\/produkt-kategori\/matting-interior-da\/\"},{\"@type\":\"ListItem\",\"position\":4,\"name\":\"Siddem\u00f8bler\",\"item\":\"https:\/\/matting.se\/da\/produkt-kategori\/matting-interior-da\/siddemobler-mi\/\"},{\"@type\":\"ListItem\",\"position\":5,\"name\":\"Stolehynder MI\",\"item\":\"https:\/\/matting.se\/da\/produkt-kategori\/matting-interior-da\/siddemobler-mi\/stolehynder-mi\/\"},{\"@type\":\"ListItem\",\"position\":6,\"name\":\"CHOICE stolehynde i uldstof Blazer\"}]},{\"@type\":\"WebSite\",\"@id\":\"https:\/\/matting.se\/da\/#website\",\"url\":\"https:\/\/matting.se\/da\/\",\"name\":\"Matting\",\"description\":\"\",\"potentialAction\":[{\"@type\":\"SearchAction\",\"target\":{\"@type\":\"EntryPoint\",\"urlTemplate\":\"https:\/\/matting.se\/da\/?s={search_term_string}\"},\"query-input\":{\"@type\":\"PropertyValueSpecification\",\"valueRequired\":true,\"valueName\":\"search_term_string\"}}],\"inLanguage\":\"da-DK\"}]}<\/script>\n<!-- \/ Yoast SEO plugin. -->","yoast_head_json":{"title":"CHOICE stolehynde i uldstof Blazer - Matting","description":"CHOICE stolehynde i uldstof Blazer - Se Mattings h\u00e5llbara koncept och produkter f\u00f6r publika milj\u00f6er, arbetsplatser och skolor.","robots":{"index":"index","follow":"follow","max-snippet":"max-snippet:-1","max-image-preview":"max-image-preview:large","max-video-preview":"max-video-preview:-1"},"canonical":"https:\/\/matting.se\/da\/produkt\/choice-stolehynde-i-uldstof-blazer\/","og_locale":"da_DK","og_type":"article","og_title":"CHOICE stolehynde i uldstof Blazer - Matting","og_description":"CHOICE stolehynde i uldstof Blazer - Se Mattings h\u00e5llbara koncept och produkter f\u00f6r publika milj\u00f6er, arbetsplatser och skolor.","og_url":"https:\/\/matting.se\/da\/produkt\/choice-stolehynde-i-uldstof-blazer\/","og_site_name":"Matting","article_modified_time":"2024-02-02T11:55:48+00:00","og_image":[{"width":800,"height":800,"url":"https:\/\/matting.se\/wp-content\/uploads\/2022\/02\/CHOICES_cushion_fabric_grey.gif","type":"image\/gif"}],"twitter_card":"summary_large_image","twitter_misc":{"Estimeret l\u00e6setid":"1 minut"},"schema":{"@context":"https:\/\/schema.org","@graph":[{"@type":["WebPage","ItemPage"],"@id":"https:\/\/matting.se\/da\/produkt\/choice-stolehynde-i-uldstof-blazer\/","url":"https:\/\/matting.se\/da\/produkt\/choice-stolehynde-i-uldstof-blazer\/","name":"CHOICE stolehynde i uldstof Blazer - Matting","isPartOf":{"@id":"https:\/\/matting.se\/da\/#website"},"primaryImageOfPage":{"@id":"https:\/\/matting.se\/da\/produkt\/choice-stolehynde-i-uldstof-blazer\/#primaryimage"},"image":{"@id":"https:\/\/matting.se\/da\/produkt\/choice-stolehynde-i-uldstof-blazer\/#primaryimage"},"thumbnailUrl":"https:\/\/matting.se\/wp-content\/uploads\/2022\/02\/CHOICES_cushion_fabric_grey.gif","datePublished":"2022-02-03T07:39:42+00:00","dateModified":"2024-02-02T11:55:48+00:00","description":"CHOICE stolehynde i uldstof Blazer - Se Mattings h\u00e5llbara koncept och produkter f\u00f6r publika milj\u00f6er, arbetsplatser och skolor.","breadcrumb":{"@id":"https:\/\/matting.se\/da\/produkt\/choice-stolehynde-i-uldstof-blazer\/#breadcrumb"},"inLanguage":"da-DK","potentialAction":[{"@type":"ReadAction","target":["https:\/\/matting.se\/da\/produkt\/choice-stolehynde-i-uldstof-blazer\/"]}]},{"@type":"ImageObject","inLanguage":"da-DK","@id":"https:\/\/matting.se\/da\/produkt\/choice-stolehynde-i-uldstof-blazer\/#primaryimage","url":"https:\/\/matting.se\/wp-content\/uploads\/2022\/02\/CHOICES_cushion_fabric_grey.gif","contentUrl":"https:\/\/matting.se\/wp-content\/uploads\/2022\/02\/CHOICES_cushion_fabric_grey.gif","width":800,"height":800},{"@type":"BreadcrumbList","@id":"https:\/\/matting.se\/da\/produkt\/choice-stolehynde-i-uldstof-blazer\/#breadcrumb","itemListElement":[{"@type":"ListItem","position":1,"name":"Hem","item":"https:\/\/matting.se\/da\/"},{"@type":"ListItem","position":2,"name":"Shop","item":"https:\/\/matting.se\/shop\/"},{"@type":"ListItem","position":3,"name":"Matting Interior","item":"https:\/\/matting.se\/da\/produkt-kategori\/matting-interior-da\/"},{"@type":"ListItem","position":4,"name":"Siddem\u00f8bler","item":"https:\/\/matting.se\/da\/produkt-kategori\/matting-interior-da\/siddemobler-mi\/"},{"@type":"ListItem","position":5,"name":"Stolehynder MI","item":"https:\/\/matting.se\/da\/produkt-kategori\/matting-interior-da\/siddemobler-mi\/stolehynder-mi\/"},{"@type":"ListItem","position":6,"name":"CHOICE stolehynde i uldstof Blazer"}]},{"@type":"WebSite","@id":"https:\/\/matting.se\/da\/#website","url":"https:\/\/matting.se\/da\/","name":"Matting","description":"","potentialAction":[{"@type":"SearchAction","target":{"@type":"EntryPoint","urlTemplate":"https:\/\/matting.se\/da\/?s={search_term_string}"},"query-input":{"@type":"PropertyValueSpecification","valueRequired":true,"valueName":"search_term_string"}}],"inLanguage":"da-DK"}]}},"_links":{"self":[{"href":"https:\/\/matting.se\/da\/wp-json\/wp\/v2\/product\/247257","targetHints":{"allow":["GET"]}}],"collection":[{"href":"https:\/\/matting.se\/da\/wp-json\/wp\/v2\/product"}],"about":[{"href":"https:\/\/matting.se\/da\/wp-json\/wp\/v2\/types\/product"}],"wp:featuredmedia":[{"embeddable":true,"href":"https:\/\/matting.se\/da\/wp-json\/wp\/v2\/media\/240748"}],"wp:attachment":[{"href":"https:\/\/matting.se\/da\/wp-json\/wp\/v2\/media?parent=247257"}],"wp:term":[{"taxonomy":"product_brand","embeddable":true,"href":"https:\/\/matting.se\/da\/wp-json\/wp\/v2\/product_brand?post=247257"},{"taxonomy":"product_cat","embeddable":true,"href":"https:\/\/matting.se\/da\/wp-json\/wp\/v2\/product_cat?post=247257"},{"taxonomy":"product_tag","embeddable":true,"href":"https:\/\/matting.se\/da\/wp-json\/wp\/v2\/product_tag?post=247257"}],"curies":[{"name":"wp","href":"https:\/\/api.w.org\/{rel}","templated":true}]}}