{"id":247234,"date":"2021-10-05T12:05:52","date_gmt":"2021-10-05T12:05:52","guid":{"rendered":"https:\/\/matting.se\/produkt\/screen-bordskaerm\/"},"modified":"2023-12-18T11:09:33","modified_gmt":"2023-12-18T11:09:33","slug":"screen-bordskaerm","status":"publish","type":"product","link":"https:\/\/matting.se\/da\/produkt\/screen-bordskaerm\/","title":{"rendered":"SCREEN bordsk\u00e6rm"},"content":{"rendered":"<p>StandUp SCREEN-skrivebordssk\u00e6rmen er en sammenklappelig, lydabsorberende og adskillende skrivebordssk\u00e6rm, der skaber ro eller privatliv p\u00e5 kontoret eller i studiemilj\u00f8et.<\/p>\n<p>Bordsk\u00e6rmen har en kerne af stabil, genanvendelig kanalplast. Ydersiden er bekl\u00e6dt med det OEKO-tex-certificerede Hush-stof fra Gabriel, et meleret stof med et tuftet look. Interi\u00f8ret er bekl\u00e6dt med det OEKO-tex-certificerede Noble Lux-stof fra Eurotex. Et ruskindslignende stof, der giver indersiden liv og bl\u00f8dhed.<\/p>\n<p>Vores sk\u00e6rme kan ogs\u00e5 bestilles i mange forskellige farver, stofkvaliteter og materialer.<br \/>\nDu kan finde en liste over vores udvalgte kundetilpassede sortiment i brochuren nedenfor, men vi producerer ogs\u00e5 sk\u00e6rme baseret p\u00e5 kundespecifikke \u00f8nsker. Sp\u00f8rg os, hvis du har s\u00e6rlige \u00f8nsker til stoffer, materialer osv.<\/p>\n<p>Med \u00f8jet kan du h\u00e6nge sk\u00e6rmen op, n\u00e5r den ikke er i brug.<\/p>\n<p>Opbevar og h\u00e6ng den med vores HOOK bordkrog, HOOK v\u00e6gkrog, HANGER gulvstativ eller STORAGE opbevaringsm\u00f8bel.<\/p>\n<p><a href=\"https:\/\/www.gabriel.dk\/en\/fabrics\/textile\/Hush\/57675\">Fakta om Hush.<\/a><\/p>\n<p><a href=\"https:\/\/www.eurotex2000.com\/wp-content\/uploads\/2016\/04\/Noble-Lux.pdf\">Fakta om Noble Lux.<\/a><\/p>\n","protected":false},"excerpt":{"rendered":"<p>StandUp SCREEN-skrivebordssk\u00e6rmen er en sammenklappelig, lydabsorberende og adskillende skrivebordssk\u00e6rm, der skaber ro eller privatliv p\u00e5 kontoret eller i studiemilj\u00f8et. Bordsk\u00e6rmen har en kerne af stabil, genanvendelig kanalplast. Ydersiden er bekl\u00e6dt med det OEKO-tex-certificerede Hush-stof fra Gabriel, et meleret stof med et tuftet look. Interi\u00f8ret er bekl\u00e6dt med det OEKO-tex-certificerede Noble Lux-stof fra Eurotex. Et ruskindslignende [&hellip;]<\/p>\n","protected":false},"featured_media":238072,"template":"","meta":{"_et_pb_use_builder":"","_et_pb_old_content":"","_et_gb_content_width":""},"product_brand":[],"product_cat":[265,186,266,267],"product_tag":[],"class_list":{"0":"post-247234","1":"product","2":"type-product","3":"status-publish","4":"has-post-thumbnail","6":"product_cat-tabelskaerme","7":"product_cat-matting-interior-da","8":"product_cat-skaerme-mi","9":"product_cat-bordskaerme-mi","11":"first","12":"instock","13":"taxable","14":"shipping-taxable","15":"purchasable","16":"product-type-variable","17":"has-default-attributes"},"yoast_head":"<!-- This site is optimized with the Yoast SEO plugin v25.6 - https:\/\/yoast.com\/wordpress\/plugins\/seo\/ -->\n<title>SCREEN bordsk\u00e6rm - Matting<\/title>\n<meta name=\"description\" content=\"SCREEN bordsk\u00e6rm - Se Mattings h\u00e5llbara koncept och produkter f\u00f6r publika milj\u00f6er, arbetsplatser och skolor.\" \/>\n<meta name=\"robots\" content=\"index, follow, max-snippet:-1, max-image-preview:large, max-video-preview:-1\" \/>\n<link rel=\"canonical\" href=\"https:\/\/matting.se\/da\/produkt\/screen-bordskaerm\/\" \/>\n<meta property=\"og:locale\" content=\"da_DK\" \/>\n<meta property=\"og:type\" content=\"article\" \/>\n<meta property=\"og:title\" content=\"SCREEN bordsk\u00e6rm - Matting\" \/>\n<meta property=\"og:description\" content=\"SCREEN bordsk\u00e6rm - Se Mattings h\u00e5llbara koncept och produkter f\u00f6r publika milj\u00f6er, arbetsplatser och skolor.\" \/>\n<meta property=\"og:url\" content=\"https:\/\/matting.se\/da\/produkt\/screen-bordskaerm\/\" \/>\n<meta property=\"og:site_name\" content=\"Matting\" \/>\n<meta property=\"article:modified_time\" content=\"2023-12-18T11:09:33+00:00\" \/>\n<meta property=\"og:image\" content=\"https:\/\/matting.se\/wp-content\/uploads\/2021\/03\/801023_SCREEN-desk_58cm_grey-grey_side.jpg\" \/>\n\t<meta property=\"og:image:width\" content=\"800\" \/>\n\t<meta property=\"og:image:height\" content=\"800\" \/>\n\t<meta property=\"og:image:type\" content=\"image\/jpeg\" \/>\n<meta name=\"twitter:card\" content=\"summary_large_image\" \/>\n<meta name=\"twitter:label1\" content=\"Estimeret l\u00e6setid\" \/>\n\t<meta name=\"twitter:data1\" content=\"1 minut\" \/>\n<script type=\"application\/ld+json\" class=\"yoast-schema-graph\">{\"@context\":\"https:\/\/schema.org\",\"@graph\":[{\"@type\":[\"WebPage\",\"ItemPage\"],\"@id\":\"https:\/\/matting.se\/da\/produkt\/screen-bordskaerm\/\",\"url\":\"https:\/\/matting.se\/da\/produkt\/screen-bordskaerm\/\",\"name\":\"SCREEN bordsk\u00e6rm - Matting\",\"isPartOf\":{\"@id\":\"https:\/\/matting.se\/da\/#website\"},\"primaryImageOfPage\":{\"@id\":\"https:\/\/matting.se\/da\/produkt\/screen-bordskaerm\/#primaryimage\"},\"image\":{\"@id\":\"https:\/\/matting.se\/da\/produkt\/screen-bordskaerm\/#primaryimage\"},\"thumbnailUrl\":\"https:\/\/matting.se\/wp-content\/uploads\/2021\/03\/801023_SCREEN-desk_58cm_grey-grey_side.jpg\",\"datePublished\":\"2021-10-05T12:05:52+00:00\",\"dateModified\":\"2023-12-18T11:09:33+00:00\",\"description\":\"SCREEN bordsk\u00e6rm - Se Mattings h\u00e5llbara koncept och produkter f\u00f6r publika milj\u00f6er, arbetsplatser och skolor.\",\"breadcrumb\":{\"@id\":\"https:\/\/matting.se\/da\/produkt\/screen-bordskaerm\/#breadcrumb\"},\"inLanguage\":\"da-DK\",\"potentialAction\":[{\"@type\":\"ReadAction\",\"target\":[\"https:\/\/matting.se\/da\/produkt\/screen-bordskaerm\/\"]}]},{\"@type\":\"ImageObject\",\"inLanguage\":\"da-DK\",\"@id\":\"https:\/\/matting.se\/da\/produkt\/screen-bordskaerm\/#primaryimage\",\"url\":\"https:\/\/matting.se\/wp-content\/uploads\/2021\/03\/801023_SCREEN-desk_58cm_grey-grey_side.jpg\",\"contentUrl\":\"https:\/\/matting.se\/wp-content\/uploads\/2021\/03\/801023_SCREEN-desk_58cm_grey-grey_side.jpg\",\"width\":800,\"height\":800},{\"@type\":\"BreadcrumbList\",\"@id\":\"https:\/\/matting.se\/da\/produkt\/screen-bordskaerm\/#breadcrumb\",\"itemListElement\":[{\"@type\":\"ListItem\",\"position\":1,\"name\":\"Hem\",\"item\":\"https:\/\/matting.se\/da\/\"},{\"@type\":\"ListItem\",\"position\":2,\"name\":\"Shop\",\"item\":\"https:\/\/matting.se\/shop\/\"},{\"@type\":\"ListItem\",\"position\":3,\"name\":\"Matting Interior\",\"item\":\"https:\/\/matting.se\/da\/produkt-kategori\/matting-interior-da\/\"},{\"@type\":\"ListItem\",\"position\":4,\"name\":\"Sk\u00e6rme\",\"item\":\"https:\/\/matting.se\/da\/produkt-kategori\/matting-interior-da\/skaerme-mi\/\"},{\"@type\":\"ListItem\",\"position\":5,\"name\":\"Bordsk\u00e6rme MI\",\"item\":\"https:\/\/matting.se\/da\/produkt-kategori\/matting-interior-da\/skaerme-mi\/bordskaerme-mi\/\"},{\"@type\":\"ListItem\",\"position\":6,\"name\":\"SCREEN bordsk\u00e6rm\"}]},{\"@type\":\"WebSite\",\"@id\":\"https:\/\/matting.se\/da\/#website\",\"url\":\"https:\/\/matting.se\/da\/\",\"name\":\"Matting\",\"description\":\"\",\"potentialAction\":[{\"@type\":\"SearchAction\",\"target\":{\"@type\":\"EntryPoint\",\"urlTemplate\":\"https:\/\/matting.se\/da\/?s={search_term_string}\"},\"query-input\":{\"@type\":\"PropertyValueSpecification\",\"valueRequired\":true,\"valueName\":\"search_term_string\"}}],\"inLanguage\":\"da-DK\"}]}<\/script>\n<!-- \/ Yoast SEO plugin. -->","yoast_head_json":{"title":"SCREEN bordsk\u00e6rm - Matting","description":"SCREEN bordsk\u00e6rm - Se Mattings h\u00e5llbara koncept och produkter f\u00f6r publika milj\u00f6er, arbetsplatser och skolor.","robots":{"index":"index","follow":"follow","max-snippet":"max-snippet:-1","max-image-preview":"max-image-preview:large","max-video-preview":"max-video-preview:-1"},"canonical":"https:\/\/matting.se\/da\/produkt\/screen-bordskaerm\/","og_locale":"da_DK","og_type":"article","og_title":"SCREEN bordsk\u00e6rm - Matting","og_description":"SCREEN bordsk\u00e6rm - Se Mattings h\u00e5llbara koncept och produkter f\u00f6r publika milj\u00f6er, arbetsplatser och skolor.","og_url":"https:\/\/matting.se\/da\/produkt\/screen-bordskaerm\/","og_site_name":"Matting","article_modified_time":"2023-12-18T11:09:33+00:00","og_image":[{"width":800,"height":800,"url":"https:\/\/matting.se\/wp-content\/uploads\/2021\/03\/801023_SCREEN-desk_58cm_grey-grey_side.jpg","type":"image\/jpeg"}],"twitter_card":"summary_large_image","twitter_misc":{"Estimeret l\u00e6setid":"1 minut"},"schema":{"@context":"https:\/\/schema.org","@graph":[{"@type":["WebPage","ItemPage"],"@id":"https:\/\/matting.se\/da\/produkt\/screen-bordskaerm\/","url":"https:\/\/matting.se\/da\/produkt\/screen-bordskaerm\/","name":"SCREEN bordsk\u00e6rm - Matting","isPartOf":{"@id":"https:\/\/matting.se\/da\/#website"},"primaryImageOfPage":{"@id":"https:\/\/matting.se\/da\/produkt\/screen-bordskaerm\/#primaryimage"},"image":{"@id":"https:\/\/matting.se\/da\/produkt\/screen-bordskaerm\/#primaryimage"},"thumbnailUrl":"https:\/\/matting.se\/wp-content\/uploads\/2021\/03\/801023_SCREEN-desk_58cm_grey-grey_side.jpg","datePublished":"2021-10-05T12:05:52+00:00","dateModified":"2023-12-18T11:09:33+00:00","description":"SCREEN bordsk\u00e6rm - Se Mattings h\u00e5llbara koncept och produkter f\u00f6r publika milj\u00f6er, arbetsplatser och skolor.","breadcrumb":{"@id":"https:\/\/matting.se\/da\/produkt\/screen-bordskaerm\/#breadcrumb"},"inLanguage":"da-DK","potentialAction":[{"@type":"ReadAction","target":["https:\/\/matting.se\/da\/produkt\/screen-bordskaerm\/"]}]},{"@type":"ImageObject","inLanguage":"da-DK","@id":"https:\/\/matting.se\/da\/produkt\/screen-bordskaerm\/#primaryimage","url":"https:\/\/matting.se\/wp-content\/uploads\/2021\/03\/801023_SCREEN-desk_58cm_grey-grey_side.jpg","contentUrl":"https:\/\/matting.se\/wp-content\/uploads\/2021\/03\/801023_SCREEN-desk_58cm_grey-grey_side.jpg","width":800,"height":800},{"@type":"BreadcrumbList","@id":"https:\/\/matting.se\/da\/produkt\/screen-bordskaerm\/#breadcrumb","itemListElement":[{"@type":"ListItem","position":1,"name":"Hem","item":"https:\/\/matting.se\/da\/"},{"@type":"ListItem","position":2,"name":"Shop","item":"https:\/\/matting.se\/shop\/"},{"@type":"ListItem","position":3,"name":"Matting Interior","item":"https:\/\/matting.se\/da\/produkt-kategori\/matting-interior-da\/"},{"@type":"ListItem","position":4,"name":"Sk\u00e6rme","item":"https:\/\/matting.se\/da\/produkt-kategori\/matting-interior-da\/skaerme-mi\/"},{"@type":"ListItem","position":5,"name":"Bordsk\u00e6rme MI","item":"https:\/\/matting.se\/da\/produkt-kategori\/matting-interior-da\/skaerme-mi\/bordskaerme-mi\/"},{"@type":"ListItem","position":6,"name":"SCREEN bordsk\u00e6rm"}]},{"@type":"WebSite","@id":"https:\/\/matting.se\/da\/#website","url":"https:\/\/matting.se\/da\/","name":"Matting","description":"","potentialAction":[{"@type":"SearchAction","target":{"@type":"EntryPoint","urlTemplate":"https:\/\/matting.se\/da\/?s={search_term_string}"},"query-input":{"@type":"PropertyValueSpecification","valueRequired":true,"valueName":"search_term_string"}}],"inLanguage":"da-DK"}]}},"_links":{"self":[{"href":"https:\/\/matting.se\/da\/wp-json\/wp\/v2\/product\/247234","targetHints":{"allow":["GET"]}}],"collection":[{"href":"https:\/\/matting.se\/da\/wp-json\/wp\/v2\/product"}],"about":[{"href":"https:\/\/matting.se\/da\/wp-json\/wp\/v2\/types\/product"}],"wp:featuredmedia":[{"embeddable":true,"href":"https:\/\/matting.se\/da\/wp-json\/wp\/v2\/media\/238072"}],"wp:attachment":[{"href":"https:\/\/matting.se\/da\/wp-json\/wp\/v2\/media?parent=247234"}],"wp:term":[{"taxonomy":"product_brand","embeddable":true,"href":"https:\/\/matting.se\/da\/wp-json\/wp\/v2\/product_brand?post=247234"},{"taxonomy":"product_cat","embeddable":true,"href":"https:\/\/matting.se\/da\/wp-json\/wp\/v2\/product_cat?post=247234"},{"taxonomy":"product_tag","embeddable":true,"href":"https:\/\/matting.se\/da\/wp-json\/wp\/v2\/product_tag?post=247234"}],"curies":[{"name":"wp","href":"https:\/\/api.w.org\/{rel}","templated":true}]}}