{"id":247161,"date":"2022-01-26T07:08:18","date_gmt":"2022-01-26T07:08:18","guid":{"rendered":"https:\/\/matting.se\/produkt\/vila-hundeunderlag\/"},"modified":"2023-12-18T11:09:33","modified_gmt":"2023-12-18T11:09:33","slug":"vila-hundeunderlag","status":"publish","type":"product","link":"https:\/\/matting.se\/da\/produkt\/vila-hundeunderlag\/","title":{"rendered":"VILA hundeunderlag"},"content":{"rendered":"<p>VILA-hundepuden giver din hund en perfekt og behagelig hvile, s\u00e5 du, der arbejder hjemmefra, kan f\u00e5 fred og ro. VILA er en letplejet og fleksibel pude, der er nem at flytte og rulle sammen.<\/p>\n<p>VILA passer perfekt p\u00e5 din hjemmearbejdsplads, p\u00e5 kontoret eller i dit hundebur. Hynden er nem at holde ren og er modstandsdygtig over for snavs. Den er derfor ogs\u00e5 velegnet til hundedagpleje og andre offentlige steder med h\u00f8je krav til renlighed.<\/p>\n<p>Kan nemt skylles under vand eller t\u00f8rres af med et mildt reng\u00f8ringsmiddel.<\/p>\n<p>M\u00e5l: 61 x 91 cm<br \/>\nTykkelse: 9 mm<\/p>\n","protected":false},"excerpt":{"rendered":"<p>VILA-hundepuden giver din hund en perfekt og behagelig hvile, s\u00e5 du, der arbejder hjemmefra, kan f\u00e5 fred og ro. VILA er en letplejet og fleksibel pude, der er nem at flytte og rulle sammen. VILA passer perfekt p\u00e5 din hjemmearbejdsplads, p\u00e5 kontoret eller i dit hundebur. Hynden er nem at holde ren og er modstandsdygtig [&hellip;]<\/p>\n","protected":false},"featured_media":240568,"template":"","meta":{"_et_pb_use_builder":"","_et_pb_old_content":"","_et_gb_content_width":""},"product_brand":[],"product_cat":[281],"product_tag":[],"class_list":{"0":"post-247161","1":"product","2":"type-product","3":"status-publish","4":"has-post-thumbnail","6":"product_cat-andet-inkl-smidighed","8":"first","9":"instock","10":"taxable","11":"shipping-taxable","12":"purchasable","13":"product-type-variable","14":"has-default-attributes"},"yoast_head":"<!-- This site is optimized with the Yoast SEO plugin v25.6 - https:\/\/yoast.com\/wordpress\/plugins\/seo\/ -->\n<title>VILA hundeunderlag - Matting<\/title>\n<meta name=\"description\" content=\"VILA hundeunderlag - Se Mattings h\u00e5llbara koncept och produkter f\u00f6r publika milj\u00f6er, arbetsplatser och skolor.\" \/>\n<meta name=\"robots\" content=\"index, follow, max-snippet:-1, max-image-preview:large, max-video-preview:-1\" \/>\n<link rel=\"canonical\" href=\"https:\/\/matting.se\/da\/produkt\/vila-hundeunderlag\/\" \/>\n<meta property=\"og:locale\" content=\"da_DK\" \/>\n<meta property=\"og:type\" content=\"article\" \/>\n<meta property=\"og:title\" content=\"VILA hundeunderlag - Matting\" \/>\n<meta property=\"og:description\" content=\"VILA hundeunderlag - Se Mattings h\u00e5llbara koncept och produkter f\u00f6r publika milj\u00f6er, arbetsplatser och skolor.\" \/>\n<meta property=\"og:url\" content=\"https:\/\/matting.se\/da\/produkt\/vila-hundeunderlag\/\" \/>\n<meta property=\"og:site_name\" content=\"Matting\" \/>\n<meta property=\"article:modified_time\" content=\"2023-12-18T11:09:33+00:00\" \/>\n<meta property=\"og:image\" content=\"https:\/\/matting.se\/wp-content\/uploads\/2022\/01\/213230_VILA_dogcushion_61x91cm_grey_dog_1.jpg\" \/>\n\t<meta property=\"og:image:width\" content=\"800\" \/>\n\t<meta property=\"og:image:height\" content=\"800\" \/>\n\t<meta property=\"og:image:type\" content=\"image\/jpeg\" \/>\n<meta name=\"twitter:card\" content=\"summary_large_image\" \/>\n<script type=\"application\/ld+json\" class=\"yoast-schema-graph\">{\"@context\":\"https:\/\/schema.org\",\"@graph\":[{\"@type\":[\"WebPage\",\"ItemPage\"],\"@id\":\"https:\/\/matting.se\/da\/produkt\/vila-hundeunderlag\/\",\"url\":\"https:\/\/matting.se\/da\/produkt\/vila-hundeunderlag\/\",\"name\":\"VILA hundeunderlag - Matting\",\"isPartOf\":{\"@id\":\"https:\/\/matting.se\/da\/#website\"},\"primaryImageOfPage\":{\"@id\":\"https:\/\/matting.se\/da\/produkt\/vila-hundeunderlag\/#primaryimage\"},\"image\":{\"@id\":\"https:\/\/matting.se\/da\/produkt\/vila-hundeunderlag\/#primaryimage\"},\"thumbnailUrl\":\"https:\/\/matting.se\/wp-content\/uploads\/2022\/01\/213230_VILA_dogcushion_61x91cm_grey_dog_1.jpg\",\"datePublished\":\"2022-01-26T07:08:18+00:00\",\"dateModified\":\"2023-12-18T11:09:33+00:00\",\"description\":\"VILA hundeunderlag - Se Mattings h\u00e5llbara koncept och produkter f\u00f6r publika milj\u00f6er, arbetsplatser och skolor.\",\"breadcrumb\":{\"@id\":\"https:\/\/matting.se\/da\/produkt\/vila-hundeunderlag\/#breadcrumb\"},\"inLanguage\":\"da-DK\",\"potentialAction\":[{\"@type\":\"ReadAction\",\"target\":[\"https:\/\/matting.se\/da\/produkt\/vila-hundeunderlag\/\"]}]},{\"@type\":\"ImageObject\",\"inLanguage\":\"da-DK\",\"@id\":\"https:\/\/matting.se\/da\/produkt\/vila-hundeunderlag\/#primaryimage\",\"url\":\"https:\/\/matting.se\/wp-content\/uploads\/2022\/01\/213230_VILA_dogcushion_61x91cm_grey_dog_1.jpg\",\"contentUrl\":\"https:\/\/matting.se\/wp-content\/uploads\/2022\/01\/213230_VILA_dogcushion_61x91cm_grey_dog_1.jpg\",\"width\":800,\"height\":800},{\"@type\":\"BreadcrumbList\",\"@id\":\"https:\/\/matting.se\/da\/produkt\/vila-hundeunderlag\/#breadcrumb\",\"itemListElement\":[{\"@type\":\"ListItem\",\"position\":1,\"name\":\"Hem\",\"item\":\"https:\/\/matting.se\/da\/\"},{\"@type\":\"ListItem\",\"position\":2,\"name\":\"Shop\",\"item\":\"https:\/\/matting.se\/shop\/\"},{\"@type\":\"ListItem\",\"position\":3,\"name\":\"Andet inkl. smidighed\",\"item\":\"https:\/\/matting.se\/da\/produkt-kategori\/andet-inkl-smidighed\/\"},{\"@type\":\"ListItem\",\"position\":4,\"name\":\"VILA hundeunderlag\"}]},{\"@type\":\"WebSite\",\"@id\":\"https:\/\/matting.se\/da\/#website\",\"url\":\"https:\/\/matting.se\/da\/\",\"name\":\"Matting\",\"description\":\"\",\"potentialAction\":[{\"@type\":\"SearchAction\",\"target\":{\"@type\":\"EntryPoint\",\"urlTemplate\":\"https:\/\/matting.se\/da\/?s={search_term_string}\"},\"query-input\":{\"@type\":\"PropertyValueSpecification\",\"valueRequired\":true,\"valueName\":\"search_term_string\"}}],\"inLanguage\":\"da-DK\"}]}<\/script>\n<!-- \/ Yoast SEO plugin. -->","yoast_head_json":{"title":"VILA hundeunderlag - Matting","description":"VILA hundeunderlag - Se Mattings h\u00e5llbara koncept och produkter f\u00f6r publika milj\u00f6er, arbetsplatser och skolor.","robots":{"index":"index","follow":"follow","max-snippet":"max-snippet:-1","max-image-preview":"max-image-preview:large","max-video-preview":"max-video-preview:-1"},"canonical":"https:\/\/matting.se\/da\/produkt\/vila-hundeunderlag\/","og_locale":"da_DK","og_type":"article","og_title":"VILA hundeunderlag - Matting","og_description":"VILA hundeunderlag - Se Mattings h\u00e5llbara koncept och produkter f\u00f6r publika milj\u00f6er, arbetsplatser och skolor.","og_url":"https:\/\/matting.se\/da\/produkt\/vila-hundeunderlag\/","og_site_name":"Matting","article_modified_time":"2023-12-18T11:09:33+00:00","og_image":[{"width":800,"height":800,"url":"https:\/\/matting.se\/wp-content\/uploads\/2022\/01\/213230_VILA_dogcushion_61x91cm_grey_dog_1.jpg","type":"image\/jpeg"}],"twitter_card":"summary_large_image","schema":{"@context":"https:\/\/schema.org","@graph":[{"@type":["WebPage","ItemPage"],"@id":"https:\/\/matting.se\/da\/produkt\/vila-hundeunderlag\/","url":"https:\/\/matting.se\/da\/produkt\/vila-hundeunderlag\/","name":"VILA hundeunderlag - Matting","isPartOf":{"@id":"https:\/\/matting.se\/da\/#website"},"primaryImageOfPage":{"@id":"https:\/\/matting.se\/da\/produkt\/vila-hundeunderlag\/#primaryimage"},"image":{"@id":"https:\/\/matting.se\/da\/produkt\/vila-hundeunderlag\/#primaryimage"},"thumbnailUrl":"https:\/\/matting.se\/wp-content\/uploads\/2022\/01\/213230_VILA_dogcushion_61x91cm_grey_dog_1.jpg","datePublished":"2022-01-26T07:08:18+00:00","dateModified":"2023-12-18T11:09:33+00:00","description":"VILA hundeunderlag - Se Mattings h\u00e5llbara koncept och produkter f\u00f6r publika milj\u00f6er, arbetsplatser och skolor.","breadcrumb":{"@id":"https:\/\/matting.se\/da\/produkt\/vila-hundeunderlag\/#breadcrumb"},"inLanguage":"da-DK","potentialAction":[{"@type":"ReadAction","target":["https:\/\/matting.se\/da\/produkt\/vila-hundeunderlag\/"]}]},{"@type":"ImageObject","inLanguage":"da-DK","@id":"https:\/\/matting.se\/da\/produkt\/vila-hundeunderlag\/#primaryimage","url":"https:\/\/matting.se\/wp-content\/uploads\/2022\/01\/213230_VILA_dogcushion_61x91cm_grey_dog_1.jpg","contentUrl":"https:\/\/matting.se\/wp-content\/uploads\/2022\/01\/213230_VILA_dogcushion_61x91cm_grey_dog_1.jpg","width":800,"height":800},{"@type":"BreadcrumbList","@id":"https:\/\/matting.se\/da\/produkt\/vila-hundeunderlag\/#breadcrumb","itemListElement":[{"@type":"ListItem","position":1,"name":"Hem","item":"https:\/\/matting.se\/da\/"},{"@type":"ListItem","position":2,"name":"Shop","item":"https:\/\/matting.se\/shop\/"},{"@type":"ListItem","position":3,"name":"Andet inkl. smidighed","item":"https:\/\/matting.se\/da\/produkt-kategori\/andet-inkl-smidighed\/"},{"@type":"ListItem","position":4,"name":"VILA hundeunderlag"}]},{"@type":"WebSite","@id":"https:\/\/matting.se\/da\/#website","url":"https:\/\/matting.se\/da\/","name":"Matting","description":"","potentialAction":[{"@type":"SearchAction","target":{"@type":"EntryPoint","urlTemplate":"https:\/\/matting.se\/da\/?s={search_term_string}"},"query-input":{"@type":"PropertyValueSpecification","valueRequired":true,"valueName":"search_term_string"}}],"inLanguage":"da-DK"}]}},"_links":{"self":[{"href":"https:\/\/matting.se\/da\/wp-json\/wp\/v2\/product\/247161","targetHints":{"allow":["GET"]}}],"collection":[{"href":"https:\/\/matting.se\/da\/wp-json\/wp\/v2\/product"}],"about":[{"href":"https:\/\/matting.se\/da\/wp-json\/wp\/v2\/types\/product"}],"wp:featuredmedia":[{"embeddable":true,"href":"https:\/\/matting.se\/da\/wp-json\/wp\/v2\/media\/240568"}],"wp:attachment":[{"href":"https:\/\/matting.se\/da\/wp-json\/wp\/v2\/media?parent=247161"}],"wp:term":[{"taxonomy":"product_brand","embeddable":true,"href":"https:\/\/matting.se\/da\/wp-json\/wp\/v2\/product_brand?post=247161"},{"taxonomy":"product_cat","embeddable":true,"href":"https:\/\/matting.se\/da\/wp-json\/wp\/v2\/product_cat?post=247161"},{"taxonomy":"product_tag","embeddable":true,"href":"https:\/\/matting.se\/da\/wp-json\/wp\/v2\/product_tag?post=247161"}],"curies":[{"name":"wp","href":"https:\/\/api.w.org\/{rel}","templated":true}]}}