{"id":247127,"date":"2021-05-24T12:46:58","date_gmt":"2021-05-24T12:46:58","guid":{"rendered":"https:\/\/matting.se\/produkt\/pop-mini-gym-se\/"},"modified":"2023-12-18T11:09:36","modified_gmt":"2023-12-18T11:09:36","slug":"pop-mini-gym-se","status":"publish","type":"product","link":"https:\/\/matting.se\/da\/produkt\/pop-mini-gym-se\/","title":{"rendered":"POP mini-gym SE"},"content":{"rendered":"<p>POP er et bev\u00e6gelseskoncept eller en simpel mini-gym &#8211; udviklet af studerende &#8211; til studerende.<br \/>\nDen er designet til folkeskoleelever, s\u00e5 de kan bruge den i l\u00f8bet af skoledagen.<\/p>\n<p>POP er installeret i eller i n\u00e6rheden af klassev\u00e6relset, og eleven kan g\u00e5 derhen alene eller i par for at f\u00f8lge forskellige \u00f8velser og dermed effektivt bev\u00e6ge sig eller slappe af.<\/p>\n<p>Det tager cirka fem minutter at f\u00f8lge hele tr\u00e6ningsprogrammet.<\/p>\n<p>Det fysiske milj\u00f8 er af stor betydning for skolens l\u00e6ringsmilj\u00f8. Motion g\u00f8r dig mere v\u00e5gen og glad, forbedrer koncentrationen og kreativiteten. Aktuel hjerneforskning viser, at en kort, aktiv pause i undervisningen sk\u00e6rper hjernens evne til at absorbere, bearbejde og genkende information.<br \/>\nog huske information.<\/p>\n<p>POP-konceptet er baseret p\u00e5 forskning, men ogs\u00e5 udviklet af kreative studerende og undervisere.<br \/>\nDet bliver et praktisk hverdagsredskab, der giver ny energi, nedbryder stillesiddende adf\u00e6rd og bidrager til studiero, og det kan ogs\u00e5 knyttes til l\u00e6seplanen.<\/p>\n<p>POP indeholder:<\/p>\n<p>1 l\u00e6rervejledning med forslag til lektionsplanl\u00e6gning.<br \/>\n1 stykke for\u00e6ldreinformation.<br \/>\n9 farverige, bl\u00f8de og lydabsorberende puslespilsm\u00e5tter i stykker, der m\u00e5ler 52 x 52 cm (1,5 x 1,5 meter).<br \/>\n4 lydisolerende v\u00e6gplader.<br \/>\n1 halv balancekugle og tilh\u00f8rende pumpe.<br \/>\n1 s\u00e6t bl\u00f8de h\u00e5ndv\u00e6gte 2 x 1 kg.<br \/>\n2 bl\u00f8de v\u00e6gtposer med foldede h\u00e5ndtag. N\u00e5r h\u00e5ndtagene er foldet ud, bliver v\u00e6gtposen til en bl\u00f8d &#8220;kettlebell&#8221;.<br \/>\n2 elastikker med modstand.<br \/>\n8 tr\u00e6knopper med skruer til oph\u00e6ngning.<br \/>\n2 instruktionstavler\/skilte med \u00f8velser\/aktiviteter.<\/p>\n<p>Du f\u00e5r ogs\u00e5 to opbevaringsposer i stof til oph\u00e6ngning af gulvfliser og halvkuglen. Puslespilsm\u00e5tterne er nemme at tage af og reng\u00f8re.<\/p>\n<p>Garanti: 2 \u00e5r<\/p>\n","protected":false},"excerpt":{"rendered":"<p>POP er et bev\u00e6gelseskoncept eller en simpel mini-gym &#8211; udviklet af studerende &#8211; til studerende. Den er designet til folkeskoleelever, s\u00e5 de kan bruge den i l\u00f8bet af skoledagen. POP er installeret i eller i n\u00e6rheden af klassev\u00e6relset, og eleven kan g\u00e5 derhen alene eller i par for at f\u00f8lge forskellige \u00f8velser og dermed effektivt [&hellip;]<\/p>\n","protected":false},"featured_media":238762,"template":"","meta":{"_et_pb_use_builder":"","_et_pb_old_content":"","_et_gb_content_width":""},"product_brand":[],"product_cat":[276],"product_tag":[],"class_list":{"0":"post-247127","1":"product","2":"type-product","3":"status-publish","4":"has-post-thumbnail","6":"product_cat-koncept-for-aktiviteter","8":"first","9":"outofstock","10":"taxable","11":"shipping-taxable","12":"purchasable","13":"product-type-variable","14":"has-default-attributes"},"yoast_head":"<!-- This site is optimized with the Yoast SEO plugin v25.6 - https:\/\/yoast.com\/wordpress\/plugins\/seo\/ -->\n<title>POP mini-gym SE - Matting<\/title>\n<meta name=\"description\" content=\"POP mini-gym SE - Se Mattings h\u00e5llbara koncept och produkter f\u00f6r publika milj\u00f6er, arbetsplatser och skolor.\" \/>\n<meta name=\"robots\" content=\"index, follow, max-snippet:-1, max-image-preview:large, max-video-preview:-1\" \/>\n<link rel=\"canonical\" href=\"https:\/\/matting.se\/da\/produkt\/pop-mini-gym-se\/\" \/>\n<meta property=\"og:locale\" content=\"da_DK\" \/>\n<meta property=\"og:type\" content=\"article\" \/>\n<meta property=\"og:title\" content=\"POP mini-gym SE - Matting\" \/>\n<meta property=\"og:description\" content=\"POP mini-gym SE - Se Mattings h\u00e5llbara koncept och produkter f\u00f6r publika milj\u00f6er, arbetsplatser och skolor.\" \/>\n<meta property=\"og:url\" content=\"https:\/\/matting.se\/da\/produkt\/pop-mini-gym-se\/\" \/>\n<meta property=\"og:site_name\" content=\"Matting\" \/>\n<meta property=\"article:modified_time\" content=\"2023-12-18T11:09:36+00:00\" \/>\n<meta property=\"og:image\" content=\"https:\/\/matting.se\/wp-content\/uploads\/2021\/05\/809800_POP_minigym_SE.jpg\" \/>\n\t<meta property=\"og:image:width\" content=\"800\" \/>\n\t<meta property=\"og:image:height\" content=\"800\" \/>\n\t<meta property=\"og:image:type\" content=\"image\/jpeg\" \/>\n<meta name=\"twitter:card\" content=\"summary_large_image\" \/>\n<meta name=\"twitter:label1\" content=\"Estimeret l\u00e6setid\" \/>\n\t<meta name=\"twitter:data1\" content=\"1 minut\" \/>\n<script type=\"application\/ld+json\" class=\"yoast-schema-graph\">{\"@context\":\"https:\/\/schema.org\",\"@graph\":[{\"@type\":[\"WebPage\",\"ItemPage\"],\"@id\":\"https:\/\/matting.se\/da\/produkt\/pop-mini-gym-se\/\",\"url\":\"https:\/\/matting.se\/da\/produkt\/pop-mini-gym-se\/\",\"name\":\"POP mini-gym SE - Matting\",\"isPartOf\":{\"@id\":\"https:\/\/matting.se\/da\/#website\"},\"primaryImageOfPage\":{\"@id\":\"https:\/\/matting.se\/da\/produkt\/pop-mini-gym-se\/#primaryimage\"},\"image\":{\"@id\":\"https:\/\/matting.se\/da\/produkt\/pop-mini-gym-se\/#primaryimage\"},\"thumbnailUrl\":\"https:\/\/matting.se\/wp-content\/uploads\/2021\/05\/809800_POP_minigym_SE.jpg\",\"datePublished\":\"2021-05-24T12:46:58+00:00\",\"dateModified\":\"2023-12-18T11:09:36+00:00\",\"description\":\"POP mini-gym SE - Se Mattings h\u00e5llbara koncept och produkter f\u00f6r publika milj\u00f6er, arbetsplatser och skolor.\",\"breadcrumb\":{\"@id\":\"https:\/\/matting.se\/da\/produkt\/pop-mini-gym-se\/#breadcrumb\"},\"inLanguage\":\"da-DK\",\"potentialAction\":[{\"@type\":\"ReadAction\",\"target\":[\"https:\/\/matting.se\/da\/produkt\/pop-mini-gym-se\/\"]}]},{\"@type\":\"ImageObject\",\"inLanguage\":\"da-DK\",\"@id\":\"https:\/\/matting.se\/da\/produkt\/pop-mini-gym-se\/#primaryimage\",\"url\":\"https:\/\/matting.se\/wp-content\/uploads\/2021\/05\/809800_POP_minigym_SE.jpg\",\"contentUrl\":\"https:\/\/matting.se\/wp-content\/uploads\/2021\/05\/809800_POP_minigym_SE.jpg\",\"width\":800,\"height\":800},{\"@type\":\"BreadcrumbList\",\"@id\":\"https:\/\/matting.se\/da\/produkt\/pop-mini-gym-se\/#breadcrumb\",\"itemListElement\":[{\"@type\":\"ListItem\",\"position\":1,\"name\":\"Hem\",\"item\":\"https:\/\/matting.se\/da\/\"},{\"@type\":\"ListItem\",\"position\":2,\"name\":\"Shop\",\"item\":\"https:\/\/matting.se\/shop\/\"},{\"@type\":\"ListItem\",\"position\":3,\"name\":\"Koncept for aktiviteter\",\"item\":\"https:\/\/matting.se\/da\/produkt-kategori\/koncept-for-aktiviteter\/\"},{\"@type\":\"ListItem\",\"position\":4,\"name\":\"POP mini-gym SE\"}]},{\"@type\":\"WebSite\",\"@id\":\"https:\/\/matting.se\/da\/#website\",\"url\":\"https:\/\/matting.se\/da\/\",\"name\":\"Matting\",\"description\":\"\",\"potentialAction\":[{\"@type\":\"SearchAction\",\"target\":{\"@type\":\"EntryPoint\",\"urlTemplate\":\"https:\/\/matting.se\/da\/?s={search_term_string}\"},\"query-input\":{\"@type\":\"PropertyValueSpecification\",\"valueRequired\":true,\"valueName\":\"search_term_string\"}}],\"inLanguage\":\"da-DK\"}]}<\/script>\n<!-- \/ Yoast SEO plugin. -->","yoast_head_json":{"title":"POP mini-gym SE - Matting","description":"POP mini-gym SE - Se Mattings h\u00e5llbara koncept och produkter f\u00f6r publika milj\u00f6er, arbetsplatser och skolor.","robots":{"index":"index","follow":"follow","max-snippet":"max-snippet:-1","max-image-preview":"max-image-preview:large","max-video-preview":"max-video-preview:-1"},"canonical":"https:\/\/matting.se\/da\/produkt\/pop-mini-gym-se\/","og_locale":"da_DK","og_type":"article","og_title":"POP mini-gym SE - Matting","og_description":"POP mini-gym SE - Se Mattings h\u00e5llbara koncept och produkter f\u00f6r publika milj\u00f6er, arbetsplatser och skolor.","og_url":"https:\/\/matting.se\/da\/produkt\/pop-mini-gym-se\/","og_site_name":"Matting","article_modified_time":"2023-12-18T11:09:36+00:00","og_image":[{"width":800,"height":800,"url":"https:\/\/matting.se\/wp-content\/uploads\/2021\/05\/809800_POP_minigym_SE.jpg","type":"image\/jpeg"}],"twitter_card":"summary_large_image","twitter_misc":{"Estimeret l\u00e6setid":"1 minut"},"schema":{"@context":"https:\/\/schema.org","@graph":[{"@type":["WebPage","ItemPage"],"@id":"https:\/\/matting.se\/da\/produkt\/pop-mini-gym-se\/","url":"https:\/\/matting.se\/da\/produkt\/pop-mini-gym-se\/","name":"POP mini-gym SE - Matting","isPartOf":{"@id":"https:\/\/matting.se\/da\/#website"},"primaryImageOfPage":{"@id":"https:\/\/matting.se\/da\/produkt\/pop-mini-gym-se\/#primaryimage"},"image":{"@id":"https:\/\/matting.se\/da\/produkt\/pop-mini-gym-se\/#primaryimage"},"thumbnailUrl":"https:\/\/matting.se\/wp-content\/uploads\/2021\/05\/809800_POP_minigym_SE.jpg","datePublished":"2021-05-24T12:46:58+00:00","dateModified":"2023-12-18T11:09:36+00:00","description":"POP mini-gym SE - Se Mattings h\u00e5llbara koncept och produkter f\u00f6r publika milj\u00f6er, arbetsplatser och skolor.","breadcrumb":{"@id":"https:\/\/matting.se\/da\/produkt\/pop-mini-gym-se\/#breadcrumb"},"inLanguage":"da-DK","potentialAction":[{"@type":"ReadAction","target":["https:\/\/matting.se\/da\/produkt\/pop-mini-gym-se\/"]}]},{"@type":"ImageObject","inLanguage":"da-DK","@id":"https:\/\/matting.se\/da\/produkt\/pop-mini-gym-se\/#primaryimage","url":"https:\/\/matting.se\/wp-content\/uploads\/2021\/05\/809800_POP_minigym_SE.jpg","contentUrl":"https:\/\/matting.se\/wp-content\/uploads\/2021\/05\/809800_POP_minigym_SE.jpg","width":800,"height":800},{"@type":"BreadcrumbList","@id":"https:\/\/matting.se\/da\/produkt\/pop-mini-gym-se\/#breadcrumb","itemListElement":[{"@type":"ListItem","position":1,"name":"Hem","item":"https:\/\/matting.se\/da\/"},{"@type":"ListItem","position":2,"name":"Shop","item":"https:\/\/matting.se\/shop\/"},{"@type":"ListItem","position":3,"name":"Koncept for aktiviteter","item":"https:\/\/matting.se\/da\/produkt-kategori\/koncept-for-aktiviteter\/"},{"@type":"ListItem","position":4,"name":"POP mini-gym SE"}]},{"@type":"WebSite","@id":"https:\/\/matting.se\/da\/#website","url":"https:\/\/matting.se\/da\/","name":"Matting","description":"","potentialAction":[{"@type":"SearchAction","target":{"@type":"EntryPoint","urlTemplate":"https:\/\/matting.se\/da\/?s={search_term_string}"},"query-input":{"@type":"PropertyValueSpecification","valueRequired":true,"valueName":"search_term_string"}}],"inLanguage":"da-DK"}]}},"_links":{"self":[{"href":"https:\/\/matting.se\/da\/wp-json\/wp\/v2\/product\/247127","targetHints":{"allow":["GET"]}}],"collection":[{"href":"https:\/\/matting.se\/da\/wp-json\/wp\/v2\/product"}],"about":[{"href":"https:\/\/matting.se\/da\/wp-json\/wp\/v2\/types\/product"}],"wp:featuredmedia":[{"embeddable":true,"href":"https:\/\/matting.se\/da\/wp-json\/wp\/v2\/media\/238762"}],"wp:attachment":[{"href":"https:\/\/matting.se\/da\/wp-json\/wp\/v2\/media?parent=247127"}],"wp:term":[{"taxonomy":"product_brand","embeddable":true,"href":"https:\/\/matting.se\/da\/wp-json\/wp\/v2\/product_brand?post=247127"},{"taxonomy":"product_cat","embeddable":true,"href":"https:\/\/matting.se\/da\/wp-json\/wp\/v2\/product_cat?post=247127"},{"taxonomy":"product_tag","embeddable":true,"href":"https:\/\/matting.se\/da\/wp-json\/wp\/v2\/product_tag?post=247127"}],"curies":[{"name":"wp","href":"https:\/\/api.w.org\/{rel}","templated":true}]}}