{"id":247121,"date":"2021-05-24T12:45:23","date_gmt":"2021-05-24T12:45:23","guid":{"rendered":"https:\/\/matting.se\/produkt\/trapets-gruppebord\/"},"modified":"2023-12-18T11:09:37","modified_gmt":"2023-12-18T11:09:37","slug":"trapets-gruppebord","status":"publish","type":"product","link":"https:\/\/matting.se\/da\/produkt\/trapets-gruppebord\/","title":{"rendered":"TRAPETS gruppebord"},"content":{"rendered":"<p>StandUp TRAPETS er et manuelt h\u00f8jdejusterbart bord uden elektrisk tilslutning.  <\/p>\n<p>TRAPETS har en trapezformet bordplade til fleksibel konstruktion, ideel til gruppekonstellationer, f\u00e6llesomr\u00e5der osv.  <\/p>\n<p>Det er et fleksibelt og letplaceret h\u00e6ve-s\u00e6nke-bord i tidl\u00f8st skandinavisk design, som er optimalt til gruppekonstellationer, studiemilj\u00f8er, projektgrupper, touch-down-arbejdspladser, co-working-omr\u00e5der og konferenceomr\u00e5der.<br \/>\nBordpladens trapezformede design er specielt designet til at skabe s\u00e5 meget bordoverflade som muligt p\u00e5 en lille gulvplads og dermed spare plads. Bordet er velegnet til arbejdspladsen, klassev\u00e6relset eller hjemmekontoret. Bordpladens design er ogs\u00e5 velegnet til placering i hj\u00f8rner.<br \/>\nTRAPETS kan h\u00e6ves og s\u00e6nkes manuelt uden behov for en elektrisk forbindelse, hvilket g\u00f8r det meget nemt at placere og indrette. Ingen grund til at bekymre sig om elektriske forbindelser og ingen ledninger p\u00e5 gulvet.  <\/p>\n<p>Som ekstraudstyr f\u00e5s bordet ogs\u00e5 med en foldbar plade og hjul foran.  <\/p>\n<p>Bordet kan nemt h\u00e6ves og s\u00e6nkes med et h\u00e5ndtag p\u00e5 siden.<br \/>\nTRAPETS bruger en gasfjeder, der g\u00f8r det mere end dobbelt s\u00e5 hurtigt at h\u00e6ve og s\u00e6nke end et elektrisk bord eller et bord med h\u00e5ndsving.<br \/>\nMinimumsh\u00f8jden er 75 cm, maksimumsh\u00f8jden er 119 cm.<\/p>\n<p>StandUp Trapets f\u00e5s i flere farver og overflader.  <\/p>\n<p>Fremstillet i Sverige af b\u00e6redygtige materialer.  <\/p>\n<p>Designet af Dan Ihreborn.<\/p>\n","protected":false},"excerpt":{"rendered":"<p>StandUp TRAPETS er et manuelt h\u00f8jdejusterbart bord uden elektrisk tilslutning. TRAPETS har en trapezformet bordplade til fleksibel konstruktion, ideel til gruppekonstellationer, f\u00e6llesomr\u00e5der osv. Det er et fleksibelt og letplaceret h\u00e6ve-s\u00e6nke-bord i tidl\u00f8st skandinavisk design, som er optimalt til gruppekonstellationer, studiemilj\u00f8er, projektgrupper, touch-down-arbejdspladser, co-working-omr\u00e5der og konferenceomr\u00e5der. Bordpladens trapezformede design er specielt designet til at skabe s\u00e5 [&hellip;]<\/p>\n","protected":false},"featured_media":239290,"template":"","meta":{"_et_pb_use_builder":"","_et_pb_old_content":"","_et_gb_content_width":""},"product_brand":[],"product_cat":[275],"product_tag":[],"class_list":{"0":"post-247121","1":"product","2":"type-product","3":"status-publish","4":"has-post-thumbnail","6":"product_cat-gruppetabel","7":"product_shipping_class-stor","9":"first","10":"outofstock","11":"taxable","12":"shipping-taxable","13":"purchasable","14":"product-type-variable","15":"has-default-attributes"},"yoast_head":"<!-- This site is optimized with the Yoast SEO plugin v25.6 - https:\/\/yoast.com\/wordpress\/plugins\/seo\/ -->\n<title>TRAPETS gruppebord - Matting<\/title>\n<meta name=\"description\" content=\"TRAPETS gruppebord - Se Mattings h\u00e5llbara koncept och produkter f\u00f6r publika milj\u00f6er, arbetsplatser och skolor.\" \/>\n<meta name=\"robots\" content=\"index, follow, max-snippet:-1, max-image-preview:large, max-video-preview:-1\" \/>\n<link rel=\"canonical\" href=\"https:\/\/matting.se\/da\/produkt\/trapets-gruppebord\/\" \/>\n<meta property=\"og:locale\" content=\"da_DK\" \/>\n<meta property=\"og:type\" content=\"article\" \/>\n<meta property=\"og:title\" content=\"TRAPETS gruppebord - Matting\" \/>\n<meta property=\"og:description\" content=\"TRAPETS gruppebord - Se Mattings h\u00e5llbara koncept och produkter f\u00f6r publika milj\u00f6er, arbetsplatser och skolor.\" \/>\n<meta property=\"og:url\" content=\"https:\/\/matting.se\/da\/produkt\/trapets-gruppebord\/\" \/>\n<meta property=\"og:site_name\" content=\"Matting\" \/>\n<meta property=\"article:modified_time\" content=\"2023-12-18T11:09:37+00:00\" \/>\n<meta property=\"og:image\" content=\"https:\/\/matting.se\/wp-content\/uploads\/2021\/05\/809570_TRAPETS_grey_side.jpg\" \/>\n\t<meta property=\"og:image:width\" content=\"800\" \/>\n\t<meta property=\"og:image:height\" content=\"800\" \/>\n\t<meta property=\"og:image:type\" content=\"image\/jpeg\" \/>\n<meta name=\"twitter:card\" content=\"summary_large_image\" \/>\n<meta name=\"twitter:label1\" content=\"Estimeret l\u00e6setid\" \/>\n\t<meta name=\"twitter:data1\" content=\"1 minut\" \/>\n<script type=\"application\/ld+json\" class=\"yoast-schema-graph\">{\"@context\":\"https:\/\/schema.org\",\"@graph\":[{\"@type\":[\"WebPage\",\"ItemPage\"],\"@id\":\"https:\/\/matting.se\/da\/produkt\/trapets-gruppebord\/\",\"url\":\"https:\/\/matting.se\/da\/produkt\/trapets-gruppebord\/\",\"name\":\"TRAPETS gruppebord - Matting\",\"isPartOf\":{\"@id\":\"https:\/\/matting.se\/da\/#website\"},\"primaryImageOfPage\":{\"@id\":\"https:\/\/matting.se\/da\/produkt\/trapets-gruppebord\/#primaryimage\"},\"image\":{\"@id\":\"https:\/\/matting.se\/da\/produkt\/trapets-gruppebord\/#primaryimage\"},\"thumbnailUrl\":\"https:\/\/matting.se\/wp-content\/uploads\/2021\/05\/809570_TRAPETS_grey_side.jpg\",\"datePublished\":\"2021-05-24T12:45:23+00:00\",\"dateModified\":\"2023-12-18T11:09:37+00:00\",\"description\":\"TRAPETS gruppebord - Se Mattings h\u00e5llbara koncept och produkter f\u00f6r publika milj\u00f6er, arbetsplatser och skolor.\",\"breadcrumb\":{\"@id\":\"https:\/\/matting.se\/da\/produkt\/trapets-gruppebord\/#breadcrumb\"},\"inLanguage\":\"da-DK\",\"potentialAction\":[{\"@type\":\"ReadAction\",\"target\":[\"https:\/\/matting.se\/da\/produkt\/trapets-gruppebord\/\"]}]},{\"@type\":\"ImageObject\",\"inLanguage\":\"da-DK\",\"@id\":\"https:\/\/matting.se\/da\/produkt\/trapets-gruppebord\/#primaryimage\",\"url\":\"https:\/\/matting.se\/wp-content\/uploads\/2021\/05\/809570_TRAPETS_grey_side.jpg\",\"contentUrl\":\"https:\/\/matting.se\/wp-content\/uploads\/2021\/05\/809570_TRAPETS_grey_side.jpg\",\"width\":800,\"height\":800},{\"@type\":\"BreadcrumbList\",\"@id\":\"https:\/\/matting.se\/da\/produkt\/trapets-gruppebord\/#breadcrumb\",\"itemListElement\":[{\"@type\":\"ListItem\",\"position\":1,\"name\":\"Hem\",\"item\":\"https:\/\/matting.se\/da\/\"},{\"@type\":\"ListItem\",\"position\":2,\"name\":\"Shop\",\"item\":\"https:\/\/matting.se\/shop\/\"},{\"@type\":\"ListItem\",\"position\":3,\"name\":\"Gruppetabel\",\"item\":\"https:\/\/matting.se\/da\/produkt-kategori\/gruppetabel\/\"},{\"@type\":\"ListItem\",\"position\":4,\"name\":\"TRAPETS gruppebord\"}]},{\"@type\":\"WebSite\",\"@id\":\"https:\/\/matting.se\/da\/#website\",\"url\":\"https:\/\/matting.se\/da\/\",\"name\":\"Matting\",\"description\":\"\",\"potentialAction\":[{\"@type\":\"SearchAction\",\"target\":{\"@type\":\"EntryPoint\",\"urlTemplate\":\"https:\/\/matting.se\/da\/?s={search_term_string}\"},\"query-input\":{\"@type\":\"PropertyValueSpecification\",\"valueRequired\":true,\"valueName\":\"search_term_string\"}}],\"inLanguage\":\"da-DK\"}]}<\/script>\n<!-- \/ Yoast SEO plugin. -->","yoast_head_json":{"title":"TRAPETS gruppebord - Matting","description":"TRAPETS gruppebord - Se Mattings h\u00e5llbara koncept och produkter f\u00f6r publika milj\u00f6er, arbetsplatser och skolor.","robots":{"index":"index","follow":"follow","max-snippet":"max-snippet:-1","max-image-preview":"max-image-preview:large","max-video-preview":"max-video-preview:-1"},"canonical":"https:\/\/matting.se\/da\/produkt\/trapets-gruppebord\/","og_locale":"da_DK","og_type":"article","og_title":"TRAPETS gruppebord - Matting","og_description":"TRAPETS gruppebord - Se Mattings h\u00e5llbara koncept och produkter f\u00f6r publika milj\u00f6er, arbetsplatser och skolor.","og_url":"https:\/\/matting.se\/da\/produkt\/trapets-gruppebord\/","og_site_name":"Matting","article_modified_time":"2023-12-18T11:09:37+00:00","og_image":[{"width":800,"height":800,"url":"https:\/\/matting.se\/wp-content\/uploads\/2021\/05\/809570_TRAPETS_grey_side.jpg","type":"image\/jpeg"}],"twitter_card":"summary_large_image","twitter_misc":{"Estimeret l\u00e6setid":"1 minut"},"schema":{"@context":"https:\/\/schema.org","@graph":[{"@type":["WebPage","ItemPage"],"@id":"https:\/\/matting.se\/da\/produkt\/trapets-gruppebord\/","url":"https:\/\/matting.se\/da\/produkt\/trapets-gruppebord\/","name":"TRAPETS gruppebord - Matting","isPartOf":{"@id":"https:\/\/matting.se\/da\/#website"},"primaryImageOfPage":{"@id":"https:\/\/matting.se\/da\/produkt\/trapets-gruppebord\/#primaryimage"},"image":{"@id":"https:\/\/matting.se\/da\/produkt\/trapets-gruppebord\/#primaryimage"},"thumbnailUrl":"https:\/\/matting.se\/wp-content\/uploads\/2021\/05\/809570_TRAPETS_grey_side.jpg","datePublished":"2021-05-24T12:45:23+00:00","dateModified":"2023-12-18T11:09:37+00:00","description":"TRAPETS gruppebord - Se Mattings h\u00e5llbara koncept och produkter f\u00f6r publika milj\u00f6er, arbetsplatser och skolor.","breadcrumb":{"@id":"https:\/\/matting.se\/da\/produkt\/trapets-gruppebord\/#breadcrumb"},"inLanguage":"da-DK","potentialAction":[{"@type":"ReadAction","target":["https:\/\/matting.se\/da\/produkt\/trapets-gruppebord\/"]}]},{"@type":"ImageObject","inLanguage":"da-DK","@id":"https:\/\/matting.se\/da\/produkt\/trapets-gruppebord\/#primaryimage","url":"https:\/\/matting.se\/wp-content\/uploads\/2021\/05\/809570_TRAPETS_grey_side.jpg","contentUrl":"https:\/\/matting.se\/wp-content\/uploads\/2021\/05\/809570_TRAPETS_grey_side.jpg","width":800,"height":800},{"@type":"BreadcrumbList","@id":"https:\/\/matting.se\/da\/produkt\/trapets-gruppebord\/#breadcrumb","itemListElement":[{"@type":"ListItem","position":1,"name":"Hem","item":"https:\/\/matting.se\/da\/"},{"@type":"ListItem","position":2,"name":"Shop","item":"https:\/\/matting.se\/shop\/"},{"@type":"ListItem","position":3,"name":"Gruppetabel","item":"https:\/\/matting.se\/da\/produkt-kategori\/gruppetabel\/"},{"@type":"ListItem","position":4,"name":"TRAPETS gruppebord"}]},{"@type":"WebSite","@id":"https:\/\/matting.se\/da\/#website","url":"https:\/\/matting.se\/da\/","name":"Matting","description":"","potentialAction":[{"@type":"SearchAction","target":{"@type":"EntryPoint","urlTemplate":"https:\/\/matting.se\/da\/?s={search_term_string}"},"query-input":{"@type":"PropertyValueSpecification","valueRequired":true,"valueName":"search_term_string"}}],"inLanguage":"da-DK"}]}},"_links":{"self":[{"href":"https:\/\/matting.se\/da\/wp-json\/wp\/v2\/product\/247121","targetHints":{"allow":["GET"]}}],"collection":[{"href":"https:\/\/matting.se\/da\/wp-json\/wp\/v2\/product"}],"about":[{"href":"https:\/\/matting.se\/da\/wp-json\/wp\/v2\/types\/product"}],"wp:featuredmedia":[{"embeddable":true,"href":"https:\/\/matting.se\/da\/wp-json\/wp\/v2\/media\/239290"}],"wp:attachment":[{"href":"https:\/\/matting.se\/da\/wp-json\/wp\/v2\/media?parent=247121"}],"wp:term":[{"taxonomy":"product_brand","embeddable":true,"href":"https:\/\/matting.se\/da\/wp-json\/wp\/v2\/product_brand?post=247121"},{"taxonomy":"product_cat","embeddable":true,"href":"https:\/\/matting.se\/da\/wp-json\/wp\/v2\/product_cat?post=247121"},{"taxonomy":"product_tag","embeddable":true,"href":"https:\/\/matting.se\/da\/wp-json\/wp\/v2\/product_tag?post=247121"}],"curies":[{"name":"wp","href":"https:\/\/api.w.org\/{rel}","templated":true}]}}