{"id":247084,"date":"2021-05-24T12:46:21","date_gmt":"2021-05-24T12:46:21","guid":{"rendered":"https:\/\/matting.se\/produkt\/minidesk-baerbart-skrivebord\/"},"modified":"2023-12-18T11:09:37","modified_gmt":"2023-12-18T11:09:37","slug":"minidesk-baerbart-skrivebord","status":"publish","type":"product","link":"https:\/\/matting.se\/da\/produkt\/minidesk-baerbart-skrivebord\/","title":{"rendered":"MINIDESK b\u00e6rbart skrivebord"},"content":{"rendered":"<p>StandUp MINIDESK er et slankt, b\u00e6rbart, manuelt h\u00f8jdejusterbart bord designet til hjemmekontoret. Bordet er designet til at passe ind i hjemmemilj\u00f8et og giver dig mulighed for at justere din arbejdsh\u00f8jde selv p\u00e5 en fast overflade, s\u00e5som et k\u00f8kkenbord, fast skrivebord eller lignende.<\/p>\n<p>Med MINIDESKs seks forskellige arbejdstilstande kan du h\u00e6ve og s\u00e6nke bordpladen, s\u00e5 du nemt kan justere din arbejdsstilling, f\u00f8r du begynder at arbejde. MINIDESK er nem at folde sammen og gemme v\u00e6k.<br \/>\nFremstillet i Sm\u00e5land af b\u00e6redygtige materialer.<\/p>\n<p>Design: Dan Ihreborn.<\/p>\n","protected":false},"excerpt":{"rendered":"<p>StandUp MINIDESK er et slankt, b\u00e6rbart, manuelt h\u00f8jdejusterbart bord designet til hjemmekontoret. Bordet er designet til at passe ind i hjemmemilj\u00f8et og giver dig mulighed for at justere din arbejdsh\u00f8jde selv p\u00e5 en fast overflade, s\u00e5som et k\u00f8kkenbord, fast skrivebord eller lignende. Med MINIDESKs seks forskellige arbejdstilstande kan du h\u00e6ve og s\u00e6nke bordpladen, s\u00e5 du [&hellip;]<\/p>\n","protected":false},"featured_media":237898,"template":"","meta":{"_et_pb_use_builder":"","_et_pb_old_content":"","_et_gb_content_width":""},"product_brand":[],"product_cat":[268,186,187,269],"product_tag":[],"class_list":{"0":"post-247084","1":"product","2":"type-product","3":"status-publish","4":"has-post-thumbnail","6":"product_cat-baerbare-mini-borde","7":"product_cat-matting-interior-da","8":"product_cat-borde-og-tilbehor-mi","9":"product_cat-baerbart-mini-bord-mi","10":"product_shipping_class-stor","12":"first","13":"instock","14":"taxable","15":"shipping-taxable","16":"purchasable","17":"product-type-variable","18":"has-default-attributes"},"yoast_head":"<!-- This site is optimized with the Yoast SEO plugin v25.6 - https:\/\/yoast.com\/wordpress\/plugins\/seo\/ -->\n<title>MINIDESK b\u00e6rbart skrivebord - Matting<\/title>\n<meta name=\"description\" content=\"MINIDESK b\u00e6rbart skrivebord - Se Mattings h\u00e5llbara koncept och produkter f\u00f6r publika milj\u00f6er, arbetsplatser och skolor.\" \/>\n<meta name=\"robots\" content=\"index, follow, max-snippet:-1, max-image-preview:large, max-video-preview:-1\" \/>\n<link rel=\"canonical\" href=\"https:\/\/matting.se\/da\/produkt\/minidesk-baerbart-skrivebord\/\" \/>\n<meta property=\"og:locale\" content=\"da_DK\" \/>\n<meta property=\"og:type\" content=\"article\" \/>\n<meta property=\"og:title\" content=\"MINIDESK b\u00e6rbart skrivebord - Matting\" \/>\n<meta property=\"og:description\" content=\"MINIDESK b\u00e6rbart skrivebord - Se Mattings h\u00e5llbara koncept och produkter f\u00f6r publika milj\u00f6er, arbetsplatser och skolor.\" \/>\n<meta property=\"og:url\" content=\"https:\/\/matting.se\/da\/produkt\/minidesk-baerbart-skrivebord\/\" \/>\n<meta property=\"og:site_name\" content=\"Matting\" \/>\n<meta property=\"article:modified_time\" content=\"2023-12-18T11:09:37+00:00\" \/>\n<meta property=\"og:image\" content=\"https:\/\/matting.se\/wp-content\/uploads\/2021\/03\/809580_MINIDESK_black_side_ny.jpg\" \/>\n\t<meta property=\"og:image:width\" content=\"800\" \/>\n\t<meta property=\"og:image:height\" content=\"800\" \/>\n\t<meta property=\"og:image:type\" content=\"image\/jpeg\" \/>\n<meta name=\"twitter:card\" content=\"summary_large_image\" \/>\n<script type=\"application\/ld+json\" class=\"yoast-schema-graph\">{\"@context\":\"https:\/\/schema.org\",\"@graph\":[{\"@type\":[\"WebPage\",\"ItemPage\"],\"@id\":\"https:\/\/matting.se\/da\/produkt\/minidesk-baerbart-skrivebord\/\",\"url\":\"https:\/\/matting.se\/da\/produkt\/minidesk-baerbart-skrivebord\/\",\"name\":\"MINIDESK b\u00e6rbart skrivebord - Matting\",\"isPartOf\":{\"@id\":\"https:\/\/matting.se\/da\/#website\"},\"primaryImageOfPage\":{\"@id\":\"https:\/\/matting.se\/da\/produkt\/minidesk-baerbart-skrivebord\/#primaryimage\"},\"image\":{\"@id\":\"https:\/\/matting.se\/da\/produkt\/minidesk-baerbart-skrivebord\/#primaryimage\"},\"thumbnailUrl\":\"https:\/\/matting.se\/wp-content\/uploads\/2021\/03\/809580_MINIDESK_black_side_ny.jpg\",\"datePublished\":\"2021-05-24T12:46:21+00:00\",\"dateModified\":\"2023-12-18T11:09:37+00:00\",\"description\":\"MINIDESK b\u00e6rbart skrivebord - Se Mattings h\u00e5llbara koncept och produkter f\u00f6r publika milj\u00f6er, arbetsplatser och skolor.\",\"breadcrumb\":{\"@id\":\"https:\/\/matting.se\/da\/produkt\/minidesk-baerbart-skrivebord\/#breadcrumb\"},\"inLanguage\":\"da-DK\",\"potentialAction\":[{\"@type\":\"ReadAction\",\"target\":[\"https:\/\/matting.se\/da\/produkt\/minidesk-baerbart-skrivebord\/\"]}]},{\"@type\":\"ImageObject\",\"inLanguage\":\"da-DK\",\"@id\":\"https:\/\/matting.se\/da\/produkt\/minidesk-baerbart-skrivebord\/#primaryimage\",\"url\":\"https:\/\/matting.se\/wp-content\/uploads\/2021\/03\/809580_MINIDESK_black_side_ny.jpg\",\"contentUrl\":\"https:\/\/matting.se\/wp-content\/uploads\/2021\/03\/809580_MINIDESK_black_side_ny.jpg\",\"width\":800,\"height\":800},{\"@type\":\"BreadcrumbList\",\"@id\":\"https:\/\/matting.se\/da\/produkt\/minidesk-baerbart-skrivebord\/#breadcrumb\",\"itemListElement\":[{\"@type\":\"ListItem\",\"position\":1,\"name\":\"Hem\",\"item\":\"https:\/\/matting.se\/da\/\"},{\"@type\":\"ListItem\",\"position\":2,\"name\":\"Shop\",\"item\":\"https:\/\/matting.se\/shop\/\"},{\"@type\":\"ListItem\",\"position\":3,\"name\":\"Matting Interior\",\"item\":\"https:\/\/matting.se\/da\/produkt-kategori\/matting-interior-da\/\"},{\"@type\":\"ListItem\",\"position\":4,\"name\":\"Borde og tilbeh\u00f8r\",\"item\":\"https:\/\/matting.se\/da\/produkt-kategori\/matting-interior-da\/borde-og-tilbehor-mi\/\"},{\"@type\":\"ListItem\",\"position\":5,\"name\":\"B\u00e6rbart mini-bord MI\",\"item\":\"https:\/\/matting.se\/da\/produkt-kategori\/matting-interior-da\/borde-og-tilbehor-mi\/baerbart-mini-bord-mi\/\"},{\"@type\":\"ListItem\",\"position\":6,\"name\":\"MINIDESK b\u00e6rbart skrivebord\"}]},{\"@type\":\"WebSite\",\"@id\":\"https:\/\/matting.se\/da\/#website\",\"url\":\"https:\/\/matting.se\/da\/\",\"name\":\"Matting\",\"description\":\"\",\"potentialAction\":[{\"@type\":\"SearchAction\",\"target\":{\"@type\":\"EntryPoint\",\"urlTemplate\":\"https:\/\/matting.se\/da\/?s={search_term_string}\"},\"query-input\":{\"@type\":\"PropertyValueSpecification\",\"valueRequired\":true,\"valueName\":\"search_term_string\"}}],\"inLanguage\":\"da-DK\"}]}<\/script>\n<!-- \/ Yoast SEO plugin. -->","yoast_head_json":{"title":"MINIDESK b\u00e6rbart skrivebord - Matting","description":"MINIDESK b\u00e6rbart skrivebord - Se Mattings h\u00e5llbara koncept och produkter f\u00f6r publika milj\u00f6er, arbetsplatser och skolor.","robots":{"index":"index","follow":"follow","max-snippet":"max-snippet:-1","max-image-preview":"max-image-preview:large","max-video-preview":"max-video-preview:-1"},"canonical":"https:\/\/matting.se\/da\/produkt\/minidesk-baerbart-skrivebord\/","og_locale":"da_DK","og_type":"article","og_title":"MINIDESK b\u00e6rbart skrivebord - Matting","og_description":"MINIDESK b\u00e6rbart skrivebord - Se Mattings h\u00e5llbara koncept och produkter f\u00f6r publika milj\u00f6er, arbetsplatser och skolor.","og_url":"https:\/\/matting.se\/da\/produkt\/minidesk-baerbart-skrivebord\/","og_site_name":"Matting","article_modified_time":"2023-12-18T11:09:37+00:00","og_image":[{"width":800,"height":800,"url":"https:\/\/matting.se\/wp-content\/uploads\/2021\/03\/809580_MINIDESK_black_side_ny.jpg","type":"image\/jpeg"}],"twitter_card":"summary_large_image","schema":{"@context":"https:\/\/schema.org","@graph":[{"@type":["WebPage","ItemPage"],"@id":"https:\/\/matting.se\/da\/produkt\/minidesk-baerbart-skrivebord\/","url":"https:\/\/matting.se\/da\/produkt\/minidesk-baerbart-skrivebord\/","name":"MINIDESK b\u00e6rbart skrivebord - Matting","isPartOf":{"@id":"https:\/\/matting.se\/da\/#website"},"primaryImageOfPage":{"@id":"https:\/\/matting.se\/da\/produkt\/minidesk-baerbart-skrivebord\/#primaryimage"},"image":{"@id":"https:\/\/matting.se\/da\/produkt\/minidesk-baerbart-skrivebord\/#primaryimage"},"thumbnailUrl":"https:\/\/matting.se\/wp-content\/uploads\/2021\/03\/809580_MINIDESK_black_side_ny.jpg","datePublished":"2021-05-24T12:46:21+00:00","dateModified":"2023-12-18T11:09:37+00:00","description":"MINIDESK b\u00e6rbart skrivebord - Se Mattings h\u00e5llbara koncept och produkter f\u00f6r publika milj\u00f6er, arbetsplatser och skolor.","breadcrumb":{"@id":"https:\/\/matting.se\/da\/produkt\/minidesk-baerbart-skrivebord\/#breadcrumb"},"inLanguage":"da-DK","potentialAction":[{"@type":"ReadAction","target":["https:\/\/matting.se\/da\/produkt\/minidesk-baerbart-skrivebord\/"]}]},{"@type":"ImageObject","inLanguage":"da-DK","@id":"https:\/\/matting.se\/da\/produkt\/minidesk-baerbart-skrivebord\/#primaryimage","url":"https:\/\/matting.se\/wp-content\/uploads\/2021\/03\/809580_MINIDESK_black_side_ny.jpg","contentUrl":"https:\/\/matting.se\/wp-content\/uploads\/2021\/03\/809580_MINIDESK_black_side_ny.jpg","width":800,"height":800},{"@type":"BreadcrumbList","@id":"https:\/\/matting.se\/da\/produkt\/minidesk-baerbart-skrivebord\/#breadcrumb","itemListElement":[{"@type":"ListItem","position":1,"name":"Hem","item":"https:\/\/matting.se\/da\/"},{"@type":"ListItem","position":2,"name":"Shop","item":"https:\/\/matting.se\/shop\/"},{"@type":"ListItem","position":3,"name":"Matting Interior","item":"https:\/\/matting.se\/da\/produkt-kategori\/matting-interior-da\/"},{"@type":"ListItem","position":4,"name":"Borde og tilbeh\u00f8r","item":"https:\/\/matting.se\/da\/produkt-kategori\/matting-interior-da\/borde-og-tilbehor-mi\/"},{"@type":"ListItem","position":5,"name":"B\u00e6rbart mini-bord MI","item":"https:\/\/matting.se\/da\/produkt-kategori\/matting-interior-da\/borde-og-tilbehor-mi\/baerbart-mini-bord-mi\/"},{"@type":"ListItem","position":6,"name":"MINIDESK b\u00e6rbart skrivebord"}]},{"@type":"WebSite","@id":"https:\/\/matting.se\/da\/#website","url":"https:\/\/matting.se\/da\/","name":"Matting","description":"","potentialAction":[{"@type":"SearchAction","target":{"@type":"EntryPoint","urlTemplate":"https:\/\/matting.se\/da\/?s={search_term_string}"},"query-input":{"@type":"PropertyValueSpecification","valueRequired":true,"valueName":"search_term_string"}}],"inLanguage":"da-DK"}]}},"_links":{"self":[{"href":"https:\/\/matting.se\/da\/wp-json\/wp\/v2\/product\/247084","targetHints":{"allow":["GET"]}}],"collection":[{"href":"https:\/\/matting.se\/da\/wp-json\/wp\/v2\/product"}],"about":[{"href":"https:\/\/matting.se\/da\/wp-json\/wp\/v2\/types\/product"}],"wp:featuredmedia":[{"embeddable":true,"href":"https:\/\/matting.se\/da\/wp-json\/wp\/v2\/media\/237898"}],"wp:attachment":[{"href":"https:\/\/matting.se\/da\/wp-json\/wp\/v2\/media?parent=247084"}],"wp:term":[{"taxonomy":"product_brand","embeddable":true,"href":"https:\/\/matting.se\/da\/wp-json\/wp\/v2\/product_brand?post=247084"},{"taxonomy":"product_cat","embeddable":true,"href":"https:\/\/matting.se\/da\/wp-json\/wp\/v2\/product_cat?post=247084"},{"taxonomy":"product_tag","embeddable":true,"href":"https:\/\/matting.se\/da\/wp-json\/wp\/v2\/product_tag?post=247084"}],"curies":[{"name":"wp","href":"https:\/\/api.w.org\/{rel}","templated":true}]}}