{"id":247082,"date":"2021-05-24T12:43:47","date_gmt":"2021-05-24T12:43:47","guid":{"rendered":"https:\/\/matting.se\/produkt\/skrivebord\/"},"modified":"2023-12-18T11:09:38","modified_gmt":"2023-12-18T11:09:38","slug":"skrivebord","status":"publish","type":"product","link":"https:\/\/matting.se\/da\/produkt\/skrivebord\/","title":{"rendered":"Skrivebord"},"content":{"rendered":"<p>StandUp DESK er et manuelt h\u00f8jdejusterbart skrivebord designet til fremtidens aktivitets- eller flexbaserede arbejdsplads. Bordet er ogs\u00e5 ideelt til hjemmekontoret.  <\/p>\n<p>StandUp DESK har en lille og fleksibel st\u00f8rrelse, der g\u00f8r den meget let at placere og let at indrette. Du beh\u00f8ver ikke at bekymre dig om elektriske forbindelser, og der er ingen ledninger p\u00e5 gulvet. Bordet er velegnet til b\u00e5de arbejdspladsen og hjemmekontoret. Du h\u00e6ver og s\u00e6nker bordet med en gasfjeder, der styres af et h\u00e5ndtag p\u00e5 siden.<br \/>\nMinimumsh\u00f8jden er 75 cm, maksimumsh\u00f8jden er 119 cm.<\/p>\n<p>Bordpladen p\u00e5 StandUp DESK har en MDF-plade med en affaset kant. Denne model har et gr\u00e5t h\u00f8jtrykslaminat, der g\u00f8r br\u00e6ttet meget holdbart. Bordstellet er lakeret i gr\u00e5 med en sober, fin struktur.<br \/>\nSom ekstraudstyr f\u00e5s hjul til de forreste ben, s\u00e5 bordet nemt kan flyttes (art. nr. 385056).<\/p>\n<p>Design: Dan Ihreborn<\/p>\n","protected":false},"excerpt":{"rendered":"<p>StandUp DESK er et manuelt h\u00f8jdejusterbart skrivebord designet til fremtidens aktivitets- eller flexbaserede arbejdsplads. Bordet er ogs\u00e5 ideelt til hjemmekontoret. StandUp DESK har en lille og fleksibel st\u00f8rrelse, der g\u00f8r den meget let at placere og let at indrette. Du beh\u00f8ver ikke at bekymre dig om elektriske forbindelser, og der er ingen ledninger p\u00e5 gulvet. [&hellip;]<\/p>\n","protected":false},"featured_media":237718,"template":"","meta":{"_et_pb_use_builder":"","_et_pb_old_content":"","_et_gb_content_width":""},"product_brand":[],"product_cat":[261],"product_tag":[],"class_list":{"0":"post-247082","1":"product","2":"type-product","3":"status-publish","4":"has-post-thumbnail","6":"product_cat-skrivebord","7":"product_shipping_class-stor","9":"first","10":"instock","11":"taxable","12":"shipping-taxable","13":"purchasable","14":"product-type-variable","15":"has-default-attributes"},"yoast_head":"<!-- This site is optimized with the Yoast SEO plugin v25.6 - https:\/\/yoast.com\/wordpress\/plugins\/seo\/ -->\n<title>Skrivebord - Matting<\/title>\n<meta name=\"description\" content=\"Skrivebord - Se Mattings h\u00e5llbara koncept och produkter f\u00f6r publika milj\u00f6er, arbetsplatser och skolor.\" \/>\n<meta name=\"robots\" content=\"index, follow, max-snippet:-1, max-image-preview:large, max-video-preview:-1\" \/>\n<link rel=\"canonical\" href=\"https:\/\/matting.se\/da\/produkt\/skrivebord\/\" \/>\n<meta property=\"og:locale\" content=\"da_DK\" \/>\n<meta property=\"og:type\" content=\"article\" \/>\n<meta property=\"og:title\" content=\"Skrivebord - Matting\" \/>\n<meta property=\"og:description\" content=\"Skrivebord - Se Mattings h\u00e5llbara koncept och produkter f\u00f6r publika milj\u00f6er, arbetsplatser och skolor.\" \/>\n<meta property=\"og:url\" content=\"https:\/\/matting.se\/da\/produkt\/skrivebord\/\" \/>\n<meta property=\"og:site_name\" content=\"Matting\" \/>\n<meta property=\"article:modified_time\" content=\"2023-12-18T11:09:38+00:00\" \/>\n<meta property=\"og:image\" content=\"https:\/\/matting.se\/wp-content\/uploads\/2021\/02\/809557L_DESK_70cm_white_side.jpg\" \/>\n\t<meta property=\"og:image:width\" content=\"800\" \/>\n\t<meta property=\"og:image:height\" content=\"800\" \/>\n\t<meta property=\"og:image:type\" content=\"image\/jpeg\" \/>\n<meta name=\"twitter:card\" content=\"summary_large_image\" \/>\n<meta name=\"twitter:label1\" content=\"Estimeret l\u00e6setid\" \/>\n\t<meta name=\"twitter:data1\" content=\"1 minut\" \/>\n<script type=\"application\/ld+json\" class=\"yoast-schema-graph\">{\"@context\":\"https:\/\/schema.org\",\"@graph\":[{\"@type\":[\"WebPage\",\"ItemPage\"],\"@id\":\"https:\/\/matting.se\/da\/produkt\/skrivebord\/\",\"url\":\"https:\/\/matting.se\/da\/produkt\/skrivebord\/\",\"name\":\"Skrivebord - Matting\",\"isPartOf\":{\"@id\":\"https:\/\/matting.se\/da\/#website\"},\"primaryImageOfPage\":{\"@id\":\"https:\/\/matting.se\/da\/produkt\/skrivebord\/#primaryimage\"},\"image\":{\"@id\":\"https:\/\/matting.se\/da\/produkt\/skrivebord\/#primaryimage\"},\"thumbnailUrl\":\"https:\/\/matting.se\/wp-content\/uploads\/2021\/02\/809557L_DESK_70cm_white_side.jpg\",\"datePublished\":\"2021-05-24T12:43:47+00:00\",\"dateModified\":\"2023-12-18T11:09:38+00:00\",\"description\":\"Skrivebord - Se Mattings h\u00e5llbara koncept och produkter f\u00f6r publika milj\u00f6er, arbetsplatser och skolor.\",\"breadcrumb\":{\"@id\":\"https:\/\/matting.se\/da\/produkt\/skrivebord\/#breadcrumb\"},\"inLanguage\":\"da-DK\",\"potentialAction\":[{\"@type\":\"ReadAction\",\"target\":[\"https:\/\/matting.se\/da\/produkt\/skrivebord\/\"]}]},{\"@type\":\"ImageObject\",\"inLanguage\":\"da-DK\",\"@id\":\"https:\/\/matting.se\/da\/produkt\/skrivebord\/#primaryimage\",\"url\":\"https:\/\/matting.se\/wp-content\/uploads\/2021\/02\/809557L_DESK_70cm_white_side.jpg\",\"contentUrl\":\"https:\/\/matting.se\/wp-content\/uploads\/2021\/02\/809557L_DESK_70cm_white_side.jpg\",\"width\":800,\"height\":800},{\"@type\":\"BreadcrumbList\",\"@id\":\"https:\/\/matting.se\/da\/produkt\/skrivebord\/#breadcrumb\",\"itemListElement\":[{\"@type\":\"ListItem\",\"position\":1,\"name\":\"Hem\",\"item\":\"https:\/\/matting.se\/da\/\"},{\"@type\":\"ListItem\",\"position\":2,\"name\":\"Shop\",\"item\":\"https:\/\/matting.se\/shop\/\"},{\"@type\":\"ListItem\",\"position\":3,\"name\":\"skrivebord\",\"item\":\"https:\/\/matting.se\/da\/produkt-kategori\/skrivebord\/\"},{\"@type\":\"ListItem\",\"position\":4,\"name\":\"Skrivebord\"}]},{\"@type\":\"WebSite\",\"@id\":\"https:\/\/matting.se\/da\/#website\",\"url\":\"https:\/\/matting.se\/da\/\",\"name\":\"Matting\",\"description\":\"\",\"potentialAction\":[{\"@type\":\"SearchAction\",\"target\":{\"@type\":\"EntryPoint\",\"urlTemplate\":\"https:\/\/matting.se\/da\/?s={search_term_string}\"},\"query-input\":{\"@type\":\"PropertyValueSpecification\",\"valueRequired\":true,\"valueName\":\"search_term_string\"}}],\"inLanguage\":\"da-DK\"}]}<\/script>\n<!-- \/ Yoast SEO plugin. -->","yoast_head_json":{"title":"Skrivebord - Matting","description":"Skrivebord - Se Mattings h\u00e5llbara koncept och produkter f\u00f6r publika milj\u00f6er, arbetsplatser och skolor.","robots":{"index":"index","follow":"follow","max-snippet":"max-snippet:-1","max-image-preview":"max-image-preview:large","max-video-preview":"max-video-preview:-1"},"canonical":"https:\/\/matting.se\/da\/produkt\/skrivebord\/","og_locale":"da_DK","og_type":"article","og_title":"Skrivebord - Matting","og_description":"Skrivebord - Se Mattings h\u00e5llbara koncept och produkter f\u00f6r publika milj\u00f6er, arbetsplatser och skolor.","og_url":"https:\/\/matting.se\/da\/produkt\/skrivebord\/","og_site_name":"Matting","article_modified_time":"2023-12-18T11:09:38+00:00","og_image":[{"width":800,"height":800,"url":"https:\/\/matting.se\/wp-content\/uploads\/2021\/02\/809557L_DESK_70cm_white_side.jpg","type":"image\/jpeg"}],"twitter_card":"summary_large_image","twitter_misc":{"Estimeret l\u00e6setid":"1 minut"},"schema":{"@context":"https:\/\/schema.org","@graph":[{"@type":["WebPage","ItemPage"],"@id":"https:\/\/matting.se\/da\/produkt\/skrivebord\/","url":"https:\/\/matting.se\/da\/produkt\/skrivebord\/","name":"Skrivebord - Matting","isPartOf":{"@id":"https:\/\/matting.se\/da\/#website"},"primaryImageOfPage":{"@id":"https:\/\/matting.se\/da\/produkt\/skrivebord\/#primaryimage"},"image":{"@id":"https:\/\/matting.se\/da\/produkt\/skrivebord\/#primaryimage"},"thumbnailUrl":"https:\/\/matting.se\/wp-content\/uploads\/2021\/02\/809557L_DESK_70cm_white_side.jpg","datePublished":"2021-05-24T12:43:47+00:00","dateModified":"2023-12-18T11:09:38+00:00","description":"Skrivebord - Se Mattings h\u00e5llbara koncept och produkter f\u00f6r publika milj\u00f6er, arbetsplatser och skolor.","breadcrumb":{"@id":"https:\/\/matting.se\/da\/produkt\/skrivebord\/#breadcrumb"},"inLanguage":"da-DK","potentialAction":[{"@type":"ReadAction","target":["https:\/\/matting.se\/da\/produkt\/skrivebord\/"]}]},{"@type":"ImageObject","inLanguage":"da-DK","@id":"https:\/\/matting.se\/da\/produkt\/skrivebord\/#primaryimage","url":"https:\/\/matting.se\/wp-content\/uploads\/2021\/02\/809557L_DESK_70cm_white_side.jpg","contentUrl":"https:\/\/matting.se\/wp-content\/uploads\/2021\/02\/809557L_DESK_70cm_white_side.jpg","width":800,"height":800},{"@type":"BreadcrumbList","@id":"https:\/\/matting.se\/da\/produkt\/skrivebord\/#breadcrumb","itemListElement":[{"@type":"ListItem","position":1,"name":"Hem","item":"https:\/\/matting.se\/da\/"},{"@type":"ListItem","position":2,"name":"Shop","item":"https:\/\/matting.se\/shop\/"},{"@type":"ListItem","position":3,"name":"skrivebord","item":"https:\/\/matting.se\/da\/produkt-kategori\/skrivebord\/"},{"@type":"ListItem","position":4,"name":"Skrivebord"}]},{"@type":"WebSite","@id":"https:\/\/matting.se\/da\/#website","url":"https:\/\/matting.se\/da\/","name":"Matting","description":"","potentialAction":[{"@type":"SearchAction","target":{"@type":"EntryPoint","urlTemplate":"https:\/\/matting.se\/da\/?s={search_term_string}"},"query-input":{"@type":"PropertyValueSpecification","valueRequired":true,"valueName":"search_term_string"}}],"inLanguage":"da-DK"}]}},"_links":{"self":[{"href":"https:\/\/matting.se\/da\/wp-json\/wp\/v2\/product\/247082","targetHints":{"allow":["GET"]}}],"collection":[{"href":"https:\/\/matting.se\/da\/wp-json\/wp\/v2\/product"}],"about":[{"href":"https:\/\/matting.se\/da\/wp-json\/wp\/v2\/types\/product"}],"wp:featuredmedia":[{"embeddable":true,"href":"https:\/\/matting.se\/da\/wp-json\/wp\/v2\/media\/237718"}],"wp:attachment":[{"href":"https:\/\/matting.se\/da\/wp-json\/wp\/v2\/media?parent=247082"}],"wp:term":[{"taxonomy":"product_brand","embeddable":true,"href":"https:\/\/matting.se\/da\/wp-json\/wp\/v2\/product_brand?post=247082"},{"taxonomy":"product_cat","embeddable":true,"href":"https:\/\/matting.se\/da\/wp-json\/wp\/v2\/product_cat?post=247082"},{"taxonomy":"product_tag","embeddable":true,"href":"https:\/\/matting.se\/da\/wp-json\/wp\/v2\/product_tag?post=247082"}],"curies":[{"name":"wp","href":"https:\/\/api.w.org\/{rel}","templated":true}]}}