{"id":247070,"date":"2021-05-24T12:40:31","date_gmt":"2021-05-24T12:40:31","guid":{"rendered":"https:\/\/matting.se\/produkt\/skrivebord-student-md-skrivebord\/"},"modified":"2023-12-18T11:09:38","modified_gmt":"2023-12-18T11:09:38","slug":"skrivebord-student-md-skrivebord","status":"publish","type":"product","link":"https:\/\/matting.se\/da\/produkt\/skrivebord-student-md-skrivebord\/","title":{"rendered":"Skrivebord STUDENT MD skrivebord"},"content":{"rendered":"<p>StandUp DESK STUDENT er et fleksibelt, h\u00f8jdejusterbart bord med den helt rigtige m\u00e6ngde bordplads til skoler. Marmoleum Decibel har en <b>lydabsorberende linoleumsbordplade<\/b>.<\/p>\n<p>Med Desk Student har de studerende mulighed for at variere sig og dermed skabe et mere aktivt studiemilj\u00f8. Bordet kan h\u00e6ves og s\u00e6nkes manuelt uden en elektrisk forbindelse, hvilket g\u00f8r det meget nemt at placere. Den h\u00e6ves og s\u00e6nkes hurtigt og nemt med et h\u00e5ndtag p\u00e5 siden.  <\/p>\n<p>Den laveste s\u00e6deh\u00f8jde er 75 cm, den h\u00f8jeste st\u00e5h\u00f8jde er 119 cm. De indvendige m\u00e5l p\u00e5 bordstativet er 56 cm for det lille bord og 80 cm for det store.<\/p>\n<p>De mest almindelige farvekombinationer, overflader og lydd\u00e6mpende paneler er tilg\u00e6ngelige i vores standardbestillingssortiment med en leveringstid p\u00e5 ca. 5 uger. Ud over standardsortimentet kan DESK STUDENT tilpasses og f\u00e5s i mange forskellige farver, overflader og design efter dine egne \u00f8nsker som en specialordrevare.  <\/p>\n<p>Bordet har to faste sidekroge til oph\u00e6ngning af st\u00e5m\u00e5tte, bordsk\u00e6rm, skoletaske eller lignende.<br \/>\nDe bageste fodst\u00f8tter er justerbare.<br \/>\nDu kan tilf\u00f8je hjul til de forreste poter for at g\u00f8re det endnu lettere at flytte bordet.<\/p>\n<p>Tilf\u00f8j en bl\u00f8d st\u00e5m\u00e5tte eller et balancebr\u00e6t, en siddebold og en bordsk\u00e6rm.  <\/p>\n<p>Alle komponenter i bordet kan udskiftes med tiden for at sikre lang levetid og mulighed for at tilpasse bordet med tiden.<\/p>\n<p>Desk Student er fremstillet i Sverige af h\u00f8j kvalitet i b\u00e6redygtige materialer og er M\u00f6belfakta-m\u00e6rket, fordi vi \u00f8nsker at belaste milj\u00f8et s\u00e5 lidt som muligt.<\/p>\n<p>Skandinavisk design af Dan Ihreborn.<\/p>\n","protected":false},"excerpt":{"rendered":"<p>StandUp DESK STUDENT er et fleksibelt, h\u00f8jdejusterbart bord med den helt rigtige m\u00e6ngde bordplads til skoler. Marmoleum Decibel har en lydabsorberende linoleumsbordplade. Med Desk Student har de studerende mulighed for at variere sig og dermed skabe et mere aktivt studiemilj\u00f8. Bordet kan h\u00e6ves og s\u00e6nkes manuelt uden en elektrisk forbindelse, hvilket g\u00f8r det meget nemt [&hellip;]<\/p>\n","protected":false},"featured_media":238558,"template":"","meta":{"_et_pb_use_builder":"","_et_pb_old_content":"","_et_gb_content_width":""},"product_brand":[],"product_cat":[261],"product_tag":[],"class_list":{"0":"post-247070","1":"product","2":"type-product","3":"status-publish","4":"has-post-thumbnail","6":"product_cat-skrivebord","7":"product_shipping_class-stor","9":"first","10":"outofstock","11":"taxable","12":"shipping-taxable","13":"purchasable","14":"product-type-variable","15":"has-default-attributes"},"yoast_head":"<!-- This site is optimized with the Yoast SEO plugin v25.6 - https:\/\/yoast.com\/wordpress\/plugins\/seo\/ -->\n<title>Skrivebord STUDENT MD skrivebord - Matting<\/title>\n<meta name=\"description\" content=\"Skrivebord STUDENT MD skrivebord - Se Mattings h\u00e5llbara koncept och produkter f\u00f6r publika milj\u00f6er, arbetsplatser och skolor.\" \/>\n<meta name=\"robots\" content=\"index, follow, max-snippet:-1, max-image-preview:large, max-video-preview:-1\" \/>\n<link rel=\"canonical\" href=\"https:\/\/matting.se\/da\/produkt\/skrivebord-student-md-skrivebord\/\" \/>\n<meta property=\"og:locale\" content=\"da_DK\" \/>\n<meta property=\"og:type\" content=\"article\" \/>\n<meta property=\"og:title\" content=\"Skrivebord STUDENT MD skrivebord - Matting\" \/>\n<meta property=\"og:description\" content=\"Skrivebord STUDENT MD skrivebord - Se Mattings h\u00e5llbara koncept och produkter f\u00f6r publika milj\u00f6er, arbetsplatser och skolor.\" \/>\n<meta property=\"og:url\" content=\"https:\/\/matting.se\/da\/produkt\/skrivebord-student-md-skrivebord\/\" \/>\n<meta property=\"og:site_name\" content=\"Matting\" \/>\n<meta property=\"article:modified_time\" content=\"2023-12-18T11:09:38+00:00\" \/>\n<meta property=\"og:image\" content=\"https:\/\/matting.se\/wp-content\/uploads\/2021\/05\/805052_DESK-STUDENT_RAL7010_marmoleum_side.jpg\" \/>\n\t<meta property=\"og:image:width\" content=\"800\" \/>\n\t<meta property=\"og:image:height\" content=\"800\" \/>\n\t<meta property=\"og:image:type\" content=\"image\/jpeg\" \/>\n<meta name=\"twitter:card\" content=\"summary_large_image\" \/>\n<meta name=\"twitter:label1\" content=\"Estimeret l\u00e6setid\" \/>\n\t<meta name=\"twitter:data1\" content=\"1 minut\" \/>\n<script type=\"application\/ld+json\" class=\"yoast-schema-graph\">{\"@context\":\"https:\/\/schema.org\",\"@graph\":[{\"@type\":[\"WebPage\",\"ItemPage\"],\"@id\":\"https:\/\/matting.se\/da\/produkt\/skrivebord-student-md-skrivebord\/\",\"url\":\"https:\/\/matting.se\/da\/produkt\/skrivebord-student-md-skrivebord\/\",\"name\":\"Skrivebord STUDENT MD skrivebord - Matting\",\"isPartOf\":{\"@id\":\"https:\/\/matting.se\/da\/#website\"},\"primaryImageOfPage\":{\"@id\":\"https:\/\/matting.se\/da\/produkt\/skrivebord-student-md-skrivebord\/#primaryimage\"},\"image\":{\"@id\":\"https:\/\/matting.se\/da\/produkt\/skrivebord-student-md-skrivebord\/#primaryimage\"},\"thumbnailUrl\":\"https:\/\/matting.se\/wp-content\/uploads\/2021\/05\/805052_DESK-STUDENT_RAL7010_marmoleum_side.jpg\",\"datePublished\":\"2021-05-24T12:40:31+00:00\",\"dateModified\":\"2023-12-18T11:09:38+00:00\",\"description\":\"Skrivebord STUDENT MD skrivebord - Se Mattings h\u00e5llbara koncept och produkter f\u00f6r publika milj\u00f6er, arbetsplatser och skolor.\",\"breadcrumb\":{\"@id\":\"https:\/\/matting.se\/da\/produkt\/skrivebord-student-md-skrivebord\/#breadcrumb\"},\"inLanguage\":\"da-DK\",\"potentialAction\":[{\"@type\":\"ReadAction\",\"target\":[\"https:\/\/matting.se\/da\/produkt\/skrivebord-student-md-skrivebord\/\"]}]},{\"@type\":\"ImageObject\",\"inLanguage\":\"da-DK\",\"@id\":\"https:\/\/matting.se\/da\/produkt\/skrivebord-student-md-skrivebord\/#primaryimage\",\"url\":\"https:\/\/matting.se\/wp-content\/uploads\/2021\/05\/805052_DESK-STUDENT_RAL7010_marmoleum_side.jpg\",\"contentUrl\":\"https:\/\/matting.se\/wp-content\/uploads\/2021\/05\/805052_DESK-STUDENT_RAL7010_marmoleum_side.jpg\",\"width\":800,\"height\":800},{\"@type\":\"BreadcrumbList\",\"@id\":\"https:\/\/matting.se\/da\/produkt\/skrivebord-student-md-skrivebord\/#breadcrumb\",\"itemListElement\":[{\"@type\":\"ListItem\",\"position\":1,\"name\":\"Hem\",\"item\":\"https:\/\/matting.se\/da\/\"},{\"@type\":\"ListItem\",\"position\":2,\"name\":\"Shop\",\"item\":\"https:\/\/matting.se\/shop\/\"},{\"@type\":\"ListItem\",\"position\":3,\"name\":\"skrivebord\",\"item\":\"https:\/\/matting.se\/da\/produkt-kategori\/skrivebord\/\"},{\"@type\":\"ListItem\",\"position\":4,\"name\":\"Skrivebord STUDENT MD skrivebord\"}]},{\"@type\":\"WebSite\",\"@id\":\"https:\/\/matting.se\/da\/#website\",\"url\":\"https:\/\/matting.se\/da\/\",\"name\":\"Matting\",\"description\":\"\",\"potentialAction\":[{\"@type\":\"SearchAction\",\"target\":{\"@type\":\"EntryPoint\",\"urlTemplate\":\"https:\/\/matting.se\/da\/?s={search_term_string}\"},\"query-input\":{\"@type\":\"PropertyValueSpecification\",\"valueRequired\":true,\"valueName\":\"search_term_string\"}}],\"inLanguage\":\"da-DK\"}]}<\/script>\n<!-- \/ Yoast SEO plugin. -->","yoast_head_json":{"title":"Skrivebord STUDENT MD skrivebord - Matting","description":"Skrivebord STUDENT MD skrivebord - Se Mattings h\u00e5llbara koncept och produkter f\u00f6r publika milj\u00f6er, arbetsplatser och skolor.","robots":{"index":"index","follow":"follow","max-snippet":"max-snippet:-1","max-image-preview":"max-image-preview:large","max-video-preview":"max-video-preview:-1"},"canonical":"https:\/\/matting.se\/da\/produkt\/skrivebord-student-md-skrivebord\/","og_locale":"da_DK","og_type":"article","og_title":"Skrivebord STUDENT MD skrivebord - Matting","og_description":"Skrivebord STUDENT MD skrivebord - Se Mattings h\u00e5llbara koncept och produkter f\u00f6r publika milj\u00f6er, arbetsplatser och skolor.","og_url":"https:\/\/matting.se\/da\/produkt\/skrivebord-student-md-skrivebord\/","og_site_name":"Matting","article_modified_time":"2023-12-18T11:09:38+00:00","og_image":[{"width":800,"height":800,"url":"https:\/\/matting.se\/wp-content\/uploads\/2021\/05\/805052_DESK-STUDENT_RAL7010_marmoleum_side.jpg","type":"image\/jpeg"}],"twitter_card":"summary_large_image","twitter_misc":{"Estimeret l\u00e6setid":"1 minut"},"schema":{"@context":"https:\/\/schema.org","@graph":[{"@type":["WebPage","ItemPage"],"@id":"https:\/\/matting.se\/da\/produkt\/skrivebord-student-md-skrivebord\/","url":"https:\/\/matting.se\/da\/produkt\/skrivebord-student-md-skrivebord\/","name":"Skrivebord STUDENT MD skrivebord - Matting","isPartOf":{"@id":"https:\/\/matting.se\/da\/#website"},"primaryImageOfPage":{"@id":"https:\/\/matting.se\/da\/produkt\/skrivebord-student-md-skrivebord\/#primaryimage"},"image":{"@id":"https:\/\/matting.se\/da\/produkt\/skrivebord-student-md-skrivebord\/#primaryimage"},"thumbnailUrl":"https:\/\/matting.se\/wp-content\/uploads\/2021\/05\/805052_DESK-STUDENT_RAL7010_marmoleum_side.jpg","datePublished":"2021-05-24T12:40:31+00:00","dateModified":"2023-12-18T11:09:38+00:00","description":"Skrivebord STUDENT MD skrivebord - Se Mattings h\u00e5llbara koncept och produkter f\u00f6r publika milj\u00f6er, arbetsplatser och skolor.","breadcrumb":{"@id":"https:\/\/matting.se\/da\/produkt\/skrivebord-student-md-skrivebord\/#breadcrumb"},"inLanguage":"da-DK","potentialAction":[{"@type":"ReadAction","target":["https:\/\/matting.se\/da\/produkt\/skrivebord-student-md-skrivebord\/"]}]},{"@type":"ImageObject","inLanguage":"da-DK","@id":"https:\/\/matting.se\/da\/produkt\/skrivebord-student-md-skrivebord\/#primaryimage","url":"https:\/\/matting.se\/wp-content\/uploads\/2021\/05\/805052_DESK-STUDENT_RAL7010_marmoleum_side.jpg","contentUrl":"https:\/\/matting.se\/wp-content\/uploads\/2021\/05\/805052_DESK-STUDENT_RAL7010_marmoleum_side.jpg","width":800,"height":800},{"@type":"BreadcrumbList","@id":"https:\/\/matting.se\/da\/produkt\/skrivebord-student-md-skrivebord\/#breadcrumb","itemListElement":[{"@type":"ListItem","position":1,"name":"Hem","item":"https:\/\/matting.se\/da\/"},{"@type":"ListItem","position":2,"name":"Shop","item":"https:\/\/matting.se\/shop\/"},{"@type":"ListItem","position":3,"name":"skrivebord","item":"https:\/\/matting.se\/da\/produkt-kategori\/skrivebord\/"},{"@type":"ListItem","position":4,"name":"Skrivebord STUDENT MD skrivebord"}]},{"@type":"WebSite","@id":"https:\/\/matting.se\/da\/#website","url":"https:\/\/matting.se\/da\/","name":"Matting","description":"","potentialAction":[{"@type":"SearchAction","target":{"@type":"EntryPoint","urlTemplate":"https:\/\/matting.se\/da\/?s={search_term_string}"},"query-input":{"@type":"PropertyValueSpecification","valueRequired":true,"valueName":"search_term_string"}}],"inLanguage":"da-DK"}]}},"_links":{"self":[{"href":"https:\/\/matting.se\/da\/wp-json\/wp\/v2\/product\/247070","targetHints":{"allow":["GET"]}}],"collection":[{"href":"https:\/\/matting.se\/da\/wp-json\/wp\/v2\/product"}],"about":[{"href":"https:\/\/matting.se\/da\/wp-json\/wp\/v2\/types\/product"}],"wp:featuredmedia":[{"embeddable":true,"href":"https:\/\/matting.se\/da\/wp-json\/wp\/v2\/media\/238558"}],"wp:attachment":[{"href":"https:\/\/matting.se\/da\/wp-json\/wp\/v2\/media?parent=247070"}],"wp:term":[{"taxonomy":"product_brand","embeddable":true,"href":"https:\/\/matting.se\/da\/wp-json\/wp\/v2\/product_brand?post=247070"},{"taxonomy":"product_cat","embeddable":true,"href":"https:\/\/matting.se\/da\/wp-json\/wp\/v2\/product_cat?post=247070"},{"taxonomy":"product_tag","embeddable":true,"href":"https:\/\/matting.se\/da\/wp-json\/wp\/v2\/product_tag?post=247070"}],"curies":[{"name":"wp","href":"https:\/\/api.w.org\/{rel}","templated":true}]}}