{"id":247028,"date":"2021-05-24T12:38:36","date_gmt":"2021-05-24T12:38:36","guid":{"rendered":"https:\/\/matting.se\/produkt\/fokus-bordskaerm\/"},"modified":"2023-12-18T11:09:40","modified_gmt":"2023-12-18T11:09:40","slug":"fokus-bordskaerm","status":"publish","type":"product","link":"https:\/\/matting.se\/da\/produkt\/fokus-bordskaerm\/","title":{"rendered":"FOKUS bordsk\u00e6rm"},"content":{"rendered":"<p>FOKUS bordsk\u00e6rm er en foldbar bordsk\u00e6rm fremstillet af presset n\u00e5lefilt af genanvendt PET. Fokus har et \u00f8je, s\u00e5 det er nemt at h\u00e6nge op.<\/p>\n<p>En holdbar, p\u00e6n og foldbar bordsk\u00e6rm lavet af presset n\u00e5lefilt fremstillet af genanvendt PET. Skrivebordssk\u00e6rmen er en lydisolerende og adskillende enhed, n\u00e5r eleverne har brug for privatliv for at fokusere p\u00e5 deres skolearbejde. \u00d8jet g\u00f8r det muligt at h\u00e6nge den op, n\u00e5r den ikke er i brug. En simpel velcrolukning g\u00f8r det muligt at folde sk\u00e6rmen sammen og l\u00e6gge den v\u00e6k.<\/p>\n","protected":false},"excerpt":{"rendered":"<p>FOKUS bordsk\u00e6rm er en foldbar bordsk\u00e6rm fremstillet af presset n\u00e5lefilt af genanvendt PET. Fokus har et \u00f8je, s\u00e5 det er nemt at h\u00e6nge op. En holdbar, p\u00e6n og foldbar bordsk\u00e6rm lavet af presset n\u00e5lefilt fremstillet af genanvendt PET. Skrivebordssk\u00e6rmen er en lydisolerende og adskillende enhed, n\u00e5r eleverne har brug for privatliv for at fokusere p\u00e5 [&hellip;]<\/p>\n","protected":false},"featured_media":238486,"template":"","meta":{"_et_pb_use_builder":"","_et_pb_old_content":"","_et_gb_content_width":""},"product_brand":[],"product_cat":[265,186,266,267],"product_tag":[],"class_list":{"0":"post-247028","1":"product","2":"type-product","3":"status-publish","4":"has-post-thumbnail","6":"product_cat-tabelskaerme","7":"product_cat-matting-interior-da","8":"product_cat-skaerme-mi","9":"product_cat-bordskaerme-mi","11":"first","12":"instock","13":"taxable","14":"shipping-taxable","15":"purchasable","16":"product-type-variable","17":"has-default-attributes"},"yoast_head":"<!-- This site is optimized with the Yoast SEO plugin v25.6 - https:\/\/yoast.com\/wordpress\/plugins\/seo\/ -->\n<title>FOKUS bordsk\u00e6rm - Matting<\/title>\n<meta name=\"description\" content=\"FOKUS bordsk\u00e6rm - Se Mattings h\u00e5llbara koncept och produkter f\u00f6r publika milj\u00f6er, arbetsplatser och skolor.\" \/>\n<meta name=\"robots\" content=\"index, follow, max-snippet:-1, max-image-preview:large, max-video-preview:-1\" \/>\n<link rel=\"canonical\" href=\"https:\/\/matting.se\/da\/produkt\/fokus-bordskaerm\/\" \/>\n<meta property=\"og:locale\" content=\"da_DK\" \/>\n<meta property=\"og:type\" content=\"article\" \/>\n<meta property=\"og:title\" content=\"FOKUS bordsk\u00e6rm - Matting\" \/>\n<meta property=\"og:description\" content=\"FOKUS bordsk\u00e6rm - Se Mattings h\u00e5llbara koncept och produkter f\u00f6r publika milj\u00f6er, arbetsplatser och skolor.\" \/>\n<meta property=\"og:url\" content=\"https:\/\/matting.se\/da\/produkt\/fokus-bordskaerm\/\" \/>\n<meta property=\"og:site_name\" content=\"Matting\" \/>\n<meta property=\"article:modified_time\" content=\"2023-12-18T11:09:40+00:00\" \/>\n<meta property=\"og:image\" content=\"https:\/\/matting.se\/wp-content\/uploads\/2021\/05\/801045_FOKUS_screen-desk_side.jpg\" \/>\n\t<meta property=\"og:image:width\" content=\"800\" \/>\n\t<meta property=\"og:image:height\" content=\"800\" \/>\n\t<meta property=\"og:image:type\" content=\"image\/jpeg\" \/>\n<meta name=\"twitter:card\" content=\"summary_large_image\" \/>\n<meta name=\"twitter:label1\" content=\"Estimeret l\u00e6setid\" \/>\n\t<meta name=\"twitter:data1\" content=\"1 minut\" \/>\n<script type=\"application\/ld+json\" class=\"yoast-schema-graph\">{\"@context\":\"https:\/\/schema.org\",\"@graph\":[{\"@type\":[\"WebPage\",\"ItemPage\"],\"@id\":\"https:\/\/matting.se\/da\/produkt\/fokus-bordskaerm\/\",\"url\":\"https:\/\/matting.se\/da\/produkt\/fokus-bordskaerm\/\",\"name\":\"FOKUS bordsk\u00e6rm - Matting\",\"isPartOf\":{\"@id\":\"https:\/\/matting.se\/da\/#website\"},\"primaryImageOfPage\":{\"@id\":\"https:\/\/matting.se\/da\/produkt\/fokus-bordskaerm\/#primaryimage\"},\"image\":{\"@id\":\"https:\/\/matting.se\/da\/produkt\/fokus-bordskaerm\/#primaryimage\"},\"thumbnailUrl\":\"https:\/\/matting.se\/wp-content\/uploads\/2021\/05\/801045_FOKUS_screen-desk_side.jpg\",\"datePublished\":\"2021-05-24T12:38:36+00:00\",\"dateModified\":\"2023-12-18T11:09:40+00:00\",\"description\":\"FOKUS bordsk\u00e6rm - Se Mattings h\u00e5llbara koncept och produkter f\u00f6r publika milj\u00f6er, arbetsplatser och skolor.\",\"breadcrumb\":{\"@id\":\"https:\/\/matting.se\/da\/produkt\/fokus-bordskaerm\/#breadcrumb\"},\"inLanguage\":\"da-DK\",\"potentialAction\":[{\"@type\":\"ReadAction\",\"target\":[\"https:\/\/matting.se\/da\/produkt\/fokus-bordskaerm\/\"]}]},{\"@type\":\"ImageObject\",\"inLanguage\":\"da-DK\",\"@id\":\"https:\/\/matting.se\/da\/produkt\/fokus-bordskaerm\/#primaryimage\",\"url\":\"https:\/\/matting.se\/wp-content\/uploads\/2021\/05\/801045_FOKUS_screen-desk_side.jpg\",\"contentUrl\":\"https:\/\/matting.se\/wp-content\/uploads\/2021\/05\/801045_FOKUS_screen-desk_side.jpg\",\"width\":800,\"height\":800},{\"@type\":\"BreadcrumbList\",\"@id\":\"https:\/\/matting.se\/da\/produkt\/fokus-bordskaerm\/#breadcrumb\",\"itemListElement\":[{\"@type\":\"ListItem\",\"position\":1,\"name\":\"Hem\",\"item\":\"https:\/\/matting.se\/da\/\"},{\"@type\":\"ListItem\",\"position\":2,\"name\":\"Shop\",\"item\":\"https:\/\/matting.se\/shop\/\"},{\"@type\":\"ListItem\",\"position\":3,\"name\":\"Matting Interior\",\"item\":\"https:\/\/matting.se\/da\/produkt-kategori\/matting-interior-da\/\"},{\"@type\":\"ListItem\",\"position\":4,\"name\":\"Sk\u00e6rme\",\"item\":\"https:\/\/matting.se\/da\/produkt-kategori\/matting-interior-da\/skaerme-mi\/\"},{\"@type\":\"ListItem\",\"position\":5,\"name\":\"Bordsk\u00e6rme MI\",\"item\":\"https:\/\/matting.se\/da\/produkt-kategori\/matting-interior-da\/skaerme-mi\/bordskaerme-mi\/\"},{\"@type\":\"ListItem\",\"position\":6,\"name\":\"FOKUS bordsk\u00e6rm\"}]},{\"@type\":\"WebSite\",\"@id\":\"https:\/\/matting.se\/da\/#website\",\"url\":\"https:\/\/matting.se\/da\/\",\"name\":\"Matting\",\"description\":\"\",\"potentialAction\":[{\"@type\":\"SearchAction\",\"target\":{\"@type\":\"EntryPoint\",\"urlTemplate\":\"https:\/\/matting.se\/da\/?s={search_term_string}\"},\"query-input\":{\"@type\":\"PropertyValueSpecification\",\"valueRequired\":true,\"valueName\":\"search_term_string\"}}],\"inLanguage\":\"da-DK\"}]}<\/script>\n<!-- \/ Yoast SEO plugin. -->","yoast_head_json":{"title":"FOKUS bordsk\u00e6rm - Matting","description":"FOKUS bordsk\u00e6rm - Se Mattings h\u00e5llbara koncept och produkter f\u00f6r publika milj\u00f6er, arbetsplatser och skolor.","robots":{"index":"index","follow":"follow","max-snippet":"max-snippet:-1","max-image-preview":"max-image-preview:large","max-video-preview":"max-video-preview:-1"},"canonical":"https:\/\/matting.se\/da\/produkt\/fokus-bordskaerm\/","og_locale":"da_DK","og_type":"article","og_title":"FOKUS bordsk\u00e6rm - Matting","og_description":"FOKUS bordsk\u00e6rm - Se Mattings h\u00e5llbara koncept och produkter f\u00f6r publika milj\u00f6er, arbetsplatser och skolor.","og_url":"https:\/\/matting.se\/da\/produkt\/fokus-bordskaerm\/","og_site_name":"Matting","article_modified_time":"2023-12-18T11:09:40+00:00","og_image":[{"width":800,"height":800,"url":"https:\/\/matting.se\/wp-content\/uploads\/2021\/05\/801045_FOKUS_screen-desk_side.jpg","type":"image\/jpeg"}],"twitter_card":"summary_large_image","twitter_misc":{"Estimeret l\u00e6setid":"1 minut"},"schema":{"@context":"https:\/\/schema.org","@graph":[{"@type":["WebPage","ItemPage"],"@id":"https:\/\/matting.se\/da\/produkt\/fokus-bordskaerm\/","url":"https:\/\/matting.se\/da\/produkt\/fokus-bordskaerm\/","name":"FOKUS bordsk\u00e6rm - Matting","isPartOf":{"@id":"https:\/\/matting.se\/da\/#website"},"primaryImageOfPage":{"@id":"https:\/\/matting.se\/da\/produkt\/fokus-bordskaerm\/#primaryimage"},"image":{"@id":"https:\/\/matting.se\/da\/produkt\/fokus-bordskaerm\/#primaryimage"},"thumbnailUrl":"https:\/\/matting.se\/wp-content\/uploads\/2021\/05\/801045_FOKUS_screen-desk_side.jpg","datePublished":"2021-05-24T12:38:36+00:00","dateModified":"2023-12-18T11:09:40+00:00","description":"FOKUS bordsk\u00e6rm - Se Mattings h\u00e5llbara koncept och produkter f\u00f6r publika milj\u00f6er, arbetsplatser och skolor.","breadcrumb":{"@id":"https:\/\/matting.se\/da\/produkt\/fokus-bordskaerm\/#breadcrumb"},"inLanguage":"da-DK","potentialAction":[{"@type":"ReadAction","target":["https:\/\/matting.se\/da\/produkt\/fokus-bordskaerm\/"]}]},{"@type":"ImageObject","inLanguage":"da-DK","@id":"https:\/\/matting.se\/da\/produkt\/fokus-bordskaerm\/#primaryimage","url":"https:\/\/matting.se\/wp-content\/uploads\/2021\/05\/801045_FOKUS_screen-desk_side.jpg","contentUrl":"https:\/\/matting.se\/wp-content\/uploads\/2021\/05\/801045_FOKUS_screen-desk_side.jpg","width":800,"height":800},{"@type":"BreadcrumbList","@id":"https:\/\/matting.se\/da\/produkt\/fokus-bordskaerm\/#breadcrumb","itemListElement":[{"@type":"ListItem","position":1,"name":"Hem","item":"https:\/\/matting.se\/da\/"},{"@type":"ListItem","position":2,"name":"Shop","item":"https:\/\/matting.se\/shop\/"},{"@type":"ListItem","position":3,"name":"Matting Interior","item":"https:\/\/matting.se\/da\/produkt-kategori\/matting-interior-da\/"},{"@type":"ListItem","position":4,"name":"Sk\u00e6rme","item":"https:\/\/matting.se\/da\/produkt-kategori\/matting-interior-da\/skaerme-mi\/"},{"@type":"ListItem","position":5,"name":"Bordsk\u00e6rme MI","item":"https:\/\/matting.se\/da\/produkt-kategori\/matting-interior-da\/skaerme-mi\/bordskaerme-mi\/"},{"@type":"ListItem","position":6,"name":"FOKUS bordsk\u00e6rm"}]},{"@type":"WebSite","@id":"https:\/\/matting.se\/da\/#website","url":"https:\/\/matting.se\/da\/","name":"Matting","description":"","potentialAction":[{"@type":"SearchAction","target":{"@type":"EntryPoint","urlTemplate":"https:\/\/matting.se\/da\/?s={search_term_string}"},"query-input":{"@type":"PropertyValueSpecification","valueRequired":true,"valueName":"search_term_string"}}],"inLanguage":"da-DK"}]}},"_links":{"self":[{"href":"https:\/\/matting.se\/da\/wp-json\/wp\/v2\/product\/247028","targetHints":{"allow":["GET"]}}],"collection":[{"href":"https:\/\/matting.se\/da\/wp-json\/wp\/v2\/product"}],"about":[{"href":"https:\/\/matting.se\/da\/wp-json\/wp\/v2\/types\/product"}],"wp:featuredmedia":[{"embeddable":true,"href":"https:\/\/matting.se\/da\/wp-json\/wp\/v2\/media\/238486"}],"wp:attachment":[{"href":"https:\/\/matting.se\/da\/wp-json\/wp\/v2\/media?parent=247028"}],"wp:term":[{"taxonomy":"product_brand","embeddable":true,"href":"https:\/\/matting.se\/da\/wp-json\/wp\/v2\/product_brand?post=247028"},{"taxonomy":"product_cat","embeddable":true,"href":"https:\/\/matting.se\/da\/wp-json\/wp\/v2\/product_cat?post=247028"},{"taxonomy":"product_tag","embeddable":true,"href":"https:\/\/matting.se\/da\/wp-json\/wp\/v2\/product_tag?post=247028"}],"curies":[{"name":"wp","href":"https:\/\/api.w.org\/{rel}","templated":true}]}}