{"id":246956,"date":"2021-05-24T12:38:58","date_gmt":"2021-05-24T11:38:58","guid":{"rendered":"https:\/\/matting.se\/produkt\/multibasket-sidekurv\/"},"modified":"2025-03-27T13:33:30","modified_gmt":"2025-03-27T12:33:30","slug":"multibasket-sidekurv","status":"publish","type":"product","link":"https:\/\/matting.se\/da\/produkt\/multibasket-sidekurv\/","title":{"rendered":"MULTIBASKET sidekurv"},"content":{"rendered":"<p>StandUp MULTIBASKET er en praktisk og stilfuld sidekurv i perforeret metalplade. MULTIBASKET skaber god ekstra opbevaring ved dit skrivebord. Sidekurven h\u00e6nges nemt p\u00e5 bordstativet ved at tr\u00e6kke den ind i bordbenet. Den kan l\u00f8ftes og flyttes ved at tr\u00e6kke i h\u00e5ndtaget.<\/p>\n<p>MULTIBASK passer til vores StandUp DESK-stativer 700 og 900 samt BLOSSOM og TRAPETS.<\/p>\n<p>Last: Max 2 kg.<\/p>\n<p>Fremstillet i Sverige.<\/p>\n","protected":false},"excerpt":{"rendered":"<p>StandUp MULTIBASKET er en praktisk og stilfuld sidekurv i perforeret metalplade. MULTIBASKET skaber god ekstra opbevaring ved dit skrivebord. Sidekurven h\u00e6nges nemt p\u00e5 bordstativet ved at tr\u00e6kke den ind i bordbenet. Den kan l\u00f8ftes og flyttes ved at tr\u00e6kke i h\u00e5ndtaget. MULTIBASK passer til vores StandUp DESK-stativer 700 og 900 samt BLOSSOM og TRAPETS. Last: [&hellip;]<\/p>\n","protected":false},"featured_media":238498,"template":"","meta":{"_et_pb_use_builder":"","_et_pb_old_content":"","_et_gb_content_width":""},"product_brand":[],"product_cat":[206,186,187,189],"product_tag":[],"class_list":{"0":"post-246956","1":"product","2":"type-product","3":"status-publish","4":"has-post-thumbnail","6":"product_cat-opbevaring-pa-skrivebordet","7":"product_cat-matting-interior-da","8":"product_cat-borde-og-tilbehor-mi","9":"product_cat-bordtilbehor-mi","11":"first","12":"instock","13":"taxable","14":"shipping-taxable","15":"purchasable","16":"product-type-variable","17":"has-default-attributes"},"yoast_head":"<!-- This site is optimized with the Yoast SEO plugin v25.6 - https:\/\/yoast.com\/wordpress\/plugins\/seo\/ -->\n<title>MULTIBASKET sidekurv - Matting<\/title>\n<meta name=\"description\" content=\"MULTIBASKET sidekurv - Se Mattings h\u00e5llbara koncept och produkter f\u00f6r publika milj\u00f6er, arbetsplatser och skolor.\" \/>\n<meta name=\"robots\" content=\"index, follow, max-snippet:-1, max-image-preview:large, max-video-preview:-1\" \/>\n<link rel=\"canonical\" href=\"https:\/\/matting.se\/da\/produkt\/multibasket-sidekurv\/\" \/>\n<meta property=\"og:locale\" content=\"da_DK\" \/>\n<meta property=\"og:type\" content=\"article\" \/>\n<meta property=\"og:title\" content=\"MULTIBASKET sidekurv - Matting\" \/>\n<meta property=\"og:description\" content=\"MULTIBASKET sidekurv - Se Mattings h\u00e5llbara koncept och produkter f\u00f6r publika milj\u00f6er, arbetsplatser och skolor.\" \/>\n<meta property=\"og:url\" content=\"https:\/\/matting.se\/da\/produkt\/multibasket-sidekurv\/\" \/>\n<meta property=\"og:site_name\" content=\"Matting\" \/>\n<meta property=\"article:modified_time\" content=\"2025-03-27T12:33:30+00:00\" \/>\n<meta property=\"og:image\" content=\"https:\/\/matting.se\/wp-content\/uploads\/2021\/05\/801060_MULTIBASKET_white_side.jpg\" \/>\n\t<meta property=\"og:image:width\" content=\"800\" \/>\n\t<meta property=\"og:image:height\" content=\"800\" \/>\n\t<meta property=\"og:image:type\" content=\"image\/jpeg\" \/>\n<meta name=\"twitter:card\" content=\"summary_large_image\" \/>\n<meta name=\"twitter:label1\" content=\"Estimeret l\u00e6setid\" \/>\n\t<meta name=\"twitter:data1\" content=\"1 minut\" \/>\n<script type=\"application\/ld+json\" class=\"yoast-schema-graph\">{\"@context\":\"https:\/\/schema.org\",\"@graph\":[{\"@type\":[\"WebPage\",\"ItemPage\"],\"@id\":\"https:\/\/matting.se\/da\/produkt\/multibasket-sidekurv\/\",\"url\":\"https:\/\/matting.se\/da\/produkt\/multibasket-sidekurv\/\",\"name\":\"MULTIBASKET sidekurv - Matting\",\"isPartOf\":{\"@id\":\"https:\/\/matting.se\/da\/#website\"},\"primaryImageOfPage\":{\"@id\":\"https:\/\/matting.se\/da\/produkt\/multibasket-sidekurv\/#primaryimage\"},\"image\":{\"@id\":\"https:\/\/matting.se\/da\/produkt\/multibasket-sidekurv\/#primaryimage\"},\"thumbnailUrl\":\"https:\/\/matting.se\/wp-content\/uploads\/2021\/05\/801060_MULTIBASKET_white_side.jpg\",\"datePublished\":\"2021-05-24T11:38:58+00:00\",\"dateModified\":\"2025-03-27T12:33:30+00:00\",\"description\":\"MULTIBASKET sidekurv - Se Mattings h\u00e5llbara koncept och produkter f\u00f6r publika milj\u00f6er, arbetsplatser och skolor.\",\"breadcrumb\":{\"@id\":\"https:\/\/matting.se\/da\/produkt\/multibasket-sidekurv\/#breadcrumb\"},\"inLanguage\":\"da-DK\",\"potentialAction\":[{\"@type\":\"ReadAction\",\"target\":[\"https:\/\/matting.se\/da\/produkt\/multibasket-sidekurv\/\"]}]},{\"@type\":\"ImageObject\",\"inLanguage\":\"da-DK\",\"@id\":\"https:\/\/matting.se\/da\/produkt\/multibasket-sidekurv\/#primaryimage\",\"url\":\"https:\/\/matting.se\/wp-content\/uploads\/2021\/05\/801060_MULTIBASKET_white_side.jpg\",\"contentUrl\":\"https:\/\/matting.se\/wp-content\/uploads\/2021\/05\/801060_MULTIBASKET_white_side.jpg\",\"width\":800,\"height\":800},{\"@type\":\"BreadcrumbList\",\"@id\":\"https:\/\/matting.se\/da\/produkt\/multibasket-sidekurv\/#breadcrumb\",\"itemListElement\":[{\"@type\":\"ListItem\",\"position\":1,\"name\":\"Hem\",\"item\":\"https:\/\/matting.se\/da\/\"},{\"@type\":\"ListItem\",\"position\":2,\"name\":\"Shop\",\"item\":\"https:\/\/matting.se\/shop\/\"},{\"@type\":\"ListItem\",\"position\":3,\"name\":\"Matting Interior\",\"item\":\"https:\/\/matting.se\/da\/produkt-kategori\/matting-interior-da\/\"},{\"@type\":\"ListItem\",\"position\":4,\"name\":\"Borde og tilbeh\u00f8r\",\"item\":\"https:\/\/matting.se\/da\/produkt-kategori\/matting-interior-da\/borde-og-tilbehor-mi\/\"},{\"@type\":\"ListItem\",\"position\":5,\"name\":\"Bordtilbeh\u00f8r MI\",\"item\":\"https:\/\/matting.se\/da\/produkt-kategori\/matting-interior-da\/borde-og-tilbehor-mi\/bordtilbehor-mi\/\"},{\"@type\":\"ListItem\",\"position\":6,\"name\":\"MULTIBASKET sidekurv\"}]},{\"@type\":\"WebSite\",\"@id\":\"https:\/\/matting.se\/da\/#website\",\"url\":\"https:\/\/matting.se\/da\/\",\"name\":\"Matting\",\"description\":\"\",\"potentialAction\":[{\"@type\":\"SearchAction\",\"target\":{\"@type\":\"EntryPoint\",\"urlTemplate\":\"https:\/\/matting.se\/da\/?s={search_term_string}\"},\"query-input\":{\"@type\":\"PropertyValueSpecification\",\"valueRequired\":true,\"valueName\":\"search_term_string\"}}],\"inLanguage\":\"da-DK\"}]}<\/script>\n<!-- \/ Yoast SEO plugin. -->","yoast_head_json":{"title":"MULTIBASKET sidekurv - Matting","description":"MULTIBASKET sidekurv - Se Mattings h\u00e5llbara koncept och produkter f\u00f6r publika milj\u00f6er, arbetsplatser och skolor.","robots":{"index":"index","follow":"follow","max-snippet":"max-snippet:-1","max-image-preview":"max-image-preview:large","max-video-preview":"max-video-preview:-1"},"canonical":"https:\/\/matting.se\/da\/produkt\/multibasket-sidekurv\/","og_locale":"da_DK","og_type":"article","og_title":"MULTIBASKET sidekurv - Matting","og_description":"MULTIBASKET sidekurv - Se Mattings h\u00e5llbara koncept och produkter f\u00f6r publika milj\u00f6er, arbetsplatser och skolor.","og_url":"https:\/\/matting.se\/da\/produkt\/multibasket-sidekurv\/","og_site_name":"Matting","article_modified_time":"2025-03-27T12:33:30+00:00","og_image":[{"width":800,"height":800,"url":"https:\/\/matting.se\/wp-content\/uploads\/2021\/05\/801060_MULTIBASKET_white_side.jpg","type":"image\/jpeg"}],"twitter_card":"summary_large_image","twitter_misc":{"Estimeret l\u00e6setid":"1 minut"},"schema":{"@context":"https:\/\/schema.org","@graph":[{"@type":["WebPage","ItemPage"],"@id":"https:\/\/matting.se\/da\/produkt\/multibasket-sidekurv\/","url":"https:\/\/matting.se\/da\/produkt\/multibasket-sidekurv\/","name":"MULTIBASKET sidekurv - Matting","isPartOf":{"@id":"https:\/\/matting.se\/da\/#website"},"primaryImageOfPage":{"@id":"https:\/\/matting.se\/da\/produkt\/multibasket-sidekurv\/#primaryimage"},"image":{"@id":"https:\/\/matting.se\/da\/produkt\/multibasket-sidekurv\/#primaryimage"},"thumbnailUrl":"https:\/\/matting.se\/wp-content\/uploads\/2021\/05\/801060_MULTIBASKET_white_side.jpg","datePublished":"2021-05-24T11:38:58+00:00","dateModified":"2025-03-27T12:33:30+00:00","description":"MULTIBASKET sidekurv - Se Mattings h\u00e5llbara koncept och produkter f\u00f6r publika milj\u00f6er, arbetsplatser och skolor.","breadcrumb":{"@id":"https:\/\/matting.se\/da\/produkt\/multibasket-sidekurv\/#breadcrumb"},"inLanguage":"da-DK","potentialAction":[{"@type":"ReadAction","target":["https:\/\/matting.se\/da\/produkt\/multibasket-sidekurv\/"]}]},{"@type":"ImageObject","inLanguage":"da-DK","@id":"https:\/\/matting.se\/da\/produkt\/multibasket-sidekurv\/#primaryimage","url":"https:\/\/matting.se\/wp-content\/uploads\/2021\/05\/801060_MULTIBASKET_white_side.jpg","contentUrl":"https:\/\/matting.se\/wp-content\/uploads\/2021\/05\/801060_MULTIBASKET_white_side.jpg","width":800,"height":800},{"@type":"BreadcrumbList","@id":"https:\/\/matting.se\/da\/produkt\/multibasket-sidekurv\/#breadcrumb","itemListElement":[{"@type":"ListItem","position":1,"name":"Hem","item":"https:\/\/matting.se\/da\/"},{"@type":"ListItem","position":2,"name":"Shop","item":"https:\/\/matting.se\/shop\/"},{"@type":"ListItem","position":3,"name":"Matting Interior","item":"https:\/\/matting.se\/da\/produkt-kategori\/matting-interior-da\/"},{"@type":"ListItem","position":4,"name":"Borde og tilbeh\u00f8r","item":"https:\/\/matting.se\/da\/produkt-kategori\/matting-interior-da\/borde-og-tilbehor-mi\/"},{"@type":"ListItem","position":5,"name":"Bordtilbeh\u00f8r MI","item":"https:\/\/matting.se\/da\/produkt-kategori\/matting-interior-da\/borde-og-tilbehor-mi\/bordtilbehor-mi\/"},{"@type":"ListItem","position":6,"name":"MULTIBASKET sidekurv"}]},{"@type":"WebSite","@id":"https:\/\/matting.se\/da\/#website","url":"https:\/\/matting.se\/da\/","name":"Matting","description":"","potentialAction":[{"@type":"SearchAction","target":{"@type":"EntryPoint","urlTemplate":"https:\/\/matting.se\/da\/?s={search_term_string}"},"query-input":{"@type":"PropertyValueSpecification","valueRequired":true,"valueName":"search_term_string"}}],"inLanguage":"da-DK"}]}},"_links":{"self":[{"href":"https:\/\/matting.se\/da\/wp-json\/wp\/v2\/product\/246956","targetHints":{"allow":["GET"]}}],"collection":[{"href":"https:\/\/matting.se\/da\/wp-json\/wp\/v2\/product"}],"about":[{"href":"https:\/\/matting.se\/da\/wp-json\/wp\/v2\/types\/product"}],"wp:featuredmedia":[{"embeddable":true,"href":"https:\/\/matting.se\/da\/wp-json\/wp\/v2\/media\/238498"}],"wp:attachment":[{"href":"https:\/\/matting.se\/da\/wp-json\/wp\/v2\/media?parent=246956"}],"wp:term":[{"taxonomy":"product_brand","embeddable":true,"href":"https:\/\/matting.se\/da\/wp-json\/wp\/v2\/product_brand?post=246956"},{"taxonomy":"product_cat","embeddable":true,"href":"https:\/\/matting.se\/da\/wp-json\/wp\/v2\/product_cat?post=246956"},{"taxonomy":"product_tag","embeddable":true,"href":"https:\/\/matting.se\/da\/wp-json\/wp\/v2\/product_tag?post=246956"}],"curies":[{"name":"wp","href":"https:\/\/api.w.org\/{rel}","templated":true}]}}