{"id":246920,"date":"2021-05-24T12:29:49","date_gmt":"2021-05-24T12:29:49","guid":{"rendered":"https:\/\/matting.se\/produkt\/antistress-fokuskugle\/"},"modified":"2023-12-18T11:09:42","modified_gmt":"2023-12-18T11:09:42","slug":"antistress-fokuskugle","status":"publish","type":"product","link":"https:\/\/matting.se\/da\/produkt\/antistress-fokuskugle\/","title":{"rendered":"ANTISTRESS fokuskugle"},"content":{"rendered":"<p>Jobmate ANTISTRESS-bolden er en fokus- og h\u00e5ndtr\u00e6ningsbold, der er perfekt til arbejdspladsen, skolen eller hjemmekontoret.<br \/>\nDet kan bruges til at afhj\u00e6lpe stress, men det forbedrer ogs\u00e5 styrke og koordination i h\u00e5nd, fingre og underarm.  <\/p>\n<p>Bolden er nem at skylle af med vand og s\u00e6be.<\/p>\n<p>ANTISTRESS-fokuskuglen kan opbevares og nemt b\u00e6res i tasken med den medf\u00f8lgende stofpose.<\/p>\n","protected":false},"excerpt":{"rendered":"<p>Jobmate ANTISTRESS-bolden er en fokus- og h\u00e5ndtr\u00e6ningsbold, der er perfekt til arbejdspladsen, skolen eller hjemmekontoret. Det kan bruges til at afhj\u00e6lpe stress, men det forbedrer ogs\u00e5 styrke og koordination i h\u00e5nd, fingre og underarm. Bolden er nem at skylle af med vand og s\u00e6be. ANTISTRESS-fokuskuglen kan opbevares og nemt b\u00e6res i tasken med den medf\u00f8lgende [&hellip;]<\/p>\n","protected":false},"featured_media":238906,"template":"","meta":{"_et_pb_use_builder":"","_et_pb_old_content":"","_et_gb_content_width":""},"product_brand":[],"product_cat":[237],"product_tag":[],"class_list":{"0":"post-246920","1":"product","2":"type-product","3":"status-publish","4":"has-post-thumbnail","6":"product_cat-tilbehor-til-aktiviteter","8":"first","9":"instock","10":"taxable","11":"shipping-taxable","12":"purchasable","13":"product-type-variable","14":"has-default-attributes"},"yoast_head":"<!-- This site is optimized with the Yoast SEO plugin v25.6 - https:\/\/yoast.com\/wordpress\/plugins\/seo\/ -->\n<title>ANTISTRESS fokuskugle - Matting<\/title>\n<meta name=\"description\" content=\"ANTISTRESS fokuskugle - Se Mattings h\u00e5llbara koncept och produkter f\u00f6r publika milj\u00f6er, arbetsplatser och skolor.\" \/>\n<meta name=\"robots\" content=\"index, follow, max-snippet:-1, max-image-preview:large, max-video-preview:-1\" \/>\n<link rel=\"canonical\" href=\"https:\/\/matting.se\/da\/produkt\/antistress-fokuskugle\/\" \/>\n<meta property=\"og:locale\" content=\"da_DK\" \/>\n<meta property=\"og:type\" content=\"article\" \/>\n<meta property=\"og:title\" content=\"ANTISTRESS fokuskugle - Matting\" \/>\n<meta property=\"og:description\" content=\"ANTISTRESS fokuskugle - Se Mattings h\u00e5llbara koncept och produkter f\u00f6r publika milj\u00f6er, arbetsplatser och skolor.\" \/>\n<meta property=\"og:url\" content=\"https:\/\/matting.se\/da\/produkt\/antistress-fokuskugle\/\" \/>\n<meta property=\"og:site_name\" content=\"Matting\" \/>\n<meta property=\"article:modified_time\" content=\"2023-12-18T11:09:42+00:00\" \/>\n<meta property=\"og:image\" content=\"https:\/\/matting.se\/wp-content\/uploads\/2021\/05\/551131_ANTISTRESS-ball_medium_turquoise.jpg\" \/>\n\t<meta property=\"og:image:width\" content=\"800\" \/>\n\t<meta property=\"og:image:height\" content=\"800\" \/>\n\t<meta property=\"og:image:type\" content=\"image\/jpeg\" \/>\n<meta name=\"twitter:card\" content=\"summary_large_image\" \/>\n<script type=\"application\/ld+json\" class=\"yoast-schema-graph\">{\"@context\":\"https:\/\/schema.org\",\"@graph\":[{\"@type\":[\"WebPage\",\"ItemPage\"],\"@id\":\"https:\/\/matting.se\/da\/produkt\/antistress-fokuskugle\/\",\"url\":\"https:\/\/matting.se\/da\/produkt\/antistress-fokuskugle\/\",\"name\":\"ANTISTRESS fokuskugle - Matting\",\"isPartOf\":{\"@id\":\"https:\/\/matting.se\/da\/#website\"},\"primaryImageOfPage\":{\"@id\":\"https:\/\/matting.se\/da\/produkt\/antistress-fokuskugle\/#primaryimage\"},\"image\":{\"@id\":\"https:\/\/matting.se\/da\/produkt\/antistress-fokuskugle\/#primaryimage\"},\"thumbnailUrl\":\"https:\/\/matting.se\/wp-content\/uploads\/2021\/05\/551131_ANTISTRESS-ball_medium_turquoise.jpg\",\"datePublished\":\"2021-05-24T12:29:49+00:00\",\"dateModified\":\"2023-12-18T11:09:42+00:00\",\"description\":\"ANTISTRESS fokuskugle - Se Mattings h\u00e5llbara koncept och produkter f\u00f6r publika milj\u00f6er, arbetsplatser och skolor.\",\"breadcrumb\":{\"@id\":\"https:\/\/matting.se\/da\/produkt\/antistress-fokuskugle\/#breadcrumb\"},\"inLanguage\":\"da-DK\",\"potentialAction\":[{\"@type\":\"ReadAction\",\"target\":[\"https:\/\/matting.se\/da\/produkt\/antistress-fokuskugle\/\"]}]},{\"@type\":\"ImageObject\",\"inLanguage\":\"da-DK\",\"@id\":\"https:\/\/matting.se\/da\/produkt\/antistress-fokuskugle\/#primaryimage\",\"url\":\"https:\/\/matting.se\/wp-content\/uploads\/2021\/05\/551131_ANTISTRESS-ball_medium_turquoise.jpg\",\"contentUrl\":\"https:\/\/matting.se\/wp-content\/uploads\/2021\/05\/551131_ANTISTRESS-ball_medium_turquoise.jpg\",\"width\":800,\"height\":800},{\"@type\":\"BreadcrumbList\",\"@id\":\"https:\/\/matting.se\/da\/produkt\/antistress-fokuskugle\/#breadcrumb\",\"itemListElement\":[{\"@type\":\"ListItem\",\"position\":1,\"name\":\"Hem\",\"item\":\"https:\/\/matting.se\/da\/\"},{\"@type\":\"ListItem\",\"position\":2,\"name\":\"Shop\",\"item\":\"https:\/\/matting.se\/shop\/\"},{\"@type\":\"ListItem\",\"position\":3,\"name\":\"Tilbeh\u00f8r til aktiviteter\",\"item\":\"https:\/\/matting.se\/da\/produkt-kategori\/tilbehor-til-aktiviteter\/\"},{\"@type\":\"ListItem\",\"position\":4,\"name\":\"ANTISTRESS fokuskugle\"}]},{\"@type\":\"WebSite\",\"@id\":\"https:\/\/matting.se\/da\/#website\",\"url\":\"https:\/\/matting.se\/da\/\",\"name\":\"Matting\",\"description\":\"\",\"potentialAction\":[{\"@type\":\"SearchAction\",\"target\":{\"@type\":\"EntryPoint\",\"urlTemplate\":\"https:\/\/matting.se\/da\/?s={search_term_string}\"},\"query-input\":{\"@type\":\"PropertyValueSpecification\",\"valueRequired\":true,\"valueName\":\"search_term_string\"}}],\"inLanguage\":\"da-DK\"}]}<\/script>\n<!-- \/ Yoast SEO plugin. -->","yoast_head_json":{"title":"ANTISTRESS fokuskugle - Matting","description":"ANTISTRESS fokuskugle - Se Mattings h\u00e5llbara koncept och produkter f\u00f6r publika milj\u00f6er, arbetsplatser och skolor.","robots":{"index":"index","follow":"follow","max-snippet":"max-snippet:-1","max-image-preview":"max-image-preview:large","max-video-preview":"max-video-preview:-1"},"canonical":"https:\/\/matting.se\/da\/produkt\/antistress-fokuskugle\/","og_locale":"da_DK","og_type":"article","og_title":"ANTISTRESS fokuskugle - Matting","og_description":"ANTISTRESS fokuskugle - Se Mattings h\u00e5llbara koncept och produkter f\u00f6r publika milj\u00f6er, arbetsplatser och skolor.","og_url":"https:\/\/matting.se\/da\/produkt\/antistress-fokuskugle\/","og_site_name":"Matting","article_modified_time":"2023-12-18T11:09:42+00:00","og_image":[{"width":800,"height":800,"url":"https:\/\/matting.se\/wp-content\/uploads\/2021\/05\/551131_ANTISTRESS-ball_medium_turquoise.jpg","type":"image\/jpeg"}],"twitter_card":"summary_large_image","schema":{"@context":"https:\/\/schema.org","@graph":[{"@type":["WebPage","ItemPage"],"@id":"https:\/\/matting.se\/da\/produkt\/antistress-fokuskugle\/","url":"https:\/\/matting.se\/da\/produkt\/antistress-fokuskugle\/","name":"ANTISTRESS fokuskugle - Matting","isPartOf":{"@id":"https:\/\/matting.se\/da\/#website"},"primaryImageOfPage":{"@id":"https:\/\/matting.se\/da\/produkt\/antistress-fokuskugle\/#primaryimage"},"image":{"@id":"https:\/\/matting.se\/da\/produkt\/antistress-fokuskugle\/#primaryimage"},"thumbnailUrl":"https:\/\/matting.se\/wp-content\/uploads\/2021\/05\/551131_ANTISTRESS-ball_medium_turquoise.jpg","datePublished":"2021-05-24T12:29:49+00:00","dateModified":"2023-12-18T11:09:42+00:00","description":"ANTISTRESS fokuskugle - Se Mattings h\u00e5llbara koncept och produkter f\u00f6r publika milj\u00f6er, arbetsplatser och skolor.","breadcrumb":{"@id":"https:\/\/matting.se\/da\/produkt\/antistress-fokuskugle\/#breadcrumb"},"inLanguage":"da-DK","potentialAction":[{"@type":"ReadAction","target":["https:\/\/matting.se\/da\/produkt\/antistress-fokuskugle\/"]}]},{"@type":"ImageObject","inLanguage":"da-DK","@id":"https:\/\/matting.se\/da\/produkt\/antistress-fokuskugle\/#primaryimage","url":"https:\/\/matting.se\/wp-content\/uploads\/2021\/05\/551131_ANTISTRESS-ball_medium_turquoise.jpg","contentUrl":"https:\/\/matting.se\/wp-content\/uploads\/2021\/05\/551131_ANTISTRESS-ball_medium_turquoise.jpg","width":800,"height":800},{"@type":"BreadcrumbList","@id":"https:\/\/matting.se\/da\/produkt\/antistress-fokuskugle\/#breadcrumb","itemListElement":[{"@type":"ListItem","position":1,"name":"Hem","item":"https:\/\/matting.se\/da\/"},{"@type":"ListItem","position":2,"name":"Shop","item":"https:\/\/matting.se\/shop\/"},{"@type":"ListItem","position":3,"name":"Tilbeh\u00f8r til aktiviteter","item":"https:\/\/matting.se\/da\/produkt-kategori\/tilbehor-til-aktiviteter\/"},{"@type":"ListItem","position":4,"name":"ANTISTRESS fokuskugle"}]},{"@type":"WebSite","@id":"https:\/\/matting.se\/da\/#website","url":"https:\/\/matting.se\/da\/","name":"Matting","description":"","potentialAction":[{"@type":"SearchAction","target":{"@type":"EntryPoint","urlTemplate":"https:\/\/matting.se\/da\/?s={search_term_string}"},"query-input":{"@type":"PropertyValueSpecification","valueRequired":true,"valueName":"search_term_string"}}],"inLanguage":"da-DK"}]}},"_links":{"self":[{"href":"https:\/\/matting.se\/da\/wp-json\/wp\/v2\/product\/246920","targetHints":{"allow":["GET"]}}],"collection":[{"href":"https:\/\/matting.se\/da\/wp-json\/wp\/v2\/product"}],"about":[{"href":"https:\/\/matting.se\/da\/wp-json\/wp\/v2\/types\/product"}],"wp:featuredmedia":[{"embeddable":true,"href":"https:\/\/matting.se\/da\/wp-json\/wp\/v2\/media\/238906"}],"wp:attachment":[{"href":"https:\/\/matting.se\/da\/wp-json\/wp\/v2\/media?parent=246920"}],"wp:term":[{"taxonomy":"product_brand","embeddable":true,"href":"https:\/\/matting.se\/da\/wp-json\/wp\/v2\/product_brand?post=246920"},{"taxonomy":"product_cat","embeddable":true,"href":"https:\/\/matting.se\/da\/wp-json\/wp\/v2\/product_cat?post=246920"},{"taxonomy":"product_tag","embeddable":true,"href":"https:\/\/matting.se\/da\/wp-json\/wp\/v2\/product_tag?post=246920"}],"curies":[{"name":"wp","href":"https:\/\/api.w.org\/{rel}","templated":true}]}}