{"id":246910,"date":"2021-05-24T12:29:02","date_gmt":"2021-05-24T11:29:02","guid":{"rendered":"https:\/\/matting.se\/produkt\/active-balancemaatte\/"},"modified":"2024-02-02T10:57:17","modified_gmt":"2024-02-02T09:57:17","slug":"active-balancemaatte","status":"publish","type":"product","link":"https:\/\/matting.se\/da\/produkt\/active-balancemaatte\/","title":{"rendered":"ACTIVE balancem\u00e5tte"},"content":{"rendered":"<p>StandUp ACTIVE balancem\u00e5tte er en tykkere st\u00e5m\u00e5tte, der er 5 cm tyk.<\/p>\n<p>Den har en bl\u00f8d overflade, som g\u00f8r den meget behagelig at st\u00e5 p\u00e5. Takket v\u00e6re tykkelsen giver den behagelig aflastning til f\u00f8dder, ben, hofter og ryg, mens du tr\u00e6ner din balance.<\/p>\n<p>StandUp ACTIVE balancem\u00e5tte \u00f8ger blodcirkulationen, tr\u00e6ner balancen og styrker musklerne, samtidig med at den er sk\u00e5nsom for leddene.<\/p>\n<p>Balancem\u00e5tten kan st\u00e5 p\u00e5 med sko, men st\u00e5 gerne uden sko for at f\u00e5 den bedste effekt og komfort.<br \/>\nDen er nem at t\u00f8rre af og reng\u00f8re.<\/p>\n","protected":false},"excerpt":{"rendered":"<p>StandUp ACTIVE balancem\u00e5tte er en tykkere st\u00e5m\u00e5tte, der er 5 cm tyk. Den har en bl\u00f8d overflade, som g\u00f8r den meget behagelig at st\u00e5 p\u00e5. Takket v\u00e6re tykkelsen giver den behagelig aflastning til f\u00f8dder, ben, hofter og ryg, mens du tr\u00e6ner din balance. StandUp ACTIVE balancem\u00e5tte \u00f8ger blodcirkulationen, tr\u00e6ner balancen og styrker musklerne, samtidig med [&hellip;]<\/p>\n","protected":false},"featured_media":236782,"template":"","meta":{"_et_pb_use_builder":"","_et_pb_old_content":"","_et_gb_content_width":""},"product_brand":[],"product_cat":[230,186,201,231],"product_tag":[],"class_list":{"0":"post-246910","1":"product","2":"type-product","3":"status-publish","4":"has-post-thumbnail","6":"product_cat-balance-matter","7":"product_cat-matting-interior-da","8":"product_cat-stamatter-og-balancebraetter-mi","9":"product_cat-balancematter-mi","11":"first","12":"instock","13":"taxable","14":"shipping-taxable","15":"purchasable","16":"product-type-variable","17":"has-default-attributes"},"yoast_head":"<!-- This site is optimized with the Yoast SEO plugin v25.6 - https:\/\/yoast.com\/wordpress\/plugins\/seo\/ -->\n<title>ACTIVE balancem\u00e5tte - Matting<\/title>\n<meta name=\"description\" content=\"ACTIVE balancem\u00e5tte - Se Mattings h\u00e5llbara koncept och produkter f\u00f6r publika milj\u00f6er, arbetsplatser och skolor.\" \/>\n<meta name=\"robots\" content=\"index, follow, max-snippet:-1, max-image-preview:large, max-video-preview:-1\" \/>\n<link rel=\"canonical\" href=\"https:\/\/matting.se\/da\/produkt\/active-balancemaatte\/\" \/>\n<meta property=\"og:locale\" content=\"da_DK\" \/>\n<meta property=\"og:type\" content=\"article\" \/>\n<meta property=\"og:title\" content=\"ACTIVE balancem\u00e5tte - Matting\" \/>\n<meta property=\"og:description\" content=\"ACTIVE balancem\u00e5tte - Se Mattings h\u00e5llbara koncept och produkter f\u00f6r publika milj\u00f6er, arbetsplatser och skolor.\" \/>\n<meta property=\"og:url\" content=\"https:\/\/matting.se\/da\/produkt\/active-balancemaatte\/\" \/>\n<meta property=\"og:site_name\" content=\"Matting\" \/>\n<meta property=\"article:modified_time\" content=\"2024-02-02T09:57:17+00:00\" \/>\n<meta property=\"og:image\" content=\"https:\/\/matting.se\/wp-content\/uploads\/2021\/01\/551099_ACTIVE_balancemat_side.jpg\" \/>\n\t<meta property=\"og:image:width\" content=\"800\" \/>\n\t<meta property=\"og:image:height\" content=\"800\" \/>\n\t<meta property=\"og:image:type\" content=\"image\/jpeg\" \/>\n<meta name=\"twitter:card\" content=\"summary_large_image\" \/>\n<meta name=\"twitter:label1\" content=\"Estimeret l\u00e6setid\" \/>\n\t<meta name=\"twitter:data1\" content=\"1 minut\" \/>\n<script type=\"application\/ld+json\" class=\"yoast-schema-graph\">{\"@context\":\"https:\/\/schema.org\",\"@graph\":[{\"@type\":[\"WebPage\",\"ItemPage\"],\"@id\":\"https:\/\/matting.se\/da\/produkt\/active-balancemaatte\/\",\"url\":\"https:\/\/matting.se\/da\/produkt\/active-balancemaatte\/\",\"name\":\"ACTIVE balancem\u00e5tte - Matting\",\"isPartOf\":{\"@id\":\"https:\/\/matting.se\/da\/#website\"},\"primaryImageOfPage\":{\"@id\":\"https:\/\/matting.se\/da\/produkt\/active-balancemaatte\/#primaryimage\"},\"image\":{\"@id\":\"https:\/\/matting.se\/da\/produkt\/active-balancemaatte\/#primaryimage\"},\"thumbnailUrl\":\"https:\/\/matting.se\/wp-content\/uploads\/2021\/01\/551099_ACTIVE_balancemat_side.jpg\",\"datePublished\":\"2021-05-24T11:29:02+00:00\",\"dateModified\":\"2024-02-02T09:57:17+00:00\",\"description\":\"ACTIVE balancem\u00e5tte - Se Mattings h\u00e5llbara koncept och produkter f\u00f6r publika milj\u00f6er, arbetsplatser och skolor.\",\"breadcrumb\":{\"@id\":\"https:\/\/matting.se\/da\/produkt\/active-balancemaatte\/#breadcrumb\"},\"inLanguage\":\"da-DK\",\"potentialAction\":[{\"@type\":\"ReadAction\",\"target\":[\"https:\/\/matting.se\/da\/produkt\/active-balancemaatte\/\"]}]},{\"@type\":\"ImageObject\",\"inLanguage\":\"da-DK\",\"@id\":\"https:\/\/matting.se\/da\/produkt\/active-balancemaatte\/#primaryimage\",\"url\":\"https:\/\/matting.se\/wp-content\/uploads\/2021\/01\/551099_ACTIVE_balancemat_side.jpg\",\"contentUrl\":\"https:\/\/matting.se\/wp-content\/uploads\/2021\/01\/551099_ACTIVE_balancemat_side.jpg\",\"width\":800,\"height\":800},{\"@type\":\"BreadcrumbList\",\"@id\":\"https:\/\/matting.se\/da\/produkt\/active-balancemaatte\/#breadcrumb\",\"itemListElement\":[{\"@type\":\"ListItem\",\"position\":1,\"name\":\"Hem\",\"item\":\"https:\/\/matting.se\/da\/\"},{\"@type\":\"ListItem\",\"position\":2,\"name\":\"Shop\",\"item\":\"https:\/\/matting.se\/shop\/\"},{\"@type\":\"ListItem\",\"position\":3,\"name\":\"Matting Interior\",\"item\":\"https:\/\/matting.se\/da\/produkt-kategori\/matting-interior-da\/\"},{\"@type\":\"ListItem\",\"position\":4,\"name\":\"St\u00e5m\u00e5tter og balancebr\u00e6tter\",\"item\":\"https:\/\/matting.se\/da\/produkt-kategori\/matting-interior-da\/stamatter-og-balancebraetter-mi\/\"},{\"@type\":\"ListItem\",\"position\":5,\"name\":\"Balancem\u00e5tter MI\",\"item\":\"https:\/\/matting.se\/da\/produkt-kategori\/matting-interior-da\/stamatter-og-balancebraetter-mi\/balancematter-mi\/\"},{\"@type\":\"ListItem\",\"position\":6,\"name\":\"ACTIVE balancem\u00e5tte\"}]},{\"@type\":\"WebSite\",\"@id\":\"https:\/\/matting.se\/da\/#website\",\"url\":\"https:\/\/matting.se\/da\/\",\"name\":\"Matting\",\"description\":\"\",\"potentialAction\":[{\"@type\":\"SearchAction\",\"target\":{\"@type\":\"EntryPoint\",\"urlTemplate\":\"https:\/\/matting.se\/da\/?s={search_term_string}\"},\"query-input\":{\"@type\":\"PropertyValueSpecification\",\"valueRequired\":true,\"valueName\":\"search_term_string\"}}],\"inLanguage\":\"da-DK\"}]}<\/script>\n<!-- \/ Yoast SEO plugin. -->","yoast_head_json":{"title":"ACTIVE balancem\u00e5tte - Matting","description":"ACTIVE balancem\u00e5tte - Se Mattings h\u00e5llbara koncept och produkter f\u00f6r publika milj\u00f6er, arbetsplatser och skolor.","robots":{"index":"index","follow":"follow","max-snippet":"max-snippet:-1","max-image-preview":"max-image-preview:large","max-video-preview":"max-video-preview:-1"},"canonical":"https:\/\/matting.se\/da\/produkt\/active-balancemaatte\/","og_locale":"da_DK","og_type":"article","og_title":"ACTIVE balancem\u00e5tte - Matting","og_description":"ACTIVE balancem\u00e5tte - Se Mattings h\u00e5llbara koncept och produkter f\u00f6r publika milj\u00f6er, arbetsplatser och skolor.","og_url":"https:\/\/matting.se\/da\/produkt\/active-balancemaatte\/","og_site_name":"Matting","article_modified_time":"2024-02-02T09:57:17+00:00","og_image":[{"width":800,"height":800,"url":"https:\/\/matting.se\/wp-content\/uploads\/2021\/01\/551099_ACTIVE_balancemat_side.jpg","type":"image\/jpeg"}],"twitter_card":"summary_large_image","twitter_misc":{"Estimeret l\u00e6setid":"1 minut"},"schema":{"@context":"https:\/\/schema.org","@graph":[{"@type":["WebPage","ItemPage"],"@id":"https:\/\/matting.se\/da\/produkt\/active-balancemaatte\/","url":"https:\/\/matting.se\/da\/produkt\/active-balancemaatte\/","name":"ACTIVE balancem\u00e5tte - Matting","isPartOf":{"@id":"https:\/\/matting.se\/da\/#website"},"primaryImageOfPage":{"@id":"https:\/\/matting.se\/da\/produkt\/active-balancemaatte\/#primaryimage"},"image":{"@id":"https:\/\/matting.se\/da\/produkt\/active-balancemaatte\/#primaryimage"},"thumbnailUrl":"https:\/\/matting.se\/wp-content\/uploads\/2021\/01\/551099_ACTIVE_balancemat_side.jpg","datePublished":"2021-05-24T11:29:02+00:00","dateModified":"2024-02-02T09:57:17+00:00","description":"ACTIVE balancem\u00e5tte - Se Mattings h\u00e5llbara koncept och produkter f\u00f6r publika milj\u00f6er, arbetsplatser och skolor.","breadcrumb":{"@id":"https:\/\/matting.se\/da\/produkt\/active-balancemaatte\/#breadcrumb"},"inLanguage":"da-DK","potentialAction":[{"@type":"ReadAction","target":["https:\/\/matting.se\/da\/produkt\/active-balancemaatte\/"]}]},{"@type":"ImageObject","inLanguage":"da-DK","@id":"https:\/\/matting.se\/da\/produkt\/active-balancemaatte\/#primaryimage","url":"https:\/\/matting.se\/wp-content\/uploads\/2021\/01\/551099_ACTIVE_balancemat_side.jpg","contentUrl":"https:\/\/matting.se\/wp-content\/uploads\/2021\/01\/551099_ACTIVE_balancemat_side.jpg","width":800,"height":800},{"@type":"BreadcrumbList","@id":"https:\/\/matting.se\/da\/produkt\/active-balancemaatte\/#breadcrumb","itemListElement":[{"@type":"ListItem","position":1,"name":"Hem","item":"https:\/\/matting.se\/da\/"},{"@type":"ListItem","position":2,"name":"Shop","item":"https:\/\/matting.se\/shop\/"},{"@type":"ListItem","position":3,"name":"Matting Interior","item":"https:\/\/matting.se\/da\/produkt-kategori\/matting-interior-da\/"},{"@type":"ListItem","position":4,"name":"St\u00e5m\u00e5tter og balancebr\u00e6tter","item":"https:\/\/matting.se\/da\/produkt-kategori\/matting-interior-da\/stamatter-og-balancebraetter-mi\/"},{"@type":"ListItem","position":5,"name":"Balancem\u00e5tter MI","item":"https:\/\/matting.se\/da\/produkt-kategori\/matting-interior-da\/stamatter-og-balancebraetter-mi\/balancematter-mi\/"},{"@type":"ListItem","position":6,"name":"ACTIVE balancem\u00e5tte"}]},{"@type":"WebSite","@id":"https:\/\/matting.se\/da\/#website","url":"https:\/\/matting.se\/da\/","name":"Matting","description":"","potentialAction":[{"@type":"SearchAction","target":{"@type":"EntryPoint","urlTemplate":"https:\/\/matting.se\/da\/?s={search_term_string}"},"query-input":{"@type":"PropertyValueSpecification","valueRequired":true,"valueName":"search_term_string"}}],"inLanguage":"da-DK"}]}},"_links":{"self":[{"href":"https:\/\/matting.se\/da\/wp-json\/wp\/v2\/product\/246910","targetHints":{"allow":["GET"]}}],"collection":[{"href":"https:\/\/matting.se\/da\/wp-json\/wp\/v2\/product"}],"about":[{"href":"https:\/\/matting.se\/da\/wp-json\/wp\/v2\/types\/product"}],"wp:featuredmedia":[{"embeddable":true,"href":"https:\/\/matting.se\/da\/wp-json\/wp\/v2\/media\/236782"}],"wp:attachment":[{"href":"https:\/\/matting.se\/da\/wp-json\/wp\/v2\/media?parent=246910"}],"wp:term":[{"taxonomy":"product_brand","embeddable":true,"href":"https:\/\/matting.se\/da\/wp-json\/wp\/v2\/product_brand?post=246910"},{"taxonomy":"product_cat","embeddable":true,"href":"https:\/\/matting.se\/da\/wp-json\/wp\/v2\/product_cat?post=246910"},{"taxonomy":"product_tag","embeddable":true,"href":"https:\/\/matting.se\/da\/wp-json\/wp\/v2\/product_tag?post=246910"}],"curies":[{"name":"wp","href":"https:\/\/api.w.org\/{rel}","templated":true}]}}