{"id":246908,"date":"2021-05-24T12:30:10","date_gmt":"2021-05-24T11:30:10","guid":{"rendered":"https:\/\/matting.se\/produkt\/hanger-gulvstativ\/"},"modified":"2023-12-18T11:09:42","modified_gmt":"2023-12-18T11:09:42","slug":"hanger-gulvstativ","status":"publish","type":"product","link":"https:\/\/matting.se\/da\/produkt\/hanger-gulvstativ\/","title":{"rendered":"HANGER gulvstativ"},"content":{"rendered":"<p>StandUp HANGER er en stilfuld b\u00f8jle med et gulvstativ, der nemt kan flyttes rundt efter behov.<\/p>\n<p>HANGER giver nem og tilg\u00e6ngelig opbevaring til StandUp-produkter, der kan h\u00e6nges op. Den er nem at flytte med den grebsvenlige topring, samtidig med at den st\u00e5r stabilt p\u00e5 gulvet. StandUp HANGER er designet til at visualisere og motivere brugen af produkter til aktivt arbejde og g\u00f8r produkterne tilg\u00e6ngelige for flere mennesker.<\/p>\n<p>HANGER kan placeres i offentlige milj\u00f8er, kontorf\u00e6llesskaber, kontorer, skoler osv.<\/p>\n<p>Plads til op til:<\/p>\n<ul>\n<li>8 StandUp-m\u00e5tter<\/li>\n<li>4 stk StandUp Active Balance Board.<\/li>\n<li>HANGER er ogs\u00e5 velegnet til borddisplays med et \u00f8je.<\/li>\n<\/ul>\n<p>Fremstillet i Sverige af b\u00e6redygtige materialer. Produceret i svanem\u00e6rket produktion.<\/p>\n<p>Designet af Dan Ihreborn.<\/p>\n","protected":false},"excerpt":{"rendered":"<p>StandUp HANGER er en stilfuld b\u00f8jle med et gulvstativ, der nemt kan flyttes rundt efter behov. HANGER giver nem og tilg\u00e6ngelig opbevaring til StandUp-produkter, der kan h\u00e6nges op. Den er nem at flytte med den grebsvenlige topring, samtidig med at den st\u00e5r stabilt p\u00e5 gulvet. StandUp HANGER er designet til at visualisere og motivere brugen [&hellip;]<\/p>\n","protected":false},"featured_media":238678,"template":"","meta":{"_et_pb_use_builder":"","_et_pb_old_content":"","_et_gb_content_width":""},"product_brand":[],"product_cat":[186,228],"product_tag":[],"class_list":{"0":"post-246908","1":"product","2":"type-product","3":"status-publish","4":"has-post-thumbnail","6":"product_cat-matting-interior-da","7":"product_cat-opbevaringsmobler-mi","9":"first","10":"instock","11":"taxable","12":"shipping-taxable","13":"purchasable","14":"product-type-variable","15":"has-default-attributes"},"yoast_head":"<!-- This site is optimized with the Yoast SEO plugin v25.6 - https:\/\/yoast.com\/wordpress\/plugins\/seo\/ -->\n<title>HANGER gulvstativ - Matting<\/title>\n<meta name=\"description\" content=\"HANGER gulvstativ - Se Mattings h\u00e5llbara koncept och produkter f\u00f6r publika milj\u00f6er, arbetsplatser och skolor.\" \/>\n<meta name=\"robots\" content=\"index, follow, max-snippet:-1, max-image-preview:large, max-video-preview:-1\" \/>\n<link rel=\"canonical\" href=\"https:\/\/matting.se\/da\/produkt\/hanger-gulvstativ\/\" \/>\n<meta property=\"og:locale\" content=\"da_DK\" \/>\n<meta property=\"og:type\" content=\"article\" \/>\n<meta property=\"og:title\" content=\"HANGER gulvstativ - Matting\" \/>\n<meta property=\"og:description\" content=\"HANGER gulvstativ - Se Mattings h\u00e5llbara koncept och produkter f\u00f6r publika milj\u00f6er, arbetsplatser och skolor.\" \/>\n<meta property=\"og:url\" content=\"https:\/\/matting.se\/da\/produkt\/hanger-gulvstativ\/\" \/>\n<meta property=\"og:site_name\" content=\"Matting\" \/>\n<meta property=\"article:modified_time\" content=\"2023-12-18T11:09:42+00:00\" \/>\n<meta property=\"og:image\" content=\"https:\/\/matting.se\/wp-content\/uploads\/2021\/05\/562000_HANGER-floor-stand_black_front.jpg\" \/>\n\t<meta property=\"og:image:width\" content=\"800\" \/>\n\t<meta property=\"og:image:height\" content=\"800\" \/>\n\t<meta property=\"og:image:type\" content=\"image\/jpeg\" \/>\n<meta name=\"twitter:card\" content=\"summary_large_image\" \/>\n<meta name=\"twitter:label1\" content=\"Estimeret l\u00e6setid\" \/>\n\t<meta name=\"twitter:data1\" content=\"1 minut\" \/>\n<script type=\"application\/ld+json\" class=\"yoast-schema-graph\">{\"@context\":\"https:\/\/schema.org\",\"@graph\":[{\"@type\":[\"WebPage\",\"ItemPage\"],\"@id\":\"https:\/\/matting.se\/da\/produkt\/hanger-gulvstativ\/\",\"url\":\"https:\/\/matting.se\/da\/produkt\/hanger-gulvstativ\/\",\"name\":\"HANGER gulvstativ - Matting\",\"isPartOf\":{\"@id\":\"https:\/\/matting.se\/da\/#website\"},\"primaryImageOfPage\":{\"@id\":\"https:\/\/matting.se\/da\/produkt\/hanger-gulvstativ\/#primaryimage\"},\"image\":{\"@id\":\"https:\/\/matting.se\/da\/produkt\/hanger-gulvstativ\/#primaryimage\"},\"thumbnailUrl\":\"https:\/\/matting.se\/wp-content\/uploads\/2021\/05\/562000_HANGER-floor-stand_black_front.jpg\",\"datePublished\":\"2021-05-24T11:30:10+00:00\",\"dateModified\":\"2023-12-18T11:09:42+00:00\",\"description\":\"HANGER gulvstativ - Se Mattings h\u00e5llbara koncept och produkter f\u00f6r publika milj\u00f6er, arbetsplatser och skolor.\",\"breadcrumb\":{\"@id\":\"https:\/\/matting.se\/da\/produkt\/hanger-gulvstativ\/#breadcrumb\"},\"inLanguage\":\"da-DK\",\"potentialAction\":[{\"@type\":\"ReadAction\",\"target\":[\"https:\/\/matting.se\/da\/produkt\/hanger-gulvstativ\/\"]}]},{\"@type\":\"ImageObject\",\"inLanguage\":\"da-DK\",\"@id\":\"https:\/\/matting.se\/da\/produkt\/hanger-gulvstativ\/#primaryimage\",\"url\":\"https:\/\/matting.se\/wp-content\/uploads\/2021\/05\/562000_HANGER-floor-stand_black_front.jpg\",\"contentUrl\":\"https:\/\/matting.se\/wp-content\/uploads\/2021\/05\/562000_HANGER-floor-stand_black_front.jpg\",\"width\":800,\"height\":800},{\"@type\":\"BreadcrumbList\",\"@id\":\"https:\/\/matting.se\/da\/produkt\/hanger-gulvstativ\/#breadcrumb\",\"itemListElement\":[{\"@type\":\"ListItem\",\"position\":1,\"name\":\"Hem\",\"item\":\"https:\/\/matting.se\/da\/\"},{\"@type\":\"ListItem\",\"position\":2,\"name\":\"Shop\",\"item\":\"https:\/\/matting.se\/shop\/\"},{\"@type\":\"ListItem\",\"position\":3,\"name\":\"Matting Interior\",\"item\":\"https:\/\/matting.se\/da\/produkt-kategori\/matting-interior-da\/\"},{\"@type\":\"ListItem\",\"position\":4,\"name\":\"HANGER gulvstativ\"}]},{\"@type\":\"WebSite\",\"@id\":\"https:\/\/matting.se\/da\/#website\",\"url\":\"https:\/\/matting.se\/da\/\",\"name\":\"Matting\",\"description\":\"\",\"potentialAction\":[{\"@type\":\"SearchAction\",\"target\":{\"@type\":\"EntryPoint\",\"urlTemplate\":\"https:\/\/matting.se\/da\/?s={search_term_string}\"},\"query-input\":{\"@type\":\"PropertyValueSpecification\",\"valueRequired\":true,\"valueName\":\"search_term_string\"}}],\"inLanguage\":\"da-DK\"}]}<\/script>\n<!-- \/ Yoast SEO plugin. -->","yoast_head_json":{"title":"HANGER gulvstativ - Matting","description":"HANGER gulvstativ - Se Mattings h\u00e5llbara koncept och produkter f\u00f6r publika milj\u00f6er, arbetsplatser och skolor.","robots":{"index":"index","follow":"follow","max-snippet":"max-snippet:-1","max-image-preview":"max-image-preview:large","max-video-preview":"max-video-preview:-1"},"canonical":"https:\/\/matting.se\/da\/produkt\/hanger-gulvstativ\/","og_locale":"da_DK","og_type":"article","og_title":"HANGER gulvstativ - Matting","og_description":"HANGER gulvstativ - Se Mattings h\u00e5llbara koncept och produkter f\u00f6r publika milj\u00f6er, arbetsplatser och skolor.","og_url":"https:\/\/matting.se\/da\/produkt\/hanger-gulvstativ\/","og_site_name":"Matting","article_modified_time":"2023-12-18T11:09:42+00:00","og_image":[{"width":800,"height":800,"url":"https:\/\/matting.se\/wp-content\/uploads\/2021\/05\/562000_HANGER-floor-stand_black_front.jpg","type":"image\/jpeg"}],"twitter_card":"summary_large_image","twitter_misc":{"Estimeret l\u00e6setid":"1 minut"},"schema":{"@context":"https:\/\/schema.org","@graph":[{"@type":["WebPage","ItemPage"],"@id":"https:\/\/matting.se\/da\/produkt\/hanger-gulvstativ\/","url":"https:\/\/matting.se\/da\/produkt\/hanger-gulvstativ\/","name":"HANGER gulvstativ - Matting","isPartOf":{"@id":"https:\/\/matting.se\/da\/#website"},"primaryImageOfPage":{"@id":"https:\/\/matting.se\/da\/produkt\/hanger-gulvstativ\/#primaryimage"},"image":{"@id":"https:\/\/matting.se\/da\/produkt\/hanger-gulvstativ\/#primaryimage"},"thumbnailUrl":"https:\/\/matting.se\/wp-content\/uploads\/2021\/05\/562000_HANGER-floor-stand_black_front.jpg","datePublished":"2021-05-24T11:30:10+00:00","dateModified":"2023-12-18T11:09:42+00:00","description":"HANGER gulvstativ - Se Mattings h\u00e5llbara koncept och produkter f\u00f6r publika milj\u00f6er, arbetsplatser och skolor.","breadcrumb":{"@id":"https:\/\/matting.se\/da\/produkt\/hanger-gulvstativ\/#breadcrumb"},"inLanguage":"da-DK","potentialAction":[{"@type":"ReadAction","target":["https:\/\/matting.se\/da\/produkt\/hanger-gulvstativ\/"]}]},{"@type":"ImageObject","inLanguage":"da-DK","@id":"https:\/\/matting.se\/da\/produkt\/hanger-gulvstativ\/#primaryimage","url":"https:\/\/matting.se\/wp-content\/uploads\/2021\/05\/562000_HANGER-floor-stand_black_front.jpg","contentUrl":"https:\/\/matting.se\/wp-content\/uploads\/2021\/05\/562000_HANGER-floor-stand_black_front.jpg","width":800,"height":800},{"@type":"BreadcrumbList","@id":"https:\/\/matting.se\/da\/produkt\/hanger-gulvstativ\/#breadcrumb","itemListElement":[{"@type":"ListItem","position":1,"name":"Hem","item":"https:\/\/matting.se\/da\/"},{"@type":"ListItem","position":2,"name":"Shop","item":"https:\/\/matting.se\/shop\/"},{"@type":"ListItem","position":3,"name":"Matting Interior","item":"https:\/\/matting.se\/da\/produkt-kategori\/matting-interior-da\/"},{"@type":"ListItem","position":4,"name":"HANGER gulvstativ"}]},{"@type":"WebSite","@id":"https:\/\/matting.se\/da\/#website","url":"https:\/\/matting.se\/da\/","name":"Matting","description":"","potentialAction":[{"@type":"SearchAction","target":{"@type":"EntryPoint","urlTemplate":"https:\/\/matting.se\/da\/?s={search_term_string}"},"query-input":{"@type":"PropertyValueSpecification","valueRequired":true,"valueName":"search_term_string"}}],"inLanguage":"da-DK"}]}},"_links":{"self":[{"href":"https:\/\/matting.se\/da\/wp-json\/wp\/v2\/product\/246908","targetHints":{"allow":["GET"]}}],"collection":[{"href":"https:\/\/matting.se\/da\/wp-json\/wp\/v2\/product"}],"about":[{"href":"https:\/\/matting.se\/da\/wp-json\/wp\/v2\/types\/product"}],"wp:featuredmedia":[{"embeddable":true,"href":"https:\/\/matting.se\/da\/wp-json\/wp\/v2\/media\/238678"}],"wp:attachment":[{"href":"https:\/\/matting.se\/da\/wp-json\/wp\/v2\/media?parent=246908"}],"wp:term":[{"taxonomy":"product_brand","embeddable":true,"href":"https:\/\/matting.se\/da\/wp-json\/wp\/v2\/product_brand?post=246908"},{"taxonomy":"product_cat","embeddable":true,"href":"https:\/\/matting.se\/da\/wp-json\/wp\/v2\/product_cat?post=246908"},{"taxonomy":"product_tag","embeddable":true,"href":"https:\/\/matting.se\/da\/wp-json\/wp\/v2\/product_tag?post=246908"}],"curies":[{"name":"wp","href":"https:\/\/api.w.org\/{rel}","templated":true}]}}