{"id":246889,"date":"2021-05-24T12:29:29","date_gmt":"2021-05-24T12:29:29","guid":{"rendered":"https:\/\/matting.se\/produkt\/exercise-traeningsmaatte\/"},"modified":"2023-12-18T11:09:42","modified_gmt":"2023-12-18T11:09:42","slug":"exercise-traeningsmaatte","status":"publish","type":"product","link":"https:\/\/matting.se\/da\/produkt\/exercise-traeningsmaatte\/","title":{"rendered":"EXERCISE tr\u00e6ningsm\u00e5tte"},"content":{"rendered":"<p>StandUp EXERCISE-tr\u00e6ningsm\u00e5tten er en tr\u00e6nings-, yoga- og afslapningsm\u00e5tte, der udelukkende er fremstillet af naturmaterialer.<br \/>\nT\u00e6ppet er perfekt til dit hjem eller kontor. Saml flere mennesker i et konferencelokale eller under en sportslektion for at tage en pause og restituere, lave nogle tiltr\u00e6ngte str\u00e6k\u00f8velser eller en aktivitetssession.<br \/>\nEXERCISE er let at rulle sammen.<\/p>\n<p>T\u00e6ppet har et h\u00f8jt komfortniveau med en bl\u00f8d korkoverflade.<br \/>\nNaturgummiet giver t\u00e6ppet v\u00e6gt, hvilket giver god stabilitet og greb p\u00e5 gulvet.  <\/p>\n<p>Find balancen, og oplev korkproduktets naturlige f\u00f8lelse, effektive d\u00e6mpning og gode greb.  <\/p>\n<p>EXERCISE tr\u00e6ningsm\u00e5tte indeholder kun naturlige materialer.<\/p>\n","protected":false},"excerpt":{"rendered":"<p>StandUp EXERCISE-tr\u00e6ningsm\u00e5tten er en tr\u00e6nings-, yoga- og afslapningsm\u00e5tte, der udelukkende er fremstillet af naturmaterialer. T\u00e6ppet er perfekt til dit hjem eller kontor. Saml flere mennesker i et konferencelokale eller under en sportslektion for at tage en pause og restituere, lave nogle tiltr\u00e6ngte str\u00e6k\u00f8velser eller en aktivitetssession. EXERCISE er let at rulle sammen. T\u00e6ppet har et [&hellip;]<\/p>\n","protected":false},"featured_media":236842,"template":"","meta":{"_et_pb_use_builder":"","_et_pb_old_content":"","_et_gb_content_width":""},"product_brand":[],"product_cat":[219],"product_tag":[],"class_list":{"0":"post-246889","1":"product","2":"type-product","3":"status-publish","4":"has-post-thumbnail","6":"product_cat-traeningsmatter","8":"first","9":"instock","10":"taxable","11":"shipping-taxable","12":"purchasable","13":"product-type-variable","14":"has-default-attributes"},"yoast_head":"<!-- This site is optimized with the Yoast SEO plugin v25.6 - https:\/\/yoast.com\/wordpress\/plugins\/seo\/ -->\n<title>EXERCISE tr\u00e6ningsm\u00e5tte - Matting<\/title>\n<meta name=\"description\" content=\"EXERCISE tr\u00e6ningsm\u00e5tte - Se Mattings h\u00e5llbara koncept och produkter f\u00f6r publika milj\u00f6er, arbetsplatser och skolor.\" \/>\n<meta name=\"robots\" content=\"index, follow, max-snippet:-1, max-image-preview:large, max-video-preview:-1\" \/>\n<link rel=\"canonical\" href=\"https:\/\/matting.se\/da\/produkt\/exercise-traeningsmaatte\/\" \/>\n<meta property=\"og:locale\" content=\"da_DK\" \/>\n<meta property=\"og:type\" content=\"article\" \/>\n<meta property=\"og:title\" content=\"EXERCISE tr\u00e6ningsm\u00e5tte - Matting\" \/>\n<meta property=\"og:description\" content=\"EXERCISE tr\u00e6ningsm\u00e5tte - Se Mattings h\u00e5llbara koncept och produkter f\u00f6r publika milj\u00f6er, arbetsplatser och skolor.\" \/>\n<meta property=\"og:url\" content=\"https:\/\/matting.se\/da\/produkt\/exercise-traeningsmaatte\/\" \/>\n<meta property=\"og:site_name\" content=\"Matting\" \/>\n<meta property=\"article:modified_time\" content=\"2023-12-18T11:09:42+00:00\" \/>\n<meta property=\"og:image\" content=\"https:\/\/matting.se\/wp-content\/uploads\/2021\/01\/551120_EXERCISE_exercisemat_top.jpg\" \/>\n\t<meta property=\"og:image:width\" content=\"800\" \/>\n\t<meta property=\"og:image:height\" content=\"800\" \/>\n\t<meta property=\"og:image:type\" content=\"image\/jpeg\" \/>\n<meta name=\"twitter:card\" content=\"summary_large_image\" \/>\n<meta name=\"twitter:label1\" content=\"Estimeret l\u00e6setid\" \/>\n\t<meta name=\"twitter:data1\" content=\"1 minut\" \/>\n<script type=\"application\/ld+json\" class=\"yoast-schema-graph\">{\"@context\":\"https:\/\/schema.org\",\"@graph\":[{\"@type\":[\"WebPage\",\"ItemPage\"],\"@id\":\"https:\/\/matting.se\/da\/produkt\/exercise-traeningsmaatte\/\",\"url\":\"https:\/\/matting.se\/da\/produkt\/exercise-traeningsmaatte\/\",\"name\":\"EXERCISE tr\u00e6ningsm\u00e5tte - Matting\",\"isPartOf\":{\"@id\":\"https:\/\/matting.se\/da\/#website\"},\"primaryImageOfPage\":{\"@id\":\"https:\/\/matting.se\/da\/produkt\/exercise-traeningsmaatte\/#primaryimage\"},\"image\":{\"@id\":\"https:\/\/matting.se\/da\/produkt\/exercise-traeningsmaatte\/#primaryimage\"},\"thumbnailUrl\":\"https:\/\/matting.se\/wp-content\/uploads\/2021\/01\/551120_EXERCISE_exercisemat_top.jpg\",\"datePublished\":\"2021-05-24T12:29:29+00:00\",\"dateModified\":\"2023-12-18T11:09:42+00:00\",\"description\":\"EXERCISE tr\u00e6ningsm\u00e5tte - Se Mattings h\u00e5llbara koncept och produkter f\u00f6r publika milj\u00f6er, arbetsplatser och skolor.\",\"breadcrumb\":{\"@id\":\"https:\/\/matting.se\/da\/produkt\/exercise-traeningsmaatte\/#breadcrumb\"},\"inLanguage\":\"da-DK\",\"potentialAction\":[{\"@type\":\"ReadAction\",\"target\":[\"https:\/\/matting.se\/da\/produkt\/exercise-traeningsmaatte\/\"]}]},{\"@type\":\"ImageObject\",\"inLanguage\":\"da-DK\",\"@id\":\"https:\/\/matting.se\/da\/produkt\/exercise-traeningsmaatte\/#primaryimage\",\"url\":\"https:\/\/matting.se\/wp-content\/uploads\/2021\/01\/551120_EXERCISE_exercisemat_top.jpg\",\"contentUrl\":\"https:\/\/matting.se\/wp-content\/uploads\/2021\/01\/551120_EXERCISE_exercisemat_top.jpg\",\"width\":800,\"height\":800},{\"@type\":\"BreadcrumbList\",\"@id\":\"https:\/\/matting.se\/da\/produkt\/exercise-traeningsmaatte\/#breadcrumb\",\"itemListElement\":[{\"@type\":\"ListItem\",\"position\":1,\"name\":\"Hem\",\"item\":\"https:\/\/matting.se\/da\/\"},{\"@type\":\"ListItem\",\"position\":2,\"name\":\"Shop\",\"item\":\"https:\/\/matting.se\/shop\/\"},{\"@type\":\"ListItem\",\"position\":3,\"name\":\"Tr\u00e6ningsm\u00e5tter\",\"item\":\"https:\/\/matting.se\/da\/produkt-kategori\/traeningsmatter\/\"},{\"@type\":\"ListItem\",\"position\":4,\"name\":\"EXERCISE tr\u00e6ningsm\u00e5tte\"}]},{\"@type\":\"WebSite\",\"@id\":\"https:\/\/matting.se\/da\/#website\",\"url\":\"https:\/\/matting.se\/da\/\",\"name\":\"Matting\",\"description\":\"\",\"potentialAction\":[{\"@type\":\"SearchAction\",\"target\":{\"@type\":\"EntryPoint\",\"urlTemplate\":\"https:\/\/matting.se\/da\/?s={search_term_string}\"},\"query-input\":{\"@type\":\"PropertyValueSpecification\",\"valueRequired\":true,\"valueName\":\"search_term_string\"}}],\"inLanguage\":\"da-DK\"}]}<\/script>\n<!-- \/ Yoast SEO plugin. -->","yoast_head_json":{"title":"EXERCISE tr\u00e6ningsm\u00e5tte - Matting","description":"EXERCISE tr\u00e6ningsm\u00e5tte - Se Mattings h\u00e5llbara koncept och produkter f\u00f6r publika milj\u00f6er, arbetsplatser och skolor.","robots":{"index":"index","follow":"follow","max-snippet":"max-snippet:-1","max-image-preview":"max-image-preview:large","max-video-preview":"max-video-preview:-1"},"canonical":"https:\/\/matting.se\/da\/produkt\/exercise-traeningsmaatte\/","og_locale":"da_DK","og_type":"article","og_title":"EXERCISE tr\u00e6ningsm\u00e5tte - Matting","og_description":"EXERCISE tr\u00e6ningsm\u00e5tte - Se Mattings h\u00e5llbara koncept och produkter f\u00f6r publika milj\u00f6er, arbetsplatser och skolor.","og_url":"https:\/\/matting.se\/da\/produkt\/exercise-traeningsmaatte\/","og_site_name":"Matting","article_modified_time":"2023-12-18T11:09:42+00:00","og_image":[{"width":800,"height":800,"url":"https:\/\/matting.se\/wp-content\/uploads\/2021\/01\/551120_EXERCISE_exercisemat_top.jpg","type":"image\/jpeg"}],"twitter_card":"summary_large_image","twitter_misc":{"Estimeret l\u00e6setid":"1 minut"},"schema":{"@context":"https:\/\/schema.org","@graph":[{"@type":["WebPage","ItemPage"],"@id":"https:\/\/matting.se\/da\/produkt\/exercise-traeningsmaatte\/","url":"https:\/\/matting.se\/da\/produkt\/exercise-traeningsmaatte\/","name":"EXERCISE tr\u00e6ningsm\u00e5tte - Matting","isPartOf":{"@id":"https:\/\/matting.se\/da\/#website"},"primaryImageOfPage":{"@id":"https:\/\/matting.se\/da\/produkt\/exercise-traeningsmaatte\/#primaryimage"},"image":{"@id":"https:\/\/matting.se\/da\/produkt\/exercise-traeningsmaatte\/#primaryimage"},"thumbnailUrl":"https:\/\/matting.se\/wp-content\/uploads\/2021\/01\/551120_EXERCISE_exercisemat_top.jpg","datePublished":"2021-05-24T12:29:29+00:00","dateModified":"2023-12-18T11:09:42+00:00","description":"EXERCISE tr\u00e6ningsm\u00e5tte - Se Mattings h\u00e5llbara koncept och produkter f\u00f6r publika milj\u00f6er, arbetsplatser och skolor.","breadcrumb":{"@id":"https:\/\/matting.se\/da\/produkt\/exercise-traeningsmaatte\/#breadcrumb"},"inLanguage":"da-DK","potentialAction":[{"@type":"ReadAction","target":["https:\/\/matting.se\/da\/produkt\/exercise-traeningsmaatte\/"]}]},{"@type":"ImageObject","inLanguage":"da-DK","@id":"https:\/\/matting.se\/da\/produkt\/exercise-traeningsmaatte\/#primaryimage","url":"https:\/\/matting.se\/wp-content\/uploads\/2021\/01\/551120_EXERCISE_exercisemat_top.jpg","contentUrl":"https:\/\/matting.se\/wp-content\/uploads\/2021\/01\/551120_EXERCISE_exercisemat_top.jpg","width":800,"height":800},{"@type":"BreadcrumbList","@id":"https:\/\/matting.se\/da\/produkt\/exercise-traeningsmaatte\/#breadcrumb","itemListElement":[{"@type":"ListItem","position":1,"name":"Hem","item":"https:\/\/matting.se\/da\/"},{"@type":"ListItem","position":2,"name":"Shop","item":"https:\/\/matting.se\/shop\/"},{"@type":"ListItem","position":3,"name":"Tr\u00e6ningsm\u00e5tter","item":"https:\/\/matting.se\/da\/produkt-kategori\/traeningsmatter\/"},{"@type":"ListItem","position":4,"name":"EXERCISE tr\u00e6ningsm\u00e5tte"}]},{"@type":"WebSite","@id":"https:\/\/matting.se\/da\/#website","url":"https:\/\/matting.se\/da\/","name":"Matting","description":"","potentialAction":[{"@type":"SearchAction","target":{"@type":"EntryPoint","urlTemplate":"https:\/\/matting.se\/da\/?s={search_term_string}"},"query-input":{"@type":"PropertyValueSpecification","valueRequired":true,"valueName":"search_term_string"}}],"inLanguage":"da-DK"}]}},"_links":{"self":[{"href":"https:\/\/matting.se\/da\/wp-json\/wp\/v2\/product\/246889","targetHints":{"allow":["GET"]}}],"collection":[{"href":"https:\/\/matting.se\/da\/wp-json\/wp\/v2\/product"}],"about":[{"href":"https:\/\/matting.se\/da\/wp-json\/wp\/v2\/types\/product"}],"wp:featuredmedia":[{"embeddable":true,"href":"https:\/\/matting.se\/da\/wp-json\/wp\/v2\/media\/236842"}],"wp:attachment":[{"href":"https:\/\/matting.se\/da\/wp-json\/wp\/v2\/media?parent=246889"}],"wp:term":[{"taxonomy":"product_brand","embeddable":true,"href":"https:\/\/matting.se\/da\/wp-json\/wp\/v2\/product_brand?post=246889"},{"taxonomy":"product_cat","embeddable":true,"href":"https:\/\/matting.se\/da\/wp-json\/wp\/v2\/product_cat?post=246889"},{"taxonomy":"product_tag","embeddable":true,"href":"https:\/\/matting.se\/da\/wp-json\/wp\/v2\/product_tag?post=246889"}],"curies":[{"name":"wp","href":"https:\/\/api.w.org\/{rel}","templated":true}]}}