{"id":246879,"date":"2021-05-24T12:28:36","date_gmt":"2021-05-24T11:28:36","guid":{"rendered":"https:\/\/matting.se\/produkt\/aktiv-balanceplade\/"},"modified":"2024-02-02T10:57:56","modified_gmt":"2024-02-02T09:57:56","slug":"aktiv-balanceplade","status":"publish","type":"product","link":"https:\/\/matting.se\/da\/produkt\/aktiv-balanceplade\/","title":{"rendered":"AKTIV balanceplade"},"content":{"rendered":"<p>StandUp ACTIVE balancebr\u00e6ttet hj\u00e6lper dig med at st\u00e5 aktivt i l\u00f8bet af dagen. Balancebr\u00e6ttet g\u00f8r det nemt at finde balancepunktet i din krop, og du finder en naturlig kropsholdning. Active balance board vipper komfortabelt, men kun sidel\u00e6ns, hvilket reducerer risikoen for at v\u00e6lte p\u00e5 h\u00e6lene. Balancebr\u00e6ttet giver dig mulighed for at st\u00e5 i l\u00e6ngere perioder, da lidt bev\u00e6gelse er mindre tr\u00e6ttende end at st\u00e5 stille.<\/p>\n<p>Ved regelm\u00e6ssig brug af ACTIVE balance board aktiverer og tr\u00e6ner du trunkusmusklerne (indre, dybtliggende muskler, der st\u00f8tter og afbalancerer rygs\u00f8jlen), og du tr\u00e6ner ogs\u00e5 din balance. Blodcirkulationen \u00f8ges, og du forbr\u00e6nder ogs\u00e5 mere energi.<\/p>\n<p>Balancepladen er lavet af aflastende PUR med et boblem\u00f8nstret overfladelag, der stimulerer blodcirkulationen.<br \/>\nDen har et rent, slankt design, der passer til b\u00e5de kontoret og hjemmet. Den afrundede bundplade er lavet af poppeltr\u00e6.<\/p>\n<p>Et \u00f8je g\u00f8r det muligt at h\u00e6nge balancepladen op, n\u00e5r den ikke er i brug.<\/p>\n","protected":false},"excerpt":{"rendered":"<p>StandUp ACTIVE balancebr\u00e6ttet hj\u00e6lper dig med at st\u00e5 aktivt i l\u00f8bet af dagen. Balancebr\u00e6ttet g\u00f8r det nemt at finde balancepunktet i din krop, og du finder en naturlig kropsholdning. Active balance board vipper komfortabelt, men kun sidel\u00e6ns, hvilket reducerer risikoen for at v\u00e6lte p\u00e5 h\u00e6lene. Balancebr\u00e6ttet giver dig mulighed for at st\u00e5 i l\u00e6ngere perioder, [&hellip;]<\/p>\n","protected":false},"featured_media":236722,"template":"","meta":{"_et_pb_use_builder":"","_et_pb_old_content":"","_et_gb_content_width":""},"product_brand":[],"product_cat":[211,186,201,212],"product_tag":[],"class_list":{"0":"post-246879","1":"product","2":"type-product","3":"status-publish","4":"has-post-thumbnail","6":"product_cat-balanceplader","7":"product_cat-matting-interior-da","8":"product_cat-stamatter-og-balancebraetter-mi","9":"product_cat-balancetavler-mi","11":"first","12":"instock","13":"taxable","14":"shipping-taxable","15":"purchasable","16":"product-type-variable","17":"has-default-attributes"},"yoast_head":"<!-- This site is optimized with the Yoast SEO plugin v25.6 - https:\/\/yoast.com\/wordpress\/plugins\/seo\/ -->\n<title>AKTIV balanceplade - Matting<\/title>\n<meta name=\"description\" content=\"AKTIV balanceplade - Se Mattings h\u00e5llbara koncept och produkter f\u00f6r publika milj\u00f6er, arbetsplatser och skolor.\" \/>\n<meta name=\"robots\" content=\"index, follow, max-snippet:-1, max-image-preview:large, max-video-preview:-1\" \/>\n<link rel=\"canonical\" href=\"https:\/\/matting.se\/da\/produkt\/aktiv-balanceplade\/\" \/>\n<meta property=\"og:locale\" content=\"da_DK\" \/>\n<meta property=\"og:type\" content=\"article\" \/>\n<meta property=\"og:title\" content=\"AKTIV balanceplade - Matting\" \/>\n<meta property=\"og:description\" content=\"AKTIV balanceplade - Se Mattings h\u00e5llbara koncept och produkter f\u00f6r publika milj\u00f6er, arbetsplatser och skolor.\" \/>\n<meta property=\"og:url\" content=\"https:\/\/matting.se\/da\/produkt\/aktiv-balanceplade\/\" \/>\n<meta property=\"og:site_name\" content=\"Matting\" \/>\n<meta property=\"article:modified_time\" content=\"2024-02-02T09:57:56+00:00\" \/>\n<meta property=\"og:image\" content=\"https:\/\/matting.se\/wp-content\/uploads\/2021\/01\/551095_ACTIVE_balanceboard_side.jpg\" \/>\n\t<meta property=\"og:image:width\" content=\"800\" \/>\n\t<meta property=\"og:image:height\" content=\"800\" \/>\n\t<meta property=\"og:image:type\" content=\"image\/jpeg\" \/>\n<meta name=\"twitter:card\" content=\"summary_large_image\" \/>\n<meta name=\"twitter:label1\" content=\"Estimeret l\u00e6setid\" \/>\n\t<meta name=\"twitter:data1\" content=\"1 minut\" \/>\n<script type=\"application\/ld+json\" class=\"yoast-schema-graph\">{\"@context\":\"https:\/\/schema.org\",\"@graph\":[{\"@type\":[\"WebPage\",\"ItemPage\"],\"@id\":\"https:\/\/matting.se\/da\/produkt\/aktiv-balanceplade\/\",\"url\":\"https:\/\/matting.se\/da\/produkt\/aktiv-balanceplade\/\",\"name\":\"AKTIV balanceplade - Matting\",\"isPartOf\":{\"@id\":\"https:\/\/matting.se\/da\/#website\"},\"primaryImageOfPage\":{\"@id\":\"https:\/\/matting.se\/da\/produkt\/aktiv-balanceplade\/#primaryimage\"},\"image\":{\"@id\":\"https:\/\/matting.se\/da\/produkt\/aktiv-balanceplade\/#primaryimage\"},\"thumbnailUrl\":\"https:\/\/matting.se\/wp-content\/uploads\/2021\/01\/551095_ACTIVE_balanceboard_side.jpg\",\"datePublished\":\"2021-05-24T11:28:36+00:00\",\"dateModified\":\"2024-02-02T09:57:56+00:00\",\"description\":\"AKTIV balanceplade - Se Mattings h\u00e5llbara koncept och produkter f\u00f6r publika milj\u00f6er, arbetsplatser och skolor.\",\"breadcrumb\":{\"@id\":\"https:\/\/matting.se\/da\/produkt\/aktiv-balanceplade\/#breadcrumb\"},\"inLanguage\":\"da-DK\",\"potentialAction\":[{\"@type\":\"ReadAction\",\"target\":[\"https:\/\/matting.se\/da\/produkt\/aktiv-balanceplade\/\"]}]},{\"@type\":\"ImageObject\",\"inLanguage\":\"da-DK\",\"@id\":\"https:\/\/matting.se\/da\/produkt\/aktiv-balanceplade\/#primaryimage\",\"url\":\"https:\/\/matting.se\/wp-content\/uploads\/2021\/01\/551095_ACTIVE_balanceboard_side.jpg\",\"contentUrl\":\"https:\/\/matting.se\/wp-content\/uploads\/2021\/01\/551095_ACTIVE_balanceboard_side.jpg\",\"width\":800,\"height\":800},{\"@type\":\"BreadcrumbList\",\"@id\":\"https:\/\/matting.se\/da\/produkt\/aktiv-balanceplade\/#breadcrumb\",\"itemListElement\":[{\"@type\":\"ListItem\",\"position\":1,\"name\":\"Hem\",\"item\":\"https:\/\/matting.se\/da\/\"},{\"@type\":\"ListItem\",\"position\":2,\"name\":\"Shop\",\"item\":\"https:\/\/matting.se\/shop\/\"},{\"@type\":\"ListItem\",\"position\":3,\"name\":\"Matting Interior\",\"item\":\"https:\/\/matting.se\/da\/produkt-kategori\/matting-interior-da\/\"},{\"@type\":\"ListItem\",\"position\":4,\"name\":\"St\u00e5m\u00e5tter og balancebr\u00e6tter\",\"item\":\"https:\/\/matting.se\/da\/produkt-kategori\/matting-interior-da\/stamatter-og-balancebraetter-mi\/\"},{\"@type\":\"ListItem\",\"position\":5,\"name\":\"Balancetavler MI\",\"item\":\"https:\/\/matting.se\/da\/produkt-kategori\/matting-interior-da\/stamatter-og-balancebraetter-mi\/balancetavler-mi\/\"},{\"@type\":\"ListItem\",\"position\":6,\"name\":\"AKTIV balanceplade\"}]},{\"@type\":\"WebSite\",\"@id\":\"https:\/\/matting.se\/da\/#website\",\"url\":\"https:\/\/matting.se\/da\/\",\"name\":\"Matting\",\"description\":\"\",\"potentialAction\":[{\"@type\":\"SearchAction\",\"target\":{\"@type\":\"EntryPoint\",\"urlTemplate\":\"https:\/\/matting.se\/da\/?s={search_term_string}\"},\"query-input\":{\"@type\":\"PropertyValueSpecification\",\"valueRequired\":true,\"valueName\":\"search_term_string\"}}],\"inLanguage\":\"da-DK\"}]}<\/script>\n<!-- \/ Yoast SEO plugin. -->","yoast_head_json":{"title":"AKTIV balanceplade - Matting","description":"AKTIV balanceplade - Se Mattings h\u00e5llbara koncept och produkter f\u00f6r publika milj\u00f6er, arbetsplatser och skolor.","robots":{"index":"index","follow":"follow","max-snippet":"max-snippet:-1","max-image-preview":"max-image-preview:large","max-video-preview":"max-video-preview:-1"},"canonical":"https:\/\/matting.se\/da\/produkt\/aktiv-balanceplade\/","og_locale":"da_DK","og_type":"article","og_title":"AKTIV balanceplade - Matting","og_description":"AKTIV balanceplade - Se Mattings h\u00e5llbara koncept och produkter f\u00f6r publika milj\u00f6er, arbetsplatser och skolor.","og_url":"https:\/\/matting.se\/da\/produkt\/aktiv-balanceplade\/","og_site_name":"Matting","article_modified_time":"2024-02-02T09:57:56+00:00","og_image":[{"width":800,"height":800,"url":"https:\/\/matting.se\/wp-content\/uploads\/2021\/01\/551095_ACTIVE_balanceboard_side.jpg","type":"image\/jpeg"}],"twitter_card":"summary_large_image","twitter_misc":{"Estimeret l\u00e6setid":"1 minut"},"schema":{"@context":"https:\/\/schema.org","@graph":[{"@type":["WebPage","ItemPage"],"@id":"https:\/\/matting.se\/da\/produkt\/aktiv-balanceplade\/","url":"https:\/\/matting.se\/da\/produkt\/aktiv-balanceplade\/","name":"AKTIV balanceplade - Matting","isPartOf":{"@id":"https:\/\/matting.se\/da\/#website"},"primaryImageOfPage":{"@id":"https:\/\/matting.se\/da\/produkt\/aktiv-balanceplade\/#primaryimage"},"image":{"@id":"https:\/\/matting.se\/da\/produkt\/aktiv-balanceplade\/#primaryimage"},"thumbnailUrl":"https:\/\/matting.se\/wp-content\/uploads\/2021\/01\/551095_ACTIVE_balanceboard_side.jpg","datePublished":"2021-05-24T11:28:36+00:00","dateModified":"2024-02-02T09:57:56+00:00","description":"AKTIV balanceplade - Se Mattings h\u00e5llbara koncept och produkter f\u00f6r publika milj\u00f6er, arbetsplatser och skolor.","breadcrumb":{"@id":"https:\/\/matting.se\/da\/produkt\/aktiv-balanceplade\/#breadcrumb"},"inLanguage":"da-DK","potentialAction":[{"@type":"ReadAction","target":["https:\/\/matting.se\/da\/produkt\/aktiv-balanceplade\/"]}]},{"@type":"ImageObject","inLanguage":"da-DK","@id":"https:\/\/matting.se\/da\/produkt\/aktiv-balanceplade\/#primaryimage","url":"https:\/\/matting.se\/wp-content\/uploads\/2021\/01\/551095_ACTIVE_balanceboard_side.jpg","contentUrl":"https:\/\/matting.se\/wp-content\/uploads\/2021\/01\/551095_ACTIVE_balanceboard_side.jpg","width":800,"height":800},{"@type":"BreadcrumbList","@id":"https:\/\/matting.se\/da\/produkt\/aktiv-balanceplade\/#breadcrumb","itemListElement":[{"@type":"ListItem","position":1,"name":"Hem","item":"https:\/\/matting.se\/da\/"},{"@type":"ListItem","position":2,"name":"Shop","item":"https:\/\/matting.se\/shop\/"},{"@type":"ListItem","position":3,"name":"Matting Interior","item":"https:\/\/matting.se\/da\/produkt-kategori\/matting-interior-da\/"},{"@type":"ListItem","position":4,"name":"St\u00e5m\u00e5tter og balancebr\u00e6tter","item":"https:\/\/matting.se\/da\/produkt-kategori\/matting-interior-da\/stamatter-og-balancebraetter-mi\/"},{"@type":"ListItem","position":5,"name":"Balancetavler MI","item":"https:\/\/matting.se\/da\/produkt-kategori\/matting-interior-da\/stamatter-og-balancebraetter-mi\/balancetavler-mi\/"},{"@type":"ListItem","position":6,"name":"AKTIV balanceplade"}]},{"@type":"WebSite","@id":"https:\/\/matting.se\/da\/#website","url":"https:\/\/matting.se\/da\/","name":"Matting","description":"","potentialAction":[{"@type":"SearchAction","target":{"@type":"EntryPoint","urlTemplate":"https:\/\/matting.se\/da\/?s={search_term_string}"},"query-input":{"@type":"PropertyValueSpecification","valueRequired":true,"valueName":"search_term_string"}}],"inLanguage":"da-DK"}]}},"_links":{"self":[{"href":"https:\/\/matting.se\/da\/wp-json\/wp\/v2\/product\/246879","targetHints":{"allow":["GET"]}}],"collection":[{"href":"https:\/\/matting.se\/da\/wp-json\/wp\/v2\/product"}],"about":[{"href":"https:\/\/matting.se\/da\/wp-json\/wp\/v2\/types\/product"}],"wp:featuredmedia":[{"embeddable":true,"href":"https:\/\/matting.se\/da\/wp-json\/wp\/v2\/media\/236722"}],"wp:attachment":[{"href":"https:\/\/matting.se\/da\/wp-json\/wp\/v2\/media?parent=246879"}],"wp:term":[{"taxonomy":"product_brand","embeddable":true,"href":"https:\/\/matting.se\/da\/wp-json\/wp\/v2\/product_brand?post=246879"},{"taxonomy":"product_cat","embeddable":true,"href":"https:\/\/matting.se\/da\/wp-json\/wp\/v2\/product_cat?post=246879"},{"taxonomy":"product_tag","embeddable":true,"href":"https:\/\/matting.se\/da\/wp-json\/wp\/v2\/product_tag?post=246879"}],"curies":[{"name":"wp","href":"https:\/\/api.w.org\/{rel}","templated":true}]}}