{"id":246871,"date":"2021-05-24T12:26:15","date_gmt":"2021-05-24T12:26:15","guid":{"rendered":"https:\/\/matting.se\/produkt\/monitor-stand-laptop-stativ\/"},"modified":"2023-12-18T11:09:44","modified_gmt":"2023-12-18T11:09:44","slug":"monitor-stand-laptop-stativ","status":"publish","type":"product","link":"https:\/\/matting.se\/da\/produkt\/monitor-stand-laptop-stativ\/","title":{"rendered":"MONITOR STAND laptop stativ"},"content":{"rendered":"<p>Jobmate MONITOR STAND laptopstativ passer til b\u00e5de en laptop og en computersk\u00e6rm og skaber ekstra plads p\u00e5 skrivebordet.  <\/p>\n<p>MONITOR STAND er stilfuld med en glasplade. Den kan indstilles i to forskellige h\u00f8jdepositioner.<\/p>\n","protected":false},"excerpt":{"rendered":"<p>Jobmate MONITOR STAND laptopstativ passer til b\u00e5de en laptop og en computersk\u00e6rm og skaber ekstra plads p\u00e5 skrivebordet. MONITOR STAND er stilfuld med en glasplade. Den kan indstilles i to forskellige h\u00f8jdepositioner.<\/p>\n","protected":false},"featured_media":0,"template":"","meta":{"_et_pb_use_builder":"","_et_pb_old_content":"","_et_gb_content_width":""},"product_brand":[],"product_cat":[209],"product_tag":[],"class_list":{"0":"post-246871","1":"product","2":"type-product","3":"status-publish","5":"product_cat-stativ-til-baerbar-computer","7":"first","8":"instock","9":"taxable","10":"shipping-taxable","11":"purchasable","12":"product-type-variable","13":"has-default-attributes"},"yoast_head":"<!-- This site is optimized with the Yoast SEO plugin v25.6 - https:\/\/yoast.com\/wordpress\/plugins\/seo\/ -->\n<title>MONITOR STAND laptop stativ - Matting<\/title>\n<meta name=\"description\" content=\"MONITOR STAND laptop stativ - Se Mattings h\u00e5llbara koncept och produkter f\u00f6r publika milj\u00f6er, arbetsplatser och skolor.\" \/>\n<meta name=\"robots\" content=\"index, follow, max-snippet:-1, max-image-preview:large, max-video-preview:-1\" \/>\n<link rel=\"canonical\" href=\"https:\/\/matting.se\/da\/produkt\/monitor-stand-laptop-stativ\/\" \/>\n<meta property=\"og:locale\" content=\"da_DK\" \/>\n<meta property=\"og:type\" content=\"article\" \/>\n<meta property=\"og:title\" content=\"MONITOR STAND laptop stativ - Matting\" \/>\n<meta property=\"og:description\" content=\"MONITOR STAND laptop stativ - Se Mattings h\u00e5llbara koncept och produkter f\u00f6r publika milj\u00f6er, arbetsplatser och skolor.\" \/>\n<meta property=\"og:url\" content=\"https:\/\/matting.se\/da\/produkt\/monitor-stand-laptop-stativ\/\" \/>\n<meta property=\"og:site_name\" content=\"Matting\" \/>\n<meta property=\"article:modified_time\" content=\"2023-12-18T11:09:44+00:00\" \/>\n<meta property=\"og:image\" content=\"https:\/\/matting.se\/wp-content\/uploads\/2021\/03\/505440_MONITOR_STAND_front_ny.jpg\" \/>\n\t<meta property=\"og:image:width\" content=\"800\" \/>\n\t<meta property=\"og:image:height\" content=\"800\" \/>\n\t<meta property=\"og:image:type\" content=\"image\/jpeg\" \/>\n<meta name=\"twitter:card\" content=\"summary_large_image\" \/>\n<script type=\"application\/ld+json\" class=\"yoast-schema-graph\">{\"@context\":\"https:\/\/schema.org\",\"@graph\":[{\"@type\":[\"WebPage\",\"ItemPage\"],\"@id\":\"https:\/\/matting.se\/da\/produkt\/monitor-stand-laptop-stativ\/\",\"url\":\"https:\/\/matting.se\/da\/produkt\/monitor-stand-laptop-stativ\/\",\"name\":\"MONITOR STAND laptop stativ - Matting\",\"isPartOf\":{\"@id\":\"https:\/\/matting.se\/da\/#website\"},\"datePublished\":\"2021-05-24T12:26:15+00:00\",\"dateModified\":\"2023-12-18T11:09:44+00:00\",\"description\":\"MONITOR STAND laptop stativ - Se Mattings h\u00e5llbara koncept och produkter f\u00f6r publika milj\u00f6er, arbetsplatser och skolor.\",\"breadcrumb\":{\"@id\":\"https:\/\/matting.se\/da\/produkt\/monitor-stand-laptop-stativ\/#breadcrumb\"},\"inLanguage\":\"da-DK\",\"potentialAction\":[{\"@type\":\"ReadAction\",\"target\":[\"https:\/\/matting.se\/da\/produkt\/monitor-stand-laptop-stativ\/\"]}]},{\"@type\":\"BreadcrumbList\",\"@id\":\"https:\/\/matting.se\/da\/produkt\/monitor-stand-laptop-stativ\/#breadcrumb\",\"itemListElement\":[{\"@type\":\"ListItem\",\"position\":1,\"name\":\"Hem\",\"item\":\"https:\/\/matting.se\/da\/\"},{\"@type\":\"ListItem\",\"position\":2,\"name\":\"Shop\",\"item\":\"https:\/\/matting.se\/shop\/\"},{\"@type\":\"ListItem\",\"position\":3,\"name\":\"Stativ til b\u00e6rbar computer\",\"item\":\"https:\/\/matting.se\/da\/produkt-kategori\/stativ-til-baerbar-computer\/\"},{\"@type\":\"ListItem\",\"position\":4,\"name\":\"MONITOR STAND laptop stativ\"}]},{\"@type\":\"WebSite\",\"@id\":\"https:\/\/matting.se\/da\/#website\",\"url\":\"https:\/\/matting.se\/da\/\",\"name\":\"Matting\",\"description\":\"\",\"potentialAction\":[{\"@type\":\"SearchAction\",\"target\":{\"@type\":\"EntryPoint\",\"urlTemplate\":\"https:\/\/matting.se\/da\/?s={search_term_string}\"},\"query-input\":{\"@type\":\"PropertyValueSpecification\",\"valueRequired\":true,\"valueName\":\"search_term_string\"}}],\"inLanguage\":\"da-DK\"}]}<\/script>\n<!-- \/ Yoast SEO plugin. -->","yoast_head_json":{"title":"MONITOR STAND laptop stativ - Matting","description":"MONITOR STAND laptop stativ - Se Mattings h\u00e5llbara koncept och produkter f\u00f6r publika milj\u00f6er, arbetsplatser och skolor.","robots":{"index":"index","follow":"follow","max-snippet":"max-snippet:-1","max-image-preview":"max-image-preview:large","max-video-preview":"max-video-preview:-1"},"canonical":"https:\/\/matting.se\/da\/produkt\/monitor-stand-laptop-stativ\/","og_locale":"da_DK","og_type":"article","og_title":"MONITOR STAND laptop stativ - Matting","og_description":"MONITOR STAND laptop stativ - Se Mattings h\u00e5llbara koncept och produkter f\u00f6r publika milj\u00f6er, arbetsplatser och skolor.","og_url":"https:\/\/matting.se\/da\/produkt\/monitor-stand-laptop-stativ\/","og_site_name":"Matting","article_modified_time":"2023-12-18T11:09:44+00:00","og_image":[{"width":800,"height":800,"url":"https:\/\/matting.se\/wp-content\/uploads\/2021\/03\/505440_MONITOR_STAND_front_ny.jpg","type":"image\/jpeg"}],"twitter_card":"summary_large_image","schema":{"@context":"https:\/\/schema.org","@graph":[{"@type":["WebPage","ItemPage"],"@id":"https:\/\/matting.se\/da\/produkt\/monitor-stand-laptop-stativ\/","url":"https:\/\/matting.se\/da\/produkt\/monitor-stand-laptop-stativ\/","name":"MONITOR STAND laptop stativ - Matting","isPartOf":{"@id":"https:\/\/matting.se\/da\/#website"},"datePublished":"2021-05-24T12:26:15+00:00","dateModified":"2023-12-18T11:09:44+00:00","description":"MONITOR STAND laptop stativ - Se Mattings h\u00e5llbara koncept och produkter f\u00f6r publika milj\u00f6er, arbetsplatser och skolor.","breadcrumb":{"@id":"https:\/\/matting.se\/da\/produkt\/monitor-stand-laptop-stativ\/#breadcrumb"},"inLanguage":"da-DK","potentialAction":[{"@type":"ReadAction","target":["https:\/\/matting.se\/da\/produkt\/monitor-stand-laptop-stativ\/"]}]},{"@type":"BreadcrumbList","@id":"https:\/\/matting.se\/da\/produkt\/monitor-stand-laptop-stativ\/#breadcrumb","itemListElement":[{"@type":"ListItem","position":1,"name":"Hem","item":"https:\/\/matting.se\/da\/"},{"@type":"ListItem","position":2,"name":"Shop","item":"https:\/\/matting.se\/shop\/"},{"@type":"ListItem","position":3,"name":"Stativ til b\u00e6rbar computer","item":"https:\/\/matting.se\/da\/produkt-kategori\/stativ-til-baerbar-computer\/"},{"@type":"ListItem","position":4,"name":"MONITOR STAND laptop stativ"}]},{"@type":"WebSite","@id":"https:\/\/matting.se\/da\/#website","url":"https:\/\/matting.se\/da\/","name":"Matting","description":"","potentialAction":[{"@type":"SearchAction","target":{"@type":"EntryPoint","urlTemplate":"https:\/\/matting.se\/da\/?s={search_term_string}"},"query-input":{"@type":"PropertyValueSpecification","valueRequired":true,"valueName":"search_term_string"}}],"inLanguage":"da-DK"}]}},"_links":{"self":[{"href":"https:\/\/matting.se\/da\/wp-json\/wp\/v2\/product\/246871","targetHints":{"allow":["GET"]}}],"collection":[{"href":"https:\/\/matting.se\/da\/wp-json\/wp\/v2\/product"}],"about":[{"href":"https:\/\/matting.se\/da\/wp-json\/wp\/v2\/types\/product"}],"wp:attachment":[{"href":"https:\/\/matting.se\/da\/wp-json\/wp\/v2\/media?parent=246871"}],"wp:term":[{"taxonomy":"product_brand","embeddable":true,"href":"https:\/\/matting.se\/da\/wp-json\/wp\/v2\/product_brand?post=246871"},{"taxonomy":"product_cat","embeddable":true,"href":"https:\/\/matting.se\/da\/wp-json\/wp\/v2\/product_cat?post=246871"},{"taxonomy":"product_tag","embeddable":true,"href":"https:\/\/matting.se\/da\/wp-json\/wp\/v2\/product_tag?post=246871"}],"curies":[{"name":"wp","href":"https:\/\/api.w.org\/{rel}","templated":true}]}}