{"id":246862,"date":"2021-05-24T12:22:58","date_gmt":"2021-05-24T12:22:58","guid":{"rendered":"https:\/\/matting.se\/produkt\/easy-clean-staaende-maatte\/"},"modified":"2024-01-09T07:52:29","modified_gmt":"2024-01-09T07:52:29","slug":"easy-clean-staaende-maatte","status":"publish","type":"product","link":"https:\/\/matting.se\/da\/produkt\/easy-clean-staaende-maatte\/","title":{"rendered":"EASY CLEAN st\u00e5m\u00e5tte"},"content":{"rendered":"<p>StandUp EASY CLEAN st\u00e5m\u00e5tte er en PVC-fri ergonomisk m\u00e5tte med et aft\u00f8rrings- og vedligeholdelsesvenligt overfladelag med et \u00f8je til oph\u00e6ngning. En aflastende, ergonomisk og holdbar st\u00e5m\u00e5tte med en tyk og bl\u00f8d kerne. En bl\u00f8d og behagelig st\u00e5m\u00e5tte, der g\u00f8r det lettere at st\u00e5 l\u00e6ngere. Den kan bruges med eller uden sko og er let at t\u00f8rre af. Formen og formatet p\u00e5 den mindre m\u00e5tte er tilpasset, s\u00e5 den passer til vores smallere bordstel 700.<\/p>\n<p>EASY CLEAN har et \u00f8je, s\u00e5 den nemt kan h\u00e6nges op efter behov med en bordkrog, v\u00e6gkrog eller anden opbevaringsl\u00f8sning.<\/p>\n<p>M\u00e5tten er let at reng\u00f8re og kan t\u00f8rres af. Det er modstandsdygtigt over for desinfektionsmidler. Fri for phthalater.<\/p>\n","protected":false},"excerpt":{"rendered":"<p>StandUp EASY CLEAN st\u00e5m\u00e5tte er en PVC-fri ergonomisk m\u00e5tte med et aft\u00f8rrings- og vedligeholdelsesvenligt overfladelag med et \u00f8je til oph\u00e6ngning. En aflastende, ergonomisk og holdbar st\u00e5m\u00e5tte med en tyk og bl\u00f8d kerne. En bl\u00f8d og behagelig st\u00e5m\u00e5tte, der g\u00f8r det lettere at st\u00e5 l\u00e6ngere. Den kan bruges med eller uden sko og er let at [&hellip;]<\/p>\n","protected":false},"featured_media":241075,"template":"","meta":{"_et_pb_use_builder":"","_et_pb_old_content":"","_et_gb_content_width":""},"product_brand":[],"product_cat":[200,186,201,203],"product_tag":[],"class_list":{"0":"post-246862","1":"product","2":"type-product","3":"status-publish","4":"has-post-thumbnail","6":"product_cat-staende-matter","7":"product_cat-matting-interior-da","8":"product_cat-stamatter-og-balancebraetter-mi","9":"product_cat-stamatter-mi","11":"first","12":"instock","13":"taxable","14":"shipping-taxable","15":"purchasable","16":"product-type-variable","17":"has-default-attributes"},"yoast_head":"<!-- This site is optimized with the Yoast SEO plugin v25.6 - https:\/\/yoast.com\/wordpress\/plugins\/seo\/ -->\n<title>StandUp EASY CLEAN - PVC-fri st\u00e5m\u00e5tte<\/title>\n<meta name=\"description\" content=\"EASY CLEAN er en bl\u00f8d og behagelig st\u00e5m\u00e5tte, der g\u00f8r det lettere at st\u00e5 l\u00e6ngere. Det er let at reng\u00f8re og aft\u00f8rre og er modstandsdygtigt over for desinfektionsmidler.\" \/>\n<meta name=\"robots\" content=\"index, follow, max-snippet:-1, max-image-preview:large, max-video-preview:-1\" \/>\n<link rel=\"canonical\" href=\"https:\/\/matting.se\/da\/produkt\/easy-clean-staaende-maatte\/\" \/>\n<meta property=\"og:locale\" content=\"da_DK\" \/>\n<meta property=\"og:type\" content=\"article\" \/>\n<meta property=\"og:title\" content=\"StandUp EASY CLEAN - PVC-fri st\u00e5m\u00e5tte\" \/>\n<meta property=\"og:description\" content=\"EASY CLEAN er en bl\u00f8d og behagelig st\u00e5m\u00e5tte, der g\u00f8r det lettere at st\u00e5 l\u00e6ngere. Det er let at reng\u00f8re og aft\u00f8rre og er modstandsdygtigt over for desinfektionsmidler.\" \/>\n<meta property=\"og:url\" content=\"https:\/\/matting.se\/da\/produkt\/easy-clean-staaende-maatte\/\" \/>\n<meta property=\"og:site_name\" content=\"Matting\" \/>\n<meta property=\"article:modified_time\" content=\"2024-01-09T07:52:29+00:00\" \/>\n<meta property=\"og:image\" content=\"https:\/\/matting.se\/wp-content\/uploads\/2021\/05\/381998_StandUp-EASY-CLEAN_top.jpg\" \/>\n\t<meta property=\"og:image:width\" content=\"800\" \/>\n\t<meta property=\"og:image:height\" content=\"800\" \/>\n\t<meta property=\"og:image:type\" content=\"image\/jpeg\" \/>\n<meta name=\"twitter:card\" content=\"summary_large_image\" \/>\n<meta name=\"twitter:label1\" content=\"Estimeret l\u00e6setid\" \/>\n\t<meta name=\"twitter:data1\" content=\"1 minut\" \/>\n<script type=\"application\/ld+json\" class=\"yoast-schema-graph\">{\"@context\":\"https:\/\/schema.org\",\"@graph\":[{\"@type\":[\"WebPage\",\"ItemPage\"],\"@id\":\"https:\/\/matting.se\/da\/produkt\/easy-clean-staaende-maatte\/\",\"url\":\"https:\/\/matting.se\/da\/produkt\/easy-clean-staaende-maatte\/\",\"name\":\"StandUp EASY CLEAN - PVC-fri st\u00e5m\u00e5tte\",\"isPartOf\":{\"@id\":\"https:\/\/matting.se\/da\/#website\"},\"primaryImageOfPage\":{\"@id\":\"https:\/\/matting.se\/da\/produkt\/easy-clean-staaende-maatte\/#primaryimage\"},\"image\":{\"@id\":\"https:\/\/matting.se\/da\/produkt\/easy-clean-staaende-maatte\/#primaryimage\"},\"thumbnailUrl\":\"https:\/\/matting.se\/wp-content\/uploads\/2021\/05\/381998_StandUp-EASY-CLEAN_top.jpg\",\"datePublished\":\"2021-05-24T12:22:58+00:00\",\"dateModified\":\"2024-01-09T07:52:29+00:00\",\"description\":\"EASY CLEAN er en bl\u00f8d og behagelig st\u00e5m\u00e5tte, der g\u00f8r det lettere at st\u00e5 l\u00e6ngere. Det er let at reng\u00f8re og aft\u00f8rre og er modstandsdygtigt over for desinfektionsmidler.\",\"breadcrumb\":{\"@id\":\"https:\/\/matting.se\/da\/produkt\/easy-clean-staaende-maatte\/#breadcrumb\"},\"inLanguage\":\"da-DK\",\"potentialAction\":[{\"@type\":\"ReadAction\",\"target\":[\"https:\/\/matting.se\/da\/produkt\/easy-clean-staaende-maatte\/\"]}]},{\"@type\":\"ImageObject\",\"inLanguage\":\"da-DK\",\"@id\":\"https:\/\/matting.se\/da\/produkt\/easy-clean-staaende-maatte\/#primaryimage\",\"url\":\"https:\/\/matting.se\/wp-content\/uploads\/2021\/05\/381998_StandUp-EASY-CLEAN_top.jpg\",\"contentUrl\":\"https:\/\/matting.se\/wp-content\/uploads\/2021\/05\/381998_StandUp-EASY-CLEAN_top.jpg\",\"width\":800,\"height\":800,\"caption\":\"StandUp EASY CLEAN\"},{\"@type\":\"BreadcrumbList\",\"@id\":\"https:\/\/matting.se\/da\/produkt\/easy-clean-staaende-maatte\/#breadcrumb\",\"itemListElement\":[{\"@type\":\"ListItem\",\"position\":1,\"name\":\"Hem\",\"item\":\"https:\/\/matting.se\/da\/\"},{\"@type\":\"ListItem\",\"position\":2,\"name\":\"Shop\",\"item\":\"https:\/\/matting.se\/shop\/\"},{\"@type\":\"ListItem\",\"position\":3,\"name\":\"Matting Interior\",\"item\":\"https:\/\/matting.se\/da\/produkt-kategori\/matting-interior-da\/\"},{\"@type\":\"ListItem\",\"position\":4,\"name\":\"St\u00e5m\u00e5tter og balancebr\u00e6tter\",\"item\":\"https:\/\/matting.se\/da\/produkt-kategori\/matting-interior-da\/stamatter-og-balancebraetter-mi\/\"},{\"@type\":\"ListItem\",\"position\":5,\"name\":\"St\u00e5m\u00e5tter MI\",\"item\":\"https:\/\/matting.se\/da\/produkt-kategori\/matting-interior-da\/stamatter-og-balancebraetter-mi\/stamatter-mi\/\"},{\"@type\":\"ListItem\",\"position\":6,\"name\":\"EASY CLEAN st\u00e5m\u00e5tte\"}]},{\"@type\":\"WebSite\",\"@id\":\"https:\/\/matting.se\/da\/#website\",\"url\":\"https:\/\/matting.se\/da\/\",\"name\":\"Matting\",\"description\":\"\",\"potentialAction\":[{\"@type\":\"SearchAction\",\"target\":{\"@type\":\"EntryPoint\",\"urlTemplate\":\"https:\/\/matting.se\/da\/?s={search_term_string}\"},\"query-input\":{\"@type\":\"PropertyValueSpecification\",\"valueRequired\":true,\"valueName\":\"search_term_string\"}}],\"inLanguage\":\"da-DK\"}]}<\/script>\n<!-- \/ Yoast SEO plugin. -->","yoast_head_json":{"title":"StandUp EASY CLEAN - PVC-fri st\u00e5m\u00e5tte","description":"EASY CLEAN er en bl\u00f8d og behagelig st\u00e5m\u00e5tte, der g\u00f8r det lettere at st\u00e5 l\u00e6ngere. Det er let at reng\u00f8re og aft\u00f8rre og er modstandsdygtigt over for desinfektionsmidler.","robots":{"index":"index","follow":"follow","max-snippet":"max-snippet:-1","max-image-preview":"max-image-preview:large","max-video-preview":"max-video-preview:-1"},"canonical":"https:\/\/matting.se\/da\/produkt\/easy-clean-staaende-maatte\/","og_locale":"da_DK","og_type":"article","og_title":"StandUp EASY CLEAN - PVC-fri st\u00e5m\u00e5tte","og_description":"EASY CLEAN er en bl\u00f8d og behagelig st\u00e5m\u00e5tte, der g\u00f8r det lettere at st\u00e5 l\u00e6ngere. Det er let at reng\u00f8re og aft\u00f8rre og er modstandsdygtigt over for desinfektionsmidler.","og_url":"https:\/\/matting.se\/da\/produkt\/easy-clean-staaende-maatte\/","og_site_name":"Matting","article_modified_time":"2024-01-09T07:52:29+00:00","og_image":[{"width":800,"height":800,"url":"https:\/\/matting.se\/wp-content\/uploads\/2021\/05\/381998_StandUp-EASY-CLEAN_top.jpg","type":"image\/jpeg"}],"twitter_card":"summary_large_image","twitter_misc":{"Estimeret l\u00e6setid":"1 minut"},"schema":{"@context":"https:\/\/schema.org","@graph":[{"@type":["WebPage","ItemPage"],"@id":"https:\/\/matting.se\/da\/produkt\/easy-clean-staaende-maatte\/","url":"https:\/\/matting.se\/da\/produkt\/easy-clean-staaende-maatte\/","name":"StandUp EASY CLEAN - PVC-fri st\u00e5m\u00e5tte","isPartOf":{"@id":"https:\/\/matting.se\/da\/#website"},"primaryImageOfPage":{"@id":"https:\/\/matting.se\/da\/produkt\/easy-clean-staaende-maatte\/#primaryimage"},"image":{"@id":"https:\/\/matting.se\/da\/produkt\/easy-clean-staaende-maatte\/#primaryimage"},"thumbnailUrl":"https:\/\/matting.se\/wp-content\/uploads\/2021\/05\/381998_StandUp-EASY-CLEAN_top.jpg","datePublished":"2021-05-24T12:22:58+00:00","dateModified":"2024-01-09T07:52:29+00:00","description":"EASY CLEAN er en bl\u00f8d og behagelig st\u00e5m\u00e5tte, der g\u00f8r det lettere at st\u00e5 l\u00e6ngere. Det er let at reng\u00f8re og aft\u00f8rre og er modstandsdygtigt over for desinfektionsmidler.","breadcrumb":{"@id":"https:\/\/matting.se\/da\/produkt\/easy-clean-staaende-maatte\/#breadcrumb"},"inLanguage":"da-DK","potentialAction":[{"@type":"ReadAction","target":["https:\/\/matting.se\/da\/produkt\/easy-clean-staaende-maatte\/"]}]},{"@type":"ImageObject","inLanguage":"da-DK","@id":"https:\/\/matting.se\/da\/produkt\/easy-clean-staaende-maatte\/#primaryimage","url":"https:\/\/matting.se\/wp-content\/uploads\/2021\/05\/381998_StandUp-EASY-CLEAN_top.jpg","contentUrl":"https:\/\/matting.se\/wp-content\/uploads\/2021\/05\/381998_StandUp-EASY-CLEAN_top.jpg","width":800,"height":800,"caption":"StandUp EASY CLEAN"},{"@type":"BreadcrumbList","@id":"https:\/\/matting.se\/da\/produkt\/easy-clean-staaende-maatte\/#breadcrumb","itemListElement":[{"@type":"ListItem","position":1,"name":"Hem","item":"https:\/\/matting.se\/da\/"},{"@type":"ListItem","position":2,"name":"Shop","item":"https:\/\/matting.se\/shop\/"},{"@type":"ListItem","position":3,"name":"Matting Interior","item":"https:\/\/matting.se\/da\/produkt-kategori\/matting-interior-da\/"},{"@type":"ListItem","position":4,"name":"St\u00e5m\u00e5tter og balancebr\u00e6tter","item":"https:\/\/matting.se\/da\/produkt-kategori\/matting-interior-da\/stamatter-og-balancebraetter-mi\/"},{"@type":"ListItem","position":5,"name":"St\u00e5m\u00e5tter MI","item":"https:\/\/matting.se\/da\/produkt-kategori\/matting-interior-da\/stamatter-og-balancebraetter-mi\/stamatter-mi\/"},{"@type":"ListItem","position":6,"name":"EASY CLEAN st\u00e5m\u00e5tte"}]},{"@type":"WebSite","@id":"https:\/\/matting.se\/da\/#website","url":"https:\/\/matting.se\/da\/","name":"Matting","description":"","potentialAction":[{"@type":"SearchAction","target":{"@type":"EntryPoint","urlTemplate":"https:\/\/matting.se\/da\/?s={search_term_string}"},"query-input":{"@type":"PropertyValueSpecification","valueRequired":true,"valueName":"search_term_string"}}],"inLanguage":"da-DK"}]}},"_links":{"self":[{"href":"https:\/\/matting.se\/da\/wp-json\/wp\/v2\/product\/246862","targetHints":{"allow":["GET"]}}],"collection":[{"href":"https:\/\/matting.se\/da\/wp-json\/wp\/v2\/product"}],"about":[{"href":"https:\/\/matting.se\/da\/wp-json\/wp\/v2\/types\/product"}],"wp:featuredmedia":[{"embeddable":true,"href":"https:\/\/matting.se\/da\/wp-json\/wp\/v2\/media\/241075"}],"wp:attachment":[{"href":"https:\/\/matting.se\/da\/wp-json\/wp\/v2\/media?parent=246862"}],"wp:term":[{"taxonomy":"product_brand","embeddable":true,"href":"https:\/\/matting.se\/da\/wp-json\/wp\/v2\/product_brand?post=246862"},{"taxonomy":"product_cat","embeddable":true,"href":"https:\/\/matting.se\/da\/wp-json\/wp\/v2\/product_cat?post=246862"},{"taxonomy":"product_tag","embeddable":true,"href":"https:\/\/matting.se\/da\/wp-json\/wp\/v2\/product_tag?post=246862"}],"curies":[{"name":"wp","href":"https:\/\/api.w.org\/{rel}","templated":true}]}}