{"id":246838,"date":"2021-05-24T12:24:54","date_gmt":"2021-05-24T12:24:54","guid":{"rendered":"https:\/\/matting.se\/produkt\/desk-foldebeslag\/"},"modified":"2024-01-09T07:50:42","modified_gmt":"2024-01-09T07:50:42","slug":"desk-foldebeslag","status":"publish","type":"product","link":"https:\/\/matting.se\/da\/produkt\/desk-foldebeslag\/","title":{"rendered":"DESK foldebeslag"},"content":{"rendered":"<p>StandUp DESK foldebeslag g\u00f8r det muligt at folde bordpladen 75\u00b0 op for mere pladsbesparende opbevaring, n\u00e5r bordene ikke er i brug. Det foldbare beslag passer til vores StandUp DESK-stel 700 og 900.<\/p>\n<p>Det kan bestilles som en formonteret l\u00f8sning til nye ordrer eller til eftermontering af eksisterende DESK-borde*.<\/p>\n<p>Beslaget monteres nemt p\u00e5 stelet og passer til alle standardsteler og bordplader. L\u00e5sestiften l\u00e5ser skiven i b\u00e5de nedadg\u00e5ende og opadg\u00e5ende position og frig\u00f8res ved at tr\u00e6kke stiften lige ud. Bordepladen foldes derefter til den \u00f8nskede position.<\/p>\n<p>Skriveborde med foldebeslag kan &#8220;stables&#8221; (s\u00e6ttes sammen) for at spare plads.<\/p>\n<p>* Eftermontering er mulig p\u00e5 borde fra modeldato august 2018 og frem, for tidligere versioner er der ingen sammenklappelig montering.<\/p>\n","protected":false},"excerpt":{"rendered":"<p>StandUp DESK foldebeslag g\u00f8r det muligt at folde bordpladen 75\u00b0 op for mere pladsbesparende opbevaring, n\u00e5r bordene ikke er i brug. Det foldbare beslag passer til vores StandUp DESK-stel 700 og 900. Det kan bestilles som en formonteret l\u00f8sning til nye ordrer eller til eftermontering af eksisterende DESK-borde*. Beslaget monteres nemt p\u00e5 stelet og passer [&hellip;]<\/p>\n","protected":false},"featured_media":238882,"template":"","meta":{"_et_pb_use_builder":"","_et_pb_old_content":"","_et_gb_content_width":""},"product_brand":[],"product_cat":[185,186,187,189],"product_tag":[],"class_list":{"0":"post-246838","1":"product","2":"type-product","3":"status-publish","4":"has-post-thumbnail","6":"product_cat-tilbehor-til-skrivebordet","7":"product_cat-matting-interior-da","8":"product_cat-borde-og-tilbehor-mi","9":"product_cat-bordtilbehor-mi","11":"first","12":"instock","13":"taxable","14":"shipping-taxable","15":"purchasable","16":"product-type-variable","17":"has-default-attributes"},"yoast_head":"<!-- This site is optimized with the Yoast SEO plugin v25.6 - https:\/\/yoast.com\/wordpress\/plugins\/seo\/ -->\n<title>DESK foldebeslag - Matting<\/title>\n<meta name=\"description\" content=\"DESK foldebeslag - Se Mattings h\u00e5llbara koncept och produkter f\u00f6r publika milj\u00f6er, arbetsplatser och skolor.\" \/>\n<meta name=\"robots\" content=\"index, follow, max-snippet:-1, max-image-preview:large, max-video-preview:-1\" \/>\n<link rel=\"canonical\" href=\"https:\/\/matting.se\/da\/produkt\/desk-foldebeslag\/\" \/>\n<meta property=\"og:locale\" content=\"da_DK\" \/>\n<meta property=\"og:type\" content=\"article\" \/>\n<meta property=\"og:title\" content=\"DESK foldebeslag - Matting\" \/>\n<meta property=\"og:description\" content=\"DESK foldebeslag - Se Mattings h\u00e5llbara koncept och produkter f\u00f6r publika milj\u00f6er, arbetsplatser och skolor.\" \/>\n<meta property=\"og:url\" content=\"https:\/\/matting.se\/da\/produkt\/desk-foldebeslag\/\" \/>\n<meta property=\"og:site_name\" content=\"Matting\" \/>\n<meta property=\"article:modified_time\" content=\"2024-01-09T07:50:42+00:00\" \/>\n<meta property=\"og:image\" content=\"https:\/\/matting.se\/wp-content\/uploads\/2021\/05\/385059_DESK_fallbart_beslag_side.jpg\" \/>\n\t<meta property=\"og:image:width\" content=\"800\" \/>\n\t<meta property=\"og:image:height\" content=\"800\" \/>\n\t<meta property=\"og:image:type\" content=\"image\/jpeg\" \/>\n<meta name=\"twitter:card\" content=\"summary_large_image\" \/>\n<meta name=\"twitter:label1\" content=\"Estimeret l\u00e6setid\" \/>\n\t<meta name=\"twitter:data1\" content=\"1 minut\" \/>\n<script type=\"application\/ld+json\" class=\"yoast-schema-graph\">{\"@context\":\"https:\/\/schema.org\",\"@graph\":[{\"@type\":[\"WebPage\",\"ItemPage\"],\"@id\":\"https:\/\/matting.se\/da\/produkt\/desk-foldebeslag\/\",\"url\":\"https:\/\/matting.se\/da\/produkt\/desk-foldebeslag\/\",\"name\":\"DESK foldebeslag - Matting\",\"isPartOf\":{\"@id\":\"https:\/\/matting.se\/da\/#website\"},\"primaryImageOfPage\":{\"@id\":\"https:\/\/matting.se\/da\/produkt\/desk-foldebeslag\/#primaryimage\"},\"image\":{\"@id\":\"https:\/\/matting.se\/da\/produkt\/desk-foldebeslag\/#primaryimage\"},\"thumbnailUrl\":\"https:\/\/matting.se\/wp-content\/uploads\/2021\/05\/385059_DESK_fallbart_beslag_side.jpg\",\"datePublished\":\"2021-05-24T12:24:54+00:00\",\"dateModified\":\"2024-01-09T07:50:42+00:00\",\"description\":\"DESK foldebeslag - Se Mattings h\u00e5llbara koncept och produkter f\u00f6r publika milj\u00f6er, arbetsplatser och skolor.\",\"breadcrumb\":{\"@id\":\"https:\/\/matting.se\/da\/produkt\/desk-foldebeslag\/#breadcrumb\"},\"inLanguage\":\"da-DK\",\"potentialAction\":[{\"@type\":\"ReadAction\",\"target\":[\"https:\/\/matting.se\/da\/produkt\/desk-foldebeslag\/\"]}]},{\"@type\":\"ImageObject\",\"inLanguage\":\"da-DK\",\"@id\":\"https:\/\/matting.se\/da\/produkt\/desk-foldebeslag\/#primaryimage\",\"url\":\"https:\/\/matting.se\/wp-content\/uploads\/2021\/05\/385059_DESK_fallbart_beslag_side.jpg\",\"contentUrl\":\"https:\/\/matting.se\/wp-content\/uploads\/2021\/05\/385059_DESK_fallbart_beslag_side.jpg\",\"width\":800,\"height\":800},{\"@type\":\"BreadcrumbList\",\"@id\":\"https:\/\/matting.se\/da\/produkt\/desk-foldebeslag\/#breadcrumb\",\"itemListElement\":[{\"@type\":\"ListItem\",\"position\":1,\"name\":\"Hem\",\"item\":\"https:\/\/matting.se\/da\/\"},{\"@type\":\"ListItem\",\"position\":2,\"name\":\"Shop\",\"item\":\"https:\/\/matting.se\/shop\/\"},{\"@type\":\"ListItem\",\"position\":3,\"name\":\"Matting Interior\",\"item\":\"https:\/\/matting.se\/da\/produkt-kategori\/matting-interior-da\/\"},{\"@type\":\"ListItem\",\"position\":4,\"name\":\"Borde og tilbeh\u00f8r\",\"item\":\"https:\/\/matting.se\/da\/produkt-kategori\/matting-interior-da\/borde-og-tilbehor-mi\/\"},{\"@type\":\"ListItem\",\"position\":5,\"name\":\"Bordtilbeh\u00f8r MI\",\"item\":\"https:\/\/matting.se\/da\/produkt-kategori\/matting-interior-da\/borde-og-tilbehor-mi\/bordtilbehor-mi\/\"},{\"@type\":\"ListItem\",\"position\":6,\"name\":\"DESK foldebeslag\"}]},{\"@type\":\"WebSite\",\"@id\":\"https:\/\/matting.se\/da\/#website\",\"url\":\"https:\/\/matting.se\/da\/\",\"name\":\"Matting\",\"description\":\"\",\"potentialAction\":[{\"@type\":\"SearchAction\",\"target\":{\"@type\":\"EntryPoint\",\"urlTemplate\":\"https:\/\/matting.se\/da\/?s={search_term_string}\"},\"query-input\":{\"@type\":\"PropertyValueSpecification\",\"valueRequired\":true,\"valueName\":\"search_term_string\"}}],\"inLanguage\":\"da-DK\"}]}<\/script>\n<!-- \/ Yoast SEO plugin. -->","yoast_head_json":{"title":"DESK foldebeslag - Matting","description":"DESK foldebeslag - Se Mattings h\u00e5llbara koncept och produkter f\u00f6r publika milj\u00f6er, arbetsplatser och skolor.","robots":{"index":"index","follow":"follow","max-snippet":"max-snippet:-1","max-image-preview":"max-image-preview:large","max-video-preview":"max-video-preview:-1"},"canonical":"https:\/\/matting.se\/da\/produkt\/desk-foldebeslag\/","og_locale":"da_DK","og_type":"article","og_title":"DESK foldebeslag - Matting","og_description":"DESK foldebeslag - Se Mattings h\u00e5llbara koncept och produkter f\u00f6r publika milj\u00f6er, arbetsplatser och skolor.","og_url":"https:\/\/matting.se\/da\/produkt\/desk-foldebeslag\/","og_site_name":"Matting","article_modified_time":"2024-01-09T07:50:42+00:00","og_image":[{"width":800,"height":800,"url":"https:\/\/matting.se\/wp-content\/uploads\/2021\/05\/385059_DESK_fallbart_beslag_side.jpg","type":"image\/jpeg"}],"twitter_card":"summary_large_image","twitter_misc":{"Estimeret l\u00e6setid":"1 minut"},"schema":{"@context":"https:\/\/schema.org","@graph":[{"@type":["WebPage","ItemPage"],"@id":"https:\/\/matting.se\/da\/produkt\/desk-foldebeslag\/","url":"https:\/\/matting.se\/da\/produkt\/desk-foldebeslag\/","name":"DESK foldebeslag - Matting","isPartOf":{"@id":"https:\/\/matting.se\/da\/#website"},"primaryImageOfPage":{"@id":"https:\/\/matting.se\/da\/produkt\/desk-foldebeslag\/#primaryimage"},"image":{"@id":"https:\/\/matting.se\/da\/produkt\/desk-foldebeslag\/#primaryimage"},"thumbnailUrl":"https:\/\/matting.se\/wp-content\/uploads\/2021\/05\/385059_DESK_fallbart_beslag_side.jpg","datePublished":"2021-05-24T12:24:54+00:00","dateModified":"2024-01-09T07:50:42+00:00","description":"DESK foldebeslag - Se Mattings h\u00e5llbara koncept och produkter f\u00f6r publika milj\u00f6er, arbetsplatser och skolor.","breadcrumb":{"@id":"https:\/\/matting.se\/da\/produkt\/desk-foldebeslag\/#breadcrumb"},"inLanguage":"da-DK","potentialAction":[{"@type":"ReadAction","target":["https:\/\/matting.se\/da\/produkt\/desk-foldebeslag\/"]}]},{"@type":"ImageObject","inLanguage":"da-DK","@id":"https:\/\/matting.se\/da\/produkt\/desk-foldebeslag\/#primaryimage","url":"https:\/\/matting.se\/wp-content\/uploads\/2021\/05\/385059_DESK_fallbart_beslag_side.jpg","contentUrl":"https:\/\/matting.se\/wp-content\/uploads\/2021\/05\/385059_DESK_fallbart_beslag_side.jpg","width":800,"height":800},{"@type":"BreadcrumbList","@id":"https:\/\/matting.se\/da\/produkt\/desk-foldebeslag\/#breadcrumb","itemListElement":[{"@type":"ListItem","position":1,"name":"Hem","item":"https:\/\/matting.se\/da\/"},{"@type":"ListItem","position":2,"name":"Shop","item":"https:\/\/matting.se\/shop\/"},{"@type":"ListItem","position":3,"name":"Matting Interior","item":"https:\/\/matting.se\/da\/produkt-kategori\/matting-interior-da\/"},{"@type":"ListItem","position":4,"name":"Borde og tilbeh\u00f8r","item":"https:\/\/matting.se\/da\/produkt-kategori\/matting-interior-da\/borde-og-tilbehor-mi\/"},{"@type":"ListItem","position":5,"name":"Bordtilbeh\u00f8r MI","item":"https:\/\/matting.se\/da\/produkt-kategori\/matting-interior-da\/borde-og-tilbehor-mi\/bordtilbehor-mi\/"},{"@type":"ListItem","position":6,"name":"DESK foldebeslag"}]},{"@type":"WebSite","@id":"https:\/\/matting.se\/da\/#website","url":"https:\/\/matting.se\/da\/","name":"Matting","description":"","potentialAction":[{"@type":"SearchAction","target":{"@type":"EntryPoint","urlTemplate":"https:\/\/matting.se\/da\/?s={search_term_string}"},"query-input":{"@type":"PropertyValueSpecification","valueRequired":true,"valueName":"search_term_string"}}],"inLanguage":"da-DK"}]}},"_links":{"self":[{"href":"https:\/\/matting.se\/da\/wp-json\/wp\/v2\/product\/246838","targetHints":{"allow":["GET"]}}],"collection":[{"href":"https:\/\/matting.se\/da\/wp-json\/wp\/v2\/product"}],"about":[{"href":"https:\/\/matting.se\/da\/wp-json\/wp\/v2\/types\/product"}],"wp:featuredmedia":[{"embeddable":true,"href":"https:\/\/matting.se\/da\/wp-json\/wp\/v2\/media\/238882"}],"wp:attachment":[{"href":"https:\/\/matting.se\/da\/wp-json\/wp\/v2\/media?parent=246838"}],"wp:term":[{"taxonomy":"product_brand","embeddable":true,"href":"https:\/\/matting.se\/da\/wp-json\/wp\/v2\/product_brand?post=246838"},{"taxonomy":"product_cat","embeddable":true,"href":"https:\/\/matting.se\/da\/wp-json\/wp\/v2\/product_cat?post=246838"},{"taxonomy":"product_tag","embeddable":true,"href":"https:\/\/matting.se\/da\/wp-json\/wp\/v2\/product_tag?post=246838"}],"curies":[{"name":"wp","href":"https:\/\/api.w.org\/{rel}","templated":true}]}}