{"id":246825,"date":"2021-05-24T12:23:41","date_gmt":"2021-05-24T11:23:41","guid":{"rendered":"https:\/\/matting.se\/produkt\/hook-bordkrog\/"},"modified":"2023-12-18T11:09:45","modified_gmt":"2023-12-18T11:09:45","slug":"hook-bordkrog","status":"publish","type":"product","link":"https:\/\/matting.se\/da\/produkt\/hook-bordkrog\/","title":{"rendered":"HOOK bordkrog"},"content":{"rendered":"<p>StandUp HOOK bordkrog er en aftagelig krog, der er perfekt til at h\u00e6nge en st\u00e5m\u00e5tte, balancebr\u00e6t, bordsk\u00e6rm eller en taske p\u00e5.<\/p>\n<p>Den passer til de fleste skriveborde og borde med fremspringende kanter.<\/p>\n","protected":false},"excerpt":{"rendered":"<p>StandUp HOOK bordkrog er en aftagelig krog, der er perfekt til at h\u00e6nge en st\u00e5m\u00e5tte, balancebr\u00e6t, bordsk\u00e6rm eller en taske p\u00e5. Den passer til de fleste skriveborde og borde med fremspringende kanter.<\/p>\n","protected":false},"featured_media":236446,"template":"","meta":{"_et_pb_use_builder":"","_et_pb_old_content":"","_et_gb_content_width":""},"product_brand":[],"product_cat":[186,306],"product_tag":[],"class_list":{"0":"post-246825","1":"product","2":"type-product","3":"status-publish","4":"has-post-thumbnail","6":"product_cat-matting-interior-da","7":"product_cat-hooks-mi-da","9":"first","10":"instock","11":"taxable","12":"shipping-taxable","13":"purchasable","14":"product-type-variable","15":"has-default-attributes"},"yoast_head":"<!-- This site is optimized with the Yoast SEO plugin v25.6 - https:\/\/yoast.com\/wordpress\/plugins\/seo\/ -->\n<title>HOOK bordkrog - Matting<\/title>\n<meta name=\"description\" content=\"HOOK bordkrog - Se Mattings h\u00e5llbara koncept och produkter f\u00f6r publika milj\u00f6er, arbetsplatser och skolor.\" \/>\n<meta name=\"robots\" content=\"index, follow, max-snippet:-1, max-image-preview:large, max-video-preview:-1\" \/>\n<link rel=\"canonical\" href=\"https:\/\/matting.se\/da\/produkt\/hook-bordkrog\/\" \/>\n<meta property=\"og:locale\" content=\"da_DK\" \/>\n<meta property=\"og:type\" content=\"article\" \/>\n<meta property=\"og:title\" content=\"HOOK bordkrog - Matting\" \/>\n<meta property=\"og:description\" content=\"HOOK bordkrog - Se Mattings h\u00e5llbara koncept och produkter f\u00f6r publika milj\u00f6er, arbetsplatser och skolor.\" \/>\n<meta property=\"og:url\" content=\"https:\/\/matting.se\/da\/produkt\/hook-bordkrog\/\" \/>\n<meta property=\"og:site_name\" content=\"Matting\" \/>\n<meta property=\"article:modified_time\" content=\"2023-12-18T11:09:45+00:00\" \/>\n<meta property=\"og:image\" content=\"https:\/\/matting.se\/wp-content\/uploads\/2021\/01\/382015_HOOK_front.jpg\" \/>\n\t<meta property=\"og:image:width\" content=\"800\" \/>\n\t<meta property=\"og:image:height\" content=\"800\" \/>\n\t<meta property=\"og:image:type\" content=\"image\/jpeg\" \/>\n<meta name=\"twitter:card\" content=\"summary_large_image\" \/>\n<script type=\"application\/ld+json\" class=\"yoast-schema-graph\">{\"@context\":\"https:\/\/schema.org\",\"@graph\":[{\"@type\":[\"WebPage\",\"ItemPage\"],\"@id\":\"https:\/\/matting.se\/da\/produkt\/hook-bordkrog\/\",\"url\":\"https:\/\/matting.se\/da\/produkt\/hook-bordkrog\/\",\"name\":\"HOOK bordkrog - Matting\",\"isPartOf\":{\"@id\":\"https:\/\/matting.se\/da\/#website\"},\"primaryImageOfPage\":{\"@id\":\"https:\/\/matting.se\/da\/produkt\/hook-bordkrog\/#primaryimage\"},\"image\":{\"@id\":\"https:\/\/matting.se\/da\/produkt\/hook-bordkrog\/#primaryimage\"},\"thumbnailUrl\":\"https:\/\/matting.se\/wp-content\/uploads\/2021\/01\/382015_HOOK_front.jpg\",\"datePublished\":\"2021-05-24T11:23:41+00:00\",\"dateModified\":\"2023-12-18T11:09:45+00:00\",\"description\":\"HOOK bordkrog - Se Mattings h\u00e5llbara koncept och produkter f\u00f6r publika milj\u00f6er, arbetsplatser och skolor.\",\"breadcrumb\":{\"@id\":\"https:\/\/matting.se\/da\/produkt\/hook-bordkrog\/#breadcrumb\"},\"inLanguage\":\"da-DK\",\"potentialAction\":[{\"@type\":\"ReadAction\",\"target\":[\"https:\/\/matting.se\/da\/produkt\/hook-bordkrog\/\"]}]},{\"@type\":\"ImageObject\",\"inLanguage\":\"da-DK\",\"@id\":\"https:\/\/matting.se\/da\/produkt\/hook-bordkrog\/#primaryimage\",\"url\":\"https:\/\/matting.se\/wp-content\/uploads\/2021\/01\/382015_HOOK_front.jpg\",\"contentUrl\":\"https:\/\/matting.se\/wp-content\/uploads\/2021\/01\/382015_HOOK_front.jpg\",\"width\":800,\"height\":800},{\"@type\":\"BreadcrumbList\",\"@id\":\"https:\/\/matting.se\/da\/produkt\/hook-bordkrog\/#breadcrumb\",\"itemListElement\":[{\"@type\":\"ListItem\",\"position\":1,\"name\":\"Hem\",\"item\":\"https:\/\/matting.se\/da\/\"},{\"@type\":\"ListItem\",\"position\":2,\"name\":\"Shop\",\"item\":\"https:\/\/matting.se\/shop\/\"},{\"@type\":\"ListItem\",\"position\":3,\"name\":\"Matting Interior\",\"item\":\"https:\/\/matting.se\/da\/produkt-kategori\/matting-interior-da\/\"},{\"@type\":\"ListItem\",\"position\":4,\"name\":\"HOOK bordkrog\"}]},{\"@type\":\"WebSite\",\"@id\":\"https:\/\/matting.se\/da\/#website\",\"url\":\"https:\/\/matting.se\/da\/\",\"name\":\"Matting\",\"description\":\"\",\"potentialAction\":[{\"@type\":\"SearchAction\",\"target\":{\"@type\":\"EntryPoint\",\"urlTemplate\":\"https:\/\/matting.se\/da\/?s={search_term_string}\"},\"query-input\":{\"@type\":\"PropertyValueSpecification\",\"valueRequired\":true,\"valueName\":\"search_term_string\"}}],\"inLanguage\":\"da-DK\"}]}<\/script>\n<!-- \/ Yoast SEO plugin. -->","yoast_head_json":{"title":"HOOK bordkrog - Matting","description":"HOOK bordkrog - Se Mattings h\u00e5llbara koncept och produkter f\u00f6r publika milj\u00f6er, arbetsplatser och skolor.","robots":{"index":"index","follow":"follow","max-snippet":"max-snippet:-1","max-image-preview":"max-image-preview:large","max-video-preview":"max-video-preview:-1"},"canonical":"https:\/\/matting.se\/da\/produkt\/hook-bordkrog\/","og_locale":"da_DK","og_type":"article","og_title":"HOOK bordkrog - Matting","og_description":"HOOK bordkrog - Se Mattings h\u00e5llbara koncept och produkter f\u00f6r publika milj\u00f6er, arbetsplatser och skolor.","og_url":"https:\/\/matting.se\/da\/produkt\/hook-bordkrog\/","og_site_name":"Matting","article_modified_time":"2023-12-18T11:09:45+00:00","og_image":[{"width":800,"height":800,"url":"https:\/\/matting.se\/wp-content\/uploads\/2021\/01\/382015_HOOK_front.jpg","type":"image\/jpeg"}],"twitter_card":"summary_large_image","schema":{"@context":"https:\/\/schema.org","@graph":[{"@type":["WebPage","ItemPage"],"@id":"https:\/\/matting.se\/da\/produkt\/hook-bordkrog\/","url":"https:\/\/matting.se\/da\/produkt\/hook-bordkrog\/","name":"HOOK bordkrog - Matting","isPartOf":{"@id":"https:\/\/matting.se\/da\/#website"},"primaryImageOfPage":{"@id":"https:\/\/matting.se\/da\/produkt\/hook-bordkrog\/#primaryimage"},"image":{"@id":"https:\/\/matting.se\/da\/produkt\/hook-bordkrog\/#primaryimage"},"thumbnailUrl":"https:\/\/matting.se\/wp-content\/uploads\/2021\/01\/382015_HOOK_front.jpg","datePublished":"2021-05-24T11:23:41+00:00","dateModified":"2023-12-18T11:09:45+00:00","description":"HOOK bordkrog - Se Mattings h\u00e5llbara koncept och produkter f\u00f6r publika milj\u00f6er, arbetsplatser och skolor.","breadcrumb":{"@id":"https:\/\/matting.se\/da\/produkt\/hook-bordkrog\/#breadcrumb"},"inLanguage":"da-DK","potentialAction":[{"@type":"ReadAction","target":["https:\/\/matting.se\/da\/produkt\/hook-bordkrog\/"]}]},{"@type":"ImageObject","inLanguage":"da-DK","@id":"https:\/\/matting.se\/da\/produkt\/hook-bordkrog\/#primaryimage","url":"https:\/\/matting.se\/wp-content\/uploads\/2021\/01\/382015_HOOK_front.jpg","contentUrl":"https:\/\/matting.se\/wp-content\/uploads\/2021\/01\/382015_HOOK_front.jpg","width":800,"height":800},{"@type":"BreadcrumbList","@id":"https:\/\/matting.se\/da\/produkt\/hook-bordkrog\/#breadcrumb","itemListElement":[{"@type":"ListItem","position":1,"name":"Hem","item":"https:\/\/matting.se\/da\/"},{"@type":"ListItem","position":2,"name":"Shop","item":"https:\/\/matting.se\/shop\/"},{"@type":"ListItem","position":3,"name":"Matting Interior","item":"https:\/\/matting.se\/da\/produkt-kategori\/matting-interior-da\/"},{"@type":"ListItem","position":4,"name":"HOOK bordkrog"}]},{"@type":"WebSite","@id":"https:\/\/matting.se\/da\/#website","url":"https:\/\/matting.se\/da\/","name":"Matting","description":"","potentialAction":[{"@type":"SearchAction","target":{"@type":"EntryPoint","urlTemplate":"https:\/\/matting.se\/da\/?s={search_term_string}"},"query-input":{"@type":"PropertyValueSpecification","valueRequired":true,"valueName":"search_term_string"}}],"inLanguage":"da-DK"}]}},"_links":{"self":[{"href":"https:\/\/matting.se\/da\/wp-json\/wp\/v2\/product\/246825","targetHints":{"allow":["GET"]}}],"collection":[{"href":"https:\/\/matting.se\/da\/wp-json\/wp\/v2\/product"}],"about":[{"href":"https:\/\/matting.se\/da\/wp-json\/wp\/v2\/types\/product"}],"wp:featuredmedia":[{"embeddable":true,"href":"https:\/\/matting.se\/da\/wp-json\/wp\/v2\/media\/236446"}],"wp:attachment":[{"href":"https:\/\/matting.se\/da\/wp-json\/wp\/v2\/media?parent=246825"}],"wp:term":[{"taxonomy":"product_brand","embeddable":true,"href":"https:\/\/matting.se\/da\/wp-json\/wp\/v2\/product_brand?post=246825"},{"taxonomy":"product_cat","embeddable":true,"href":"https:\/\/matting.se\/da\/wp-json\/wp\/v2\/product_cat?post=246825"},{"taxonomy":"product_tag","embeddable":true,"href":"https:\/\/matting.se\/da\/wp-json\/wp\/v2\/product_tag?post=246825"}],"curies":[{"name":"wp","href":"https:\/\/api.w.org\/{rel}","templated":true}]}}