{"id":246803,"date":"2021-05-24T12:22:38","date_gmt":"2021-05-24T11:22:38","guid":{"rendered":"https:\/\/matting.se\/produkt\/cork-staamaatte\/"},"modified":"2024-02-02T10:39:43","modified_gmt":"2024-02-02T09:39:43","slug":"cork-staamaatte","status":"publish","type":"product","link":"https:\/\/matting.se\/da\/produkt\/cork-staamaatte\/","title":{"rendered":"CORK st\u00e5m\u00e5tte"},"content":{"rendered":"<p>StandUp CORK er det naturlige valg. En PVC-fri, ftalatfri, vegansk premium st\u00e5m\u00e5tte med ekstra h\u00f8j kvalitet, komfort og design. T\u00e6ppet har et overfladelag af \u00e6gte kork, som giver en naturlig fornemmelse, flot patina og bl\u00f8dhed. StandUp CORK er behagelig at st\u00e5 p\u00e5 b\u00e5de med og uden sko.<\/p>\n<p>Det b\u00f8rstede metal\u00f8je g\u00f8r det nemt at h\u00e6nge m\u00e5tten op, n\u00e5r den skal reng\u00f8res, eller n\u00e5r den ikke er i brug. T\u00e6ppet har affasede kanter, der reducerer risikoen for at snuble.<\/p>\n<p>Kork er et b\u00e6redygtigt og genanvendeligt naturmateriale, og korkegeskove fremmer biodiversiteten. Barken skr\u00e6lles forsigtigt af tr\u00e6et og vokser derefter ud igen. Da kork er et naturligt, levende materiale, kan produktet variere en smule i farve og form.<br \/>\nDer er ikke anvendt animalske produkter i fremstillingen.<\/p>\n<p>Design: Peter Mattisson<\/p>\n","protected":false},"excerpt":{"rendered":"<p>StandUp CORK er det naturlige valg. En PVC-fri, ftalatfri, vegansk premium st\u00e5m\u00e5tte med ekstra h\u00f8j kvalitet, komfort og design. T\u00e6ppet har et overfladelag af \u00e6gte kork, som giver en naturlig fornemmelse, flot patina og bl\u00f8dhed. StandUp CORK er behagelig at st\u00e5 p\u00e5 b\u00e5de med og uden sko. Det b\u00f8rstede metal\u00f8je g\u00f8r det nemt at h\u00e6nge [&hellip;]<\/p>\n","protected":false},"featured_media":236386,"template":"","meta":{"_et_pb_use_builder":"","_et_pb_old_content":"","_et_gb_content_width":""},"product_brand":[],"product_cat":[200,186,201,203],"product_tag":[],"class_list":{"0":"post-246803","1":"product","2":"type-product","3":"status-publish","4":"has-post-thumbnail","6":"product_cat-staende-matter","7":"product_cat-matting-interior-da","8":"product_cat-stamatter-og-balancebraetter-mi","9":"product_cat-stamatter-mi","11":"first","12":"instock","13":"taxable","14":"shipping-taxable","15":"purchasable","16":"product-type-variable","17":"has-default-attributes"},"yoast_head":"<!-- This site is optimized with the Yoast SEO plugin v25.6 - https:\/\/yoast.com\/wordpress\/plugins\/seo\/ -->\n<title>CORK st\u00e5m\u00e5tte - naturlig, vegansk, PVC-fri arbejdspladsm\u00e5tte<\/title>\n<meta name=\"description\" content=\"En PVC-fri, vegansk st\u00e5m\u00e5tte med h\u00f8j kvalitet, komfort og design. M\u00e5tten har et overfladelag af \u00e6gte kork, som giver en naturlig fornemmelse. M\u00e5tten er behagelig at st\u00e5 p\u00e5 b\u00e5de med og uden sko.\" \/>\n<meta name=\"robots\" content=\"index, follow, max-snippet:-1, max-image-preview:large, max-video-preview:-1\" \/>\n<link rel=\"canonical\" href=\"https:\/\/matting.se\/da\/produkt\/cork-staamaatte\/\" \/>\n<meta property=\"og:locale\" content=\"da_DK\" \/>\n<meta property=\"og:type\" content=\"article\" \/>\n<meta property=\"og:title\" content=\"CORK st\u00e5m\u00e5tte - naturlig, vegansk, PVC-fri arbejdspladsm\u00e5tte\" \/>\n<meta property=\"og:description\" content=\"En PVC-fri, vegansk st\u00e5m\u00e5tte med h\u00f8j kvalitet, komfort og design. M\u00e5tten har et overfladelag af \u00e6gte kork, som giver en naturlig fornemmelse. M\u00e5tten er behagelig at st\u00e5 p\u00e5 b\u00e5de med og uden sko.\" \/>\n<meta property=\"og:url\" content=\"https:\/\/matting.se\/da\/produkt\/cork-staamaatte\/\" \/>\n<meta property=\"og:site_name\" content=\"Matting\" \/>\n<meta property=\"article:modified_time\" content=\"2024-02-02T09:39:43+00:00\" \/>\n<meta property=\"og:image\" content=\"https:\/\/matting.se\/wp-content\/uploads\/2021\/01\/381996_CORK_mat_top.jpg\" \/>\n\t<meta property=\"og:image:width\" content=\"800\" \/>\n\t<meta property=\"og:image:height\" content=\"800\" \/>\n\t<meta property=\"og:image:type\" content=\"image\/jpeg\" \/>\n<meta name=\"twitter:card\" content=\"summary_large_image\" \/>\n<meta name=\"twitter:label1\" content=\"Estimeret l\u00e6setid\" \/>\n\t<meta name=\"twitter:data1\" content=\"1 minut\" \/>\n<script type=\"application\/ld+json\" class=\"yoast-schema-graph\">{\"@context\":\"https:\/\/schema.org\",\"@graph\":[{\"@type\":[\"WebPage\",\"ItemPage\"],\"@id\":\"https:\/\/matting.se\/da\/produkt\/cork-staamaatte\/\",\"url\":\"https:\/\/matting.se\/da\/produkt\/cork-staamaatte\/\",\"name\":\"CORK st\u00e5m\u00e5tte - naturlig, vegansk, PVC-fri arbejdspladsm\u00e5tte\",\"isPartOf\":{\"@id\":\"https:\/\/matting.se\/da\/#website\"},\"primaryImageOfPage\":{\"@id\":\"https:\/\/matting.se\/da\/produkt\/cork-staamaatte\/#primaryimage\"},\"image\":{\"@id\":\"https:\/\/matting.se\/da\/produkt\/cork-staamaatte\/#primaryimage\"},\"thumbnailUrl\":\"https:\/\/matting.se\/wp-content\/uploads\/2021\/01\/381996_CORK_mat_top.jpg\",\"datePublished\":\"2021-05-24T11:22:38+00:00\",\"dateModified\":\"2024-02-02T09:39:43+00:00\",\"description\":\"En PVC-fri, vegansk st\u00e5m\u00e5tte med h\u00f8j kvalitet, komfort og design. M\u00e5tten har et overfladelag af \u00e6gte kork, som giver en naturlig fornemmelse. M\u00e5tten er behagelig at st\u00e5 p\u00e5 b\u00e5de med og uden sko.\",\"breadcrumb\":{\"@id\":\"https:\/\/matting.se\/da\/produkt\/cork-staamaatte\/#breadcrumb\"},\"inLanguage\":\"da-DK\",\"potentialAction\":[{\"@type\":\"ReadAction\",\"target\":[\"https:\/\/matting.se\/da\/produkt\/cork-staamaatte\/\"]}]},{\"@type\":\"ImageObject\",\"inLanguage\":\"da-DK\",\"@id\":\"https:\/\/matting.se\/da\/produkt\/cork-staamaatte\/#primaryimage\",\"url\":\"https:\/\/matting.se\/wp-content\/uploads\/2021\/01\/381996_CORK_mat_top.jpg\",\"contentUrl\":\"https:\/\/matting.se\/wp-content\/uploads\/2021\/01\/381996_CORK_mat_top.jpg\",\"width\":800,\"height\":800},{\"@type\":\"BreadcrumbList\",\"@id\":\"https:\/\/matting.se\/da\/produkt\/cork-staamaatte\/#breadcrumb\",\"itemListElement\":[{\"@type\":\"ListItem\",\"position\":1,\"name\":\"Hem\",\"item\":\"https:\/\/matting.se\/da\/\"},{\"@type\":\"ListItem\",\"position\":2,\"name\":\"Shop\",\"item\":\"https:\/\/matting.se\/shop\/\"},{\"@type\":\"ListItem\",\"position\":3,\"name\":\"Matting Interior\",\"item\":\"https:\/\/matting.se\/da\/produkt-kategori\/matting-interior-da\/\"},{\"@type\":\"ListItem\",\"position\":4,\"name\":\"St\u00e5m\u00e5tter og balancebr\u00e6tter\",\"item\":\"https:\/\/matting.se\/da\/produkt-kategori\/matting-interior-da\/stamatter-og-balancebraetter-mi\/\"},{\"@type\":\"ListItem\",\"position\":5,\"name\":\"St\u00e5m\u00e5tter MI\",\"item\":\"https:\/\/matting.se\/da\/produkt-kategori\/matting-interior-da\/stamatter-og-balancebraetter-mi\/stamatter-mi\/\"},{\"@type\":\"ListItem\",\"position\":6,\"name\":\"CORK st\u00e5m\u00e5tte\"}]},{\"@type\":\"WebSite\",\"@id\":\"https:\/\/matting.se\/da\/#website\",\"url\":\"https:\/\/matting.se\/da\/\",\"name\":\"Matting\",\"description\":\"\",\"potentialAction\":[{\"@type\":\"SearchAction\",\"target\":{\"@type\":\"EntryPoint\",\"urlTemplate\":\"https:\/\/matting.se\/da\/?s={search_term_string}\"},\"query-input\":{\"@type\":\"PropertyValueSpecification\",\"valueRequired\":true,\"valueName\":\"search_term_string\"}}],\"inLanguage\":\"da-DK\"}]}<\/script>\n<!-- \/ Yoast SEO plugin. -->","yoast_head_json":{"title":"CORK st\u00e5m\u00e5tte - naturlig, vegansk, PVC-fri arbejdspladsm\u00e5tte","description":"En PVC-fri, vegansk st\u00e5m\u00e5tte med h\u00f8j kvalitet, komfort og design. M\u00e5tten har et overfladelag af \u00e6gte kork, som giver en naturlig fornemmelse. M\u00e5tten er behagelig at st\u00e5 p\u00e5 b\u00e5de med og uden sko.","robots":{"index":"index","follow":"follow","max-snippet":"max-snippet:-1","max-image-preview":"max-image-preview:large","max-video-preview":"max-video-preview:-1"},"canonical":"https:\/\/matting.se\/da\/produkt\/cork-staamaatte\/","og_locale":"da_DK","og_type":"article","og_title":"CORK st\u00e5m\u00e5tte - naturlig, vegansk, PVC-fri arbejdspladsm\u00e5tte","og_description":"En PVC-fri, vegansk st\u00e5m\u00e5tte med h\u00f8j kvalitet, komfort og design. M\u00e5tten har et overfladelag af \u00e6gte kork, som giver en naturlig fornemmelse. M\u00e5tten er behagelig at st\u00e5 p\u00e5 b\u00e5de med og uden sko.","og_url":"https:\/\/matting.se\/da\/produkt\/cork-staamaatte\/","og_site_name":"Matting","article_modified_time":"2024-02-02T09:39:43+00:00","og_image":[{"width":800,"height":800,"url":"https:\/\/matting.se\/wp-content\/uploads\/2021\/01\/381996_CORK_mat_top.jpg","type":"image\/jpeg"}],"twitter_card":"summary_large_image","twitter_misc":{"Estimeret l\u00e6setid":"1 minut"},"schema":{"@context":"https:\/\/schema.org","@graph":[{"@type":["WebPage","ItemPage"],"@id":"https:\/\/matting.se\/da\/produkt\/cork-staamaatte\/","url":"https:\/\/matting.se\/da\/produkt\/cork-staamaatte\/","name":"CORK st\u00e5m\u00e5tte - naturlig, vegansk, PVC-fri arbejdspladsm\u00e5tte","isPartOf":{"@id":"https:\/\/matting.se\/da\/#website"},"primaryImageOfPage":{"@id":"https:\/\/matting.se\/da\/produkt\/cork-staamaatte\/#primaryimage"},"image":{"@id":"https:\/\/matting.se\/da\/produkt\/cork-staamaatte\/#primaryimage"},"thumbnailUrl":"https:\/\/matting.se\/wp-content\/uploads\/2021\/01\/381996_CORK_mat_top.jpg","datePublished":"2021-05-24T11:22:38+00:00","dateModified":"2024-02-02T09:39:43+00:00","description":"En PVC-fri, vegansk st\u00e5m\u00e5tte med h\u00f8j kvalitet, komfort og design. M\u00e5tten har et overfladelag af \u00e6gte kork, som giver en naturlig fornemmelse. M\u00e5tten er behagelig at st\u00e5 p\u00e5 b\u00e5de med og uden sko.","breadcrumb":{"@id":"https:\/\/matting.se\/da\/produkt\/cork-staamaatte\/#breadcrumb"},"inLanguage":"da-DK","potentialAction":[{"@type":"ReadAction","target":["https:\/\/matting.se\/da\/produkt\/cork-staamaatte\/"]}]},{"@type":"ImageObject","inLanguage":"da-DK","@id":"https:\/\/matting.se\/da\/produkt\/cork-staamaatte\/#primaryimage","url":"https:\/\/matting.se\/wp-content\/uploads\/2021\/01\/381996_CORK_mat_top.jpg","contentUrl":"https:\/\/matting.se\/wp-content\/uploads\/2021\/01\/381996_CORK_mat_top.jpg","width":800,"height":800},{"@type":"BreadcrumbList","@id":"https:\/\/matting.se\/da\/produkt\/cork-staamaatte\/#breadcrumb","itemListElement":[{"@type":"ListItem","position":1,"name":"Hem","item":"https:\/\/matting.se\/da\/"},{"@type":"ListItem","position":2,"name":"Shop","item":"https:\/\/matting.se\/shop\/"},{"@type":"ListItem","position":3,"name":"Matting Interior","item":"https:\/\/matting.se\/da\/produkt-kategori\/matting-interior-da\/"},{"@type":"ListItem","position":4,"name":"St\u00e5m\u00e5tter og balancebr\u00e6tter","item":"https:\/\/matting.se\/da\/produkt-kategori\/matting-interior-da\/stamatter-og-balancebraetter-mi\/"},{"@type":"ListItem","position":5,"name":"St\u00e5m\u00e5tter MI","item":"https:\/\/matting.se\/da\/produkt-kategori\/matting-interior-da\/stamatter-og-balancebraetter-mi\/stamatter-mi\/"},{"@type":"ListItem","position":6,"name":"CORK st\u00e5m\u00e5tte"}]},{"@type":"WebSite","@id":"https:\/\/matting.se\/da\/#website","url":"https:\/\/matting.se\/da\/","name":"Matting","description":"","potentialAction":[{"@type":"SearchAction","target":{"@type":"EntryPoint","urlTemplate":"https:\/\/matting.se\/da\/?s={search_term_string}"},"query-input":{"@type":"PropertyValueSpecification","valueRequired":true,"valueName":"search_term_string"}}],"inLanguage":"da-DK"}]}},"_links":{"self":[{"href":"https:\/\/matting.se\/da\/wp-json\/wp\/v2\/product\/246803","targetHints":{"allow":["GET"]}}],"collection":[{"href":"https:\/\/matting.se\/da\/wp-json\/wp\/v2\/product"}],"about":[{"href":"https:\/\/matting.se\/da\/wp-json\/wp\/v2\/types\/product"}],"wp:featuredmedia":[{"embeddable":true,"href":"https:\/\/matting.se\/da\/wp-json\/wp\/v2\/media\/236386"}],"wp:attachment":[{"href":"https:\/\/matting.se\/da\/wp-json\/wp\/v2\/media?parent=246803"}],"wp:term":[{"taxonomy":"product_brand","embeddable":true,"href":"https:\/\/matting.se\/da\/wp-json\/wp\/v2\/product_brand?post=246803"},{"taxonomy":"product_cat","embeddable":true,"href":"https:\/\/matting.se\/da\/wp-json\/wp\/v2\/product_cat?post=246803"},{"taxonomy":"product_tag","embeddable":true,"href":"https:\/\/matting.se\/da\/wp-json\/wp\/v2\/product_tag?post=246803"}],"curies":[{"name":"wp","href":"https:\/\/api.w.org\/{rel}","templated":true}]}}