{"id":246219,"date":"2023-10-02T12:08:17","date_gmt":"2023-10-02T11:08:17","guid":{"rendered":"https:\/\/matting.se\/betingelser-og-garanti\/"},"modified":"2026-04-09T12:33:54","modified_gmt":"2026-04-09T11:33:54","slug":"betingelser-og-garanti","status":"publish","type":"page","link":"https:\/\/matting.se\/da\/betingelser-og-garanti\/","title":{"rendered":"Betingelser og garanti"},"content":{"rendered":"<p>[et_pb_section fb_built=&#8221;1&#8243; _builder_version=&#8221;4.16&#8243; _module_preset=&#8221;default&#8221; global_colors_info=&#8221;{}&#8221;][et_pb_row _builder_version=&#8221;4.16&#8243; _module_preset=&#8221;4c994dae-8592-4a5d-8982-751f0e6c123f&#8221; max_width=&#8221;850px&#8221; module_alignment=&#8221;center&#8221; global_colors_info=&#8221;{}&#8221;][et_pb_column type=&#8221;4_4&#8243; _builder_version=&#8221;4.16&#8243; _module_preset=&#8221;default&#8221; global_colors_info=&#8221;{}&#8221;][et_pb_text _builder_version=&#8221;4.23.1&#8243; _module_preset=&#8221;70555b8e-37fe-4efc-96b1-07ae11345865&#8243; global_colors_info=&#8221;{}&#8221;]<\/p>\n<h1>BETINGELSER &amp; GARANTI<\/h1>\n<h3><\/h3>\n<h3><\/h3>\n<h2>Betingelser for salg<\/h2>\n<p><span>Matting AB distribuerer via virksomheder og\/eller privatpersoner. Vi har \u00e5bent mandag til fredag kl. 08.00-16.45. Lukket til frokost 12:00-12:45.<\/span><\/p>\n<p><span><\/span><\/p>\n<h2>Priser<\/h2>\n<p><span>Alle priser er ekskl. moms og forsendelse. Vi forbeholder os ret til at foretage prisjusteringer uden forudg\u00e5ende varsel p\u00e5 grund af \u00e6ndringer i r\u00e5varepriser, valutakurser, typografiske fejl eller andre omst\u00e6ndigheder uden for Matting AB&#8217;s kontrol.<\/span><\/p>\n<p><span><\/span><\/p>\n<h2>Gebyr for sm\u00e5 ordrer<\/h2>\n<p><span>Ved nettobestillinger p\u00e5 under 500 SEK opkr\u00e6ves et mindre bestillingsgebyr p\u00e5 200 SEK<\/span>.<\/p>\n<p>&nbsp;<\/p>\n<h2>Betalingsbetingelser<\/h2>\n<p><span>Efter en godkendt kreditvurdering gives der normalt en nettokredittid p\u00e5 30 dage op til den aftalte kreditgr\u00e6nse. Matting AB har ret til at \u00e6ndre kreditgr\u00e6nsen til enhver tid og uden forudg\u00e5ende varsel. I tilf\u00e6lde af forsinket betaling vil der blive opkr\u00e6vet morarenter og, hvor det er relevant, gebyrer for opkr\u00e6vning og betalingsp\u00e5krav.<\/span><\/p>\n<p><span><\/span><\/p>\n<h2>Leveringstider<\/h2>\n<p><em><b>P\u00e5 standardprodukter p\u00e5 lager:<\/b> <\/em><span>Ordrer afsendes fra Mattings lager den n\u00e6ste arbejdsdag, medmindre andet er angivet.<\/span><br \/><em><br \/><b>P\u00e5 lagerf\u00f8rte produkter, der skal sk\u00e6res til, trimmes eller p\u00e5 anden m\u00e5de tilpasses:<\/b><br \/><\/em> <span>1-3 dage.<\/span><br \/><em><br \/><b>P\u00e5 produkter, der ikke er p\u00e5 lager:<\/b><br \/><\/em> <span>Varierer i henhold til s\u00e6rlig f\u00f8lgeseddel.<\/span><\/p>\n<p><span><\/span><\/p>\n<h2>Fragt<\/h2>\n<p>Forsendelsesomkostninger vil blive tilf\u00f8jet. Ordrer leveres fra Mattings lager i Alings\u00e5s. Vi leverer indenlandske forsendelser med DHL, medmindre andet er aftalt. En eventuel fragtgr\u00e6nse beregnes ud fra ordrev\u00e6rdien af det lagerf\u00f8rte sortiment separat og det bestilte sortiment separat, n\u00e5r en samtidig leveringsdato ikke er mulig. Emballageomkostninger fra 1. juni 2022.<\/p>\n<p>Emballageomkostninger faktureres i forbindelse med leverancer p\u00e5 paller:<br \/>EUR-palle: 225:-*<br \/>Engangspalle hel: \u20ac125<br \/>Halv palle til engangsbrug: \u20ac100<br \/>Pallekrave: \u20ac125<br \/>Pallemballage: 125:-<br \/>Fasning af t\u00e6ppekanter: 125 \u20ac.<br \/>Installationsomkostninger Effektiv\/Jaguar: 300:-\/kvm<br \/><em>*G\u00e6lder ikke for kunder, der er medlem af DHL&#8217;s pallepulje.<\/em><\/p>\n<h2><\/h2>\n<h2>Reklamationer og returneringer<\/h2>\n<p>Hver enkelt returnering og enhed skal godkendes af Matting AB. Kontakt os p\u00e5 <a href=\"mailto:info@matting.se\">info@matting.se<\/a> eller 39 30 08 02, s\u00e5 hj\u00e6lper vi dig videre.<\/p>\n<h2><\/h2>\n<h2>TRANSPORTSKADER<\/h2>\n<p><em>Ved synlige skader<\/em> skal du bede chauff\u00f8ren om at hj\u00e6lpe dig med at notere skaden p\u00e5 fragtbrevet\/h\u00e5ndcomputeren, f\u00f8r du kvitterer for leveringen. Hvis du ikke noterer skaden, accepterer du varen, som den er. Hvis du ikke \u00f8nsker at acceptere leveringen p\u00e5 grund af skaden, har du ret til at afvise den, f\u00f8r du kvitterer for forsendelsen.<\/p>\n<p><em>Skjulte skader<\/em> skal anmeldes til os s\u00e5 hurtigt som muligt, dog senest fem (5) kalenderdage fra leveringsdatoen. Krav om skjulte skader skal anmeldes inden for fem kalenderdage fra leveringsdatoen. Kontakt os p\u00e5 <a href=\"mailto:info@matting.se\">info@matting.se<\/a> og beskriv skaden, og vedh\u00e6ft ogs\u00e5 billeder af skaden.<\/p>\n<h2><\/h2>\n<h2>Garanti<\/h2>\n<p>Vores produkter skal v\u00e6re af h\u00f8j kvalitet, have til form\u00e5l at fungere i en cirkul\u00e6r proces og v\u00e6re holdbare. Vores skriveborde, opbevaringsm\u00f8bler og NEOS-serien leveres derfor med 5 \u00e5rs garanti. Resten af vores sortiment leveres med mindst 2 \u00e5rs fremstillings- og produktionsgaranti. Garantien d\u00e6kker produktions- og fremstillingsfejl. G\u00e6lder ikke for normal slitage, skader eller d\u00e5rlig vedligeholdelse. Garantiperioden beregnes fra fakturadatoen.<\/p>\n<p>[\/et_pb_text][\/et_pb_column][\/et_pb_row][\/et_pb_section]<\/p>\n","protected":false},"excerpt":{"rendered":"<p>BETINGELSER &amp; GARANTI Betingelser for salg Matting AB distribuerer via virksomheder og\/eller privatpersoner. Vi har \u00e5bent mandag til fredag kl. 08.00-16.45. Lukket til frokost 12:00-12:45. Priser Alle priser er ekskl. moms og forsendelse. Vi forbeholder os ret til at foretage prisjusteringer uden forudg\u00e5ende varsel p\u00e5 grund af \u00e6ndringer i r\u00e5varepriser, valutakurser, typografiske fejl eller andre [&hellip;]<\/p>\n","protected":false},"author":10,"featured_media":0,"parent":0,"menu_order":0,"comment_status":"closed","ping_status":"closed","template":"","meta":{"_et_pb_use_builder":"on","_et_pb_old_content":"","_et_gb_content_width":"","footnotes":""},"class_list":["post-246219","page","type-page","status-publish","hentry"],"yoast_head":"<!-- This site is optimized with the Yoast SEO plugin v25.6 - https:\/\/yoast.com\/wordpress\/plugins\/seo\/ -->\n<title>Betingelser og garanti - Matting<\/title>\n<meta name=\"description\" content=\"Matting - Uppt\u00e4ck Mattings h\u00e5llbara koncept och produkter f\u00f6r publika milj\u00f6er, arbetsplatser och skolor\" \/>\n<meta name=\"robots\" content=\"index, follow, max-snippet:-1, max-image-preview:large, max-video-preview:-1\" \/>\n<link rel=\"canonical\" href=\"https:\/\/matting.se\/da\/betingelser-og-garanti\/\" \/>\n<meta property=\"og:locale\" content=\"da_DK\" \/>\n<meta property=\"og:type\" content=\"article\" \/>\n<meta property=\"og:title\" content=\"Betingelser og garanti - Matting\" \/>\n<meta property=\"og:description\" content=\"Matting - Uppt\u00e4ck Mattings h\u00e5llbara koncept och produkter f\u00f6r publika milj\u00f6er, arbetsplatser och skolor\" \/>\n<meta property=\"og:url\" content=\"https:\/\/matting.se\/da\/betingelser-og-garanti\/\" \/>\n<meta property=\"og:site_name\" content=\"Matting\" \/>\n<meta property=\"article:modified_time\" content=\"2026-04-09T11:33:54+00:00\" \/>\n<meta name=\"twitter:card\" content=\"summary_large_image\" \/>\n<meta name=\"twitter:label1\" content=\"Estimeret l\u00e6setid\" \/>\n\t<meta name=\"twitter:data1\" content=\"3 minutter\" \/>\n<script type=\"application\/ld+json\" class=\"yoast-schema-graph\">{\"@context\":\"https:\/\/schema.org\",\"@graph\":[{\"@type\":\"WebPage\",\"@id\":\"https:\/\/matting.se\/da\/betingelser-og-garanti\/\",\"url\":\"https:\/\/matting.se\/da\/betingelser-og-garanti\/\",\"name\":\"Betingelser og garanti - Matting\",\"isPartOf\":{\"@id\":\"https:\/\/matting.se\/da\/#website\"},\"datePublished\":\"2023-10-02T11:08:17+00:00\",\"dateModified\":\"2026-04-09T11:33:54+00:00\",\"description\":\"Matting - Uppt\u00e4ck Mattings h\u00e5llbara koncept och produkter f\u00f6r publika milj\u00f6er, arbetsplatser och skolor\",\"breadcrumb\":{\"@id\":\"https:\/\/matting.se\/da\/betingelser-og-garanti\/#breadcrumb\"},\"inLanguage\":\"da-DK\",\"potentialAction\":[{\"@type\":\"ReadAction\",\"target\":[\"https:\/\/matting.se\/da\/betingelser-og-garanti\/\"]}]},{\"@type\":\"BreadcrumbList\",\"@id\":\"https:\/\/matting.se\/da\/betingelser-og-garanti\/#breadcrumb\",\"itemListElement\":[{\"@type\":\"ListItem\",\"position\":1,\"name\":\"Hem\",\"item\":\"https:\/\/matting.se\/da\/\"},{\"@type\":\"ListItem\",\"position\":2,\"name\":\"Betingelser og garanti\"}]},{\"@type\":\"WebSite\",\"@id\":\"https:\/\/matting.se\/da\/#website\",\"url\":\"https:\/\/matting.se\/da\/\",\"name\":\"Matting\",\"description\":\"\",\"potentialAction\":[{\"@type\":\"SearchAction\",\"target\":{\"@type\":\"EntryPoint\",\"urlTemplate\":\"https:\/\/matting.se\/da\/?s={search_term_string}\"},\"query-input\":{\"@type\":\"PropertyValueSpecification\",\"valueRequired\":true,\"valueName\":\"search_term_string\"}}],\"inLanguage\":\"da-DK\"}]}<\/script>\n<!-- \/ Yoast SEO plugin. -->","yoast_head_json":{"title":"Betingelser og garanti - Matting","description":"Matting - Uppt\u00e4ck Mattings h\u00e5llbara koncept och produkter f\u00f6r publika milj\u00f6er, arbetsplatser och skolor","robots":{"index":"index","follow":"follow","max-snippet":"max-snippet:-1","max-image-preview":"max-image-preview:large","max-video-preview":"max-video-preview:-1"},"canonical":"https:\/\/matting.se\/da\/betingelser-og-garanti\/","og_locale":"da_DK","og_type":"article","og_title":"Betingelser og garanti - Matting","og_description":"Matting - Uppt\u00e4ck Mattings h\u00e5llbara koncept och produkter f\u00f6r publika milj\u00f6er, arbetsplatser och skolor","og_url":"https:\/\/matting.se\/da\/betingelser-og-garanti\/","og_site_name":"Matting","article_modified_time":"2026-04-09T11:33:54+00:00","twitter_card":"summary_large_image","twitter_misc":{"Estimeret l\u00e6setid":"3 minutter"},"schema":{"@context":"https:\/\/schema.org","@graph":[{"@type":"WebPage","@id":"https:\/\/matting.se\/da\/betingelser-og-garanti\/","url":"https:\/\/matting.se\/da\/betingelser-og-garanti\/","name":"Betingelser og garanti - Matting","isPartOf":{"@id":"https:\/\/matting.se\/da\/#website"},"datePublished":"2023-10-02T11:08:17+00:00","dateModified":"2026-04-09T11:33:54+00:00","description":"Matting - Uppt\u00e4ck Mattings h\u00e5llbara koncept och produkter f\u00f6r publika milj\u00f6er, arbetsplatser och skolor","breadcrumb":{"@id":"https:\/\/matting.se\/da\/betingelser-og-garanti\/#breadcrumb"},"inLanguage":"da-DK","potentialAction":[{"@type":"ReadAction","target":["https:\/\/matting.se\/da\/betingelser-og-garanti\/"]}]},{"@type":"BreadcrumbList","@id":"https:\/\/matting.se\/da\/betingelser-og-garanti\/#breadcrumb","itemListElement":[{"@type":"ListItem","position":1,"name":"Hem","item":"https:\/\/matting.se\/da\/"},{"@type":"ListItem","position":2,"name":"Betingelser og garanti"}]},{"@type":"WebSite","@id":"https:\/\/matting.se\/da\/#website","url":"https:\/\/matting.se\/da\/","name":"Matting","description":"","potentialAction":[{"@type":"SearchAction","target":{"@type":"EntryPoint","urlTemplate":"https:\/\/matting.se\/da\/?s={search_term_string}"},"query-input":{"@type":"PropertyValueSpecification","valueRequired":true,"valueName":"search_term_string"}}],"inLanguage":"da-DK"}]}},"_links":{"self":[{"href":"https:\/\/matting.se\/da\/wp-json\/wp\/v2\/pages\/246219","targetHints":{"allow":["GET"]}}],"collection":[{"href":"https:\/\/matting.se\/da\/wp-json\/wp\/v2\/pages"}],"about":[{"href":"https:\/\/matting.se\/da\/wp-json\/wp\/v2\/types\/page"}],"author":[{"embeddable":true,"href":"https:\/\/matting.se\/da\/wp-json\/wp\/v2\/users\/10"}],"replies":[{"embeddable":true,"href":"https:\/\/matting.se\/da\/wp-json\/wp\/v2\/comments?post=246219"}],"version-history":[{"count":4,"href":"https:\/\/matting.se\/da\/wp-json\/wp\/v2\/pages\/246219\/revisions"}],"predecessor-version":[{"id":253224,"href":"https:\/\/matting.se\/da\/wp-json\/wp\/v2\/pages\/246219\/revisions\/253224"}],"wp:attachment":[{"href":"https:\/\/matting.se\/da\/wp-json\/wp\/v2\/media?parent=246219"}],"curies":[{"name":"wp","href":"https:\/\/api.w.org\/{rel}","templated":true}]}}