{"id":246200,"date":"2023-09-19T09:39:21","date_gmt":"2023-09-19T08:39:21","guid":{"rendered":"https:\/\/matting.se\/prislister\/"},"modified":"2026-04-01T15:25:00","modified_gmt":"2026-04-01T14:25:00","slug":"prislister","status":"publish","type":"page","link":"https:\/\/matting.se\/da\/matting-interior\/download\/prislister\/","title":{"rendered":"Prislister"},"content":{"rendered":"<p>[et_pb_section fb_built=&#8221;1&#8243; custom_padding_last_edited=&#8221;on|tablet&#8221; _builder_version=&#8221;4.22.1&#8243; _module_preset=&#8221;default&#8221; custom_padding=&#8221;50px||10px||false|false&#8221; custom_padding_tablet=&#8221;20px||0px||false|false&#8221; custom_padding_phone=&#8221;20px||0px||false|false&#8221; global_colors_info=&#8221;{}&#8221;][et_pb_row _builder_version=&#8221;4.22.1&#8243; _module_preset=&#8221;89fb0ef3-f66f-4b25-9b92-5924a94e9c5b&#8221; global_colors_info=&#8221;{}&#8221;][et_pb_column type=&#8221;4_4&#8243; _builder_version=&#8221;4.16&#8243; _module_preset=&#8221;c4d66a66-546a-416b-9c88-b057363a0ffe&#8221; global_colors_info=&#8221;{}&#8221;][et_pb_text _builder_version=&#8221;4.22.1&#8243; _module_preset=&#8221;default&#8221; header_text_align=&#8221;center&#8221; header_font_size=&#8221;35px&#8221; header_font_size_tablet=&#8221;30px&#8221; header_2_font_size_phone=&#8221;20px&#8221; global_colors_info=&#8221;{}&#8221;]<\/p>\n<h1>Prislister<\/h1>\n<p>[\/et_pb_text][\/et_pb_column][\/et_pb_row][\/et_pb_section][et_pb_section fb_built=&#8221;1&#8243; _builder_version=&#8221;4.22.1&#8243; _module_preset=&#8221;default&#8221; custom_padding=&#8221;40px||40px||true|false&#8221; custom_padding_tablet=&#8221;20px||20px||true|false&#8221; custom_padding_phone=&#8221;0px||0px||true|false&#8221; global_colors_info=&#8221;{}&#8221;][et_pb_row _builder_version=&#8221;4.16&#8243; _module_preset=&#8221;852e44b5-d026-4eea-98e5-9a9456b4590c&#8221; global_colors_info=&#8221;{}&#8221;][et_pb_column type=&#8221;4_4&#8243; _builder_version=&#8221;4.16&#8243; _module_preset=&#8221;c4d66a66-546a-416b-9c88-b057363a0ffe&#8221; global_colors_info=&#8221;{}&#8221;][et_pb_text _builder_version=&#8221;4.23.1&#8243; _module_preset=&#8221;85f70496-0b1e-4b61-a061-3814cfd111bb&#8221; hover_enabled=&#8221;0&#8243; global_colors_info=&#8221;{}&#8221; sticky_enabled=&#8221;0&#8243;]<\/p>\n<h2>Kontor<\/h2>\n<p>[\/et_pb_text][\/et_pb_column][\/et_pb_row][et_pb_row column_structure=&#8221;1_4,1_4,1_4,1_4&#8243; _builder_version=&#8221;4.22.0&#8243; _module_preset=&#8221;852e44b5-d026-4eea-98e5-9a9456b4590c&#8221; global_colors_info=&#8221;{}&#8221;][et_pb_column type=&#8221;1_4&#8243; _builder_version=&#8221;4.22.0&#8243; _module_preset=&#8221;cbdfe5c8-731c-46b8-81d1-6c897e50427a&#8221; global_colors_info=&#8221;{}&#8221; custom_css_main_element_last_edited=&#8221;on|phone&#8221; custom_css_main_element_tablet=&#8221;width: 50% !important;&#8221; custom_css_main_element_phone=&#8221;width: 50% !important;&#8221;][et_pb_blurb _builder_version=&#8221;4.23.1&#8243; _module_preset=&#8221;bf0896d0-2ac2-4a59-afc9-31b2a6561f53&#8243; link_option_url=&#8221;https:\/\/matting.se\/wp-content\/uploads\/MATTING-PRISLISTE-KONTOR-2026.pdf&#8221; link_option_url_new_window=&#8221;on&#8221; hover_enabled=&#8221;0&#8243; global_colors_info=&#8221;{}&#8221; sticky_enabled=&#8221;0&#8243;]<\/p>\n<p>Vejl. Prisliste KONTOR<img loading=\"lazy\" decoding=\"async\" class=\"wp-image-231706 alignnone size-full\" style=\"float: right;\" src=\"https:\/\/actives.se\/wp-content\/uploads\/sites\/2\/2022\/06\/7.png\" alt=\"\" width=\"20\" height=\"20\" \/><\/p>\n<p>[\/et_pb_blurb][\/et_pb_column][et_pb_column type=&#8221;1_4&#8243; _builder_version=&#8221;4.22.0&#8243; _module_preset=&#8221;cbdfe5c8-731c-46b8-81d1-6c897e50427a&#8221; global_colors_info=&#8221;{}&#8221; custom_css_main_element_last_edited=&#8221;on|phone&#8221; custom_css_main_element_tablet=&#8221;width: 50% !important;&#8221; custom_css_main_element_phone=&#8221;width: 50% !important;&#8221;][\/et_pb_column][et_pb_column type=&#8221;1_4&#8243; _builder_version=&#8221;4.22.0&#8243; _module_preset=&#8221;cbdfe5c8-731c-46b8-81d1-6c897e50427a&#8221; global_colors_info=&#8221;{}&#8221; custom_css_main_element_last_edited=&#8221;on|phone&#8221; custom_css_main_element_tablet=&#8221;width: 50% !important;&#8221; custom_css_main_element_phone=&#8221;width: 50% !important;&#8221;][\/et_pb_column][et_pb_column type=&#8221;1_4&#8243; _builder_version=&#8221;4.22.0&#8243; _module_preset=&#8221;cbdfe5c8-731c-46b8-81d1-6c897e50427a&#8221; global_colors_info=&#8221;{}&#8221; custom_css_main_element_last_edited=&#8221;on|phone&#8221; custom_css_main_element_tablet=&#8221;width: 50% !important;&#8221; custom_css_main_element_phone=&#8221;width: 50% !important;&#8221;][\/et_pb_column][\/et_pb_row][\/et_pb_section][et_pb_section fb_built=&#8221;1&#8243; module_id=&#8221;cykel-s\u00e6nkbart-bord&#8221; _builder_version=&#8221;4.22.1&#8243; _module_preset=&#8221;ac53c8ae-a316-43eb-9198-410b82609f44&#8243; global_colors_info=&#8221;{}&#8221;][et_pb_row _builder_version=&#8221;4.16&#8243; _module_preset=&#8221;852e44b5-d026-4eea-98e5-9a9456b4590c&#8221; global_colors_info=&#8221;{}&#8221;][et_pb_column type=&#8221;4_4&#8243; _builder_version=&#8221;4.16&#8243; _module_preset=&#8221;c4d66a66-546a-416b-9c88-b057363a0ffe&#8221; global_colors_info=&#8221;{}&#8221;][et_pb_text _builder_version=&#8221;4.23.1&#8243; _module_preset=&#8221;85f70496-0b1e-4b61-a061-3814cfd111bb&#8221; global_colors_info=&#8221;{}&#8221;]<\/p>\n<h2>Printm\u00e5tter<\/h2>\n<p>[\/et_pb_text][\/et_pb_column][\/et_pb_row][et_pb_row column_structure=&#8221;1_4,1_4,1_4,1_4&#8243; _builder_version=&#8221;4.23.1&#8243; _module_preset=&#8221;852e44b5-d026-4eea-98e5-9a9456b4590c&#8221; global_colors_info=&#8221;{}&#8221; custom_css_main_element_last_edited=&#8221;on|phone&#8221;][et_pb_column type=&#8221;1_4&#8243; _builder_version=&#8221;4.23.1&#8243; _module_preset=&#8221;7ab50462-3565-46e3-a13b-8002d3691f77&#8243; link_option_url=&#8221;https:\/\/matting.se\/wp-content\/uploads\/2024\/01\/CLASSIC-PRINT_Prisliste_DK.pdf&#8221; link_option_url_new_window=&#8221;on&#8221; border_width_all_tablet=&#8221;&#8221; border_width_all_phone=&#8221;&#8221; border_width_all_last_edited=&#8221;on|tablet&#8221; global_colors_info=&#8221;{}&#8221;][et_pb_text _builder_version=&#8221;4.23.1&#8243; _module_preset=&#8221;32a83069-3772-469a-9fb8-8841410e6167&#8243; link_option_url=&#8221;https:\/\/matting.se\/wp-content\/uploads\/2024\/01\/CLASSIC-PRINT_Prisliste_DK.pdf&#8221; global_colors_info=&#8221;{}&#8221;]<\/p>\n<p>CLASSIC PRINT<img loading=\"lazy\" decoding=\"async\" src=\"https:\/\/matting.se\/wp-content\/uploads\/2023\/08\/7.png\" width=\"16\" height=\"16\" alt=\"\" class=\"wp-image-231706 alignright size-full\" \/><\/p>\n<p>[\/et_pb_text][\/et_pb_column][et_pb_column type=&#8221;1_4&#8243; _builder_version=&#8221;4.23.1&#8243; _module_preset=&#8221;7ab50462-3565-46e3-a13b-8002d3691f77&#8243; background_color=&#8221;#FFFFFF&#8221; link_option_url_new_window=&#8221;on&#8221; border_width_all_tablet=&#8221;&#8221; border_width_all_phone=&#8221;&#8221; border_width_all_last_edited=&#8221;on|tablet&#8221; global_colors_info=&#8221;{}&#8221;][\/et_pb_column][et_pb_column type=&#8221;1_4&#8243; _builder_version=&#8221;4.23.1&#8243; _module_preset=&#8221;7ab50462-3565-46e3-a13b-8002d3691f77&#8243; background_color=&#8221;#FFFFFF&#8221; link_option_url_new_window=&#8221;on&#8221; border_width_all_tablet=&#8221;&#8221; border_width_all_phone=&#8221;&#8221; border_width_all_last_edited=&#8221;on|tablet&#8221; global_colors_info=&#8221;{}&#8221;][\/et_pb_column][et_pb_column type=&#8221;1_4&#8243; _builder_version=&#8221;4.23.1&#8243; _module_preset=&#8221;7ab50462-3565-46e3-a13b-8002d3691f77&#8243; background_color=&#8221;#FFFFFF&#8221; link_option_url_new_window=&#8221;on&#8221; border_width_all_tablet=&#8221;&#8221; border_width_all_phone=&#8221;&#8221; border_width_all_last_edited=&#8221;on|tablet&#8221; global_colors_info=&#8221;{}&#8221;][\/et_pb_column][\/et_pb_row][\/et_pb_section]<\/p>\n","protected":false},"excerpt":{"rendered":"<p>PrislisterKontorVejl. Prisliste KONTORPrintm\u00e5tterCLASSIC PRINT<\/p>\n","protected":false},"author":10,"featured_media":0,"parent":246274,"menu_order":0,"comment_status":"closed","ping_status":"closed","template":"","meta":{"_et_pb_use_builder":"on","_et_pb_old_content":"","_et_gb_content_width":"","footnotes":""},"class_list":["post-246200","page","type-page","status-publish","hentry"],"yoast_head":"<!-- This site is optimized with the Yoast SEO plugin v25.6 - https:\/\/yoast.com\/wordpress\/plugins\/seo\/ -->\n<title>Prislister - Matting<\/title>\n<meta name=\"description\" content=\"Matting - Uppt\u00e4ck Mattings h\u00e5llbara koncept och produkter f\u00f6r publika milj\u00f6er, arbetsplatser och skolor\" \/>\n<meta name=\"robots\" content=\"index, follow, max-snippet:-1, max-image-preview:large, max-video-preview:-1\" \/>\n<link rel=\"canonical\" href=\"https:\/\/matting.se\/da\/matting-interior\/download\/prislister\/\" \/>\n<meta property=\"og:locale\" content=\"da_DK\" \/>\n<meta property=\"og:type\" content=\"article\" \/>\n<meta property=\"og:title\" content=\"Prislister - Matting\" \/>\n<meta property=\"og:description\" content=\"Matting - Uppt\u00e4ck Mattings h\u00e5llbara koncept och produkter f\u00f6r publika milj\u00f6er, arbetsplatser och skolor\" \/>\n<meta property=\"og:url\" content=\"https:\/\/matting.se\/da\/matting-interior\/download\/prislister\/\" \/>\n<meta property=\"og:site_name\" content=\"Matting\" \/>\n<meta property=\"article:modified_time\" content=\"2026-04-01T14:25:00+00:00\" \/>\n<meta property=\"og:image\" content=\"https:\/\/matting.se\/wp-content\/uploads\/2023\/08\/118102_YOGA-PUR-60x51cm_closeup.jpg\" \/>\n\t<meta property=\"og:image:width\" content=\"800\" \/>\n\t<meta property=\"og:image:height\" content=\"800\" \/>\n\t<meta property=\"og:image:type\" content=\"image\/jpeg\" \/>\n<meta name=\"twitter:card\" content=\"summary_large_image\" \/>\n<meta name=\"twitter:label1\" content=\"Estimeret l\u00e6setid\" \/>\n\t<meta name=\"twitter:data1\" content=\"1 minut\" \/>\n<script type=\"application\/ld+json\" class=\"yoast-schema-graph\">{\"@context\":\"https:\/\/schema.org\",\"@graph\":[{\"@type\":\"WebPage\",\"@id\":\"https:\/\/matting.se\/da\/matting-interior\/download\/prislister\/\",\"url\":\"https:\/\/matting.se\/da\/matting-interior\/download\/prislister\/\",\"name\":\"Prislister - Matting\",\"isPartOf\":{\"@id\":\"https:\/\/matting.se\/da\/#website\"},\"primaryImageOfPage\":{\"@id\":\"https:\/\/matting.se\/da\/matting-interior\/download\/prislister\/#primaryimage\"},\"image\":{\"@id\":\"https:\/\/matting.se\/da\/matting-interior\/download\/prislister\/#primaryimage\"},\"thumbnailUrl\":\"https:\/\/actives.se\/wp-content\/uploads\/sites\/2\/2022\/06\/7.png\",\"datePublished\":\"2023-09-19T08:39:21+00:00\",\"dateModified\":\"2026-04-01T14:25:00+00:00\",\"description\":\"Matting - Uppt\u00e4ck Mattings h\u00e5llbara koncept och produkter f\u00f6r publika milj\u00f6er, arbetsplatser och skolor\",\"breadcrumb\":{\"@id\":\"https:\/\/matting.se\/da\/matting-interior\/download\/prislister\/#breadcrumb\"},\"inLanguage\":\"da-DK\",\"potentialAction\":[{\"@type\":\"ReadAction\",\"target\":[\"https:\/\/matting.se\/da\/matting-interior\/download\/prislister\/\"]}]},{\"@type\":\"ImageObject\",\"inLanguage\":\"da-DK\",\"@id\":\"https:\/\/matting.se\/da\/matting-interior\/download\/prislister\/#primaryimage\",\"url\":\"https:\/\/actives.se\/wp-content\/uploads\/sites\/2\/2022\/06\/7.png\",\"contentUrl\":\"https:\/\/actives.se\/wp-content\/uploads\/sites\/2\/2022\/06\/7.png\"},{\"@type\":\"BreadcrumbList\",\"@id\":\"https:\/\/matting.se\/da\/matting-interior\/download\/prislister\/#breadcrumb\",\"itemListElement\":[{\"@type\":\"ListItem\",\"position\":1,\"name\":\"Hem\",\"item\":\"https:\/\/matting.se\/da\/\"},{\"@type\":\"ListItem\",\"position\":2,\"name\":\"Matting Interior\",\"item\":\"https:\/\/matting.se\/da\/matting-interior\/\"},{\"@type\":\"ListItem\",\"position\":3,\"name\":\"Download\",\"item\":\"https:\/\/matting.se\/da\/matting-interior\/download\/\"},{\"@type\":\"ListItem\",\"position\":4,\"name\":\"Prislister\"}]},{\"@type\":\"WebSite\",\"@id\":\"https:\/\/matting.se\/da\/#website\",\"url\":\"https:\/\/matting.se\/da\/\",\"name\":\"Matting\",\"description\":\"\",\"potentialAction\":[{\"@type\":\"SearchAction\",\"target\":{\"@type\":\"EntryPoint\",\"urlTemplate\":\"https:\/\/matting.se\/da\/?s={search_term_string}\"},\"query-input\":{\"@type\":\"PropertyValueSpecification\",\"valueRequired\":true,\"valueName\":\"search_term_string\"}}],\"inLanguage\":\"da-DK\"}]}<\/script>\n<!-- \/ Yoast SEO plugin. -->","yoast_head_json":{"title":"Prislister - Matting","description":"Matting - Uppt\u00e4ck Mattings h\u00e5llbara koncept och produkter f\u00f6r publika milj\u00f6er, arbetsplatser och skolor","robots":{"index":"index","follow":"follow","max-snippet":"max-snippet:-1","max-image-preview":"max-image-preview:large","max-video-preview":"max-video-preview:-1"},"canonical":"https:\/\/matting.se\/da\/matting-interior\/download\/prislister\/","og_locale":"da_DK","og_type":"article","og_title":"Prislister - Matting","og_description":"Matting - Uppt\u00e4ck Mattings h\u00e5llbara koncept och produkter f\u00f6r publika milj\u00f6er, arbetsplatser och skolor","og_url":"https:\/\/matting.se\/da\/matting-interior\/download\/prislister\/","og_site_name":"Matting","article_modified_time":"2026-04-01T14:25:00+00:00","og_image":[{"width":800,"height":800,"url":"https:\/\/matting.se\/wp-content\/uploads\/2023\/08\/118102_YOGA-PUR-60x51cm_closeup.jpg","type":"image\/jpeg"}],"twitter_card":"summary_large_image","twitter_misc":{"Estimeret l\u00e6setid":"1 minut"},"schema":{"@context":"https:\/\/schema.org","@graph":[{"@type":"WebPage","@id":"https:\/\/matting.se\/da\/matting-interior\/download\/prislister\/","url":"https:\/\/matting.se\/da\/matting-interior\/download\/prislister\/","name":"Prislister - Matting","isPartOf":{"@id":"https:\/\/matting.se\/da\/#website"},"primaryImageOfPage":{"@id":"https:\/\/matting.se\/da\/matting-interior\/download\/prislister\/#primaryimage"},"image":{"@id":"https:\/\/matting.se\/da\/matting-interior\/download\/prislister\/#primaryimage"},"thumbnailUrl":"https:\/\/actives.se\/wp-content\/uploads\/sites\/2\/2022\/06\/7.png","datePublished":"2023-09-19T08:39:21+00:00","dateModified":"2026-04-01T14:25:00+00:00","description":"Matting - Uppt\u00e4ck Mattings h\u00e5llbara koncept och produkter f\u00f6r publika milj\u00f6er, arbetsplatser och skolor","breadcrumb":{"@id":"https:\/\/matting.se\/da\/matting-interior\/download\/prislister\/#breadcrumb"},"inLanguage":"da-DK","potentialAction":[{"@type":"ReadAction","target":["https:\/\/matting.se\/da\/matting-interior\/download\/prislister\/"]}]},{"@type":"ImageObject","inLanguage":"da-DK","@id":"https:\/\/matting.se\/da\/matting-interior\/download\/prislister\/#primaryimage","url":"https:\/\/actives.se\/wp-content\/uploads\/sites\/2\/2022\/06\/7.png","contentUrl":"https:\/\/actives.se\/wp-content\/uploads\/sites\/2\/2022\/06\/7.png"},{"@type":"BreadcrumbList","@id":"https:\/\/matting.se\/da\/matting-interior\/download\/prislister\/#breadcrumb","itemListElement":[{"@type":"ListItem","position":1,"name":"Hem","item":"https:\/\/matting.se\/da\/"},{"@type":"ListItem","position":2,"name":"Matting Interior","item":"https:\/\/matting.se\/da\/matting-interior\/"},{"@type":"ListItem","position":3,"name":"Download","item":"https:\/\/matting.se\/da\/matting-interior\/download\/"},{"@type":"ListItem","position":4,"name":"Prislister"}]},{"@type":"WebSite","@id":"https:\/\/matting.se\/da\/#website","url":"https:\/\/matting.se\/da\/","name":"Matting","description":"","potentialAction":[{"@type":"SearchAction","target":{"@type":"EntryPoint","urlTemplate":"https:\/\/matting.se\/da\/?s={search_term_string}"},"query-input":{"@type":"PropertyValueSpecification","valueRequired":true,"valueName":"search_term_string"}}],"inLanguage":"da-DK"}]}},"_links":{"self":[{"href":"https:\/\/matting.se\/da\/wp-json\/wp\/v2\/pages\/246200","targetHints":{"allow":["GET"]}}],"collection":[{"href":"https:\/\/matting.se\/da\/wp-json\/wp\/v2\/pages"}],"about":[{"href":"https:\/\/matting.se\/da\/wp-json\/wp\/v2\/types\/page"}],"author":[{"embeddable":true,"href":"https:\/\/matting.se\/da\/wp-json\/wp\/v2\/users\/10"}],"replies":[{"embeddable":true,"href":"https:\/\/matting.se\/da\/wp-json\/wp\/v2\/comments?post=246200"}],"version-history":[{"count":7,"href":"https:\/\/matting.se\/da\/wp-json\/wp\/v2\/pages\/246200\/revisions"}],"predecessor-version":[{"id":253203,"href":"https:\/\/matting.se\/da\/wp-json\/wp\/v2\/pages\/246200\/revisions\/253203"}],"up":[{"embeddable":true,"href":"https:\/\/matting.se\/da\/wp-json\/wp\/v2\/pages\/246274"}],"wp:attachment":[{"href":"https:\/\/matting.se\/da\/wp-json\/wp\/v2\/media?parent=246200"}],"curies":[{"name":"wp","href":"https:\/\/api.w.org\/{rel}","templated":true}]}}