{"id":246077,"date":"2023-09-14T08:36:48","date_gmt":"2023-09-14T07:36:48","guid":{"rendered":"https:\/\/matting.se\/matting-solutions\/"},"modified":"2024-11-27T15:29:12","modified_gmt":"2024-11-27T14:29:12","slug":"matting-solutions","status":"publish","type":"page","link":"https:\/\/matting.se\/da\/matting-solutions\/","title":{"rendered":"Matting Solutions"},"content":{"rendered":"<p>[et_pb_section fb_built=&#8221;1&#8243; _builder_version=&#8221;4.16&#8243; _module_preset=&#8221;dd45f68c-8fac-40fa-a259-be620b3e84bd&#8221; background_image=&#8221;https:\/\/matting.se\/wp-content\/uploads\/2022\/01\/Quality-View-Hyllie-Malmo_5772_16x9-scaled.jpg&#8221; global_colors_info=&#8221;{}&#8221;][et_pb_row _builder_version=&#8221;4.16&#8243; _module_preset=&#8221;default&#8221; global_colors_info=&#8221;{}&#8221;][et_pb_column type=&#8221;4_4&#8243; _builder_version=&#8221;4.16&#8243; _module_preset=&#8221;default&#8221; global_colors_info=&#8221;{}&#8221;][et_pb_text _builder_version=&#8221;4.23.1&#8243; _module_preset=&#8221;284fafc1-a8f3-4685-b79a-0164d21720aa&#8221; global_colors_info=&#8221;{}&#8221;]<\/p>\n<h1>MATTING SOLUTIONS<\/h1>\n<h2>&#8211; Tilg\u00e6ngelige, b\u00e6redygtige og sikre milj\u00f8er.<br \/>&#8211; <span>Attraktive, ergonomiske og b\u00e6redygtige arbejdspladser.<\/span><\/h2>\n<p>[\/et_pb_text][\/et_pb_column][\/et_pb_row][\/et_pb_section][et_pb_section fb_built=&#8221;1&#8243; _builder_version=&#8221;4.16&#8243; _module_preset=&#8221;default&#8221; global_colors_info=&#8221;{}&#8221;][et_pb_row _builder_version=&#8221;4.16&#8243; _module_preset=&#8221;e0233355-3e06-4c67-afb5-07ee446d80b6&#8243; global_colors_info=&#8221;{}&#8221;][et_pb_column type=&#8221;4_4&#8243; _builder_version=&#8221;4.16&#8243; _module_preset=&#8221;default&#8221; global_colors_info=&#8221;{}&#8221;][et_pb_text _builder_version=&#8221;4.23.1&#8243; _module_preset=&#8221;cfc839e6-8a1d-4a32-a248-35c73e6c01f6&#8243; global_colors_info=&#8221;{}&#8221;]<\/p>\n<p>Matting Solutions har fokus p\u00e5 koncepter som skaber tilg\u00e6ngelige, funktionelle og sikre offentlige entr\u00e9er og milj\u00f8er. Hos Matting Business Supplies fokuserer vi p\u00e5 koncepter til at skabe attraktive, ergonomiske og b\u00e6redygtige arbejdspladser.<\/p>\n<p>Vi igennem mange \u00e5r samlet erfaringer, ekspertise og know how. Vores vision handler om b\u00e6redygtige mennesker. Og at de arbejdsrum og milj\u00f8er som vi f\u00e6rdes i skal v\u00e6re tilg\u00e6ngelige og sikre for alle. Med de n\u00e6ste generationer for \u00f8je, har vi stort fokus p\u00e5 vores arbejde med milj\u00f8 og b\u00e6redygtighed.<\/p>\n<p>[\/et_pb_text][\/et_pb_column][\/et_pb_row][\/et_pb_section][et_pb_section fb_built=&#8221;1&#8243; _builder_version=&#8221;4.23.1&#8243; _module_preset=&#8221;default&#8221; custom_padding=&#8221;20px||20px||true|false&#8221; global_colors_info=&#8221;{}&#8221;][et_pb_row column_structure=&#8221;1_4,1_4,1_2&#8243; use_custom_gutter=&#8221;on&#8221; gutter_width=&#8221;1&#8243; custom_padding_last_edited=&#8221;on|tablet&#8221; _builder_version=&#8221;4.23.1&#8243; _module_preset=&#8221;_initial&#8221; width=&#8221;89%&#8221; width_tablet=&#8221;95%&#8221; width_phone=&#8221;98%&#8221; custom_margin=&#8221;||15px||false|false&#8221; custom_padding=&#8221;0px||0px||true|false&#8221; custom_padding_tablet=&#8221;0px||0px||false|false&#8221; custom_padding_phone=&#8221;0px||0px||false|false&#8221; global_colors_info=&#8221;{}&#8221;][et_pb_column type=&#8221;1_4&#8243; _builder_version=&#8221;4.23.1&#8243; _module_preset=&#8221;cbdfe5c8-731c-46b8-81d1-6c897e50427a&#8221; custom_padding=&#8221;||||false|false&#8221; global_colors_info=&#8221;{}&#8221;][et_pb_text _builder_version=&#8221;4.23.1&#8243; _module_preset=&#8221;4a215791-55fe-4d66-b8cf-b34cbb2aa114&#8243; background_image=&#8221;https:\/\/matting.se\/wp-content\/uploads\/2023\/09\/Combi-Rullv-svart_rod3.jpg&#8221; background_position=&#8221;center_left&#8221; custom_margin_tablet=&#8221;||0px||false|false&#8221; custom_margin_phone=&#8221;||0px||false|false&#8221; global_colors_info=&#8221;{}&#8221;][\/et_pb_text][et_pb_text _builder_version=&#8221;4.22.1&#8243; _module_preset=&#8221;7f060081-e5c9-4297-ba06-54d303b727fc&#8221; global_colors_info=&#8221;{}&#8221;]<\/p>\n<h3>ENTR\u00c9L\u00d8SNINGER<\/h3>\n<p>[\/et_pb_text][et_pb_text _builder_version=&#8221;4.22.1&#8243; _module_preset=&#8221;7f060081-e5c9-4297-ba06-54d303b727fc&#8221; global_colors_info=&#8221;{}&#8221;]<\/p>\n<p>Tilg\u00e6ngelige, b\u00e6redygtige og funktionelle entr\u00e9l\u00f8sninger.<br \/><a href=\"https:\/\/www.entrancebymatting.se\/\" target=\"_blank\" rel=\"noopener\">L\u00e6s mere<\/a><\/p>\n<p>[\/et_pb_text][\/et_pb_column][et_pb_column type=&#8221;1_4&#8243; _builder_version=&#8221;4.23.1&#8243; _module_preset=&#8221;cbdfe5c8-731c-46b8-81d1-6c897e50427a&#8221; global_colors_info=&#8221;{}&#8221;][et_pb_text content_tablet=&#8221;<\/p>\n<h3>VELKOMMEN<\/h3>\n<p>Til vores showroom i Studio B3<\/p>\n<p>&#8221; content_phone=&#8221;<\/p>\n<h3>VELKOMMEN<\/h3>\n<p>Til vores showroom i Studio B3<\/p>\n<p>&#8221; content_last_edited=&#8221;on|desktop&#8221; _builder_version=&#8221;4.23.1&#8243; _module_preset=&#8221;4a215791-55fe-4d66-b8cf-b34cbb2aa114&#8243; background_image=&#8221;https:\/\/matting.se\/wp-content\/uploads\/2023\/09\/SCREEN_3pieces_table_BALANCE_coworking_landscape.jpg&#8221; background_position=&#8221;top_center&#8221; positioning=&#8221;relative&#8221; custom_margin_tablet=&#8221;||0px||false|false&#8221; custom_margin_phone=&#8221;||0px||false|false&#8221; custom_padding=&#8221;|||20px|false|false&#8221; link_option_url=&#8221;https:\/\/www.mattingofficewellness.se\/da\/produkter\/&#8221; link_option_url_new_window=&#8221;on&#8221; custom_css_main_element=&#8221;display: flex;||flex-direction: column;||justify-content: flex-end;&#8221; global_colors_info=&#8221;{}&#8221;][\/et_pb_text][et_pb_text _builder_version=&#8221;4.23.1&#8243; _module_preset=&#8221;7f060081-e5c9-4297-ba06-54d303b727fc&#8221; link_option_url=&#8221;https:\/\/www.mattingofficewellness.se\/da\/produkter\/&#8221; link_option_url_new_window=&#8221;on&#8221; global_colors_info=&#8221;{}&#8221;]<\/p>\n<h3>ERGONOMISKE PRODUKTER<\/h3>\n<p>[\/et_pb_text][et_pb_text _builder_version=&#8221;4.23.1&#8243; _module_preset=&#8221;7f060081-e5c9-4297-ba06-54d303b727fc&#8221; global_colors_info=&#8221;{}&#8221;]Produkter til arbejdspladsen.<br \/>\n<a href=\"https:\/\/www.mattingofficewellness.se\/da\/produkter\/\" target=\"_blank\" rel=\"noopener\">L\u00e6s mere<\/a>[\/et_pb_text][\/et_pb_column][et_pb_column type=&#8221;1_2&#8243; _builder_version=&#8221;4.23.1&#8243; _module_preset=&#8221;cbdfe5c8-731c-46b8-81d1-6c897e50427a&#8221; global_colors_info=&#8221;{}&#8221;][et_pb_text _builder_version=&#8221;4.23.1&#8243; _module_preset=&#8221;4a215791-55fe-4d66-b8cf-b34cbb2aa114&#8243; background_image=&#8221;https:\/\/matting.se\/wp-content\/uploads\/2023\/09\/Arlanda_Terminal4_tillganglig_entre_Matting_3.jpg&#8221; custom_margin_tablet=&#8221;||0px||false|false&#8221; custom_margin_phone=&#8221;||0px||false|false&#8221; global_colors_info=&#8221;{}&#8221;][\/et_pb_text][et_pb_text _builder_version=&#8221;4.22.1&#8243; _module_preset=&#8221;7f060081-e5c9-4297-ba06-54d303b727fc&#8221; global_colors_info=&#8221;{}&#8221;]<\/p>\n<h3>Tilg\u00e6ngelighed<\/h3>\n<p>[\/et_pb_text][et_pb_text _builder_version=&#8221;4.22.1&#8243; _module_preset=&#8221;7f060081-e5c9-4297-ba06-54d303b727fc&#8221; custom_margin=&#8221;||||false|false&#8221; global_colors_info=&#8221;{}&#8221;]<\/p>\n<p>Taktile lede linjer og kontrastmarkeringer.<br \/><a href=\"https:\/\/www.tactileflooring.se\/\" target=\"_blank\" rel=\"noopener\">L\u00e6s mere<\/a><\/p>\n<p>[\/et_pb_text][\/et_pb_column][\/et_pb_row][\/et_pb_section][et_pb_section fb_built=&#8221;1&#8243; _builder_version=&#8221;4.23.1&#8243; _module_preset=&#8221;default&#8221; custom_padding=&#8221;20px||20px||true|false&#8221; global_colors_info=&#8221;{}&#8221;][et_pb_row column_structure=&#8221;1_2,1_4,1_4&#8243; use_custom_gutter=&#8221;on&#8221; gutter_width=&#8221;1&#8243; custom_padding_last_edited=&#8221;on|tablet&#8221; _builder_version=&#8221;4.23.1&#8243; _module_preset=&#8221;_initial&#8221; width=&#8221;89%&#8221; width_tablet=&#8221;95%&#8221; width_phone=&#8221;98%&#8221; custom_margin=&#8221;||20px||false|false&#8221; custom_padding=&#8221;0px||0px||true|false&#8221; custom_padding_tablet=&#8221;0px||0px||false|false&#8221; custom_padding_phone=&#8221;0px||0px||false|false&#8221; global_colors_info=&#8221;{}&#8221;][et_pb_column type=&#8221;1_2&#8243; _builder_version=&#8221;4.22.0&#8243; _module_preset=&#8221;cbdfe5c8-731c-46b8-81d1-6c897e50427a&#8221; custom_padding=&#8221;||||false|false&#8221; global_colors_info=&#8221;{}&#8221;][et_pb_text _builder_version=&#8221;4.23.1&#8243; _module_preset=&#8221;4a215791-55fe-4d66-b8cf-b34cbb2aa114&#8243; background_image=&#8221;https:\/\/matting.se\/wp-content\/uploads\/2022\/01\/Industri-lager-och-butik-Matting-Solutions.jpg&#8221; custom_margin_tablet=&#8221;||0px||false|false&#8221; custom_margin_phone=&#8221;||0px||false|false&#8221; hover_enabled=&#8221;0&#8243; global_colors_info=&#8221;{}&#8221; title_text=&#8221;Industri,-lager-och-butik&#8211;Matting&#8211;Solutions&#8221; sticky_enabled=&#8221;0&#8243;][\/et_pb_text][et_pb_text _builder_version=&#8221;4.22.1&#8243; _module_preset=&#8221;7f060081-e5c9-4297-ba06-54d303b727fc&#8221; global_colors_info=&#8221;{}&#8221;]<\/p>\n<h3>Industri, lagerbygninger og butikker<\/h3>\n<p>[\/et_pb_text][et_pb_text _builder_version=&#8221;4.23.1&#8243; _module_preset=&#8221;7f060081-e5c9-4297-ba06-54d303b727fc&#8221; custom_margin=&#8221;||||false|false&#8221; global_colors_info=&#8221;{}&#8221;]<\/p>\n<p>Arbejdspladsm\u00e5tter til alle milj\u00f8er.<br \/><a href=\"https:\/\/www.comfortmats.se\/\" target=\"_blank\" rel=\"noopener\">L\u00e6s mere<\/a><\/p>\n<p>[\/et_pb_text][\/et_pb_column][et_pb_column type=&#8221;1_4&#8243; _builder_version=&#8221;4.22.0&#8243; _module_preset=&#8221;cbdfe5c8-731c-46b8-81d1-6c897e50427a&#8221; global_colors_info=&#8221;{}&#8221;][et_pb_text _builder_version=&#8221;4.23.1&#8243; _module_preset=&#8221;4a215791-55fe-4d66-b8cf-b34cbb2aa114&#8243; background_image=&#8221;https:\/\/matting.se\/wp-content\/uploads\/2022\/01\/Hundsporthallar-Matting-Solutions.jpg&#8221; background_position=&#8221;center_left&#8221; custom_margin_tablet=&#8221;||0px||false|false&#8221; custom_margin_phone=&#8221;||0px||false|false&#8221; global_colors_info=&#8221;{}&#8221;][\/et_pb_text][et_pb_text _builder_version=&#8221;4.22.1&#8243; _module_preset=&#8221;7f060081-e5c9-4297-ba06-54d303b727fc&#8221; global_colors_info=&#8221;{}&#8221;]<\/p>\n<h3>HUNDESPORT<\/h3>\n<p>[\/et_pb_text][et_pb_text _builder_version=&#8221;4.22.1&#8243; _module_preset=&#8221;7f060081-e5c9-4297-ba06-54d303b727fc&#8221; global_colors_info=&#8221;{}&#8221;]<\/p>\n<p>Agility- og m\u00e5tter til hundesport.<br \/><a href=\"https:\/\/www.agilitymat.se\/\" target=\"_blank\" rel=\"noopener\">L\u00e6s mere<\/a><\/p>\n<p>[\/et_pb_text][\/et_pb_column][et_pb_column type=&#8221;1_4&#8243; _builder_version=&#8221;4.22.0&#8243; _module_preset=&#8221;cbdfe5c8-731c-46b8-81d1-6c897e50427a&#8221; global_colors_info=&#8221;{}&#8221; custom_css_main_element_last_edited=&#8221;on|tablet&#8221;][et_pb_text content_tablet=&#8221;<\/p>\n<h3>VELKOMMEN<\/h3>\n<p>Til vores showroom i Studio B3<\/p>\n<p>&#8221; content_phone=&#8221;<\/p>\n<h3>VELKOMMEN<\/h3>\n<p>Til vores showroom i Studio B3<\/p>\n<p>&#8221; content_last_edited=&#8221;on|desktop&#8221; _builder_version=&#8221;4.23.1&#8243; _module_preset=&#8221;4a215791-55fe-4d66-b8cf-b34cbb2aa114&#8243; background_image=&#8221;https:\/\/matting.se\/wp-content\/uploads\/2023\/09\/StudioB3_fasadskylt.jpg&#8221; background_position=&#8221;top_center&#8221; positioning=&#8221;relative&#8221; custom_margin_tablet=&#8221;||0px||false|false&#8221; custom_margin_phone=&#8221;||0px||false|false&#8221; custom_padding=&#8221;|||20px|false|false&#8221; link_option_url=&#8221;https:\/\/www.studiob3.se\/&#8221; link_option_url_new_window=&#8221;on&#8221; custom_css_main_element=&#8221;display: flex;||flex-direction: column;||justify-content: flex-end;&#8221; global_colors_info=&#8221;{}&#8221;]<\/p>\n<h3 style=\"padding-left: 20px; text-align: left;\">VELKOMMEN<\/h3>\n<p style=\"padding-left: 20px; padding-bottom: 50px;\">Til vores showroom i Studio B3<\/p>\n<p>[\/et_pb_text][et_pb_text _builder_version=&#8221;4.23.1&#8243; _module_preset=&#8221;7f060081-e5c9-4297-ba06-54d303b727fc&#8221; global_colors_info=&#8221;{}&#8221;]<\/p>\n<h3>STUDIO B3<\/h3>\n<p>[\/et_pb_text][et_pb_text _builder_version=&#8221;4.23.1&#8243; _module_preset=&#8221;7f060081-e5c9-4297-ba06-54d303b727fc&#8221; global_colors_info=&#8221;{}&#8221;]Bes\u00f8g vores showroom.<br \/>\n<a href=\"https:\/\/www.studiob3.se\/\" target=\"_blank\" rel=\"noopener\">L\u00e6s mere<\/a>[\/et_pb_text][\/et_pb_column][\/et_pb_row][\/et_pb_section]<\/p>\n","protected":false},"excerpt":{"rendered":"<p>MATTING SOLUTIONS &#8211; Tilg\u00e6ngelige, b\u00e6redygtige og sikre milj\u00f8er.- Attraktive, ergonomiske og b\u00e6redygtige arbejdspladser.Matting Solutions har fokus p\u00e5 koncepter som skaber tilg\u00e6ngelige, funktionelle og sikre offentlige entr\u00e9er og milj\u00f8er. Hos Matting Business Supplies fokuserer vi p\u00e5 koncepter til at skabe attraktive, ergonomiske og b\u00e6redygtige arbejdspladser. Vi igennem mange \u00e5r samlet erfaringer, ekspertise og know how. Vores [&hellip;]<\/p>\n","protected":false},"author":10,"featured_media":0,"parent":0,"menu_order":0,"comment_status":"closed","ping_status":"closed","template":"","meta":{"_et_pb_use_builder":"on","_et_pb_old_content":"","_et_gb_content_width":"","footnotes":""},"class_list":["post-246077","page","type-page","status-publish","hentry"],"yoast_head":"<!-- This site is optimized with the Yoast SEO plugin v25.6 - https:\/\/yoast.com\/wordpress\/plugins\/seo\/ -->\n<title>Matting Solutions - Matting<\/title>\n<meta name=\"description\" content=\"Matting - Uppt\u00e4ck Mattings h\u00e5llbara koncept och produkter f\u00f6r publika milj\u00f6er, arbetsplatser och skolor\" \/>\n<meta name=\"robots\" content=\"index, follow, max-snippet:-1, max-image-preview:large, max-video-preview:-1\" \/>\n<link rel=\"canonical\" href=\"https:\/\/matting.se\/da\/matting-solutions\/\" \/>\n<meta property=\"og:locale\" content=\"da_DK\" \/>\n<meta property=\"og:type\" content=\"article\" \/>\n<meta property=\"og:title\" content=\"Matting Solutions - Matting\" \/>\n<meta property=\"og:description\" content=\"Matting - Uppt\u00e4ck Mattings h\u00e5llbara koncept och produkter f\u00f6r publika milj\u00f6er, arbetsplatser och skolor\" \/>\n<meta property=\"og:url\" content=\"https:\/\/matting.se\/da\/matting-solutions\/\" \/>\n<meta property=\"og:site_name\" content=\"Matting\" \/>\n<meta property=\"article:modified_time\" content=\"2024-11-27T14:29:12+00:00\" \/>\n<meta name=\"twitter:card\" content=\"summary_large_image\" \/>\n<meta name=\"twitter:label1\" content=\"Estimeret l\u00e6setid\" \/>\n\t<meta name=\"twitter:data1\" content=\"2 minutter\" \/>\n<script type=\"application\/ld+json\" class=\"yoast-schema-graph\">{\"@context\":\"https:\/\/schema.org\",\"@graph\":[{\"@type\":\"WebPage\",\"@id\":\"https:\/\/matting.se\/da\/matting-solutions\/\",\"url\":\"https:\/\/matting.se\/da\/matting-solutions\/\",\"name\":\"Matting Solutions - Matting\",\"isPartOf\":{\"@id\":\"https:\/\/matting.se\/da\/#website\"},\"datePublished\":\"2023-09-14T07:36:48+00:00\",\"dateModified\":\"2024-11-27T14:29:12+00:00\",\"description\":\"Matting - Uppt\u00e4ck Mattings h\u00e5llbara koncept och produkter f\u00f6r publika milj\u00f6er, arbetsplatser och skolor\",\"breadcrumb\":{\"@id\":\"https:\/\/matting.se\/da\/matting-solutions\/#breadcrumb\"},\"inLanguage\":\"da-DK\",\"potentialAction\":[{\"@type\":\"ReadAction\",\"target\":[\"https:\/\/matting.se\/da\/matting-solutions\/\"]}]},{\"@type\":\"BreadcrumbList\",\"@id\":\"https:\/\/matting.se\/da\/matting-solutions\/#breadcrumb\",\"itemListElement\":[{\"@type\":\"ListItem\",\"position\":1,\"name\":\"Hem\",\"item\":\"https:\/\/matting.se\/da\/\"},{\"@type\":\"ListItem\",\"position\":2,\"name\":\"Matting Solutions\"}]},{\"@type\":\"WebSite\",\"@id\":\"https:\/\/matting.se\/da\/#website\",\"url\":\"https:\/\/matting.se\/da\/\",\"name\":\"Matting\",\"description\":\"\",\"potentialAction\":[{\"@type\":\"SearchAction\",\"target\":{\"@type\":\"EntryPoint\",\"urlTemplate\":\"https:\/\/matting.se\/da\/?s={search_term_string}\"},\"query-input\":{\"@type\":\"PropertyValueSpecification\",\"valueRequired\":true,\"valueName\":\"search_term_string\"}}],\"inLanguage\":\"da-DK\"}]}<\/script>\n<!-- \/ Yoast SEO plugin. -->","yoast_head_json":{"title":"Matting Solutions - Matting","description":"Matting - Uppt\u00e4ck Mattings h\u00e5llbara koncept och produkter f\u00f6r publika milj\u00f6er, arbetsplatser och skolor","robots":{"index":"index","follow":"follow","max-snippet":"max-snippet:-1","max-image-preview":"max-image-preview:large","max-video-preview":"max-video-preview:-1"},"canonical":"https:\/\/matting.se\/da\/matting-solutions\/","og_locale":"da_DK","og_type":"article","og_title":"Matting Solutions - Matting","og_description":"Matting - Uppt\u00e4ck Mattings h\u00e5llbara koncept och produkter f\u00f6r publika milj\u00f6er, arbetsplatser och skolor","og_url":"https:\/\/matting.se\/da\/matting-solutions\/","og_site_name":"Matting","article_modified_time":"2024-11-27T14:29:12+00:00","twitter_card":"summary_large_image","twitter_misc":{"Estimeret l\u00e6setid":"2 minutter"},"schema":{"@context":"https:\/\/schema.org","@graph":[{"@type":"WebPage","@id":"https:\/\/matting.se\/da\/matting-solutions\/","url":"https:\/\/matting.se\/da\/matting-solutions\/","name":"Matting Solutions - Matting","isPartOf":{"@id":"https:\/\/matting.se\/da\/#website"},"datePublished":"2023-09-14T07:36:48+00:00","dateModified":"2024-11-27T14:29:12+00:00","description":"Matting - Uppt\u00e4ck Mattings h\u00e5llbara koncept och produkter f\u00f6r publika milj\u00f6er, arbetsplatser och skolor","breadcrumb":{"@id":"https:\/\/matting.se\/da\/matting-solutions\/#breadcrumb"},"inLanguage":"da-DK","potentialAction":[{"@type":"ReadAction","target":["https:\/\/matting.se\/da\/matting-solutions\/"]}]},{"@type":"BreadcrumbList","@id":"https:\/\/matting.se\/da\/matting-solutions\/#breadcrumb","itemListElement":[{"@type":"ListItem","position":1,"name":"Hem","item":"https:\/\/matting.se\/da\/"},{"@type":"ListItem","position":2,"name":"Matting Solutions"}]},{"@type":"WebSite","@id":"https:\/\/matting.se\/da\/#website","url":"https:\/\/matting.se\/da\/","name":"Matting","description":"","potentialAction":[{"@type":"SearchAction","target":{"@type":"EntryPoint","urlTemplate":"https:\/\/matting.se\/da\/?s={search_term_string}"},"query-input":{"@type":"PropertyValueSpecification","valueRequired":true,"valueName":"search_term_string"}}],"inLanguage":"da-DK"}]}},"_links":{"self":[{"href":"https:\/\/matting.se\/da\/wp-json\/wp\/v2\/pages\/246077","targetHints":{"allow":["GET"]}}],"collection":[{"href":"https:\/\/matting.se\/da\/wp-json\/wp\/v2\/pages"}],"about":[{"href":"https:\/\/matting.se\/da\/wp-json\/wp\/v2\/types\/page"}],"author":[{"embeddable":true,"href":"https:\/\/matting.se\/da\/wp-json\/wp\/v2\/users\/10"}],"replies":[{"embeddable":true,"href":"https:\/\/matting.se\/da\/wp-json\/wp\/v2\/comments?post=246077"}],"version-history":[{"count":6,"href":"https:\/\/matting.se\/da\/wp-json\/wp\/v2\/pages\/246077\/revisions"}],"predecessor-version":[{"id":252207,"href":"https:\/\/matting.se\/da\/wp-json\/wp\/v2\/pages\/246077\/revisions\/252207"}],"wp:attachment":[{"href":"https:\/\/matting.se\/da\/wp-json\/wp\/v2\/media?parent=246077"}],"curies":[{"name":"wp","href":"https:\/\/api.w.org\/{rel}","templated":true}]}}