{"id":246007,"date":"2023-07-07T12:53:03","date_gmt":"2023-07-07T12:53:03","guid":{"rendered":"https:\/\/matting.se\/politik-for-refundering-og-returnering\/"},"modified":"2023-12-06T08:58:06","modified_gmt":"2023-12-06T08:58:06","slug":"politik-for-refundering-og-returnering","status":"publish","type":"page","link":"https:\/\/matting.se\/da\/politik-for-refundering-og-returnering\/","title":{"rendered":"Politik for refundering og returnering"},"content":{"rendered":"<p><b>Dette er en pr\u00f8veside.<\/b><\/p><h3>Overview<\/h3><p>Vores refunderings- og returneringspolitik varer 30 dage. Hvis der er g\u00e5et 30 dage siden dit k\u00f8b, kan vi ikke tilbyde dig fuld refusion eller ombytning.<\/p><p>For at v\u00e6re berettiget til en returnering skal din vare v\u00e6re ubrugt og i samme stand, som du modtog den. Det skal ogs\u00e5 v\u00e6re i den originale emballage.<\/p><p>Flere typer varer er undtaget fra at blive returneret. Letford\u00e6rvelige varer som mad, blomster, aviser eller magasiner kan ikke returneres. Vi accepterer heller ikke produkter, der er intime eller sanit\u00e6re varer, farlige materialer eller brandfarlige v\u00e6sker eller gasser.<\/p><p>Yderligere varer, der ikke kan returneres:<\/p><ul class=\"wp-block-list\">\n<li>Gavekort<\/li>\n<li>Softwareprodukter, der kan downloades<\/li>\n<li>Nogle artikler til sundhed og personlig pleje<\/li>\n<\/ul><p>For at gennemf\u00f8re din returnering skal vi bruge en kvittering eller et k\u00f8bsbevis.<\/p><p>Send venligst ikke dit k\u00f8b tilbage til producenten.<\/p><p>Der er visse situationer, hvor der kun gives delvis refusion:<\/p><ul class=\"wp-block-list\">\n<li>Bog med tydelige tegn p\u00e5 brug<\/li>\n<li>CD, DVD, VHS-b\u00e5nd, software, videospil, kassetteb\u00e5nd eller vinylplader, der har v\u00e6ret \u00e5bnet.<\/li>\n<li>Enhver vare, der ikke er i sin oprindelige stand, er beskadiget eller mangler dele af \u00e5rsager, der ikke skyldes vores fejl.<\/li>\n<li>Enhver vare, der returneres mere end 30 dage efter levering.<\/li>\n<\/ul><h2>Refunds<\/h2><p>N\u00e5r din returnering er modtaget og kontrolleret, sender vi dig en e-mail med besked om, at vi har modtaget din returnerede vare. Vi vil ogs\u00e5 give dig besked om godkendelse eller afvisning af din refusion.<\/p><p>Hvis du bliver godkendt, vil din tilbagebetaling blive behandlet, og en kredit vil automatisk blive overf\u00f8rt til dit kreditkort eller din oprindelige betalingsmetode inden for et vist antal dage.<\/p><b>Late or missing refunds<\/b><p>Hvis du ikke har modtaget en refusion endnu, skal du f\u00f8rst tjekke din bankkonto igen.<\/p><p>Kontakt derefter dit kreditkortselskab, det kan tage noget tid, f\u00f8r din refusion er officielt bogf\u00f8rt.<\/p><p>Kontakt derefter din bank. Der er ofte en vis behandlingstid, f\u00f8r en refusion er bogf\u00f8rt.<\/p><p>Hvis du har gjort alt dette, og du stadig ikke har modtaget din refusion, bedes du kontakte os p\u00e5 {email address}.<\/p><b>Sale items<\/b><p>Kun varer til normal pris kan refunderes. Udsalgsvarer kan ikke refunderes.<\/p><h2>Exchanges<\/h2><p>Vi erstatter kun varer, hvis de er defekte eller beskadigede. Hvis du har brug for at bytte den til den samme vare, skal du sende os en e-mail p\u00e5 {email address} og sende din vare til: {fysisk adresse}.<\/p><h2>Gifts<\/h2><p>Hvis varen var markeret som en gave, da den blev k\u00f8bt og sendt direkte til dig, vil du modtage en gavekredit p\u00e5 v\u00e6rdien af din returnering. N\u00e5r den returnerede vare er modtaget, vil et gavekort blive sendt til dig.<\/p><p>Hvis varen ikke var markeret som en gave, da den blev k\u00f8bt, eller gavegiveren fik ordren sendt til sig selv for at give den til dig senere, sender vi en refusion til gavegiveren, og de vil finde ud af, at du har returneret den.<\/p><h2>Shipping returns<\/h2><p>For at returnere dit produkt skal du sende dit produkt til: {fysisk adresse}.<\/p><p>Du er ansvarlig for at betale dine egne forsendelsesomkostninger for returnering af din vare. Forsendelsesomkostninger refunderes ikke. Hvis du modtager en refundering, vil omkostningerne til returforsendelse blive fratrukket din refundering.<\/p><p>Afh\u00e6ngigt af hvor du bor, kan den tid, det tager for dit ombyttede produkt at n\u00e5 frem til dig, variere.<\/p><p>Hvis du returnerer dyrere varer, kan du overveje at bruge en sporbar forsendelsestjeneste eller k\u00f8be en forsendelsesforsikring. Vi garanterer ikke, at vi vil modtage din returnerede vare.<\/p><h2>Need help?<\/h2><p>Kontakt os p\u00e5 {email} for sp\u00f8rgsm\u00e5l vedr\u00f8rende refundering og returnering.<\/p>","protected":false},"excerpt":{"rendered":"<p>Dette er en pr\u00f8veside. Overview Vores refunderings- og returneringspolitik varer 30 dage. Hvis der er g\u00e5et 30 dage siden dit k\u00f8b, kan vi ikke tilbyde dig fuld refusion eller ombytning. For at v\u00e6re berettiget til en returnering skal din vare v\u00e6re ubrugt og i samme stand, som du modtog den. Det skal ogs\u00e5 v\u00e6re i [&hellip;]<\/p>\n","protected":false},"author":2,"featured_media":0,"parent":0,"menu_order":0,"comment_status":"closed","ping_status":"closed","template":"","meta":{"_et_pb_use_builder":"","_et_pb_old_content":"","_et_gb_content_width":"","footnotes":""},"class_list":["post-246007","page","type-page","status-publish","hentry"],"yoast_head":"<!-- This site is optimized with the Yoast SEO plugin v25.6 - https:\/\/yoast.com\/wordpress\/plugins\/seo\/ -->\n<title>Politik for refundering og returnering - Matting<\/title>\n<meta name=\"description\" content=\"Matting - Uppt\u00e4ck Mattings h\u00e5llbara koncept och produkter f\u00f6r publika milj\u00f6er, arbetsplatser och skolor\" \/>\n<meta name=\"robots\" content=\"index, follow, max-snippet:-1, max-image-preview:large, max-video-preview:-1\" \/>\n<link rel=\"canonical\" href=\"https:\/\/matting.se\/da\/politik-for-refundering-og-returnering\/\" \/>\n<meta property=\"og:locale\" content=\"da_DK\" \/>\n<meta property=\"og:type\" content=\"article\" \/>\n<meta property=\"og:title\" content=\"Politik for refundering og returnering - Matting\" \/>\n<meta property=\"og:description\" content=\"Matting - Uppt\u00e4ck Mattings h\u00e5llbara koncept och produkter f\u00f6r publika milj\u00f6er, arbetsplatser och skolor\" \/>\n<meta property=\"og:url\" content=\"https:\/\/matting.se\/da\/politik-for-refundering-og-returnering\/\" \/>\n<meta property=\"og:site_name\" content=\"Matting\" \/>\n<meta property=\"article:modified_time\" content=\"2023-12-06T08:58:06+00:00\" \/>\n<meta name=\"twitter:card\" content=\"summary_large_image\" \/>\n<meta name=\"twitter:label1\" content=\"Estimeret l\u00e6setid\" \/>\n\t<meta name=\"twitter:data1\" content=\"3 minutter\" \/>\n<script type=\"application\/ld+json\" class=\"yoast-schema-graph\">{\"@context\":\"https:\/\/schema.org\",\"@graph\":[{\"@type\":\"WebPage\",\"@id\":\"https:\/\/matting.se\/da\/politik-for-refundering-og-returnering\/\",\"url\":\"https:\/\/matting.se\/da\/politik-for-refundering-og-returnering\/\",\"name\":\"Politik for refundering og returnering - Matting\",\"isPartOf\":{\"@id\":\"https:\/\/matting.se\/da\/#website\"},\"datePublished\":\"2023-07-07T12:53:03+00:00\",\"dateModified\":\"2023-12-06T08:58:06+00:00\",\"description\":\"Matting - Uppt\u00e4ck Mattings h\u00e5llbara koncept och produkter f\u00f6r publika milj\u00f6er, arbetsplatser och skolor\",\"breadcrumb\":{\"@id\":\"https:\/\/matting.se\/da\/politik-for-refundering-og-returnering\/#breadcrumb\"},\"inLanguage\":\"da-DK\",\"potentialAction\":[{\"@type\":\"ReadAction\",\"target\":[\"https:\/\/matting.se\/da\/politik-for-refundering-og-returnering\/\"]}]},{\"@type\":\"BreadcrumbList\",\"@id\":\"https:\/\/matting.se\/da\/politik-for-refundering-og-returnering\/#breadcrumb\",\"itemListElement\":[{\"@type\":\"ListItem\",\"position\":1,\"name\":\"Hem\",\"item\":\"https:\/\/matting.se\/da\/\"},{\"@type\":\"ListItem\",\"position\":2,\"name\":\"Politik for refundering og returnering\"}]},{\"@type\":\"WebSite\",\"@id\":\"https:\/\/matting.se\/da\/#website\",\"url\":\"https:\/\/matting.se\/da\/\",\"name\":\"Matting\",\"description\":\"\",\"potentialAction\":[{\"@type\":\"SearchAction\",\"target\":{\"@type\":\"EntryPoint\",\"urlTemplate\":\"https:\/\/matting.se\/da\/?s={search_term_string}\"},\"query-input\":{\"@type\":\"PropertyValueSpecification\",\"valueRequired\":true,\"valueName\":\"search_term_string\"}}],\"inLanguage\":\"da-DK\"}]}<\/script>\n<!-- \/ Yoast SEO plugin. -->","yoast_head_json":{"title":"Politik for refundering og returnering - Matting","description":"Matting - Uppt\u00e4ck Mattings h\u00e5llbara koncept och produkter f\u00f6r publika milj\u00f6er, arbetsplatser och skolor","robots":{"index":"index","follow":"follow","max-snippet":"max-snippet:-1","max-image-preview":"max-image-preview:large","max-video-preview":"max-video-preview:-1"},"canonical":"https:\/\/matting.se\/da\/politik-for-refundering-og-returnering\/","og_locale":"da_DK","og_type":"article","og_title":"Politik for refundering og returnering - Matting","og_description":"Matting - Uppt\u00e4ck Mattings h\u00e5llbara koncept och produkter f\u00f6r publika milj\u00f6er, arbetsplatser och skolor","og_url":"https:\/\/matting.se\/da\/politik-for-refundering-og-returnering\/","og_site_name":"Matting","article_modified_time":"2023-12-06T08:58:06+00:00","twitter_card":"summary_large_image","twitter_misc":{"Estimeret l\u00e6setid":"3 minutter"},"schema":{"@context":"https:\/\/schema.org","@graph":[{"@type":"WebPage","@id":"https:\/\/matting.se\/da\/politik-for-refundering-og-returnering\/","url":"https:\/\/matting.se\/da\/politik-for-refundering-og-returnering\/","name":"Politik for refundering og returnering - Matting","isPartOf":{"@id":"https:\/\/matting.se\/da\/#website"},"datePublished":"2023-07-07T12:53:03+00:00","dateModified":"2023-12-06T08:58:06+00:00","description":"Matting - Uppt\u00e4ck Mattings h\u00e5llbara koncept och produkter f\u00f6r publika milj\u00f6er, arbetsplatser och skolor","breadcrumb":{"@id":"https:\/\/matting.se\/da\/politik-for-refundering-og-returnering\/#breadcrumb"},"inLanguage":"da-DK","potentialAction":[{"@type":"ReadAction","target":["https:\/\/matting.se\/da\/politik-for-refundering-og-returnering\/"]}]},{"@type":"BreadcrumbList","@id":"https:\/\/matting.se\/da\/politik-for-refundering-og-returnering\/#breadcrumb","itemListElement":[{"@type":"ListItem","position":1,"name":"Hem","item":"https:\/\/matting.se\/da\/"},{"@type":"ListItem","position":2,"name":"Politik for refundering og returnering"}]},{"@type":"WebSite","@id":"https:\/\/matting.se\/da\/#website","url":"https:\/\/matting.se\/da\/","name":"Matting","description":"","potentialAction":[{"@type":"SearchAction","target":{"@type":"EntryPoint","urlTemplate":"https:\/\/matting.se\/da\/?s={search_term_string}"},"query-input":{"@type":"PropertyValueSpecification","valueRequired":true,"valueName":"search_term_string"}}],"inLanguage":"da-DK"}]}},"_links":{"self":[{"href":"https:\/\/matting.se\/da\/wp-json\/wp\/v2\/pages\/246007","targetHints":{"allow":["GET"]}}],"collection":[{"href":"https:\/\/matting.se\/da\/wp-json\/wp\/v2\/pages"}],"about":[{"href":"https:\/\/matting.se\/da\/wp-json\/wp\/v2\/types\/page"}],"author":[{"embeddable":true,"href":"https:\/\/matting.se\/da\/wp-json\/wp\/v2\/users\/2"}],"replies":[{"embeddable":true,"href":"https:\/\/matting.se\/da\/wp-json\/wp\/v2\/comments?post=246007"}],"version-history":[{"count":0,"href":"https:\/\/matting.se\/da\/wp-json\/wp\/v2\/pages\/246007\/revisions"}],"wp:attachment":[{"href":"https:\/\/matting.se\/da\/wp-json\/wp\/v2\/media?parent=246007"}],"curies":[{"name":"wp","href":"https:\/\/api.w.org\/{rel}","templated":true}]}}