{"id":245938,"date":"2022-01-18T10:32:45","date_gmt":"2022-01-18T10:32:45","guid":{"rendered":"https:\/\/matting.se\/integritetspolicy\/"},"modified":"2023-12-06T08:57:49","modified_gmt":"2023-12-06T08:57:49","slug":"integritetspolicy","status":"publish","type":"page","link":"https:\/\/matting.se\/da\/integritetspolicy\/","title":{"rendered":"Integritetspolicy"},"content":{"rendered":"<p>[et_pb_section fb_built=&#8221;1&#8243; _builder_version=&#8221;4.16&#8243; _module_preset=&#8221;default&#8221; global_colors_info=&#8221;{}&#8221;][et_pb_row _builder_version=&#8221;4.16&#8243; _module_preset=&#8221;4c994dae-8592-4a5d-8982-751f0e6c123f&#8221; max_width=&#8221;850px&#8221; module_alignment=&#8221;center&#8221; global_colors_info=&#8221;{}&#8221;][et_pb_column type=&#8221;4_4&#8243; _builder_version=&#8221;4.16&#8243; _module_preset=&#8221;default&#8221; global_colors_info=&#8221;{}&#8221;][et_pb_text _builder_version=&#8221;4.16&#8243; _module_preset=&#8221;70555b8e-37fe-4efc-96b1-07ae11345865&#8243; global_colors_info=&#8221;{}&#8221;]<\/p>\n<h1>Politik for personlige data<br \/>Matting Danmark<\/h1>\n<p style=\"text-align: right\">230118<\/p>\n<h2>BESKYTTELSE AF PERSONLIGE OPLYSNINGER<\/h2>\n<p>Al behandling af personlige data udf\u00f8res i overensstemmelse med den generelle forordning om databeskyttelse (GDPR). Matting AB gemmer personoplysninger, s\u00e5som e-mailadresser, navne, adresser og telefonnumre, n\u00e5r der foreligger en aftale eller p\u00e5 grundlag af en anden interesseafvejning, f.eks. behovet for at gemme oplysningerne. baseret p\u00e5 din professionelle rolle og\/eller den sektor, du tilh\u00f8rer.<br \/>Vi bruger teknologien til webportaler og sider, der er en del af platformen, for at give dig som bruger den sikreste og bedst mulige onlineoplevelse. Som bruger eller bes\u00f8gende p\u00e5 en af Matting AB&#8217;s hjemmesider accepterer du disse retningslinjer som beskrevet i disse vilk\u00e5r og betingelser.<\/p>\n<p>Oplysninger om brugerens hardware og software kan automatisk indsamles af Matting AB. Det kan indeholde oplysninger som: IP-adresse, browsertype, dom\u00e6ne, adgangstid og ekstern webadresse.<\/p>\n<p>&nbsp;<\/p>\n<h2>BRUG AF PERSONLIGE OPLYSNINGER<\/h2>\n<p>Matting AB indsamler og bruger personoplysninger om brugeren som beskrevet ovenfor for at kunne gennemf\u00f8re transaktionen og levere produkter og tjenester.<br \/>Matting AB bruger ogs\u00e5 oplysningerne til at informere dig om produkter og tjenester, der er tilg\u00e6ngelige fra os. Til dette form\u00e5l kan oplysningerne videregives til Matting AB&#8217;s partnere. Du har ret til at f\u00e5 adgang til de personlige data, der er registreret om dig. Hvis oplysningerne er forkerte eller irrelevante, bedes du kontakte os for at f\u00e5 dem rettet. Vi har procedurer til at holde vores optegnelser opdaterede, og de ryddes med j\u00e6vne mellemrum.<\/p>\n<p>Vi kan dele dine personoplysninger med vores databehandlere (f.eks. webbureau, revisionsfirma, partnere osv., der h\u00e5ndterer personoplysninger p\u00e5 vores vegne) og kun i tilf\u00e6lde, hvor det er n\u00f8dvendigt for at opfylde vores forpligtelse. Vi underskriver kontrakter med alle databehandlere. Data, der sendes til uafh\u00e6ngige dataansvarlige, er underlagt den p\u00e5g\u00e6ldende virksomheds privatlivspolitik og h\u00e5ndtering af persondata.<\/p>\n<p>Nyhedsbreve og invitationer: for at opfylde din interesse i at modtage tilbud, information og nyheder fra os.<\/p>\n<ul>\n<li>Udf\u00f8rte behandlingsaktiviteter: Udsendelse af nyhedsbreve og information.<\/li>\n<li>Personlige data, der gemmes: Navn, firma, titel, by og e-mail.<\/li>\n<li>Retsgrundlag: Interesseafvejning. Behandlingen udf\u00f8res for at opfylde din legitime interesse i at modtage relevante tilbud, information og nyheder fra os.<\/li>\n<li>Opbevaring: Oplysningerne gemmes p\u00e5 vores konto i vores mailingprogram, indtil du v\u00e6lger at afmelde dig.<\/li>\n<\/ul>\n<p>&nbsp;<\/p>\n<h2>BRUG AF COOKIES<\/h2>\n<p>Matting AB&#8217;s hjemmesider bruger &#8220;cookies&#8221;. En cookie er en tekstfil, der placeres p\u00e5 din harddisk af Matting AB&#8217;s webserver. Vi bruger cookies til at spare dig tid, n\u00e5r du bruger vores webportal. Vi videregiver ikke oplysninger, der er indsamlet p\u00e5 denne m\u00e5de, til tredjeparter.<\/p>\n<p>&nbsp;<\/p>\n<h2>SIKKERHED<\/h2>\n<p>Vi h\u00e5ndterer alle personlige oplysninger p\u00e5 en professionel m\u00e5de og beskytter dem mod uautoriseret adgang eller brug. N\u00e5r vi bruger eksterne systemudbydere, har vi behandlingsaftaler med dem for at sikre, at de data, de behandler p\u00e5 vores vegne, er beskyttet.<\/p>\n<p>&nbsp;<\/p>\n<h2>\u00c6NDRINGER TIL DENNE POLITIK<\/h2>\n<p>Matting AB kan opdatere disse vilk\u00e5r og betingelser, f.eks. i fremtiden. \u00e6ndringer i lovgivningen eller andre \u00e6ndringer.<\/p>\n<p>&nbsp;<\/p>\n<h2>KONTAKT<\/h2>\n<p>Hvis du har sp\u00f8rgsm\u00e5l om Matting AB&#8217;s behandling af oplysninger, bedes du kontakte os p\u00e5 <a href=\"mailto:personuppgift@matting.se\">personuppgift@matting.se<\/a>.<\/p>\n<p>[\/et_pb_text][\/et_pb_column][\/et_pb_row][\/et_pb_section]<\/p>\n","protected":false},"excerpt":{"rendered":"<p>Politik for personlige dataMatting Danmark 230118 BESKYTTELSE AF PERSONLIGE OPLYSNINGER Al behandling af personlige data udf\u00f8res i overensstemmelse med den generelle forordning om databeskyttelse (GDPR). Matting AB gemmer personoplysninger, s\u00e5som e-mailadresser, navne, adresser og telefonnumre, n\u00e5r der foreligger en aftale eller p\u00e5 grundlag af en anden interesseafvejning, f.eks. behovet for at gemme oplysningerne. baseret p\u00e5 [&hellip;]<\/p>\n","protected":false},"author":10,"featured_media":0,"parent":0,"menu_order":0,"comment_status":"closed","ping_status":"closed","template":"","meta":{"_et_pb_use_builder":"on","_et_pb_old_content":"","_et_gb_content_width":"","footnotes":""},"class_list":["post-245938","page","type-page","status-publish","hentry"],"yoast_head":"<!-- This site is optimized with the Yoast SEO plugin v25.6 - https:\/\/yoast.com\/wordpress\/plugins\/seo\/ -->\n<title>Integritetspolicy - Matting<\/title>\n<meta name=\"description\" content=\"Matting - Uppt\u00e4ck Mattings h\u00e5llbara koncept och produkter f\u00f6r publika milj\u00f6er, arbetsplatser och skolor\" \/>\n<meta name=\"robots\" content=\"index, follow, max-snippet:-1, max-image-preview:large, max-video-preview:-1\" \/>\n<link rel=\"canonical\" href=\"https:\/\/matting.se\/da\/integritetspolicy\/\" \/>\n<meta property=\"og:locale\" content=\"da_DK\" \/>\n<meta property=\"og:type\" content=\"article\" \/>\n<meta property=\"og:title\" content=\"Integritetspolicy - Matting\" \/>\n<meta property=\"og:description\" content=\"Matting - Uppt\u00e4ck Mattings h\u00e5llbara koncept och produkter f\u00f6r publika milj\u00f6er, arbetsplatser och skolor\" \/>\n<meta property=\"og:url\" content=\"https:\/\/matting.se\/da\/integritetspolicy\/\" \/>\n<meta property=\"og:site_name\" content=\"Matting\" \/>\n<meta property=\"article:modified_time\" content=\"2023-12-06T08:57:49+00:00\" \/>\n<meta name=\"twitter:card\" content=\"summary_large_image\" \/>\n<meta name=\"twitter:label1\" content=\"Estimeret l\u00e6setid\" \/>\n\t<meta name=\"twitter:data1\" content=\"3 minutter\" \/>\n<script type=\"application\/ld+json\" class=\"yoast-schema-graph\">{\"@context\":\"https:\/\/schema.org\",\"@graph\":[{\"@type\":\"WebPage\",\"@id\":\"https:\/\/matting.se\/da\/integritetspolicy\/\",\"url\":\"https:\/\/matting.se\/da\/integritetspolicy\/\",\"name\":\"Integritetspolicy - Matting\",\"isPartOf\":{\"@id\":\"https:\/\/matting.se\/da\/#website\"},\"datePublished\":\"2022-01-18T10:32:45+00:00\",\"dateModified\":\"2023-12-06T08:57:49+00:00\",\"description\":\"Matting - Uppt\u00e4ck Mattings h\u00e5llbara koncept och produkter f\u00f6r publika milj\u00f6er, arbetsplatser och skolor\",\"breadcrumb\":{\"@id\":\"https:\/\/matting.se\/da\/integritetspolicy\/#breadcrumb\"},\"inLanguage\":\"da-DK\",\"potentialAction\":[{\"@type\":\"ReadAction\",\"target\":[\"https:\/\/matting.se\/da\/integritetspolicy\/\"]}]},{\"@type\":\"BreadcrumbList\",\"@id\":\"https:\/\/matting.se\/da\/integritetspolicy\/#breadcrumb\",\"itemListElement\":[{\"@type\":\"ListItem\",\"position\":1,\"name\":\"Hem\",\"item\":\"https:\/\/matting.se\/da\/\"},{\"@type\":\"ListItem\",\"position\":2,\"name\":\"Integritetspolicy\"}]},{\"@type\":\"WebSite\",\"@id\":\"https:\/\/matting.se\/da\/#website\",\"url\":\"https:\/\/matting.se\/da\/\",\"name\":\"Matting\",\"description\":\"\",\"potentialAction\":[{\"@type\":\"SearchAction\",\"target\":{\"@type\":\"EntryPoint\",\"urlTemplate\":\"https:\/\/matting.se\/da\/?s={search_term_string}\"},\"query-input\":{\"@type\":\"PropertyValueSpecification\",\"valueRequired\":true,\"valueName\":\"search_term_string\"}}],\"inLanguage\":\"da-DK\"}]}<\/script>\n<!-- \/ Yoast SEO plugin. -->","yoast_head_json":{"title":"Integritetspolicy - Matting","description":"Matting - Uppt\u00e4ck Mattings h\u00e5llbara koncept och produkter f\u00f6r publika milj\u00f6er, arbetsplatser och skolor","robots":{"index":"index","follow":"follow","max-snippet":"max-snippet:-1","max-image-preview":"max-image-preview:large","max-video-preview":"max-video-preview:-1"},"canonical":"https:\/\/matting.se\/da\/integritetspolicy\/","og_locale":"da_DK","og_type":"article","og_title":"Integritetspolicy - Matting","og_description":"Matting - Uppt\u00e4ck Mattings h\u00e5llbara koncept och produkter f\u00f6r publika milj\u00f6er, arbetsplatser och skolor","og_url":"https:\/\/matting.se\/da\/integritetspolicy\/","og_site_name":"Matting","article_modified_time":"2023-12-06T08:57:49+00:00","twitter_card":"summary_large_image","twitter_misc":{"Estimeret l\u00e6setid":"3 minutter"},"schema":{"@context":"https:\/\/schema.org","@graph":[{"@type":"WebPage","@id":"https:\/\/matting.se\/da\/integritetspolicy\/","url":"https:\/\/matting.se\/da\/integritetspolicy\/","name":"Integritetspolicy - Matting","isPartOf":{"@id":"https:\/\/matting.se\/da\/#website"},"datePublished":"2022-01-18T10:32:45+00:00","dateModified":"2023-12-06T08:57:49+00:00","description":"Matting - Uppt\u00e4ck Mattings h\u00e5llbara koncept och produkter f\u00f6r publika milj\u00f6er, arbetsplatser och skolor","breadcrumb":{"@id":"https:\/\/matting.se\/da\/integritetspolicy\/#breadcrumb"},"inLanguage":"da-DK","potentialAction":[{"@type":"ReadAction","target":["https:\/\/matting.se\/da\/integritetspolicy\/"]}]},{"@type":"BreadcrumbList","@id":"https:\/\/matting.se\/da\/integritetspolicy\/#breadcrumb","itemListElement":[{"@type":"ListItem","position":1,"name":"Hem","item":"https:\/\/matting.se\/da\/"},{"@type":"ListItem","position":2,"name":"Integritetspolicy"}]},{"@type":"WebSite","@id":"https:\/\/matting.se\/da\/#website","url":"https:\/\/matting.se\/da\/","name":"Matting","description":"","potentialAction":[{"@type":"SearchAction","target":{"@type":"EntryPoint","urlTemplate":"https:\/\/matting.se\/da\/?s={search_term_string}"},"query-input":{"@type":"PropertyValueSpecification","valueRequired":true,"valueName":"search_term_string"}}],"inLanguage":"da-DK"}]}},"_links":{"self":[{"href":"https:\/\/matting.se\/da\/wp-json\/wp\/v2\/pages\/245938","targetHints":{"allow":["GET"]}}],"collection":[{"href":"https:\/\/matting.se\/da\/wp-json\/wp\/v2\/pages"}],"about":[{"href":"https:\/\/matting.se\/da\/wp-json\/wp\/v2\/types\/page"}],"author":[{"embeddable":true,"href":"https:\/\/matting.se\/da\/wp-json\/wp\/v2\/users\/10"}],"replies":[{"embeddable":true,"href":"https:\/\/matting.se\/da\/wp-json\/wp\/v2\/comments?post=245938"}],"version-history":[{"count":0,"href":"https:\/\/matting.se\/da\/wp-json\/wp\/v2\/pages\/245938\/revisions"}],"wp:attachment":[{"href":"https:\/\/matting.se\/da\/wp-json\/wp\/v2\/media?parent=245938"}],"curies":[{"name":"wp","href":"https:\/\/api.w.org\/{rel}","templated":true}]}}