{"id":245917,"date":"2020-09-29T12:34:42","date_gmt":"2020-09-29T12:34:42","guid":{"rendered":"https:\/\/matting.se\/kasseapparat\/"},"modified":"2023-12-06T08:57:07","modified_gmt":"2023-12-06T08:57:07","slug":"kasseapparat","status":"publish","type":"page","link":"https:\/\/matting.se\/da\/kasseapparat\/","title":{"rendered":"Kasseapparat"},"content":{"rendered":"<div class=\"woocommerce\"><\/div>","protected":false},"excerpt":{"rendered":"","protected":false},"author":2,"featured_media":0,"parent":0,"menu_order":0,"comment_status":"closed","ping_status":"closed","template":"","meta":{"_et_pb_use_builder":"","_et_pb_old_content":"","_et_gb_content_width":"","footnotes":""},"class_list":["post-245917","page","type-page","status-publish","hentry"],"yoast_head":"<!-- This site is optimized with the Yoast SEO plugin v25.6 - https:\/\/yoast.com\/wordpress\/plugins\/seo\/ -->\n<title>Kasseapparat - Matting<\/title>\n<meta name=\"description\" content=\"Matting - Uppt\u00e4ck Mattings h\u00e5llbara koncept och produkter f\u00f6r publika milj\u00f6er, arbetsplatser och skolor\" \/>\n<meta name=\"robots\" content=\"index, follow, max-snippet:-1, max-image-preview:large, max-video-preview:-1\" \/>\n<link rel=\"canonical\" href=\"https:\/\/matting.se\/da\/kasseapparat\/\" \/>\n<meta property=\"og:locale\" content=\"da_DK\" \/>\n<meta property=\"og:type\" content=\"article\" \/>\n<meta property=\"og:title\" content=\"Kasseapparat - Matting\" \/>\n<meta property=\"og:description\" content=\"Matting - Uppt\u00e4ck Mattings h\u00e5llbara koncept och produkter f\u00f6r publika milj\u00f6er, arbetsplatser och skolor\" \/>\n<meta property=\"og:url\" content=\"https:\/\/matting.se\/da\/kasseapparat\/\" \/>\n<meta property=\"og:site_name\" content=\"Matting\" \/>\n<meta property=\"article:modified_time\" content=\"2023-12-06T08:57:07+00:00\" \/>\n<meta name=\"twitter:card\" content=\"summary_large_image\" \/>\n<script type=\"application\/ld+json\" class=\"yoast-schema-graph\">{\"@context\":\"https:\/\/schema.org\",\"@graph\":[{\"@type\":\"WebPage\",\"@id\":\"https:\/\/matting.se\/da\/kasseapparat\/\",\"url\":\"https:\/\/matting.se\/da\/kasseapparat\/\",\"name\":\"Kasseapparat - Matting\",\"isPartOf\":{\"@id\":\"https:\/\/matting.se\/da\/#website\"},\"datePublished\":\"2020-09-29T12:34:42+00:00\",\"dateModified\":\"2023-12-06T08:57:07+00:00\",\"description\":\"Matting - Uppt\u00e4ck Mattings h\u00e5llbara koncept och produkter f\u00f6r publika milj\u00f6er, arbetsplatser och skolor\",\"breadcrumb\":{\"@id\":\"https:\/\/matting.se\/da\/kasseapparat\/#breadcrumb\"},\"inLanguage\":\"da-DK\",\"potentialAction\":[{\"@type\":\"ReadAction\",\"target\":[\"https:\/\/matting.se\/da\/kasseapparat\/\"]}]},{\"@type\":\"BreadcrumbList\",\"@id\":\"https:\/\/matting.se\/da\/kasseapparat\/#breadcrumb\",\"itemListElement\":[{\"@type\":\"ListItem\",\"position\":1,\"name\":\"Hem\",\"item\":\"https:\/\/matting.se\/da\/\"},{\"@type\":\"ListItem\",\"position\":2,\"name\":\"Kasseapparat\"}]},{\"@type\":\"WebSite\",\"@id\":\"https:\/\/matting.se\/da\/#website\",\"url\":\"https:\/\/matting.se\/da\/\",\"name\":\"Matting\",\"description\":\"\",\"potentialAction\":[{\"@type\":\"SearchAction\",\"target\":{\"@type\":\"EntryPoint\",\"urlTemplate\":\"https:\/\/matting.se\/da\/?s={search_term_string}\"},\"query-input\":{\"@type\":\"PropertyValueSpecification\",\"valueRequired\":true,\"valueName\":\"search_term_string\"}}],\"inLanguage\":\"da-DK\"}]}<\/script>\n<!-- \/ Yoast SEO plugin. -->","yoast_head_json":{"title":"Kasseapparat - Matting","description":"Matting - Uppt\u00e4ck Mattings h\u00e5llbara koncept och produkter f\u00f6r publika milj\u00f6er, arbetsplatser och skolor","robots":{"index":"index","follow":"follow","max-snippet":"max-snippet:-1","max-image-preview":"max-image-preview:large","max-video-preview":"max-video-preview:-1"},"canonical":"https:\/\/matting.se\/da\/kasseapparat\/","og_locale":"da_DK","og_type":"article","og_title":"Kasseapparat - Matting","og_description":"Matting - Uppt\u00e4ck Mattings h\u00e5llbara koncept och produkter f\u00f6r publika milj\u00f6er, arbetsplatser och skolor","og_url":"https:\/\/matting.se\/da\/kasseapparat\/","og_site_name":"Matting","article_modified_time":"2023-12-06T08:57:07+00:00","twitter_card":"summary_large_image","schema":{"@context":"https:\/\/schema.org","@graph":[{"@type":"WebPage","@id":"https:\/\/matting.se\/da\/kasseapparat\/","url":"https:\/\/matting.se\/da\/kasseapparat\/","name":"Kasseapparat - Matting","isPartOf":{"@id":"https:\/\/matting.se\/da\/#website"},"datePublished":"2020-09-29T12:34:42+00:00","dateModified":"2023-12-06T08:57:07+00:00","description":"Matting - Uppt\u00e4ck Mattings h\u00e5llbara koncept och produkter f\u00f6r publika milj\u00f6er, arbetsplatser och skolor","breadcrumb":{"@id":"https:\/\/matting.se\/da\/kasseapparat\/#breadcrumb"},"inLanguage":"da-DK","potentialAction":[{"@type":"ReadAction","target":["https:\/\/matting.se\/da\/kasseapparat\/"]}]},{"@type":"BreadcrumbList","@id":"https:\/\/matting.se\/da\/kasseapparat\/#breadcrumb","itemListElement":[{"@type":"ListItem","position":1,"name":"Hem","item":"https:\/\/matting.se\/da\/"},{"@type":"ListItem","position":2,"name":"Kasseapparat"}]},{"@type":"WebSite","@id":"https:\/\/matting.se\/da\/#website","url":"https:\/\/matting.se\/da\/","name":"Matting","description":"","potentialAction":[{"@type":"SearchAction","target":{"@type":"EntryPoint","urlTemplate":"https:\/\/matting.se\/da\/?s={search_term_string}"},"query-input":{"@type":"PropertyValueSpecification","valueRequired":true,"valueName":"search_term_string"}}],"inLanguage":"da-DK"}]}},"_links":{"self":[{"href":"https:\/\/matting.se\/da\/wp-json\/wp\/v2\/pages\/245917","targetHints":{"allow":["GET"]}}],"collection":[{"href":"https:\/\/matting.se\/da\/wp-json\/wp\/v2\/pages"}],"about":[{"href":"https:\/\/matting.se\/da\/wp-json\/wp\/v2\/types\/page"}],"author":[{"embeddable":true,"href":"https:\/\/matting.se\/da\/wp-json\/wp\/v2\/users\/2"}],"replies":[{"embeddable":true,"href":"https:\/\/matting.se\/da\/wp-json\/wp\/v2\/comments?post=245917"}],"version-history":[{"count":0,"href":"https:\/\/matting.se\/da\/wp-json\/wp\/v2\/pages\/245917\/revisions"}],"wp:attachment":[{"href":"https:\/\/matting.se\/da\/wp-json\/wp\/v2\/media?parent=245917"}],"curies":[{"name":"wp","href":"https:\/\/api.w.org\/{rel}","templated":true}]}}